{"id":7900,"date":"2024-06-25T16:31:58","date_gmt":"2024-06-25T20:31:58","guid":{"rendered":"https:\/\/mitocanada.org\/labondement-de-lemployeur\/"},"modified":"2026-01-11T12:06:20","modified_gmt":"2026-01-11T17:06:20","slug":"labondement-de-lemployeur","status":"publish","type":"page","link":"https:\/\/mitocanada.org\/fr\/labondement-de-lemployeur\/","title":{"rendered":"L&rsquo;abondement de l&#8217;employeur"},"content":{"rendered":"<div class=\"fusion-fullwidth fullwidth-box fusion-builder-row-1 fusion-flex-container nonhundred-percent-fullwidth non-hundred-percent-height-scrolling\" style=\"--awb-border-radius-top-left:0px;--awb-border-radius-top-right:0px;--awb-border-radius-bottom-right:0px;--awb-border-radius-bottom-left:0px;--awb-flex-wrap:wrap;\" ><div class=\"fusion-builder-row fusion-row fusion-flex-align-items-flex-start fusion-flex-content-wrap\" style=\"max-width:1456px;margin-left: calc(-4% \/ 2 );margin-right: calc(-4% \/ 2 );\"><div class=\"fusion-layout-column fusion_builder_column fusion-builder-column-0 fusion_builder_column_1_1 1_1 fusion-flex-column\" style=\"--awb-bg-size:cover;--awb-width-large:100%;--awb-margin-top-large:0px;--awb-spacing-right-large:1.92%;--awb-margin-bottom-large:0px;--awb-spacing-left-large:1.92%;--awb-width-medium:100%;--awb-spacing-right-medium:1.92%;--awb-spacing-left-medium:1.92%;--awb-width-small:100%;--awb-spacing-right-small:1.92%;--awb-spacing-left-small:1.92%;\"><div class=\"fusion-column-wrapper fusion-flex-justify-content-flex-start fusion-content-layout-column\"><div class=\"fusion-text fusion-text-1\"><p><span style=\"font-weight: 400;\">Le fait que votre employeur verse une contribution \u00e9quivalente \u00e0 la v\u00f4tre est un moyen incroyable d&rsquo;amplifier votre impact, en doublant ou en triplant potentiellement votre contribution.<\/span><\/p>\n<\/div><div class=\"fusion-separator fusion-full-width-sep\" style=\"align-self: center;margin-left: auto;margin-right: auto;margin-top:25px;margin-bottom:10px;width:100%;\"><\/div>\n<div class=\"table-1\">\n<table width=\"100%\">\n<thead>\n<tr>\n<th align=\"left\">\n<h3><span style=\"color: #7ac141;\">1.<\/span><\/h3>\n<\/th>\n<th align=\"left\"><span style=\"font-weight: 400;\">Faites un don ou une donation \u00e0 MitoCanada*.<\/span><\/th>\n<\/tr>\n<\/thead>\n<tbody>\n<tr>\n<td align=\"left\">\n<h3><span style=\"color: #7ac141;\"><strong>2.<\/strong><\/span><\/h3>\n<\/td>\n<td align=\"left\"><span style=\"font-weight: 400;\">Pour savoir si votre employeur abonde les dons, consultez l&rsquo;intranet ou le portail des employ\u00e9s de votre employeur, faites des recherches en ligne, contactez votre service des ressources humaines ou demandez \u00e0 votre patron.<\/span><\/td>\n<\/tr>\n<tr>\n<td align=\"left\">\n<h3><span style=\"color: #7ac141;\"><strong>3.<\/strong><\/span><\/h3>\n<\/td>\n<td align=\"left\"><span style=\"font-weight: 400;\">Procurez-vous un formulaire de demande de don jumel\u00e9 et suivez les directives de votre employeur. Si vous devez nous envoyer le formulaire de demande de don compl\u00e9mentaire pour compl\u00e9ter une section, scannez-le et envoyez-le par courrier \u00e9lectronique \u00e0 l&rsquo;adresse suivante <\/span><a href=\"mailto:fundraising@mitocanada.org\"><span style=\"font-weight: 400;\">fundraising@mitocanada.org<\/span><\/a><\/td>\n<\/tr>\n<tr>\n<td align=\"left\">\n<h3><span style=\"color: #7ac141;\"><strong>4.<\/strong><\/span><\/h3>\n<\/td>\n<td align=\"left\"><span style=\"font-weight: 400;\">Soumettez votre formulaire de demande et votre employeur v\u00e9rifiera que votre don est \u00e9ligible.<\/span><\/td>\n<\/tr>\n<tr>\n<td align=\"left\">\n<h3><span style=\"color: #7ac141;\"><strong>5.<\/strong><\/span><\/h3>\n<\/td>\n<td align=\"left\"><span style=\"font-weight: 400;\">Votre employeur nous enverra le don \u00e9quivalent.<\/span><\/td>\n<\/tr>\n<\/tbody>\n<\/table>\n<\/div>\n<div class=\"fusion-separator fusion-full-width-sep\" style=\"align-self: center;margin-left: auto;margin-right: auto;margin-top:10px;margin-bottom:10px;width:100%;\"><\/div><div class=\"fusion-text fusion-text-2\"><h3 style=\"text-align: center;\"><span style=\"color: #7ac141;\"><b>C&rsquo;est simple pour vous et cela peut changer la vie des Canadiens atteints d&rsquo;une maladie mitochondriale !<\/b><\/span><\/h3>\n<h3 style=\"text-align: center;\"><span style=\"color: #7ac141;\"><b>Merci de votre attention !<\/b><\/span><\/h3>\n<p><span style=\"font-weight: 400;\">*<\/span><span style=\"font-weight: 400;\">Veillez \u00e0 conserver la preuve de votre don et\/ou de votre temps de b\u00e9n\u00e9volat.<\/span> <span style=\"font-weight: 400;\">Les entreprises versent g\u00e9n\u00e9ralement une contribution \u00e9quivalente \u00e0 celle des donateurs, \u00e0 raison de <\/span><span style=\"font-weight: 400;\">1:1<\/span><span style=\"font-weight: 400;\">mais certaines offrent un ratio de 2:1, 3:1 ou m\u00eame 4:1.<\/span><\/p>\n<\/div><div class=\"fusion-separator fusion-full-width-sep\" style=\"align-self: center;margin-left: auto;margin-right: auto;margin-top:10px;margin-bottom:10px;width:100%;\"><\/div><div class=\"fusion-text fusion-text-3\"><h3><b>Comment les employeurs peuvent-ils compl\u00e9ter les dons des employ\u00e9s ?<\/b><\/h3>\n<ul>\n<li style=\"font-weight: 400;\" aria-level=\"1\"><span style=\"font-weight: 400;\">Dons personnels<\/span>\n<ul>\n<li style=\"font-weight: 400;\" aria-level=\"2\"><span style=\"font-weight: 400;\">Dons \u00e0 la m\u00e9moire\/en l&rsquo;honneur, dons aux campagnes\/appels, dons g\u00e9n\u00e9raux, dons mensuels\/r\u00e9currents<\/span><\/li>\n<\/ul>\n<\/li>\n<li style=\"font-weight: 400;\" aria-level=\"1\"><span style=\"font-weight: 400;\">Collecte de fonds de pair \u00e0 pair<\/span>\n<ul>\n<li style=\"font-weight: 400;\" aria-level=\"2\"><span style=\"font-weight: 400;\">Par exemple, les amis, la famille, les coll\u00e8gues de travail font des dons aux participants \u00e0 la collecte de fonds. <\/span><\/li>\n<\/ul>\n<\/li>\n<li style=\"font-weight: 400;\" aria-level=\"1\"><span style=\"font-weight: 400;\">Collecte de fonds et \u00e9v\u00e9nements pour les employ\u00e9s<\/span><\/li>\n<li style=\"font-weight: 400;\" aria-level=\"1\"><span style=\"font-weight: 400;\">B\u00e9n\u00e9volat &#8211; certains employeurs font des dons \u00e0 des associations caritatives o\u00f9 les employ\u00e9s font du b\u00e9n\u00e9volat, en fonction du nombre d&rsquo;heures de b\u00e9n\u00e9volat.<\/span><\/li>\n<\/ul>\n<\/div><\/div><\/div><\/div><\/div>\n","protected":false},"excerpt":{"rendered":"","protected":false},"author":2,"featured_media":0,"parent":0,"menu_order":75,"comment_status":"closed","ping_status":"closed","template":"","meta":{"om_disable_all_campaigns":false,"_monsterinsights_skip_tracking":false,"_monsterinsights_sitenote_active":false,"_monsterinsights_sitenote_note":"","_monsterinsights_sitenote_category":0,"_uf_show_specific_survey":0,"_uf_disable_surveys":false,"footnotes":""},"class_list":["post-7900","page","type-page","status-publish","hentry"],"aioseo_notices":[],"_links":{"self":[{"href":"https:\/\/mitocanada.org\/fr\/wp-json\/wp\/v2\/pages\/7900","targetHints":{"allow":["GET"]}}],"collection":[{"href":"https:\/\/mitocanada.org\/fr\/wp-json\/wp\/v2\/pages"}],"about":[{"href":"https:\/\/mitocanada.org\/fr\/wp-json\/wp\/v2\/types\/page"}],"author":[{"embeddable":true,"href":"https:\/\/mitocanada.org\/fr\/wp-json\/wp\/v2\/users\/2"}],"replies":[{"embeddable":true,"href":"https:\/\/mitocanada.org\/fr\/wp-json\/wp\/v2\/comments?post=7900"}],"version-history":[{"count":4,"href":"https:\/\/mitocanada.org\/fr\/wp-json\/wp\/v2\/pages\/7900\/revisions"}],"predecessor-version":[{"id":8582,"href":"https:\/\/mitocanada.org\/fr\/wp-json\/wp\/v2\/pages\/7900\/revisions\/8582"}],"wp:attachment":[{"href":"https:\/\/mitocanada.org\/fr\/wp-json\/wp\/v2\/media?parent=7900"}],"curies":[{"name":"wp","href":"https:\/\/api.w.org\/{rel}","templated":true}]}}