{"id":7890,"date":"2022-11-17T15:41:25","date_gmt":"2022-11-17T20:41:25","guid":{"rendered":"https:\/\/mitocanada.org\/faire-un-don\/"},"modified":"2025-11-08T22:51:14","modified_gmt":"2025-11-09T03:51:14","slug":"faire-un-don","status":"publish","type":"page","link":"https:\/\/mitocanada.org\/fr\/faire-un-don\/","title":{"rendered":"Faites un don aujourd&rsquo;hui !"},"content":{"rendered":"<div class=\"fusion-fullwidth fullwidth-box fusion-builder-row-1 fusion-flex-container nonhundred-percent-fullwidth non-hundred-percent-height-scrolling\" style=\"--awb-border-radius-top-left:0px;--awb-border-radius-top-right:0px;--awb-border-radius-bottom-right:0px;--awb-border-radius-bottom-left:0px;--awb-flex-wrap:wrap;\" ><div class=\"fusion-builder-row fusion-row fusion-flex-align-items-flex-start fusion-flex-content-wrap\" style=\"max-width:1456px;margin-left: calc(-4% \/ 2 );margin-right: calc(-4% \/ 2 );\"><div class=\"fusion-layout-column fusion_builder_column fusion-builder-column-0 fusion_builder_column_1_1 1_1 fusion-flex-column\" style=\"--awb-bg-size:cover;--awb-width-large:100%;--awb-margin-top-large:0px;--awb-spacing-right-large:1.92%;--awb-margin-bottom-large:0px;--awb-spacing-left-large:1.92%;--awb-width-medium:100%;--awb-spacing-right-medium:1.92%;--awb-spacing-left-medium:1.92%;--awb-width-small:100%;--awb-spacing-right-small:1.92%;--awb-spacing-left-small:1.92%;\"><div class=\"fusion-column-wrapper fusion-flex-justify-content-flex-start fusion-content-layout-column\"><div class=\"fusion-text fusion-text-1\"><h2 data-start=\"86\" data-end=\"168\"><strong data-start=\"89\" data-end=\"166\">Alimenter l&rsquo;espoir. Financez le changement. <\/strong><\/h2>\n<p>MitoCanada est le seul organisme de bienfaisance canadien qui se consacre \u00e0 la stimulation et \u00e0 l&rsquo;autonomisation des patients atteints de maladies mitochondriales, de leurs familles et des fournisseurs de soins de sant\u00e9 par le biais de la recherche, de l&rsquo;\u00e9ducation, du soutien et de la sensibilisation.<\/p>\n<p>Nous sommes fiers d&rsquo;\u00eatre le principal porte-parole de la communaut\u00e9 Mito au Canada. Contrairement \u00e0 de nombreuses organisations, nous ne recevons aucun financement gouvernemental pour les programmes et les ressources que nous offrons. Chaque initiative que nous cr\u00e9ons et chaque parcelle d&rsquo;espoir que nous offrons existent gr\u00e2ce \u00e0 la g\u00e9n\u00e9rosit\u00e9 de personnes comme vous.<\/p>\n<p>Lorsque vous faites un don \u00e0 MitoCanada, vous financez des programmes qui ont un impact r\u00e9el, tels que les suivants<\/p>\n<ul>\n<li><strong>mitoScholars<\/strong>: offre des bourses d&rsquo;\u00e9tudes qui changent la vie des jeunes adultes atteints d&rsquo;une maladie mitochondriale et les aident \u00e0 r\u00e9aliser leurs r\u00eaves.<\/li>\n<li><strong>Registre des patients de MitoCanada<\/strong>: cr\u00e9er le premier registre s\u00e9curis\u00e9 des maladies mitochondriales au Canada, ax\u00e9 sur les patients, afin d&rsquo;acc\u00e9l\u00e9rer la recherche, d&rsquo;attirer les essais cliniques et de veiller \u00e0 ce que la voix des Canadiens en mati\u00e8re de maladies mitochondriales fa\u00e7onne les th\u00e9rapies de demain.<\/li>\n<li><strong>Les visages de Mito<\/strong>: des parcours personnels qui inspirent la compr\u00e9hension, la compassion et l&rsquo;action, et qui aident \u00e0 rompre l&rsquo;isolement que ressentent tant de patients et de familles.<\/li>\n<\/ul>\n<div>\n<h3><strong>Votre don est plus qu&rsquo;un simple cadeau.<\/strong><\/h3>\n<p>Il s&rsquo;agit d&rsquo;un investissement dans :<\/p>\n<ul>\n<li><strong>Des ressources<\/strong> qui permettent aux familles de faire face \u00e0 un diagnostic difficile<\/li>\n<li><strong>Soutenir des programmes<\/strong> qui rompent l&rsquo;isolement et relient notre communaut\u00e9<\/li>\n<li>Une <strong>recherche<\/strong> qui fait progresser les traitements et les rem\u00e8des<\/li>\n<li>Des efforts de <strong>sensibilisation<\/strong> qui mettent en lumi\u00e8re une maladie rare et souvent invisible<\/li>\n<\/ul>\n<p><strong>Ensemble, nous pouvons changer des vies.<\/strong><\/p>\n<p>Gr\u00e2ce \u00e0 votre soutien, les enfants, les adultes et les familles du Canada confront\u00e9s \u00e0 une maladie mitochondriale disposent des ressources, des contacts et de l&rsquo;espoir qu&rsquo;ils m\u00e9ritent.<\/p>\n<\/div>\n<h2><strong>Faites un don aujourd&rsquo;hui et dynamisez des vies !<\/strong><\/h2>\n<\/div><div class=\"fusion-separator fusion-full-width-sep\" style=\"align-self: center;margin-left: auto;margin-right: auto;margin-top:25px;width:100%;\"><\/div><script id=\"ch_cdn_embed\" type=\"text\/javascript\" src=\"https:\/\/www.canadahelps.org\/secure\/js\/cdf_embed.2.js\" charSet=\"utf-8\" data-language=\"en\" data-page-id=\"10086\" data-root-url=\"https:\/\/www.canadahelps.org\" data-formtype=\"0\" data-cfasync=\"false\"><\/script><\/div><\/div><\/div><\/div>\n","protected":false},"excerpt":{"rendered":"","protected":false},"author":1,"featured_media":0,"parent":0,"menu_order":0,"comment_status":"closed","ping_status":"closed","template":"","meta":{"om_disable_all_campaigns":false,"_monsterinsights_skip_tracking":false,"_monsterinsights_sitenote_active":false,"_monsterinsights_sitenote_note":"","_monsterinsights_sitenote_category":0,"_uf_show_specific_survey":0,"_uf_disable_surveys":false,"footnotes":""},"class_list":["post-7890","page","type-page","status-publish","hentry"],"aioseo_notices":[],"_links":{"self":[{"href":"https:\/\/mitocanada.org\/fr\/wp-json\/wp\/v2\/pages\/7890","targetHints":{"allow":["GET"]}}],"collection":[{"href":"https:\/\/mitocanada.org\/fr\/wp-json\/wp\/v2\/pages"}],"about":[{"href":"https:\/\/mitocanada.org\/fr\/wp-json\/wp\/v2\/types\/page"}],"author":[{"embeddable":true,"href":"https:\/\/mitocanada.org\/fr\/wp-json\/wp\/v2\/users\/1"}],"replies":[{"embeddable":true,"href":"https:\/\/mitocanada.org\/fr\/wp-json\/wp\/v2\/comments?post=7890"}],"version-history":[{"count":11,"href":"https:\/\/mitocanada.org\/fr\/wp-json\/wp\/v2\/pages\/7890\/revisions"}],"predecessor-version":[{"id":13206,"href":"https:\/\/mitocanada.org\/fr\/wp-json\/wp\/v2\/pages\/7890\/revisions\/13206"}],"wp:attachment":[{"href":"https:\/\/mitocanada.org\/fr\/wp-json\/wp\/v2\/media?parent=7890"}],"curies":[{"name":"wp","href":"https:\/\/api.w.org\/{rel}","templated":true}]}}