{"id":7874,"date":"2024-08-13T08:44:08","date_gmt":"2024-08-13T12:44:08","guid":{"rendered":"https:\/\/mitocanada.org\/recipiendaires-de-la-bourse-mitoscholar-2024\/"},"modified":"2025-05-19T10:13:56","modified_gmt":"2025-05-19T14:13:56","slug":"recipiendaires-de-la-bourse-mitoscholar-2024","status":"publish","type":"page","link":"https:\/\/mitocanada.org\/fr\/recipiendaires-de-la-bourse-mitoscholar-2024\/","title":{"rendered":"R\u00e9cipiendaires de la bourse mitoScholar 2024"},"content":{"rendered":"<p><div class=\"fusion-fullwidth fullwidth-box fusion-builder-row-1 fusion-flex-container nonhundred-percent-fullwidth non-hundred-percent-height-scrolling\" style=\"--awb-border-radius-top-left:0px;--awb-border-radius-top-right:0px;--awb-border-radius-bottom-right:0px;--awb-border-radius-bottom-left:0px;--awb-flex-wrap:wrap;\" ><div class=\"fusion-builder-row fusion-row fusion-flex-align-items-flex-start fusion-flex-content-wrap\" style=\"max-width:1456px;margin-left: calc(-4% \/ 2 );margin-right: calc(-4% \/ 2 );\"><div class=\"fusion-layout-column fusion_builder_column fusion-builder-column-0 fusion_builder_column_1_1 1_1 fusion-flex-column\" style=\"--awb-bg-size:cover;--awb-width-large:100%;--awb-margin-top-large:0px;--awb-spacing-right-large:1.92%;--awb-margin-bottom-large:0px;--awb-spacing-left-large:1.92%;--awb-width-medium:100%;--awb-spacing-right-medium:1.92%;--awb-spacing-left-medium:1.92%;--awb-width-small:100%;--awb-spacing-right-small:1.92%;--awb-spacing-left-small:1.92%;\"><div class=\"fusion-column-wrapper fusion-flex-justify-content-flex-start fusion-content-layout-column\"><div class=\"fusion-text fusion-text-1\"><h1><\/h1>\n<h1 style=\"color: #7ac141;\"><b>Rencontrez les 2024 mitoScholars de MitoCanada  <\/b><\/h1>\n<p>Le programme <b>2024 mitoScholars de MitoCanada <\/b>a suscit\u00e9 un int\u00e9r\u00eat incroyable de la part de la communaut\u00e9 cette ann\u00e9e. Nous sommes ravis d&rsquo;avoir suscit\u00e9 un tel int\u00e9r\u00eat et nous sommes reconnaissants \u00e0 tous les candidats d&rsquo;avoir partag\u00e9 leur parcours mito et d&rsquo;avoir consacr\u00e9 leur temps \u00e0 compl\u00e9ter le processus de candidature. <\/p>\n<p>Cette ann\u00e9e, MitoCanada a attribu\u00e9 quatre bourses de 5 000 $, un investissement pr\u00e9cieux qui permet \u00e0 chaque r\u00e9cipiendaire de poursuivre son r\u00eave universitaire.<\/p>\n<p>Nous sommes fiers de vous pr\u00e9senter les laur\u00e9ats des prix <b>mitoScholars <\/b> <strong>2024<\/strong>. Chacun d&rsquo;entre eux est une source d&rsquo;inspiration et illustre un niveau de d\u00e9vouement et de r\u00e9silience qui fait d&rsquo;eux des mito mod\u00e8les pour nos futurs mitoScholars.<\/p>\n<\/div><div class=\"fusion-separator fusion-full-width-sep\" style=\"align-self: center;margin-left: auto;margin-right: auto;margin-top:25px;margin-bottom:25px;width:100%;\"><div class=\"fusion-separator-border sep-single sep-solid\" style=\"--awb-height:20px;--awb-amount:20px;border-color:var(--awb-color3);border-top-width:1px;\"><\/div><\/div><\/div><\/div><\/div><\/div><div class=\"fusion-fullwidth fullwidth-box fusion-builder-row-2 fusion-flex-container nonhundred-percent-fullwidth non-hundred-percent-height-scrolling\" style=\"--awb-border-radius-top-left:0px;--awb-border-radius-top-right:0px;--awb-border-radius-bottom-right:0px;--awb-border-radius-bottom-left:0px;--awb-flex-wrap:wrap;\" ><div class=\"fusion-builder-row fusion-row fusion-flex-align-items-flex-start fusion-flex-content-wrap\" style=\"max-width:1456px;margin-left: calc(-4% \/ 2 );margin-right: calc(-4% \/ 2 );\"><div class=\"fusion-layout-column fusion_builder_column fusion-builder-column-1 fusion_builder_column_1_2 1_2 fusion-flex-column\" style=\"--awb-bg-size:cover;--awb-width-large:50%;--awb-margin-top-large:0px;--awb-spacing-right-large:3.84%;--awb-margin-bottom-large:20px;--awb-spacing-left-large:3.84%;--awb-width-medium:50%;--awb-order-medium:0;--awb-spacing-right-medium:3.84%;--awb-spacing-left-medium:3.84%;--awb-width-small:100%;--awb-order-small:0;--awb-spacing-right-small:1.92%;--awb-spacing-left-small:1.92%;\" data-motion-effects=\"[{&quot;type&quot;:&quot;&quot;,&quot;scroll_type&quot;:&quot;transition&quot;,&quot;scroll_direction&quot;:&quot;up&quot;,&quot;transition_speed&quot;:&quot;1&quot;,&quot;fade_type&quot;:&quot;in&quot;,&quot;scale_type&quot;:&quot;up&quot;,&quot;initial_scale&quot;:&quot;1&quot;,&quot;max_scale&quot;:&quot;1.5&quot;,&quot;min_scale&quot;:&quot;0.5&quot;,&quot;initial_rotate&quot;:&quot;0&quot;,&quot;end_rotate&quot;:&quot;30&quot;,&quot;initial_blur&quot;:&quot;0&quot;,&quot;end_blur&quot;:&quot;3&quot;,&quot;start_element&quot;:&quot;top&quot;,&quot;start_viewport&quot;:&quot;bottom&quot;,&quot;end_element&quot;:&quot;bottom&quot;,&quot;end_viewport&quot;:&quot;top&quot;,&quot;mouse_effect&quot;:&quot;track&quot;,&quot;mouse_effect_direction&quot;:&quot;opposite&quot;,&quot;mouse_effect_speed&quot;:&quot;2&quot;,&quot;infinite_animation&quot;:&quot;float&quot;,&quot;infinite_animation_speed&quot;:&quot;2&quot;}]\" data-scroll-devices=\"small-visibility,medium-visibility,large-visibility\"><div class=\"fusion-column-wrapper fusion-column-has-shadow fusion-flex-justify-content-flex-start fusion-content-layout-column\"><div class=\"fusion-image-element \" style=\"text-align:center;--awb-caption-title-font-family:var(--h2_typography-font-family);--awb-caption-title-font-weight:var(--h2_typography-font-weight);--awb-caption-title-font-style:var(--h2_typography-font-style);--awb-caption-title-size:var(--h2_typography-font-size);--awb-caption-title-transform:var(--h2_typography-text-transform);--awb-caption-title-line-height:var(--h2_typography-line-height);--awb-caption-title-letter-spacing:var(--h2_typography-letter-spacing);\"><span class=\" fusion-imageframe imageframe-none imageframe-1 hover-type-none\"><a class=\"fusion-no-lightbox\" href=\"https:\/\/mitocanada.org\/fr\/2024-mitoscholars-jodi-young\/\" target=\"_self\" aria-label=\"2024 Jodi\"><img decoding=\"async\" width=\"416\" height=\"151\" alt=\"2024 mitoScholars Banni\u00e8re de Jodi Young\" src=\"https:\/\/mitocanada.org\/wp-content\/uploads\/2024\/08\/2024-Jodi-1.png\" class=\"img-responsive wp-image-7652\" srcset=\"https:\/\/mitocanada.org\/wp-content\/uploads\/2024\/08\/2024-Jodi-1-200x73.png 200w, https:\/\/mitocanada.org\/wp-content\/uploads\/2024\/08\/2024-Jodi-1-400x145.png 400w, https:\/\/mitocanada.org\/wp-content\/uploads\/2024\/08\/2024-Jodi-1.png 416w\" sizes=\"(max-width: 640px) 100vw, 416px\" \/><\/a><\/span><\/div><div class=\"fusion-separator fusion-full-width-sep\" style=\"align-self: center;margin-left: auto;margin-right: auto;margin-top:20px;width:100%;\"><\/div><div style=\"text-align:center;\"><a class=\"fusion-button button-flat fusion-button-default-size button-default fusion-button-default button-1 fusion-button-default-span fusion-button-default-type\" target=\"_self\" href=\"https:\/\/mitocanada.org\/fr\/2024-mitoscholars-jodi-young\/\"><span class=\"fusion-button-text\">Rencontrez Jodi<\/span><\/a><\/div><div class=\"fusion-separator fusion-full-width-sep\" style=\"align-self: center;margin-left: auto;margin-right: auto;margin-bottom:15px;width:100%;\"><\/div><\/div><\/div><div class=\"fusion-layout-column fusion_builder_column fusion-builder-column-2 fusion_builder_column_1_2 1_2 fusion-flex-column\" style=\"--awb-bg-size:cover;--awb-width-large:50%;--awb-margin-top-large:0px;--awb-spacing-right-large:3.84%;--awb-margin-bottom-large:20px;--awb-spacing-left-large:3.84%;--awb-width-medium:50%;--awb-order-medium:0;--awb-spacing-right-medium:3.84%;--awb-spacing-left-medium:3.84%;--awb-width-small:100%;--awb-order-small:0;--awb-spacing-right-small:1.92%;--awb-spacing-left-small:1.92%;\"><div class=\"fusion-column-wrapper fusion-column-has-shadow fusion-flex-justify-content-flex-start fusion-content-layout-column\"><div class=\"fusion-image-element \" style=\"text-align:center;--awb-caption-title-font-family:var(--h2_typography-font-family);--awb-caption-title-font-weight:var(--h2_typography-font-weight);--awb-caption-title-font-style:var(--h2_typography-font-style);--awb-caption-title-size:var(--h2_typography-font-size);--awb-caption-title-transform:var(--h2_typography-text-transform);--awb-caption-title-line-height:var(--h2_typography-line-height);--awb-caption-title-letter-spacing:var(--h2_typography-letter-spacing);\"><span class=\" fusion-imageframe imageframe-none imageframe-2 hover-type-none\"><a class=\"fusion-no-lightbox\" href=\"https:\/\/mitocanada.org\/fr\/2024-mitoscholars-jillian-grace-railton\/\" target=\"_self\" aria-label=\"2024 Jillian\"><img decoding=\"async\" width=\"416\" height=\"151\" alt=\"2024 mitoScholars Jillian Grace Railton banner\" src=\"https:\/\/mitocanada.org\/wp-content\/uploads\/2024\/08\/2024-Jillian-1.png\" class=\"img-responsive wp-image-7653\" srcset=\"https:\/\/mitocanada.org\/wp-content\/uploads\/2024\/08\/2024-Jillian-1-200x73.png 200w, https:\/\/mitocanada.org\/wp-content\/uploads\/2024\/08\/2024-Jillian-1-400x145.png 400w, https:\/\/mitocanada.org\/wp-content\/uploads\/2024\/08\/2024-Jillian-1.png 416w\" sizes=\"(max-width: 640px) 100vw, 416px\" \/><\/a><\/span><\/div><div class=\"fusion-separator fusion-full-width-sep\" style=\"align-self: center;margin-left: auto;margin-right: auto;margin-top:20px;width:100%;\"><\/div><div style=\"text-align:center;\"><a class=\"fusion-button button-flat fusion-button-default-size button-default fusion-button-default button-2 fusion-button-default-span fusion-button-default-type\" target=\"_self\" href=\"https:\/\/mitocanada.org\/fr\/2024-mitoscholars-jillian-grace-railton\/\"><span class=\"fusion-button-text\">Rencontrez Jillian<\/span><\/a><\/div><div class=\"fusion-separator fusion-full-width-sep\" style=\"align-self: center;margin-left: auto;margin-right: auto;margin-bottom:15px;width:100%;\"><\/div><\/div><\/div><\/div><\/div><div class=\"fusion-fullwidth fullwidth-box fusion-builder-row-3 fusion-flex-container nonhundred-percent-fullwidth non-hundred-percent-height-scrolling\" style=\"--awb-border-radius-top-left:0px;--awb-border-radius-top-right:0px;--awb-border-radius-bottom-right:0px;--awb-border-radius-bottom-left:0px;--awb-flex-wrap:wrap;\" ><div class=\"fusion-builder-row fusion-row fusion-flex-align-items-flex-start fusion-flex-content-wrap\" style=\"max-width:1456px;margin-left: calc(-4% \/ 2 );margin-right: calc(-4% \/ 2 );\"><div class=\"fusion-layout-column fusion_builder_column fusion-builder-column-3 fusion_builder_column_1_2 1_2 fusion-flex-column\" style=\"--awb-bg-size:cover;--awb-width-large:50%;--awb-margin-top-large:0px;--awb-spacing-right-large:3.84%;--awb-margin-bottom-large:20px;--awb-spacing-left-large:3.84%;--awb-width-medium:50%;--awb-order-medium:0;--awb-spacing-right-medium:3.84%;--awb-spacing-left-medium:3.84%;--awb-width-small:100%;--awb-order-small:0;--awb-spacing-right-small:1.92%;--awb-spacing-left-small:1.92%;\"><div class=\"fusion-column-wrapper fusion-column-has-shadow fusion-flex-justify-content-flex-start fusion-content-layout-column\"><div class=\"fusion-image-element \" style=\"text-align:center;--awb-caption-title-font-family:var(--h2_typography-font-family);--awb-caption-title-font-weight:var(--h2_typography-font-weight);--awb-caption-title-font-style:var(--h2_typography-font-style);--awb-caption-title-size:var(--h2_typography-font-size);--awb-caption-title-transform:var(--h2_typography-text-transform);--awb-caption-title-line-height:var(--h2_typography-line-height);--awb-caption-title-letter-spacing:var(--h2_typography-letter-spacing);\"><span class=\" fusion-imageframe imageframe-none imageframe-3 hover-type-none\"><a class=\"fusion-no-lightbox\" href=\"https:\/\/mitocanada.org\/fr\/2024-mitoscholars-ethan-pruchnicki\/\" target=\"_self\" aria-label=\"2024 Ethan\"><img decoding=\"async\" width=\"416\" height=\"151\" alt=\"2024 mitoScholars Ethan Pruchnicki banni\u00e8re\" src=\"https:\/\/mitocanada.org\/wp-content\/uploads\/2024\/08\/2024-Ethan-1.png\" class=\"img-responsive wp-image-7654\" srcset=\"https:\/\/mitocanada.org\/wp-content\/uploads\/2024\/08\/2024-Ethan-1-200x73.png 200w, https:\/\/mitocanada.org\/wp-content\/uploads\/2024\/08\/2024-Ethan-1-400x145.png 400w, https:\/\/mitocanada.org\/wp-content\/uploads\/2024\/08\/2024-Ethan-1.png 416w\" sizes=\"(max-width: 640px) 100vw, 416px\" \/><\/a><\/span><\/div><div class=\"fusion-separator fusion-full-width-sep\" style=\"align-self: center;margin-left: auto;margin-right: auto;margin-top:20px;width:100%;\"><\/div><div style=\"text-align:center;\"><a class=\"fusion-button button-flat fusion-button-default-size button-default fusion-button-default button-3 fusion-button-default-span fusion-button-default-type\" target=\"_self\" href=\"https:\/\/mitocanada.org\/fr\/2024-mitoscholars-ethan-pruchnicki\/\"><span class=\"fusion-button-text\">Rencontrez Ethan<\/span><\/a><\/div><\/div><\/div><div class=\"fusion-layout-column fusion_builder_column fusion-builder-column-4 fusion_builder_column_1_2 1_2 fusion-flex-column\" style=\"--awb-bg-size:cover;--awb-width-large:50%;--awb-margin-top-large:0px;--awb-spacing-right-large:3.84%;--awb-margin-bottom-large:20px;--awb-spacing-left-large:3.84%;--awb-width-medium:50%;--awb-order-medium:0;--awb-spacing-right-medium:3.84%;--awb-spacing-left-medium:3.84%;--awb-width-small:100%;--awb-order-small:0;--awb-spacing-right-small:1.92%;--awb-spacing-left-small:1.92%;\"><div class=\"fusion-column-wrapper fusion-column-has-shadow fusion-flex-justify-content-flex-start fusion-content-layout-column\"><div class=\"fusion-image-element \" style=\"text-align:center;--awb-caption-title-font-family:var(--h2_typography-font-family);--awb-caption-title-font-weight:var(--h2_typography-font-weight);--awb-caption-title-font-style:var(--h2_typography-font-style);--awb-caption-title-size:var(--h2_typography-font-size);--awb-caption-title-transform:var(--h2_typography-text-transform);--awb-caption-title-line-height:var(--h2_typography-line-height);--awb-caption-title-letter-spacing:var(--h2_typography-letter-spacing);\"><span class=\" fusion-imageframe imageframe-none imageframe-4 hover-type-none\"><a class=\"fusion-no-lightbox\" href=\"https:\/\/mitocanada.org\/fr\/2024-mitoscholars-veronica-jenkins\/\" target=\"_self\" aria-label=\"2024 Veronica\"><img decoding=\"async\" width=\"416\" height=\"151\" alt=\"2024 mitoScholars Veronica Jenkins banni\u00e8re\" src=\"https:\/\/mitocanada.org\/wp-content\/uploads\/2024\/08\/2024-Veronica-1.png\" class=\"img-responsive wp-image-7651\" srcset=\"https:\/\/mitocanada.org\/wp-content\/uploads\/2024\/08\/2024-Veronica-1-200x73.png 200w, https:\/\/mitocanada.org\/wp-content\/uploads\/2024\/08\/2024-Veronica-1-400x145.png 400w, https:\/\/mitocanada.org\/wp-content\/uploads\/2024\/08\/2024-Veronica-1.png 416w\" sizes=\"(max-width: 640px) 100vw, 416px\" \/><\/a><\/span><\/div><div class=\"fusion-separator fusion-full-width-sep\" style=\"align-self: center;margin-left: auto;margin-right: auto;margin-top:20px;width:100%;\"><\/div><div style=\"text-align:center;\"><a class=\"fusion-button button-flat fusion-button-default-size button-default fusion-button-default button-4 fusion-button-default-span fusion-button-default-type\" target=\"_self\" href=\"https:\/\/mitocanada.org\/fr\/2024-mitoscholars-veronica-jenkins\/\"><span class=\"fusion-button-text\">Rencontrez Veronica<\/span><\/a><\/div><\/div><\/div><\/div><\/div><div class=\"fusion-fullwidth fullwidth-box fusion-builder-row-4 fusion-flex-container nonhundred-percent-fullwidth non-hundred-percent-height-scrolling\" style=\"--awb-border-radius-top-left:0px;--awb-border-radius-top-right:0px;--awb-border-radius-bottom-right:0px;--awb-border-radius-bottom-left:0px;--awb-flex-wrap:wrap;\" ><div class=\"fusion-builder-row fusion-row fusion-flex-align-items-flex-start fusion-flex-content-wrap\" style=\"max-width:1456px;margin-left: calc(-4% \/ 2 );margin-right: calc(-4% \/ 2 );\"><div class=\"fusion-layout-column fusion_builder_column fusion-builder-column-5 fusion_builder_column_1_1 1_1 fusion-flex-column\" style=\"--awb-bg-size:cover;--awb-width-large:100%;--awb-margin-top-large:0px;--awb-spacing-right-large:1.92%;--awb-margin-bottom-large:20px;--awb-spacing-left-large:1.92%;--awb-width-medium:100%;--awb-order-medium:0;--awb-spacing-right-medium:1.92%;--awb-spacing-left-medium:1.92%;--awb-width-small:100%;--awb-order-small:0;--awb-spacing-right-small:1.92%;--awb-spacing-left-small:1.92%;\"><div class=\"fusion-column-wrapper fusion-column-has-shadow fusion-flex-justify-content-flex-start fusion-content-layout-column\"><div class=\"fusion-separator fusion-full-width-sep\" style=\"align-self: center;margin-left: auto;margin-right: auto;margin-top:25px;margin-bottom:25px;width:100%;\"><div class=\"fusion-separator-border sep-single sep-solid\" style=\"--awb-height:20px;--awb-amount:20px;border-color:var(--awb-color3);border-top-width:1px;\"><\/div><\/div><div class=\"fusion-text fusion-text-2\"><h3>MitoCanada est reconnaissant d&rsquo;avoir re\u00e7u du financement de la part du commanditaire suivant et de sa communaut\u00e9 de supporters.<\/h3>\n<h3>Merci de rendre possible notre programme 2024 mitoScholars !<\/h3>\n<\/div><div class=\"fusion-text fusion-text-3\"><p style=\"text-align: center;\">   <img decoding=\"async\" class=\"alignnone wp-image-3628 size-full\" src=\"https:\/\/mitocanada.org\/wp-content\/uploads\/2023\/08\/Ultragenyx-and-Spin-logo.jpeg\" alt=\"Logo Ultragenyx et logo mitoSpin\" width=\"457\" height=\"94\" srcset=\"https:\/\/mitocanada.org\/wp-content\/uploads\/2023\/08\/Ultragenyx-and-Spin-logo-200x41.jpeg 200w, https:\/\/mitocanada.org\/wp-content\/uploads\/2023\/08\/Ultragenyx-and-Spin-logo-300x62.jpeg 300w, https:\/\/mitocanada.org\/wp-content\/uploads\/2023\/08\/Ultragenyx-and-Spin-logo-400x82.jpeg 400w, https:\/\/mitocanada.org\/wp-content\/uploads\/2023\/08\/Ultragenyx-and-Spin-logo.jpeg 457w\" sizes=\"(max-width: 457px) 100vw, 457px\" \/><\/p>\n<\/div><div style=\"text-align:center;\"><a class=\"fusion-button button-flat fusion-button-default-size button-default fusion-button-default button-5 fusion-button-default-span fusion-button-default-type\" target=\"_self\" href=\"https:\/\/mitocanada.org\/fr\/2023-recipiendaires-de-la-bourse-mitoscholar\/\"><span class=\"fusion-button-text\">Rencontrez nos mitoScholars 2023 !<\/span><\/a><\/div><\/div><\/div><\/div><\/div><\/p>\n","protected":false},"excerpt":{"rendered":"","protected":false},"author":3,"featured_media":0,"parent":0,"menu_order":3,"comment_status":"closed","ping_status":"closed","template":"","meta":{"om_disable_all_campaigns":false,"_monsterinsights_skip_tracking":false,"_monsterinsights_sitenote_active":false,"_monsterinsights_sitenote_note":"","_monsterinsights_sitenote_category":0,"_uf_show_specific_survey":0,"_uf_disable_surveys":false,"footnotes":""},"class_list":["post-7874","page","type-page","status-publish","hentry"],"aioseo_notices":[],"_links":{"self":[{"href":"https:\/\/mitocanada.org\/fr\/wp-json\/wp\/v2\/pages\/7874","targetHints":{"allow":["GET"]}}],"collection":[{"href":"https:\/\/mitocanada.org\/fr\/wp-json\/wp\/v2\/pages"}],"about":[{"href":"https:\/\/mitocanada.org\/fr\/wp-json\/wp\/v2\/types\/page"}],"author":[{"embeddable":true,"href":"https:\/\/mitocanada.org\/fr\/wp-json\/wp\/v2\/users\/3"}],"replies":[{"embeddable":true,"href":"https:\/\/mitocanada.org\/fr\/wp-json\/wp\/v2\/comments?post=7874"}],"version-history":[{"count":12,"href":"https:\/\/mitocanada.org\/fr\/wp-json\/wp\/v2\/pages\/7874\/revisions"}],"predecessor-version":[{"id":11167,"href":"https:\/\/mitocanada.org\/fr\/wp-json\/wp\/v2\/pages\/7874\/revisions\/11167"}],"wp:attachment":[{"href":"https:\/\/mitocanada.org\/fr\/wp-json\/wp\/v2\/media?parent=7874"}],"curies":[{"name":"wp","href":"https:\/\/api.w.org\/{rel}","templated":true}]}}