{"id":7870,"date":"2022-03-10T15:09:28","date_gmt":"2022-03-10T20:09:28","guid":{"rendered":"https:\/\/mitocanada.org\/registre-des-contacts-avec-les-patients-de-mitocanada\/"},"modified":"2026-01-11T11:39:39","modified_gmt":"2026-01-11T16:39:39","slug":"registre-des-contacts-avec-les-patients-de-mitocanada","status":"publish","type":"page","link":"https:\/\/mitocanada.org\/fr\/registre-des-contacts-avec-les-patients-de-mitocanada\/","title":{"rendered":"Registre des patients de MitoCanada"},"content":{"rendered":"<p><div class=\"fusion-fullwidth fullwidth-box fusion-builder-row-1 fusion-flex-container nonhundred-percent-fullwidth non-hundred-percent-height-scrolling\" style=\"--awb-border-radius-top-left:0px;--awb-border-radius-top-right:0px;--awb-border-radius-bottom-right:0px;--awb-border-radius-bottom-left:0px;--awb-flex-wrap:wrap;\" ><div class=\"fusion-builder-row fusion-row fusion-flex-align-items-flex-start fusion-flex-content-wrap\" style=\"max-width:1456px;margin-left: calc(-4% \/ 2 );margin-right: calc(-4% \/ 2 );\"><div class=\"fusion-layout-column fusion_builder_column fusion-builder-column-0 fusion_builder_column_1_1 1_1 fusion-flex-column\" style=\"--awb-bg-size:cover;--awb-width-large:100%;--awb-margin-top-large:0px;--awb-spacing-right-large:1.92%;--awb-margin-bottom-large:20px;--awb-spacing-left-large:1.92%;--awb-width-medium:100%;--awb-order-medium:0;--awb-spacing-right-medium:1.92%;--awb-spacing-left-medium:1.92%;--awb-width-small:100%;--awb-order-small:0;--awb-spacing-right-small:1.92%;--awb-spacing-left-small:1.92%;\"><div class=\"fusion-column-wrapper fusion-column-has-shadow fusion-flex-justify-content-flex-start fusion-content-layout-column\"><div class=\"fusion-text fusion-text-1\"><h2><strong>Aidez-nous \u00e0 changer les choses : Joignez-vous au registre des patients de MitoCanada<\/strong><\/h2>\n<\/div><div class=\"fusion-text fusion-text-2\"><h3>Lorsque les Canadiens atteints d&rsquo;une maladie mitochondriale partagent leurs exp\u00e9riences et leurs points de vue, de v\u00e9ritables changements se produisent.<\/h3>\n<p>Le registre des patients de MitoCanada est un outil vital, aliment\u00e9 par les patients, qui renforce la recherche, am\u00e9liore les soins et amplifie la voix de la communaut\u00e9 canadienne de Mito. Les informations recueillies dans le cadre de notre registre permettent d&rsquo;orienter les essais cliniques, l&rsquo;\u00e9laboration de programmes d&rsquo;\u00e9ducation et de soutien, ainsi que les efforts de sensibilisation \u00e0 l&rsquo;\u00e9chelle nationale, de sorte que tout ce que nous faisons est fond\u00e9 sur l&rsquo;exp\u00e9rience v\u00e9cue.<\/p>\n<\/div><div class=\"fusion-separator fusion-full-width-sep\" style=\"align-self: center;margin-left: auto;margin-right: auto;margin-top:30px;width:100%;\"><\/div><div class=\"fusion-text fusion-text-3\"><h3><strong>Qu&rsquo;est-ce que le registre des patients de MitoCanada ?<\/strong><\/h3>\n<\/div><div class=\"fusion-text fusion-text-4\"><p>Le registre des patients de MitoCanada est une base de donn\u00e9es s\u00e9curis\u00e9e, confidentielle et aliment\u00e9e par les patients, o\u00f9 les Canadiens atteints d&rsquo;une maladie mitochondriale et les soignants peuvent partager des informations sur le diagnostic, les sympt\u00f4mes et les exp\u00e9riences v\u00e9cues au quotidien.<\/p>\n<p>La participation est :<\/p>\n<ul>\n<li>Volontaire<\/li>\n<li>Gratuit<\/li>\n<li>Confidentiel et s\u00e9curis\u00e9<\/li>\n<li>Flexible &#8211; vous pouvez vous retirer \u00e0 tout moment<\/li>\n<\/ul>\n<p>Le registre soutient la pr\u00e9paration de la recherche, le d\u00e9veloppement de programmes, l&rsquo;\u00e9ducation et la d\u00e9fense des int\u00e9r\u00eats, TOUJOURS dans le but d&rsquo;am\u00e9liorer la qualit\u00e9 de vie des Canadiens atteints d&rsquo;une maladie mitochondriale.<\/p>\n<\/div><div class=\"fusion-separator fusion-full-width-sep\" style=\"align-self: center;margin-left: auto;margin-right: auto;margin-top:30px;width:100%;\"><\/div><div class=\"fusion-text fusion-text-5\"><h3><strong>Pourquoi le registre des patients de MitoCanada est-il important ?<\/strong><\/h3>\n<\/div><div class=\"fusion-text fusion-text-6\"><p><img decoding=\"async\" class=\" wp-image-13590 alignright\" src=\"https:\/\/mitocanada.org\/wp-content\/uploads\/2026\/01\/3-Why-the-Registry-Matters-2.png\" alt=\"\" width=\"450\" height=\"377\" srcset=\"https:\/\/mitocanada.org\/wp-content\/uploads\/2026\/01\/3-Why-the-Registry-Matters-2-200x168.png 200w, https:\/\/mitocanada.org\/wp-content\/uploads\/2026\/01\/3-Why-the-Registry-Matters-2-300x251.png 300w, https:\/\/mitocanada.org\/wp-content\/uploads\/2026\/01\/3-Why-the-Registry-Matters-2-400x335.png 400w, https:\/\/mitocanada.org\/wp-content\/uploads\/2026\/01\/3-Why-the-Registry-Matters-2-600x503.png 600w, https:\/\/mitocanada.org\/wp-content\/uploads\/2026\/01\/3-Why-the-Registry-Matters-2-768x644.png 768w, https:\/\/mitocanada.org\/wp-content\/uploads\/2026\/01\/3-Why-the-Registry-Matters-2-800x671.png 800w, https:\/\/mitocanada.org\/wp-content\/uploads\/2026\/01\/3-Why-the-Registry-Matters-2.png 940w\" sizes=\"(max-width: 450px) 100vw, 450px\" \/><br \/>\nIl existe de nombreux registres dans le monde. Ce qui diff\u00e9rencie le n\u00f4tre, c&rsquo;est son objectif : <strong>le registre des patients de MitoCanada existe pour servir la communaut\u00e9 canadienne de Mito.<\/strong> <\/p>\n<p>Les informations communiqu\u00e9es par l&rsquo;interm\u00e9diaire de notre registre nous aident :<\/p>\n<ul>\n<li>Amener les essais cliniques sur les maladies mitochondriales au Canada en d\u00e9montrant l&rsquo;existence d&rsquo;une communaut\u00e9 de patients pr\u00eats et engag\u00e9s.<\/li>\n<li>Informer le d\u00e9veloppement de programmes d&rsquo;\u00e9ducation et de soutien qui refl\u00e8tent les besoins r\u00e9els de la communaut\u00e9 Mito canadienne.<\/li>\n<li>Renforcer les efforts de plaidoyer gr\u00e2ce \u00e0 des informations cr\u00e9dibles et canadiennes que les d\u00e9cideurs politiques et les partenaires doivent conna\u00eetre pour soutenir nos efforts.<\/li>\n<li>Veiller \u00e0 ce que la voix des patients et des familles guide les d\u00e9cisions concernant les priorit\u00e9s de la recherche, les parcours de soins et l&rsquo;acc\u00e8s aux th\u00e9rapies au Canada<\/li>\n<\/ul>\n<p>Gr\u00e2ce aux participants \u00e0 notre registre, <strong>trois essais cliniques sur les mitochondries<\/strong> ont d\u00e9j\u00e0 eu lieu au Canada au cours des trois derni\u00e8res ann\u00e9es, et nous continuons \u00e0 travailler avec des partenaires de la recherche et de l&rsquo;industrie pour faire en sorte que les futurs essais aient lieu au Canada.<\/p>\n<\/div><div class=\"fusion-separator fusion-full-width-sep\" style=\"align-self: center;margin-left: auto;margin-right: auto;margin-top:35px;width:100%;\"><\/div><div class=\"fusion-text fusion-text-7\"><h3><strong>L&rsquo;impact de votre participation<\/strong><\/h3>\n<\/div><div class=\"fusion-text fusion-text-8\"><p>Votre exp\u00e9rience v\u00e9cue <span style=\"text-decoration: underline;\">est une expertise<\/span> et elle est source de progr\u00e8s.<\/p>\n<p>En rejoignant le registre, vous aidez :<\/p>\n<ul>\n<li>Dresser un tableau plus clair des exp\u00e9riences de maladies mitochondriales au Canada.<\/li>\n<li>Identifier les lacunes dans les services de soins, d&rsquo;\u00e9ducation et de soutien<\/li>\n<li>Fa\u00e7onner les nouvelles ressources, les nouveaux programmes et les nouveaux outils de MitoCanada pour les patients et les soignants<\/li>\n<li>Soutenir les efforts de sensibilisation et de plaidoyer gr\u00e2ce \u00e0 des informations significatives rapport\u00e9es par les patients<\/li>\n<li>Restez inform\u00e9 des \u00e9tudes de recherche et des possibilit\u00e9s d&rsquo;essais cliniques lorsqu&rsquo;elles se pr\u00e9sentent.<\/li>\n<\/ul>\n<p>Cette information permet \u00e0 MitoCanada de r\u00e9pondre plus efficacement, non pas en se basant sur des hypoth\u00e8ses, mais en s&rsquo;appuyant sur des donn\u00e9es probantes provenant de la communaut\u00e9 canadienne des Mito.<\/p>\n<\/div><div class=\"fusion-separator fusion-full-width-sep\" style=\"align-self: center;margin-left: auto;margin-right: auto;margin-top:35px;width:100%;\"><\/div><div class=\"fusion-text fusion-text-9\"><h3><strong>Votre vie priv\u00e9e et la s\u00e9curit\u00e9 de vos donn\u00e9es sont importantes<\/strong><\/h3>\n<\/div><div class=\"fusion-text fusion-text-10\"><p><img decoding=\"async\" class=\" wp-image-13611 alignright\" src=\"https:\/\/mitocanada.org\/wp-content\/uploads\/2026\/01\/Data-Protection-New-v2.png\" alt=\"\" width=\"450\" height=\"377\" srcset=\"https:\/\/mitocanada.org\/wp-content\/uploads\/2026\/01\/Data-Protection-New-v2-200x168.png 200w, https:\/\/mitocanada.org\/wp-content\/uploads\/2026\/01\/Data-Protection-New-v2-300x251.png 300w, https:\/\/mitocanada.org\/wp-content\/uploads\/2026\/01\/Data-Protection-New-v2-400x335.png 400w, https:\/\/mitocanada.org\/wp-content\/uploads\/2026\/01\/Data-Protection-New-v2-600x503.png 600w, https:\/\/mitocanada.org\/wp-content\/uploads\/2026\/01\/Data-Protection-New-v2-768x644.png 768w, https:\/\/mitocanada.org\/wp-content\/uploads\/2026\/01\/Data-Protection-New-v2-800x671.png 800w, https:\/\/mitocanada.org\/wp-content\/uploads\/2026\/01\/Data-Protection-New-v2.png 940w\" sizes=\"(max-width: 450px) 100vw, 450px\" \/><br \/>\nNous comprenons que le partage d&rsquo;informations personnelles sur la sant\u00e9 est une d\u00e9cision importante. La protection de votre vie priv\u00e9e est notre priorit\u00e9 absolue. <\/p>\n<p><strong>Toutes les donn\u00e9es du registre de MitoCanada<\/strong> sont trait\u00e9es conform\u00e9ment aux lois canadiennes sur la protection de la vie priv\u00e9e (y compris la LPRPDE et les lois provinciales applicables).<\/p>\n<ul>\n<li>Toutes les donn\u00e9es du registre sont stock\u00e9es en toute s\u00e9curit\u00e9 sur des serveurs canadiens.<\/li>\n<li>Le traitement des donn\u00e9es est conforme aux normes rigoureuses du Canada en mati\u00e8re de protection de la vie priv\u00e9e et des donn\u00e9es.<\/li>\n<li>Vos donn\u00e9es personnelles ne sont ni vendues ni partag\u00e9es<\/li>\n<li>L&rsquo;acc\u00e8s \u00e0 l&rsquo;information est limit\u00e9 et prot\u00e9g\u00e9<\/li>\n<li>Vos renseignements ne sont accessibles qu&rsquo;\u00e0 l&rsquo;\u00e9quipe de recherche du registre des patients de MitoCanada.<\/li>\n<li>La participation est volontaire et vous pouvez vous retirer \u00e0 tout moment.<\/li>\n<\/ul>\n<p>MitoCanada s&rsquo;engage \u00e0 respecter les normes les plus strictes en mati\u00e8re de s\u00e9curit\u00e9 et de confidentialit\u00e9 des donn\u00e9es, et \u00e0 utiliser les informations du registre de mani\u00e8re responsable, \u00e9thique et dans le meilleur int\u00e9r\u00eat de la communaut\u00e9 canadienne des Mito.<\/p>\n<\/div><div class=\"fusion-separator fusion-full-width-sep\" style=\"align-self: center;margin-left: auto;margin-right: auto;margin-top:35px;width:100%;\"><\/div><div class=\"fusion-text fusion-text-11\"><h3><strong>Qui peut participer ?<\/strong><\/h3>\n<\/div><div class=\"fusion-text fusion-text-12\"><p><img decoding=\"async\" class=\"wp-image-13588 alignright\" src=\"https:\/\/mitocanada.org\/wp-content\/uploads\/2026\/01\/2-Why-the-Registry-Matters-2-2.png\" alt=\"\" width=\"450\" height=\"377\" srcset=\"https:\/\/mitocanada.org\/wp-content\/uploads\/2026\/01\/2-Why-the-Registry-Matters-2-2-200x168.png 200w, https:\/\/mitocanada.org\/wp-content\/uploads\/2026\/01\/2-Why-the-Registry-Matters-2-2-300x251.png 300w, https:\/\/mitocanada.org\/wp-content\/uploads\/2026\/01\/2-Why-the-Registry-Matters-2-2-400x335.png 400w, https:\/\/mitocanada.org\/wp-content\/uploads\/2026\/01\/2-Why-the-Registry-Matters-2-2-600x503.png 600w, https:\/\/mitocanada.org\/wp-content\/uploads\/2026\/01\/2-Why-the-Registry-Matters-2-2-768x644.png 768w, https:\/\/mitocanada.org\/wp-content\/uploads\/2026\/01\/2-Why-the-Registry-Matters-2-2-800x671.png 800w, https:\/\/mitocanada.org\/wp-content\/uploads\/2026\/01\/2-Why-the-Registry-Matters-2-2.png 940w\" sizes=\"(max-width: 450px) 100vw, 450px\" \/>Vous pouvez participer si vous<\/p>\n<ul>\n<li>Vivre au Canada<\/li>\n<li>Vous vivez avec une maladie mitochondriale cliniquement diagnostiqu\u00e9e.<\/li>\n<li>Vous vous occupez d&rsquo;une personne atteinte d&rsquo;une maladie mitochondriale diagnostiqu\u00e9e cliniquement.<\/li>\n<\/ul>\n<p>Chaque personne qui nous rejoint renforce notre compr\u00e9hension collective et notre capacit\u00e9 d&rsquo;action.<\/p>\n<p>Vous \u00eates int\u00e9ress\u00e9, mais vous avez des questions ? C&rsquo;est tout \u00e0 fait compr\u00e9hensible. <\/p>\n<p>Partager des informations est une d\u00e9cision personnelle, et nous voulons que vous vous sentiez inform\u00e9 et \u00e0 l&rsquo;aise. Si vous souhaitez en savoir plus sur le fonctionnement du registre, sur la protection de vos donn\u00e9es ou sur la mani\u00e8re dont les informations sont utilis\u00e9es pour soutenir la recherche, les programmes et les actions de sensibilisation, nous sommes l\u00e0 pour vous aider. <\/p>\n<p>Vous pouvez nous envoyer un courriel avec vos questions \u00e0 <a href=\"mailto:PatientRegistry@MitoCanada.org\">PatientRegistry@MitoCanada.org<\/a> ou nous appeler au 877-708-6486 (MITO).<\/p>\n<\/div><div class=\"fusion-separator fusion-full-width-sep\" style=\"align-self: center;margin-left: auto;margin-right: auto;margin-top:35px;width:100%;\"><\/div><div class=\"fusion-text fusion-text-13\"><h3 style=\"text-align: left;\"><strong>Joignez-vous au registre et contribuez \u00e0 fa\u00e7onner l&rsquo;avenir du traitement des maladies mitochondriales au Canada<\/strong>.<\/h3>\n<\/div><\/div><\/div><\/div><\/div><div class=\"fusion-fullwidth fullwidth-box fusion-builder-row-2 fusion-flex-container has-pattern-background has-mask-background nonhundred-percent-fullwidth non-hundred-percent-height-scrolling\" style=\"--awb-border-radius-top-left:0px;--awb-border-radius-top-right:0px;--awb-border-radius-bottom-right:0px;--awb-border-radius-bottom-left:0px;--awb-flex-wrap:wrap;\" ><div class=\"fusion-builder-row fusion-row fusion-flex-align-items-center fusion-flex-justify-content-center fusion-flex-content-wrap\" style=\"max-width:1456px;margin-left: calc(-4% \/ 2 );margin-right: calc(-4% \/ 2 );\"><div class=\"fusion-layout-column fusion_builder_column fusion-builder-column-1 fusion_builder_column_1_2 1_2 fusion-flex-column fusion-flex-align-self-center\" style=\"--awb-bg-size:cover;--awb-width-large:50%;--awb-margin-top-large:0px;--awb-spacing-right-large:3.84%;--awb-margin-bottom-large:20px;--awb-spacing-left-large:3.84%;--awb-width-medium:50%;--awb-order-medium:0;--awb-spacing-right-medium:3.84%;--awb-spacing-left-medium:3.84%;--awb-width-small:100%;--awb-order-small:0;--awb-spacing-right-small:1.92%;--awb-spacing-left-small:1.92%;\" data-motion-effects=\"[{&quot;type&quot;:&quot;&quot;,&quot;scroll_type&quot;:&quot;transition&quot;,&quot;scroll_direction&quot;:&quot;up&quot;,&quot;transition_speed&quot;:&quot;1&quot;,&quot;fade_type&quot;:&quot;in&quot;,&quot;scale_type&quot;:&quot;up&quot;,&quot;initial_scale&quot;:&quot;1&quot;,&quot;max_scale&quot;:&quot;1.5&quot;,&quot;min_scale&quot;:&quot;0.5&quot;,&quot;initial_rotate&quot;:&quot;0&quot;,&quot;end_rotate&quot;:&quot;30&quot;,&quot;initial_blur&quot;:&quot;0&quot;,&quot;end_blur&quot;:&quot;3&quot;,&quot;start_element&quot;:&quot;top&quot;,&quot;start_viewport&quot;:&quot;bottom&quot;,&quot;end_element&quot;:&quot;bottom&quot;,&quot;end_viewport&quot;:&quot;top&quot;,&quot;mouse_effect&quot;:&quot;track&quot;,&quot;mouse_effect_direction&quot;:&quot;opposite&quot;,&quot;mouse_effect_speed&quot;:&quot;2&quot;,&quot;infinite_animation&quot;:&quot;float&quot;,&quot;infinite_animation_speed&quot;:&quot;2&quot;}]\" data-scroll-devices=\"small-visibility,medium-visibility,large-visibility\"><div class=\"fusion-column-wrapper fusion-column-has-shadow fusion-flex-justify-content-center fusion-content-layout-column\"><div class=\"fusion-text fusion-text-14\"><h2 style=\"text-align: center;\"><strong>Vous \u00eates pr\u00eat \u00e0 vous inscrire ?<\/strong><\/h2>\n<\/div><div class=\"fusion-text fusion-text-15\"><p><a href=\"https:\/\/mitocanadapatientregistry.org\/home\"><img decoding=\"async\" class=\"wp-image-13545 aligncenter\" src=\"https:\/\/mitocanada.org\/wp-content\/uploads\/2026\/01\/Registry-Join-Button.jpeg\" alt=\"\" width=\"251\" height=\"115\" srcset=\"https:\/\/mitocanada.org\/wp-content\/uploads\/2026\/01\/Registry-Join-Button-200x91.jpeg 200w, https:\/\/mitocanada.org\/wp-content\/uploads\/2026\/01\/Registry-Join-Button-300x137.jpeg 300w, https:\/\/mitocanada.org\/wp-content\/uploads\/2026\/01\/Registry-Join-Button-400x182.jpeg 400w, https:\/\/mitocanada.org\/wp-content\/uploads\/2026\/01\/Registry-Join-Button-460x212.jpeg 460w, https:\/\/mitocanada.org\/wp-content\/uploads\/2026\/01\/Registry-Join-Button.jpeg 465w\" sizes=\"(max-width: 251px) 100vw, 251px\" \/><\/a><\/p>\n<\/div><\/div><\/div><div class=\"fusion-layout-column fusion_builder_column fusion-builder-column-2 fusion_builder_column_1_2 1_2 fusion-flex-column fusion-flex-align-self-center\" style=\"--awb-bg-size:cover;--awb-width-large:50%;--awb-margin-top-large:0px;--awb-spacing-right-large:3.84%;--awb-margin-bottom-large:20px;--awb-spacing-left-large:3.84%;--awb-width-medium:50%;--awb-order-medium:0;--awb-spacing-right-medium:3.84%;--awb-spacing-left-medium:3.84%;--awb-width-small:100%;--awb-order-small:0;--awb-spacing-right-small:1.92%;--awb-spacing-left-small:1.92%;\" data-motion-effects=\"[{&quot;type&quot;:&quot;&quot;,&quot;scroll_type&quot;:&quot;transition&quot;,&quot;scroll_direction&quot;:&quot;up&quot;,&quot;transition_speed&quot;:&quot;1&quot;,&quot;fade_type&quot;:&quot;in&quot;,&quot;scale_type&quot;:&quot;up&quot;,&quot;initial_scale&quot;:&quot;1&quot;,&quot;max_scale&quot;:&quot;1.5&quot;,&quot;min_scale&quot;:&quot;0.5&quot;,&quot;initial_rotate&quot;:&quot;0&quot;,&quot;end_rotate&quot;:&quot;30&quot;,&quot;initial_blur&quot;:&quot;0&quot;,&quot;end_blur&quot;:&quot;3&quot;,&quot;start_element&quot;:&quot;top&quot;,&quot;start_viewport&quot;:&quot;bottom&quot;,&quot;end_element&quot;:&quot;bottom&quot;,&quot;end_viewport&quot;:&quot;top&quot;,&quot;mouse_effect&quot;:&quot;track&quot;,&quot;mouse_effect_direction&quot;:&quot;opposite&quot;,&quot;mouse_effect_speed&quot;:&quot;2&quot;,&quot;infinite_animation&quot;:&quot;float&quot;,&quot;infinite_animation_speed&quot;:&quot;2&quot;}]\" data-scroll-devices=\"small-visibility,medium-visibility,large-visibility\"><div class=\"fusion-column-wrapper fusion-column-has-shadow fusion-flex-justify-content-center fusion-content-layout-column\"><div class=\"fusion-text fusion-text-16\"><h2 style=\"text-align: center;\"><strong>Vous \u00eates d\u00e9j\u00e0 inscrit ?<\/strong><\/h2>\n<\/div><div class=\"fusion-text fusion-text-17\"><p style=\"text-align: center;\"><a href=\"https:\/\/mitocanadapatientregistry.org\/login\"><img decoding=\"async\" class=\"alignnone wp-image-13547\" src=\"https:\/\/mitocanada.org\/wp-content\/uploads\/2026\/01\/Registry-Login-Button.jpeg\" alt=\"\" width=\"250\" height=\"114\" srcset=\"https:\/\/mitocanada.org\/wp-content\/uploads\/2026\/01\/Registry-Login-Button-200x92.jpeg 200w, https:\/\/mitocanada.org\/wp-content\/uploads\/2026\/01\/Registry-Login-Button-300x137.jpeg 300w, https:\/\/mitocanada.org\/wp-content\/uploads\/2026\/01\/Registry-Login-Button-400x183.jpeg 400w, https:\/\/mitocanada.org\/wp-content\/uploads\/2026\/01\/Registry-Login-Button.jpeg 461w\" sizes=\"(max-width: 250px) 100vw, 250px\" \/><\/a><\/p>\n<\/div><\/div><\/div><\/div><\/div><\/p>\n","protected":false},"excerpt":{"rendered":"","protected":false},"author":1,"featured_media":0,"parent":0,"menu_order":74,"comment_status":"closed","ping_status":"closed","template":"","meta":{"om_disable_all_campaigns":false,"_monsterinsights_skip_tracking":false,"_monsterinsights_sitenote_active":false,"_monsterinsights_sitenote_note":"","_monsterinsights_sitenote_category":0,"_uf_show_specific_survey":0,"_uf_disable_surveys":false,"footnotes":""},"class_list":["post-7870","page","type-page","status-publish","hentry"],"aioseo_notices":[],"_links":{"self":[{"href":"https:\/\/mitocanada.org\/fr\/wp-json\/wp\/v2\/pages\/7870","targetHints":{"allow":["GET"]}}],"collection":[{"href":"https:\/\/mitocanada.org\/fr\/wp-json\/wp\/v2\/pages"}],"about":[{"href":"https:\/\/mitocanada.org\/fr\/wp-json\/wp\/v2\/types\/page"}],"author":[{"embeddable":true,"href":"https:\/\/mitocanada.org\/fr\/wp-json\/wp\/v2\/users\/1"}],"replies":[{"embeddable":true,"href":"https:\/\/mitocanada.org\/fr\/wp-json\/wp\/v2\/comments?post=7870"}],"version-history":[{"count":11,"href":"https:\/\/mitocanada.org\/fr\/wp-json\/wp\/v2\/pages\/7870\/revisions"}],"predecessor-version":[{"id":13641,"href":"https:\/\/mitocanada.org\/fr\/wp-json\/wp\/v2\/pages\/7870\/revisions\/13641"}],"wp:attachment":[{"href":"https:\/\/mitocanada.org\/fr\/wp-json\/wp\/v2\/media?parent=7870"}],"curies":[{"name":"wp","href":"https:\/\/api.w.org\/{rel}","templated":true}]}}