{"id":7856,"date":"2022-03-10T15:12:58","date_gmt":"2022-03-10T20:12:58","guid":{"rendered":"https:\/\/mitocanada.org\/application-de-gestion-de-la-sante-zamplo\/"},"modified":"2025-05-18T13:30:18","modified_gmt":"2025-05-18T17:30:18","slug":"application-de-gestion-de-la-sante-zamplo","status":"publish","type":"page","link":"https:\/\/mitocanada.org\/fr\/soutien\/application-de-gestion-de-la-sante-zamplo\/","title":{"rendered":"Application de gestion de la sant\u00e9 Zamplo"},"content":{"rendered":"<p><div class=\"fusion-fullwidth fullwidth-box fusion-builder-row-1 fusion-flex-container nonhundred-percent-fullwidth non-hundred-percent-height-scrolling\" style=\"--awb-border-radius-top-left:0px;--awb-border-radius-top-right:0px;--awb-border-radius-bottom-right:0px;--awb-border-radius-bottom-left:0px;--awb-flex-wrap:wrap;\" ><div class=\"fusion-builder-row fusion-row fusion-flex-align-items-flex-start fusion-flex-content-wrap\" style=\"max-width:1456px;margin-left: calc(-4% \/ 2 );margin-right: calc(-4% \/ 2 );\"><div class=\"fusion-layout-column fusion_builder_column fusion-builder-column-0 fusion_builder_column_1_1 1_1 fusion-flex-column\" style=\"--awb-bg-size:cover;--awb-width-large:100%;--awb-margin-top-large:0px;--awb-spacing-right-large:1.92%;--awb-margin-bottom-large:20px;--awb-spacing-left-large:1.92%;--awb-width-medium:100%;--awb-order-medium:0;--awb-spacing-right-medium:1.92%;--awb-spacing-left-medium:1.92%;--awb-width-small:100%;--awb-order-small:0;--awb-spacing-right-small:1.92%;--awb-spacing-left-small:1.92%;\"><div class=\"fusion-column-wrapper fusion-column-has-shadow fusion-flex-justify-content-flex-start fusion-content-layout-column\"><div class=\"fusion-image-element \" style=\"--awb-margin-bottom:25px;--awb-caption-title-font-family:var(--h2_typography-font-family);--awb-caption-title-font-weight:var(--h2_typography-font-weight);--awb-caption-title-font-style:var(--h2_typography-font-style);--awb-caption-title-size:var(--h2_typography-font-size);--awb-caption-title-transform:var(--h2_typography-text-transform);--awb-caption-title-line-height:var(--h2_typography-line-height);--awb-caption-title-letter-spacing:var(--h2_typography-letter-spacing);\"><span class=\" fusion-imageframe imageframe-none imageframe-1 hover-type-none\"><img decoding=\"async\" width=\"2011\" height=\"608\" alt=\"Image anim\u00e9e d&#039;une femme en \u00e9quilibre sur un fil\" title=\"Zamplo_Health_Management_App\" src=\"https:\/\/mitocanada.org\/wp-content\/uploads\/2022\/05\/Zamplo_Health_Management_App.jpg\" class=\"img-responsive wp-image-6901\" srcset=\"https:\/\/mitocanada.org\/wp-content\/uploads\/2022\/05\/Zamplo_Health_Management_App-200x60.jpg 200w, https:\/\/mitocanada.org\/wp-content\/uploads\/2022\/05\/Zamplo_Health_Management_App-400x121.jpg 400w, https:\/\/mitocanada.org\/wp-content\/uploads\/2022\/05\/Zamplo_Health_Management_App-600x181.jpg 600w, https:\/\/mitocanada.org\/wp-content\/uploads\/2022\/05\/Zamplo_Health_Management_App-800x242.jpg 800w, https:\/\/mitocanada.org\/wp-content\/uploads\/2022\/05\/Zamplo_Health_Management_App-1200x363.jpg 1200w, https:\/\/mitocanada.org\/wp-content\/uploads\/2022\/05\/Zamplo_Health_Management_App.jpg 2011w\" sizes=\"(max-width: 640px) 100vw, 2011px\" \/><\/span><\/div><\/div><\/div><\/div><\/div><div class=\"fusion-fullwidth fullwidth-box fusion-builder-row-2 fusion-flex-container nonhundred-percent-fullwidth non-hundred-percent-height-scrolling\" style=\"--awb-border-radius-top-left:0px;--awb-border-radius-top-right:0px;--awb-border-radius-bottom-right:0px;--awb-border-radius-bottom-left:0px;--awb-flex-wrap:wrap;\" ><div class=\"fusion-builder-row fusion-row fusion-flex-align-items-flex-start fusion-flex-content-wrap\" style=\"max-width:1456px;margin-left: calc(-4% \/ 2 );margin-right: calc(-4% \/ 2 );\"><div class=\"fusion-layout-column fusion_builder_column fusion-builder-column-1 fusion_builder_column_1_1 1_1 fusion-flex-column\" style=\"--awb-bg-size:cover;--awb-width-large:100%;--awb-margin-top-large:0px;--awb-spacing-right-large:1.92%;--awb-margin-bottom-large:0px;--awb-spacing-left-large:1.92%;--awb-width-medium:100%;--awb-spacing-right-medium:1.92%;--awb-spacing-left-medium:1.92%;--awb-width-small:100%;--awb-spacing-right-small:1.92%;--awb-spacing-left-small:1.92%;\"><div class=\"fusion-column-wrapper fusion-flex-justify-content-flex-start fusion-content-layout-column\"><div class=\"fusion-text fusion-text-1\"><p>G\u00e9rer la vie avec une maladie mitochondriale est un d\u00e9fi &#8211; pour les patients, les familles et les soignants. Le suivi de vos ant\u00e9c\u00e9dents m\u00e9dicaux, de vos rendez-vous, des r\u00e9sultats de vos tests, des sp\u00e9cialistes et des m\u00e9dicaments peut s&rsquo;av\u00e9rer accablant. MitoCanada a fait \u00e9quipe avec Zamplo pour vous aider \u00e0 g\u00e9rer tout ce que vous devez suivre. Zamplo est une application pour t\u00e9l\u00e9phone intelligent qui permet aux personnes vivant avec une maladie mitotique de g\u00e9rer leur parcours de sant\u00e9 &#8211; num\u00e9riquement.<\/p>\n<\/div><div ><a class=\"fusion-button button-flat fusion-button-default-size button-default fusion-button-default button-1 fusion-button-default-span fusion-button-default-type\" target=\"_blank\" rel=\"noopener noreferrer\" href=\"https:\/\/www.zamplo.org\/zamplo-app\"><span class=\"fusion-button-text\">En savoir plus<\/span><\/a><\/div><div class=\"fusion-separator fusion-full-width-sep\" style=\"align-self: center;margin-left: auto;margin-right: auto;margin-top:20px;margin-bottom:15px;width:100%;\"><\/div><div class=\"fusion-text fusion-text-2\"><h2>L&rsquo;impact de Zamplo sur l&rsquo;autogestion des maladies rares<\/h2>\n<p>Zamplo a men\u00e9 un essai longitudinal contr\u00f4l\u00e9 et randomis\u00e9 sur l&rsquo;activation du patient, l&rsquo;auto-efficacit\u00e9 et la gestion de la douleur dans la maladie de Fabry. L&rsquo;activation du patient fait r\u00e9f\u00e9rence au degr\u00e9 d&rsquo;information, de motivation et de confiance d&rsquo;une personne dans la gestion de sa sant\u00e9 et de ses soins de sant\u00e9. Cela signifie que les patients comprennent leur \u00e9tat, se sentent capables de prendre des d\u00e9cisions concernant leurs soins et s&rsquo;impliquent activement dans les mesures \u00e0 prendre pour rester en bonne sant\u00e9 ou g\u00e9rer leur maladie.  <\/p>\n<p>L&rsquo;\u00e9tude a r\u00e9v\u00e9l\u00e9 que l&rsquo;application de sant\u00e9 Zamplo am\u00e9liorait la communication entre le patient et le prestataire, l&rsquo;activation du patient et la satisfaction financi\u00e8re (entra\u00eenant une r\u00e9duction des d\u00e9penses de m\u00e9dicaments). Pour en savoir plus sur l&rsquo;\u00e9tude Fabry de Zamplo, cliquez ci-dessous et d\u00e9couvrez l&rsquo;application pour voir si elle peut vous \u00eatre utile ! <\/p>\n<p><img decoding=\"async\" class=\"alignnone wp-image-6176\" src=\"https:\/\/mitocanada.org\/wp-content\/uploads\/2024\/08\/ZamploPosterSPOR2024_V2.1.png\" alt=\"Infographie Zamplo\" width=\"936\" height=\"749\" srcset=\"https:\/\/mitocanada.org\/wp-content\/uploads\/2024\/08\/ZamploPosterSPOR2024_V2.1-177x142.png 177w, https:\/\/mitocanada.org\/wp-content\/uploads\/2024\/08\/ZamploPosterSPOR2024_V2.1-200x160.png 200w, https:\/\/mitocanada.org\/wp-content\/uploads\/2024\/08\/ZamploPosterSPOR2024_V2.1-300x240.png 300w, https:\/\/mitocanada.org\/wp-content\/uploads\/2024\/08\/ZamploPosterSPOR2024_V2.1-400x320.png 400w, https:\/\/mitocanada.org\/wp-content\/uploads\/2024\/08\/ZamploPosterSPOR2024_V2.1-600x480.png 600w, https:\/\/mitocanada.org\/wp-content\/uploads\/2024\/08\/ZamploPosterSPOR2024_V2.1-768x614.png 768w, https:\/\/mitocanada.org\/wp-content\/uploads\/2024\/08\/ZamploPosterSPOR2024_V2.1-800x640.png 800w, https:\/\/mitocanada.org\/wp-content\/uploads\/2024\/08\/ZamploPosterSPOR2024_V2.1-1024x819.png 1024w, https:\/\/mitocanada.org\/wp-content\/uploads\/2024\/08\/ZamploPosterSPOR2024_V2.1-1200x960.png 1200w, https:\/\/mitocanada.org\/wp-content\/uploads\/2024\/08\/ZamploPosterSPOR2024_V2.1-1536x1229.png 1536w, https:\/\/mitocanada.org\/wp-content\/uploads\/2024\/08\/ZamploPosterSPOR2024_V2.1.png 7874w\" sizes=\"(max-width: 936px) 100vw, 936px\" \/><\/p>\n<p>Le PDF ci-dessus n&rsquo;est disponible qu&rsquo;en anglais<\/p>\n<\/div><\/div><\/div><\/div><\/div><\/p>\n","protected":false},"excerpt":{"rendered":"","protected":false},"author":1,"featured_media":0,"parent":8103,"menu_order":3,"comment_status":"closed","ping_status":"closed","template":"","meta":{"om_disable_all_campaigns":false,"_monsterinsights_skip_tracking":false,"_monsterinsights_sitenote_active":false,"_monsterinsights_sitenote_note":"","_monsterinsights_sitenote_category":0,"_uf_show_specific_survey":0,"_uf_disable_surveys":false,"footnotes":""},"class_list":["post-7856","page","type-page","status-publish","hentry"],"aioseo_notices":[],"_links":{"self":[{"href":"https:\/\/mitocanada.org\/fr\/wp-json\/wp\/v2\/pages\/7856","targetHints":{"allow":["GET"]}}],"collection":[{"href":"https:\/\/mitocanada.org\/fr\/wp-json\/wp\/v2\/pages"}],"about":[{"href":"https:\/\/mitocanada.org\/fr\/wp-json\/wp\/v2\/types\/page"}],"author":[{"embeddable":true,"href":"https:\/\/mitocanada.org\/fr\/wp-json\/wp\/v2\/users\/1"}],"replies":[{"embeddable":true,"href":"https:\/\/mitocanada.org\/fr\/wp-json\/wp\/v2\/comments?post=7856"}],"version-history":[{"count":9,"href":"https:\/\/mitocanada.org\/fr\/wp-json\/wp\/v2\/pages\/7856\/revisions"}],"predecessor-version":[{"id":11054,"href":"https:\/\/mitocanada.org\/fr\/wp-json\/wp\/v2\/pages\/7856\/revisions\/11054"}],"up":[{"embeddable":true,"href":"https:\/\/mitocanada.org\/fr\/wp-json\/wp\/v2\/pages\/8103"}],"wp:attachment":[{"href":"https:\/\/mitocanada.org\/fr\/wp-json\/wp\/v2\/media?parent=7856"}],"curies":[{"name":"wp","href":"https:\/\/api.w.org\/{rel}","templated":true}]}}