{"id":7846,"date":"2022-03-10T15:09:49","date_gmt":"2022-03-10T20:09:49","guid":{"rendered":"https:\/\/mitocanada.org\/cliniques-metaboliques-provinciales\/"},"modified":"2025-05-19T12:31:48","modified_gmt":"2025-05-19T16:31:48","slug":"cliniques-metaboliques-provinciales","status":"publish","type":"page","link":"https:\/\/mitocanada.org\/fr\/soutien\/cliniques-metaboliques-provinciales\/","title":{"rendered":"Cliniques m\u00e9taboliques provinciales"},"content":{"rendered":"<p><div class=\"fusion-fullwidth fullwidth-box fusion-builder-row-1 fusion-flex-container nonhundred-percent-fullwidth non-hundred-percent-height-scrolling\" style=\"--awb-border-radius-top-left:0px;--awb-border-radius-top-right:0px;--awb-border-radius-bottom-right:0px;--awb-border-radius-bottom-left:0px;--awb-flex-wrap:wrap;\" ><div class=\"fusion-builder-row fusion-row fusion-flex-align-items-flex-start fusion-flex-content-wrap\" style=\"max-width:1456px;margin-left: calc(-4% \/ 2 );margin-right: calc(-4% \/ 2 );\"><div class=\"fusion-layout-column fusion_builder_column fusion-builder-column-0 fusion_builder_column_1_1 1_1 fusion-flex-column\" style=\"--awb-bg-size:cover;--awb-width-large:100%;--awb-margin-top-large:0px;--awb-spacing-right-large:1.92%;--awb-margin-bottom-large:0px;--awb-spacing-left-large:1.92%;--awb-width-medium:100%;--awb-spacing-right-medium:1.92%;--awb-spacing-left-medium:1.92%;--awb-width-small:100%;--awb-spacing-right-small:1.92%;--awb-spacing-left-small:1.92%;\"><div class=\"fusion-column-wrapper fusion-flex-justify-content-flex-start fusion-content-layout-column\"><div class=\"fusion-text fusion-text-1\"><h2>MitoCanada a dress\u00e9 une liste du nombre limit\u00e9 de cliniques m\u00e9taboliques qui accueillent des patients atteints de maladies mito\u00efques au Canada.<\/h2>\n<p>Nous faisons de notre mieux pour les tenir \u00e0 jour. Toutefois, veuillez noter que MitoCanada n&rsquo;est pas responsable de la mise \u00e0 jour de ces sites et que l&rsquo;information clinique peut \u00eatre modifi\u00e9e \u00e0 notre insu.<\/p>\n<\/div><div class=\"accordian fusion-accordian\" style=\"--awb-border-size:1px;--awb-icon-size:16px;--awb-content-font-size:var(--awb-typography4-font-size);--awb-icon-alignment:left;--awb-hover-color:var(--awb-color2);--awb-border-color:var(--awb-color3);--awb-background-color:var(--awb-color1);--awb-divider-color:var(--awb-color3);--awb-divider-hover-color:var(--awb-color3);--awb-icon-color:#ffffff;--awb-title-color:#000000;--awb-content-color:#000000;--awb-icon-box-color:#119bb5;--awb-toggle-hover-accent-color:#119bb5;--awb-title-font-family:var(--awb-typography1-font-family);--awb-title-font-weight:var(--awb-typography1-font-weight);--awb-title-font-style:var(--awb-typography1-font-style);--awb-title-font-size:20px;--awb-title-letter-spacing:-0.015em;--awb-title-line-height:1.2;--awb-content-font-family:&quot;Montserrat&quot;;--awb-content-font-style:normal;--awb-content-font-weight:400;\"><div class=\"panel-group fusion-toggle-icon-boxed\" id=\"accordion-7846-1\"><div class=\"fusion-panel panel-default panel-ac0ef0c5e3b6172be fusion-toggle-has-divider\" style=\"--awb-title-color:#000000;\"><div class=\"panel-heading\"><h4 class=\"panel-title toggle\" id=\"toggle_ac0ef0c5e3b6172be\"><a aria-expanded=\"false\" aria-controls=\"ac0ef0c5e3b6172be\" role=\"button\" data-toggle=\"collapse\" data-parent=\"#accordion-7846-1\" data-target=\"#ac0ef0c5e3b6172be\" href=\"#ac0ef0c5e3b6172be\"><span class=\"fusion-toggle-icon-wrapper\" aria-hidden=\"true\"><i class=\"fa-fusion-box active-icon awb-icon-minus\" aria-hidden=\"true\"><\/i><i class=\"fa-fusion-box inactive-icon awb-icon-plus\" aria-hidden=\"true\"><\/i><\/span><span class=\"fusion-toggle-heading\">Colombie-Britannique<\/span><\/a><\/h4><\/div><div id=\"ac0ef0c5e3b6172be\" class=\"panel-collapse collapse \" aria-labelledby=\"toggle_ac0ef0c5e3b6172be\"><div class=\"panel-body toggle-content fusion-clearfix\">\n<p>Vancouver &#8211; Hopital<a href=\"https:\/\/www.vch.ca\/en\/location-service\/adult-metabolic-disease-clinic-vancouver-general-hospital\" target=\"_blank\" rel=\"noopener\"> general de Vancouver &#8211; Centre de soins de sante Gordon et Leslie Diamond, Clinique des maladies metaboliques chez l&rsquo;adulte (AMDC<\/a><a href=\"http:\/\/adultmetabolicdiseasesclinic.ca\/directions.html\">)<\/a><\/p>\n<p>Vancouver &#8211; <a href=\"https:\/\/www.bcchildrens.ca\/clinics-services\/biochemical-genetics\" target=\"_blank\" rel=\"noopener\">Hopital pour enfants de la Colombie-Britannique<\/a><\/p>\n<p>Victoria &#8211; <a href=\"https:\/\/www.islandhealth.ca\/our-services\/medical-genetics-services\/medical-genetics-services\" target=\"_blank\" rel=\"noopener\">Departement de Genetique Medicale, Hopital General Victoria<\/a><\/p>\n<\/div><\/div><\/div><div class=\"fusion-panel panel-default panel-695aa10d92799e79c fusion-toggle-has-divider\" style=\"--awb-title-color:#000000;\"><div class=\"panel-heading\"><h4 class=\"panel-title toggle\" id=\"toggle_695aa10d92799e79c\"><a aria-expanded=\"false\" aria-controls=\"695aa10d92799e79c\" role=\"button\" data-toggle=\"collapse\" data-parent=\"#accordion-7846-1\" data-target=\"#695aa10d92799e79c\" href=\"#695aa10d92799e79c\"><span class=\"fusion-toggle-icon-wrapper\" aria-hidden=\"true\"><i class=\"fa-fusion-box active-icon awb-icon-minus\" aria-hidden=\"true\"><\/i><i class=\"fa-fusion-box inactive-icon awb-icon-plus\" aria-hidden=\"true\"><\/i><\/span><span class=\"fusion-toggle-heading\">Alberta<\/span><\/a><\/h4><\/div><div id=\"695aa10d92799e79c\" class=\"panel-collapse collapse \" aria-labelledby=\"toggle_695aa10d92799e79c\"><div class=\"panel-body toggle-content fusion-clearfix\">\n<p>Edmonton &#8211; Hopital, genetique et genomique de l&rsquo;<a href=\"https:\/\/www.albertahealthservices.ca\/lab\/page8667.aspx\" target=\"_blank\" rel=\"noopener\">Universite de l&rsquo;Alberta <\/a><\/p>\n<p>Edmonton &#8211; Hoptial pour enfants de <a href=\"https:\/\/www.albertahealthservices.ca\/findhealth\/Service.aspx?id=1010241&amp;serviceAtFacilityID=1114523#contentStart\" target=\"_blank\" rel=\"noopener\">Stollery, Clinique des troubles metaboliques herites<\/a><\/p>\n<p>Calgary &#8211; Hopital pour enfants d&rsquo;<a href=\"https:\/\/www.albertahealthservices.ca\/findhealth\/Service.aspx?id=1010241&amp;serviceAtFacilityID=1023615#contentStart\" target=\"_blank\" rel=\"noopener\">Alberta, Clinique des troubles metaboliques herites<\/a><\/p>\n<\/div><\/div><\/div><div class=\"fusion-panel panel-default panel-6eccf3c7a50b18992 fusion-toggle-has-divider\" style=\"--awb-title-color:#000000;\"><div class=\"panel-heading\"><h4 class=\"panel-title toggle\" id=\"toggle_6eccf3c7a50b18992\"><a aria-expanded=\"false\" aria-controls=\"6eccf3c7a50b18992\" role=\"button\" data-toggle=\"collapse\" data-parent=\"#accordion-7846-1\" data-target=\"#6eccf3c7a50b18992\" href=\"#6eccf3c7a50b18992\"><span class=\"fusion-toggle-icon-wrapper\" aria-hidden=\"true\"><i class=\"fa-fusion-box active-icon awb-icon-minus\" aria-hidden=\"true\"><\/i><i class=\"fa-fusion-box inactive-icon awb-icon-plus\" aria-hidden=\"true\"><\/i><\/span><span class=\"fusion-toggle-heading\">Saskatchewan<\/span><\/a><\/h4><\/div><div id=\"6eccf3c7a50b18992\" class=\"panel-collapse collapse \" aria-labelledby=\"toggle_6eccf3c7a50b18992\"><div class=\"panel-body toggle-content fusion-clearfix\">\n<p>Saskatoon &#8211; <a href=\"https:\/\/www.saskatoonhealthregion.ca\/locations_services\/Services\/Alvin-Buckwold\/Pages\/Contact-Us.aspx\" target=\"_blank\" rel=\"noopener\">Programme de d\u00e9veloppement de l&rsquo;enfant, Centre d&rsquo;Alvin Buckwold Kinsmen, Centre pour enfants.<\/a><\/p>\n<p>Saskatoon &#8211; <a href=\"https:\/\/www.ohsu.edu\/clinical-genetics\/metabolic-genetics\" target=\"_blank\" rel=\"noopener\">G\u00e9n\u00e9tique m\u00e9tabolique<\/a><\/p>\n<\/div><\/div><\/div><div class=\"fusion-panel panel-default panel-0925b37dfd8657201 fusion-toggle-has-divider\" style=\"--awb-title-color:#000000;\"><div class=\"panel-heading\"><h4 class=\"panel-title toggle\" id=\"toggle_0925b37dfd8657201\"><a aria-expanded=\"false\" aria-controls=\"0925b37dfd8657201\" role=\"button\" data-toggle=\"collapse\" data-parent=\"#accordion-7846-1\" data-target=\"#0925b37dfd8657201\" href=\"#0925b37dfd8657201\"><span class=\"fusion-toggle-icon-wrapper\" aria-hidden=\"true\"><i class=\"fa-fusion-box active-icon awb-icon-minus\" aria-hidden=\"true\"><\/i><i class=\"fa-fusion-box inactive-icon awb-icon-plus\" aria-hidden=\"true\"><\/i><\/span><span class=\"fusion-toggle-heading\">Manitoba<\/span><\/a><\/h4><\/div><div id=\"0925b37dfd8657201\" class=\"panel-collapse collapse \" aria-labelledby=\"toggle_0925b37dfd8657201\"><div class=\"panel-body toggle-content fusion-clearfix\">\n<p>Winnipeg &#8211; <a href=\"http:\/\/www.hsc.mb.ca\/patientsOCChildren.html#Genetics\" target=\"_blank\" rel=\"noopener\">Centre des sciences de la sante, clinique de l&rsquo;hopital pour enfants.<\/a><\/p>\n<p>Winnipeg &#8211; de sciences de la sante, Apherese therapeutique<a href=\"http:\/\/www.hsc.mb.ca\/patientsOCAdultOther.html\" target=\"_blank\" rel=\"noopener\">&#8211; Zone bison orange<\/a><\/p>\n<\/div><\/div><\/div><div class=\"fusion-panel panel-default panel-c0b915b49de84c20b fusion-toggle-has-divider\" style=\"--awb-title-color:#000000;\"><div class=\"panel-heading\"><h4 class=\"panel-title toggle\" id=\"toggle_c0b915b49de84c20b\"><a aria-expanded=\"false\" aria-controls=\"c0b915b49de84c20b\" role=\"button\" data-toggle=\"collapse\" data-parent=\"#accordion-7846-1\" data-target=\"#c0b915b49de84c20b\" href=\"#c0b915b49de84c20b\"><span class=\"fusion-toggle-icon-wrapper\" aria-hidden=\"true\"><i class=\"fa-fusion-box active-icon awb-icon-minus\" aria-hidden=\"true\"><\/i><i class=\"fa-fusion-box inactive-icon awb-icon-plus\" aria-hidden=\"true\"><\/i><\/span><span class=\"fusion-toggle-heading\">Ontario<\/span><\/a><\/h4><\/div><div id=\"c0b915b49de84c20b\" class=\"panel-collapse collapse \" aria-labelledby=\"toggle_c0b915b49de84c20b\"><div class=\"panel-body toggle-content fusion-clearfix\">\n<p>Hamilton &#8211; <a href=\"https:\/\/fhs.mcmaster.ca\/pediatrics\/genetics_clinical_info.html\" target=\"_blank\" rel=\"noopener\">Programme de g\u00e9n\u00e9tique clinique de l&rsquo;h\u00f4pital pour enfants McMaster<\/a><\/p>\n<p>Hamilton &#8211; <a href=\"https:\/\/www.hamiltonhealthsciences.ca\/mcmaster-childrens-hospital\/areas-of-care\/services\/genetics-metabolics-program\/\" target=\"_blank\" rel=\"noopener\">Programme de g\u00e9n\u00e9tique et de m\u00e9tabolisme H\u00f4pital pour enfants McMaster<\/a><\/p>\n<p>Kingston &#8211; <a href=\"http:\/\/www.kgh.on.ca\/medical-genetics\" target=\"_blank\" rel=\"noopener\">Unit\u00e9 de g\u00e9n\u00e9tique m\u00e9dicale de l&rsquo;h\u00f4pital g\u00e9n\u00e9ral de Kingston<\/a><\/p>\n<p>Kingston &#8211; <a href=\"https:\/\/www.hoteldieu.com\/programs-and-departments\/childrens-outpatient-centre-copc\" target=\"_blank\" rel=\"noopener\">Centre de consultations externes pour enfants (COPC) H\u00f4pital H\u00f4tel Dieu<\/a><\/p>\n<p>Londres &#8211; <a href=\"https:\/\/www.lhsc.on.ca\/medical-genetics-for-children\" target=\"_blank\" rel=\"noopener\">G\u00e9n\u00e9tique m\u00e9dicale pour les enfants London Health Sciences Centre Children&rsquo;s Hospital<\/a><\/p>\n<p>Ottawa &#8211; <a href=\"https:\/\/www.cheo.on.ca\/en\/clinics-services-programs\/newborn-screening.aspx\" target=\"_blank\" rel=\"noopener\">Division du m\u00e9tabolisme et du d\u00e9pistage n\u00e9onatal Centre hospitalier pour enfants de l&rsquo;est de l&rsquo;Ontario<\/a><\/p>\n<p>Toronto &#8211; <a href=\"https:\/\/www.sickkids.ca\/en\/care-services\/clinical-departments\/clinical-metabolic-genetics\/\" target=\"_blank\" rel=\"noopener\">Sick Kids Metabolic Clinic (Clinical and Metabolic Genetics The Hospital for Sick Children)<\/a><\/p>\n<p>Toronto &#8211;<a href=\"https:\/\/www.uhn.ca\/Medicine\/Clinics\/Genetic_Medicine_Clinic\" target=\"_blank\" rel=\"noopener\">Clinique de m\u00e9decine<\/a> g\u00e9n\u00e9tique<\/p>\n<p>Toronto &#8211; <a href=\"https:\/\/www.mountsinai.on.ca\/care\/family-medicine-genetics-program\/contact\" target=\"_blank\" rel=\"noopener\">Granovsky Gluskin Family Medicine Centre The Family Medicine Genetics Program Mount Sinai Hospital<\/a><\/p>\n<p>Divers &#8211; <a href=\"https:\/\/www.mountsinai.on.ca\/care\/family-medicine-genetics-program\/genetic-counselling-clinics\" target=\"_blank\" rel=\"noopener\">Liste des cliniques r\u00e9gionales de conseil g\u00e9n\u00e9tique de l&rsquo;Ontario<\/a><\/p>\n<\/div><\/div><\/div><div class=\"fusion-panel panel-default panel-5be0860903dce7ded fusion-toggle-has-divider\" style=\"--awb-title-color:#000000;\"><div class=\"panel-heading\"><h4 class=\"panel-title toggle\" id=\"toggle_5be0860903dce7ded\"><a aria-expanded=\"false\" aria-controls=\"5be0860903dce7ded\" role=\"button\" data-toggle=\"collapse\" data-parent=\"#accordion-7846-1\" data-target=\"#5be0860903dce7ded\" href=\"#5be0860903dce7ded\"><span class=\"fusion-toggle-icon-wrapper\" aria-hidden=\"true\"><i class=\"fa-fusion-box active-icon awb-icon-minus\" aria-hidden=\"true\"><\/i><i class=\"fa-fusion-box inactive-icon awb-icon-plus\" aria-hidden=\"true\"><\/i><\/span><span class=\"fusion-toggle-heading\">Qu\u00e9bec<\/span><\/a><\/h4><\/div><div id=\"5be0860903dce7ded\" class=\"panel-collapse collapse \" aria-labelledby=\"toggle_5be0860903dce7ded\"><div class=\"panel-body toggle-content fusion-clearfix\">\n<p>Montr\u00e9al &#8211; <a href=\"https:\/\/www.thechildren.com\/departments-and-staff\/departments\/department-of-endocrinology-and-metabolism_01\" target=\"_blank\" rel=\"noopener\">Clinique d&rsquo;endocrinologie (H\u00f4pital de Montr\u00e9al pour enfants)<\/a><\/p>\n<p>Montr\u00e9al &#8211; <a href=\"https:\/\/www.mcgill.ca\/endocrinology\/education\/adult\/clinical\/mgh\" target=\"_blank\" rel=\"noopener\">H\u00f4pital g\u00e9n\u00e9ral de Montr\u00e9al Endocrinologie et maladies m\u00e9taboliques<\/a><\/p>\n<p>Montr\u00e9al &#8211; <a href=\"https:\/\/www.jgh.ca\/care-services\/endocrinology\/\" target=\"_blank\" rel=\"noopener\">Service d&rsquo;endocrinologie de l&rsquo;H\u00f4pital g\u00e9n\u00e9ral juif<\/a><\/p>\n<p>Montr\u00e9al &#8211; <a href=\"https:\/\/www.chusj.org\/soins-services\/G\/Genetique-medicale\" target=\"_blank\" rel=\"noopener\">CHU Sainte-Justine Service de g\u00e9n\u00e9tique m\u00e9dicale<\/a><\/p>\n<p>Montr\u00e9al &#8211; <a href=\"https:\/\/www.chumontreal.qc.ca\/joindre-le-chum\" target=\"_blank\" rel=\"noopener\">Clinique d&rsquo;endocrinologie du CHUM H\u00f4tel Dieu<\/a><\/p>\n<p>Qu\u00e9bec &#8211; <a href=\"https:\/\/www.chudequebec.ca\/patient\/maladies,-soins-et-services\/m-informer-sur-les-soins-et-services\/programme-quebecois-de-depistage-neonatal-sanguin.aspx\" target=\"_blank\" rel=\"noopener\">H\u00f4pital St-Fran\u00e7ois d&rsquo;Assise Programme de d\u00e9pistage sanguin n\u00e9onatal au Qu\u00e9bec<\/a><\/p>\n<\/div><\/div><\/div><div class=\"fusion-panel panel-default panel-3800832ceb7f15129 fusion-toggle-has-divider\" style=\"--awb-title-color:#000000;\"><div class=\"panel-heading\"><h4 class=\"panel-title toggle\" id=\"toggle_3800832ceb7f15129\"><a aria-expanded=\"false\" aria-controls=\"3800832ceb7f15129\" role=\"button\" data-toggle=\"collapse\" data-parent=\"#accordion-7846-1\" data-target=\"#3800832ceb7f15129\" href=\"#3800832ceb7f15129\"><span class=\"fusion-toggle-icon-wrapper\" aria-hidden=\"true\"><i class=\"fa-fusion-box active-icon awb-icon-minus\" aria-hidden=\"true\"><\/i><i class=\"fa-fusion-box inactive-icon awb-icon-plus\" aria-hidden=\"true\"><\/i><\/span><span class=\"fusion-toggle-heading\">Nouveau-Brunswick<\/span><\/a><\/h4><\/div><div id=\"3800832ceb7f15129\" class=\"panel-collapse collapse \" aria-labelledby=\"toggle_3800832ceb7f15129\"><div class=\"panel-body toggle-content fusion-clearfix\">\n<p>Moncton &#8211; <a href=\"https:\/\/vitalitenb.ca\/en\/services-and-locations\/find-a-point-of-service\/dr-georges-l-dumont-university-hospital-centre\" target=\"_blank\" rel=\"noopener\">Centre hospitalier universitaire Dr. Georges-L.-Dumont Service de m\u00e9decine interne<\/a><\/p>\n<\/div><\/div><\/div><div class=\"fusion-panel panel-default panel-b7a98a287a2231a75 fusion-toggle-has-divider\" style=\"--awb-title-color:#000000;\"><div class=\"panel-heading\"><h4 class=\"panel-title toggle\" id=\"toggle_b7a98a287a2231a75\"><a aria-expanded=\"false\" aria-controls=\"b7a98a287a2231a75\" role=\"button\" data-toggle=\"collapse\" data-parent=\"#accordion-7846-1\" data-target=\"#b7a98a287a2231a75\" href=\"#b7a98a287a2231a75\"><span class=\"fusion-toggle-icon-wrapper\" aria-hidden=\"true\"><i class=\"fa-fusion-box active-icon awb-icon-minus\" aria-hidden=\"true\"><\/i><i class=\"fa-fusion-box inactive-icon awb-icon-plus\" aria-hidden=\"true\"><\/i><\/span><span class=\"fusion-toggle-heading\">Nouvelle-\u00c9cosse<\/span><\/a><\/h4><\/div><div id=\"b7a98a287a2231a75\" class=\"panel-collapse collapse \" aria-labelledby=\"toggle_b7a98a287a2231a75\"><div class=\"panel-body toggle-content fusion-clearfix\">\n<p>Halifax &#8211; <a href=\"https:\/\/iwkhealth.ca\/clinics-programs-services\/endocrine-unit\" target=\"_blank\" rel=\"noopener\">IWK Health Centre Children&rsquo;s Site Endocrinology Unit<\/a><\/p>\n<p>Divers &#8211; <a href=\"https:\/\/iwkhealth.ca\/clinics-programs-services\/maritime-medical-genetics-service\" target=\"_blank\" rel=\"noopener\">IWK Health Centre Maritime Medical Genetics Service<\/a><\/p>\n<\/div><\/div><\/div><div class=\"fusion-panel panel-default panel-e637bdcc387e4eeb5 fusion-toggle-has-divider\" style=\"--awb-title-color:#000000;\"><div class=\"panel-heading\"><h4 class=\"panel-title toggle\" id=\"toggle_e637bdcc387e4eeb5\"><a aria-expanded=\"false\" aria-controls=\"e637bdcc387e4eeb5\" role=\"button\" data-toggle=\"collapse\" data-parent=\"#accordion-7846-1\" data-target=\"#e637bdcc387e4eeb5\" href=\"#e637bdcc387e4eeb5\"><span class=\"fusion-toggle-icon-wrapper\" aria-hidden=\"true\"><i class=\"fa-fusion-box active-icon awb-icon-minus\" aria-hidden=\"true\"><\/i><i class=\"fa-fusion-box inactive-icon awb-icon-plus\" aria-hidden=\"true\"><\/i><\/span><span class=\"fusion-toggle-heading\">Terre-Neuve et Labrador<\/span><\/a><\/h4><\/div><div id=\"e637bdcc387e4eeb5\" class=\"panel-collapse collapse \" aria-labelledby=\"toggle_e637bdcc387e4eeb5\"><div class=\"panel-body toggle-content fusion-clearfix\">\n<p>John&rsquo;s &#8211; <a href=\"https:\/\/www.easternhealth.ca\/facilities\/health-sciences-centre\/\" target=\"_blank\" rel=\"noopener\">Health Sciences Centre<\/a><\/p>\n<p>St. John&rsquo;s &#8211; <a href=\"https:\/\/www.easternhealth.ca\/facilities\/janeway\/\" target=\"_blank\" rel=\"noopener\">Janeway Children&rsquo;s Health and Rehabilitation Centre<\/a><\/p>\n<\/div><\/div><\/div><\/div><\/div><div class=\"fusion-separator fusion-full-width-sep\" style=\"align-self: center;margin-left: auto;margin-right: auto;margin-top:25px;width:100%;\"><\/div><\/div><\/div><\/div><\/div><div class=\"fusion-fullwidth fullwidth-box fusion-builder-row-2 fusion-flex-container nonhundred-percent-fullwidth non-hundred-percent-height-scrolling\" style=\"--awb-border-radius-top-left:0px;--awb-border-radius-top-right:0px;--awb-border-radius-bottom-right:0px;--awb-border-radius-bottom-left:0px;--awb-flex-wrap:wrap;\" ><div class=\"fusion-builder-row fusion-row fusion-flex-align-items-flex-start fusion-flex-content-wrap\" style=\"max-width:1456px;margin-left: calc(-4% \/ 2 );margin-right: calc(-4% \/ 2 );\"><div class=\"fusion-layout-column fusion_builder_column fusion-builder-column-1 fusion_builder_column_1_1 1_1 fusion-flex-column\" style=\"--awb-bg-size:cover;--awb-width-large:100%;--awb-margin-top-large:0px;--awb-spacing-right-large:1.92%;--awb-margin-bottom-large:0px;--awb-spacing-left-large:1.92%;--awb-width-medium:100%;--awb-spacing-right-medium:1.92%;--awb-spacing-left-medium:1.92%;--awb-width-small:100%;--awb-spacing-right-small:1.92%;--awb-spacing-left-small:1.92%;\"><div class=\"fusion-column-wrapper fusion-flex-justify-content-flex-start fusion-content-layout-column\"><div class=\"fusion-text fusion-text-2\"><p><strong>Travaillons ensemble.<\/strong><\/p>\n<p>Si vous trouvez un lien qui ne fonctionne pas, veuillez envoyer un courriel \u00e0 <a href=\"mailto:Info@MitoCanada.org\">Info@MitoCanada.org<\/a> en fournissant autant d&rsquo;informations que possible :<\/p>\n<ul>\n<li>la page web mitocanada.org o\u00f9 vous avez trouv\u00e9 le lien bris\u00e9<\/li>\n<li>le lien actuel qui est cass\u00e9<\/li>\n<li>le nouveau lien qui fournit l&rsquo;information correcte<\/li>\n<\/ul>\n<p>Nous vous remercions. Nous vous remercions de nous aider \u00e0 soutenir notre MitoCommunity.<\/p>\n<\/div><\/div><\/div><\/div><\/div><\/p>\n","protected":false},"excerpt":{"rendered":"","protected":false},"author":1,"featured_media":0,"parent":8103,"menu_order":1,"comment_status":"closed","ping_status":"closed","template":"","meta":{"om_disable_all_campaigns":false,"_monsterinsights_skip_tracking":false,"_monsterinsights_sitenote_active":false,"_monsterinsights_sitenote_note":"","_monsterinsights_sitenote_category":0,"_uf_show_specific_survey":0,"_uf_disable_surveys":false,"footnotes":""},"class_list":["post-7846","page","type-page","status-publish","hentry"],"aioseo_notices":[],"_links":{"self":[{"href":"https:\/\/mitocanada.org\/fr\/wp-json\/wp\/v2\/pages\/7846","targetHints":{"allow":["GET"]}}],"collection":[{"href":"https:\/\/mitocanada.org\/fr\/wp-json\/wp\/v2\/pages"}],"about":[{"href":"https:\/\/mitocanada.org\/fr\/wp-json\/wp\/v2\/types\/page"}],"author":[{"embeddable":true,"href":"https:\/\/mitocanada.org\/fr\/wp-json\/wp\/v2\/users\/1"}],"replies":[{"embeddable":true,"href":"https:\/\/mitocanada.org\/fr\/wp-json\/wp\/v2\/comments?post=7846"}],"version-history":[{"count":7,"href":"https:\/\/mitocanada.org\/fr\/wp-json\/wp\/v2\/pages\/7846\/revisions"}],"predecessor-version":[{"id":11227,"href":"https:\/\/mitocanada.org\/fr\/wp-json\/wp\/v2\/pages\/7846\/revisions\/11227"}],"up":[{"embeddable":true,"href":"https:\/\/mitocanada.org\/fr\/wp-json\/wp\/v2\/pages\/8103"}],"wp:attachment":[{"href":"https:\/\/mitocanada.org\/fr\/wp-json\/wp\/v2\/media?parent=7846"}],"curies":[{"name":"wp","href":"https:\/\/api.w.org\/{rel}","templated":true}]}}