{"id":7838,"date":"2022-03-10T09:22:57","date_gmt":"2022-03-10T14:22:57","guid":{"rendered":"https:\/\/mitocanada.org\/traiter-la-maladie-mitochondriale\/"},"modified":"2025-09-14T20:27:10","modified_gmt":"2025-09-15T00:27:10","slug":"traiter-la-maladie-mitochondriale","status":"publish","type":"page","link":"https:\/\/mitocanada.org\/fr\/traiter-la-maladie-mitochondriale\/","title":{"rendered":"Traiter la maladie mitochondriale"},"content":{"rendered":"<p><div class=\"fusion-fullwidth fullwidth-box fusion-builder-row-1 fusion-flex-container nonhundred-percent-fullwidth non-hundred-percent-height-scrolling\" style=\"--awb-border-radius-top-left:0px;--awb-border-radius-top-right:0px;--awb-border-radius-bottom-right:0px;--awb-border-radius-bottom-left:0px;--awb-flex-wrap:wrap;\" ><div class=\"fusion-builder-row fusion-row fusion-flex-align-items-flex-start fusion-flex-content-wrap\" style=\"max-width:1456px;margin-left: calc(-4% \/ 2 );margin-right: calc(-4% \/ 2 );\"><div class=\"fusion-layout-column fusion_builder_column fusion-builder-column-0 fusion_builder_column_1_1 1_1 fusion-flex-column\" style=\"--awb-bg-size:cover;--awb-width-large:100%;--awb-margin-top-large:0px;--awb-spacing-right-large:1.92%;--awb-margin-bottom-large:0px;--awb-spacing-left-large:1.92%;--awb-width-medium:100%;--awb-spacing-right-medium:1.92%;--awb-spacing-left-medium:1.92%;--awb-width-small:100%;--awb-spacing-right-small:1.92%;--awb-spacing-left-small:1.92%;\"><div class=\"fusion-column-wrapper fusion-flex-justify-content-flex-start fusion-content-layout-column\"><div class=\"fusion-text fusion-text-1\" style=\"--awb-text-transform:none;\"><h2>\u00c0 l&rsquo;heure actuelle, il n&rsquo;existe pas de traitement pour la maladie mitochondriale.<\/h2>\n<p>La plupart des th\u00e9rapies comprennent des exercices et des suppl\u00e9ments nutritionnels qui visent \u00e0 soulager les sympt\u00f4mes et \u00e0 am\u00e9liorer la qualit\u00e9 de vie. Dans de nombreux cas, les personnes atteintes de la maladie peuvent avoir besoin d&rsquo;appareils et de th\u00e9rapies pour les aider \u00e0 respirer, \u00e0 manger, \u00e0 se d\u00e9placer et \u00e0 apprendre.<\/p>\n<\/div><\/div><\/div><\/div><\/div><div class=\"fusion-fullwidth fullwidth-box fusion-builder-row-2 fusion-flex-container has-pattern-background has-mask-background nonhundred-percent-fullwidth non-hundred-percent-height-scrolling\" style=\"--awb-border-radius-top-left:14px;--awb-border-radius-top-right:14px;--awb-border-radius-bottom-right:14px;--awb-border-radius-bottom-left:14px;--awb-overflow:hidden;--awb-padding-top:25px;--awb-padding-right:25px;--awb-padding-bottom:5px;--awb-padding-left:25px;--awb-margin-bottom:25px;--awb-background-color:#119bb5;--awb-flex-wrap:wrap;\" ><div class=\"fusion-builder-row fusion-row fusion-flex-align-items-center fusion-flex-content-wrap\" style=\"max-width:1456px;margin-left: calc(-4% \/ 2 );margin-right: calc(-4% \/ 2 );\"><div class=\"fusion-layout-column fusion_builder_column fusion-builder-column-1 fusion_builder_column_1_2 1_2 fusion-flex-column fusion-flex-align-self-center\" style=\"--awb-padding-top:10px;--awb-padding-right:25px;--awb-padding-bottom:25px;--awb-padding-left:25px;--awb-bg-size:cover;--awb-width-large:50%;--awb-margin-top-large:0px;--awb-spacing-right-large:3.84%;--awb-margin-bottom-large:0px;--awb-spacing-left-large:3.84%;--awb-width-medium:50%;--awb-order-medium:0;--awb-spacing-right-medium:3.84%;--awb-spacing-left-medium:3.84%;--awb-width-small:100%;--awb-order-small:0;--awb-spacing-right-small:1.92%;--awb-spacing-left-small:1.92%;\"><div class=\"fusion-column-wrapper fusion-column-has-shadow fusion-flex-justify-content-center fusion-content-layout-column\"><div class=\"fusion-text fusion-text-2 fusion-text-no-margin\" style=\"--awb-margin-bottom:0px;\"><p><span style=\"color: #ffffff;\"><em>Certains patients constatent une diminution de la fatigue, une am\u00e9lioration de leur \u00e9tat de sant\u00e9 et de leur qualit\u00e9 de vie lorsqu&rsquo;ils suivent un programme d&rsquo;exercices sp\u00e9cialement con\u00e7u pour eux. Ces programmes int\u00e8grent des exercices de musculation et d&rsquo;a\u00e9robic.<\/em><\/span><\/p>\n<\/div><\/div><\/div><div class=\"fusion-layout-column fusion_builder_column fusion-builder-column-2 fusion_builder_column_1_2 1_2 fusion-flex-column\" style=\"--awb-bg-size:cover;--awb-width-large:50%;--awb-margin-top-large:0px;--awb-spacing-right-large:3.84%;--awb-margin-bottom-large:20px;--awb-spacing-left-large:3.84%;--awb-width-medium:50%;--awb-order-medium:0;--awb-spacing-right-medium:3.84%;--awb-spacing-left-medium:3.84%;--awb-width-small:100%;--awb-order-small:0;--awb-spacing-right-small:1.92%;--awb-spacing-left-small:1.92%;\"><div class=\"fusion-column-wrapper fusion-column-has-shadow fusion-flex-justify-content-flex-start fusion-content-layout-column\"><div class=\"fusion-image-element \" style=\"--awb-caption-title-font-family:var(--h2_typography-font-family);--awb-caption-title-font-weight:var(--h2_typography-font-weight);--awb-caption-title-font-style:var(--h2_typography-font-style);--awb-caption-title-size:var(--h2_typography-font-size);--awb-caption-title-transform:var(--h2_typography-text-transform);--awb-caption-title-line-height:var(--h2_typography-line-height);--awb-caption-title-letter-spacing:var(--h2_typography-letter-spacing);\"><span class=\" fusion-imageframe imageframe-none imageframe-1 hover-type-none\"><img decoding=\"async\" width=\"538\" height=\"420\" alt=\"Femme adulte soulevant un poids en s&#039;appuyant sur un canap\u00e9 noir\" title=\"Treating Mitochondrial Disease\" src=\"https:\/\/mitocanada.org\/wp-content\/uploads\/2024\/06\/Treating-Mitochondrial-Disease-e1717432992508.png\" class=\"img-responsive wp-image-7524\" srcset=\"https:\/\/mitocanada.org\/wp-content\/uploads\/2024\/06\/Treating-Mitochondrial-Disease-e1717432992508-200x156.png 200w, https:\/\/mitocanada.org\/wp-content\/uploads\/2024\/06\/Treating-Mitochondrial-Disease-e1717432992508-400x312.png 400w, https:\/\/mitocanada.org\/wp-content\/uploads\/2024\/06\/Treating-Mitochondrial-Disease-e1717432992508.png 538w\" sizes=\"(max-width: 640px) 100vw, 538px\" \/><\/span><\/div><\/div><\/div><\/div><\/div><div class=\"fusion-fullwidth fullwidth-box fusion-builder-row-3 fusion-flex-container nonhundred-percent-fullwidth non-hundred-percent-height-scrolling\" style=\"--awb-border-radius-top-left:0px;--awb-border-radius-top-right:0px;--awb-border-radius-bottom-right:0px;--awb-border-radius-bottom-left:0px;--awb-flex-wrap:wrap;\" ><div class=\"fusion-builder-row fusion-row fusion-flex-align-items-flex-start fusion-flex-content-wrap\" style=\"max-width:1456px;margin-left: calc(-4% \/ 2 );margin-right: calc(-4% \/ 2 );\"><div class=\"fusion-layout-column fusion_builder_column fusion-builder-column-3 fusion_builder_column_1_1 1_1 fusion-flex-column\" style=\"--awb-bg-size:cover;--awb-width-large:100%;--awb-margin-top-large:0px;--awb-spacing-right-large:1.92%;--awb-margin-bottom-large:20px;--awb-spacing-left-large:1.92%;--awb-width-medium:100%;--awb-order-medium:0;--awb-spacing-right-medium:1.92%;--awb-spacing-left-medium:1.92%;--awb-width-small:100%;--awb-order-small:0;--awb-spacing-right-small:1.92%;--awb-spacing-left-small:1.92%;\"><div class=\"fusion-column-wrapper fusion-column-has-shadow fusion-flex-justify-content-flex-start fusion-content-layout-column\"><div class=\"fusion-text fusion-text-3\" style=\"--awb-text-transform:none;\"><p>Des recherches sont encore en cours pour \u00e9valuer l&rsquo;impact des compl\u00e9ments nutritionnels li\u00e9s \u00e0 la production d&rsquo;ATP dans nos cellules. Il s&rsquo;agit notamment de la cr\u00e9atine, de la carnitine, de la coenzyme Q10 (CoQ10) et de diverses it\u00e9rations du \u00ab\u00a0cocktail mito\u00a0\u00bb.<\/p>\n<\/div><div class=\"fusion-separator fusion-full-width-sep\" style=\"align-self: center;margin-left: auto;margin-right: auto;margin-top:5px;margin-bottom:5px;width:100%;\"><\/div><div ><a class=\"fusion-button button-flat fusion-button-default-size button-default fusion-button-default button-1 fusion-button-default-span fusion-button-default-type\" target=\"_self\" href=\"https:\/\/mitocanada.org\/fr\/explorer-la-maladie-mitochondriale-un-guide-du-diagnostic-a-la-prise-en-charge\/\"><span class=\"fusion-button-text\">Explorer la maladie mitochondriale primaire<\/span><\/a><\/div><div class=\"fusion-separator fusion-full-width-sep\" style=\"align-self: center;margin-left: auto;margin-right: auto;margin-top:10px;margin-bottom:10px;width:100%;\"><\/div><div ><a class=\"fusion-button button-flat fusion-button-default-size button-default fusion-button-default button-2 fusion-button-default-span fusion-button-default-type\" target=\"_self\" href=\"https:\/\/mitocanada.org\/fr\/animations-et-infographies\/\"><span class=\"fusion-button-text\">L&rsquo;exercice physique, un rem\u00e8de contre la maladie de Mito<\/span><\/a><\/div><div class=\"fusion-separator fusion-full-width-sep\" style=\"align-self: center;margin-left: auto;margin-right: auto;margin-top:20px;margin-bottom:20px;width:100%;\"><\/div><div class=\"fusion-text fusion-text-4\"><p>Il y a de l&rsquo;espoir pour l&rsquo;avenir. La vision de MitoCanada est de cr\u00e9er un monde o\u00f9 toutes les vies sont aliment\u00e9es par des mitochondries saines. Des possibilit\u00e9s de traitement passionnantes se profilent \u00e0 l&rsquo;horizon. En voici quelques-unes :<\/p>\n<ul>\n<li>recruter des mitochondries saines ou encourager les mitochondries saines \u00e0 se multiplier et \u00e0 surpasser en nombre les mitochondries endommag\u00e9es ou dysfonctionnelles<\/li>\n<li>r\u00e9parer ou contourner les mitochondries d\u00e9fectueuses<\/li>\n<li>stimuler le d\u00e9veloppement de nouvelles mitochondries saines<\/li>\n<li>la th\u00e9rapie de remplacement des mitochondries (MRT), qui pourrait potentiellement emp\u00eacher la transmission de mutations mitochondriales d&rsquo;un parent \u00e0 l&rsquo;autre<\/li>\n<\/ul>\n<\/div><\/div><\/div><\/div><\/div><\/p>\n","protected":false},"excerpt":{"rendered":"","protected":false},"author":1,"featured_media":0,"parent":0,"menu_order":56,"comment_status":"closed","ping_status":"closed","template":"","meta":{"om_disable_all_campaigns":false,"_monsterinsights_skip_tracking":false,"_monsterinsights_sitenote_active":false,"_monsterinsights_sitenote_note":"","_monsterinsights_sitenote_category":0,"_uf_show_specific_survey":0,"_uf_disable_surveys":false,"footnotes":""},"class_list":["post-7838","page","type-page","status-publish","hentry"],"aioseo_notices":[],"_links":{"self":[{"href":"https:\/\/mitocanada.org\/fr\/wp-json\/wp\/v2\/pages\/7838","targetHints":{"allow":["GET"]}}],"collection":[{"href":"https:\/\/mitocanada.org\/fr\/wp-json\/wp\/v2\/pages"}],"about":[{"href":"https:\/\/mitocanada.org\/fr\/wp-json\/wp\/v2\/types\/page"}],"author":[{"embeddable":true,"href":"https:\/\/mitocanada.org\/fr\/wp-json\/wp\/v2\/users\/1"}],"replies":[{"embeddable":true,"href":"https:\/\/mitocanada.org\/fr\/wp-json\/wp\/v2\/comments?post=7838"}],"version-history":[{"count":12,"href":"https:\/\/mitocanada.org\/fr\/wp-json\/wp\/v2\/pages\/7838\/revisions"}],"predecessor-version":[{"id":12762,"href":"https:\/\/mitocanada.org\/fr\/wp-json\/wp\/v2\/pages\/7838\/revisions\/12762"}],"wp:attachment":[{"href":"https:\/\/mitocanada.org\/fr\/wp-json\/wp\/v2\/media?parent=7838"}],"curies":[{"name":"wp","href":"https:\/\/api.w.org\/{rel}","templated":true}]}}