{"id":7834,"date":"2022-03-10T09:22:41","date_gmt":"2022-03-10T14:22:41","guid":{"rendered":"https:\/\/mitocanada.org\/diagnostiquer-une-maladie-mitochondriale\/"},"modified":"2025-09-14T20:22:34","modified_gmt":"2025-09-15T00:22:34","slug":"diagnostiquer-une-maladie-mitochondriale","status":"publish","type":"page","link":"https:\/\/mitocanada.org\/fr\/diagnostiquer-une-maladie-mitochondriale\/","title":{"rendered":"Diagnostiquer une maladie mitochondriale"},"content":{"rendered":"<p><div class=\"fusion-fullwidth fullwidth-box fusion-builder-row-1 fusion-flex-container nonhundred-percent-fullwidth non-hundred-percent-height-scrolling\" style=\"--awb-border-radius-top-left:0px;--awb-border-radius-top-right:0px;--awb-border-radius-bottom-right:0px;--awb-border-radius-bottom-left:0px;--awb-flex-wrap:wrap;\" ><div class=\"fusion-builder-row fusion-row fusion-flex-align-items-flex-start fusion-flex-content-wrap\" style=\"max-width:1456px;margin-left: calc(-4% \/ 2 );margin-right: calc(-4% \/ 2 );\"><div class=\"fusion-layout-column fusion_builder_column fusion-builder-column-0 fusion_builder_column_1_1 1_1 fusion-flex-column\" style=\"--awb-bg-size:cover;--awb-width-large:100%;--awb-margin-top-large:0px;--awb-spacing-right-large:1.92%;--awb-margin-bottom-large:0px;--awb-spacing-left-large:1.92%;--awb-width-medium:100%;--awb-spacing-right-medium:1.92%;--awb-spacing-left-medium:1.92%;--awb-width-small:100%;--awb-spacing-right-small:1.92%;--awb-spacing-left-small:1.92%;\"><div class=\"fusion-column-wrapper fusion-flex-justify-content-flex-start fusion-content-layout-column\"><div class=\"fusion-text fusion-text-1\" style=\"--awb-text-transform:none;\"><div class=\"page\" title=\"Page 7\">\n<div class=\"layoutArea\">\n<div class=\"column\">\n<h2>Comme les mitoses peuvent affecter chaque personne diff\u00e9remment et que de nombreux m\u00e9decins de famille ne connaissent pas la maladie, le processus menant \u00e0 un diagnostic peut \u00eatre long et frustrant. Ce processus commence g\u00e9n\u00e9ralement par l&rsquo;envoi par un m\u00e9decin de famille d&rsquo;une demande de consultation \u00e0 un sp\u00e9cialiste.<\/h2>\n<p>Les sp\u00e9cialistes qui diagnostiquent les maladies mito peuvent \u00eatre des neurologues, des sp\u00e9cialistes du m\u00e9tabolisme, des g\u00e9n\u00e9ticiens, des cardiologues, des neuro-ophtalmologues ou des endocrinologues. Le type de sp\u00e9cialiste que vous consultez peut d\u00e9pendre de la partie de votre corps qui est touch\u00e9e. Les sp\u00e9cialistes prendront connaissance de vos ant\u00e9c\u00e9dents m\u00e9dicaux, proc\u00e9deront \u00e0 une \u00e9valuation physique approfondie, mesureront votre force et votre endurance et demanderont \u00e9ventuellement une s\u00e9rie de tests sp\u00e9cialis\u00e9s.<\/p>\n<p>Certains tests sanguins peuvent \u00eatre demand\u00e9s pour examiner les taux d&rsquo;acides amin\u00e9s, d&rsquo;acylcarnitines, de lactate ou de pyruvate. Des analyses d&rsquo;urine sont souvent demand\u00e9es car elles peuvent r\u00e9v\u00e9ler des indicateurs d&rsquo;une fonction mitochondriale r\u00e9duite.<\/p>\n<p>Un test g\u00e9n\u00e9tique peut \u00eatre demand\u00e9 pour d\u00e9pister des mutations g\u00e9n\u00e9tiques connues, rares ou inconnues. Il n\u00e9cessite un \u00e9chantillon de salive, de sang ou de tissu musculaire. Une biopsie musculaire peut \u00eatre demand\u00e9e, ce qui implique le pr\u00e9l\u00e8vement d&rsquo;un petit morceau de tissu musculaire. Le tissu est trait\u00e9 avec un colorant qui colore les mitochondries, r\u00e9v\u00e9lant certaines enzymes mitochondriales, des prot\u00e9ines ou des cellules musculaires avec un exc\u00e8s de mitochondries.<\/p>\n<\/div>\n<\/div>\n<\/div>\n<\/div><div class=\"accordian fusion-accordian\" style=\"--awb-border-size:1px;--awb-icon-size:16px;--awb-content-font-size:var(--awb-typography4-font-size);--awb-icon-alignment:left;--awb-hover-color:var(--awb-color2);--awb-border-color:var(--awb-color3);--awb-background-color:var(--awb-color1);--awb-divider-color:var(--awb-color3);--awb-divider-hover-color:var(--awb-color3);--awb-icon-color:#ffffff;--awb-title-color:#000000;--awb-content-color:#000000;--awb-icon-box-color:#119bb5;--awb-toggle-hover-accent-color:#119bb5;--awb-title-font-family:var(--awb-typography1-font-family);--awb-title-font-weight:var(--awb-typography1-font-weight);--awb-title-font-style:var(--awb-typography1-font-style);--awb-title-font-size:20px;--awb-title-letter-spacing:-0.015em;--awb-title-line-height:1.2;--awb-content-font-family:&quot;Montserrat&quot;;--awb-content-font-style:normal;--awb-content-font-weight:400;\"><div class=\"panel-group fusion-toggle-icon-boxed\" id=\"accordion-7834-1\"><div class=\"fusion-panel panel-default panel-d6ea881bc0427c68a fusion-toggle-has-divider\" style=\"--awb-title-color:#000000;\"><div class=\"panel-heading\"><h4 class=\"panel-title toggle\" id=\"toggle_d6ea881bc0427c68a\"><a aria-expanded=\"false\" aria-controls=\"d6ea881bc0427c68a\" role=\"button\" data-toggle=\"collapse\" data-parent=\"#accordion-7834-1\" data-target=\"#d6ea881bc0427c68a\" href=\"#d6ea881bc0427c68a\"><span class=\"fusion-toggle-icon-wrapper\" aria-hidden=\"true\"><i class=\"fa-fusion-box active-icon awb-icon-minus\" aria-hidden=\"true\"><\/i><i class=\"fa-fusion-box inactive-icon awb-icon-plus\" aria-hidden=\"true\"><\/i><\/span><span class=\"fusion-toggle-heading\">Pourquoi un diagnostic est-il utile ?<\/span><\/a><\/h4><\/div><div id=\"d6ea881bc0427c68a\" class=\"panel-collapse collapse \" aria-labelledby=\"toggle_d6ea881bc0427c68a\"><div class=\"panel-body toggle-content fusion-clearfix\">\n<div class=\"page\" title=\"Page 8\">\n<div class=\"layoutArea\">\n<div class=\"column\">\n<p>Bien que l&rsquo;obtention d&rsquo;un diagnostic soit souvent un processus long et incertain, le fait de savoir exactement de quelle maladie mitochondriale vous \u00eates atteint peut vous aider, vous et vos proches, \u00e0 mieux comprendre la maladie et \u00e0 planifier<br \/>\nune voie \u00e0 suivre. Il peut \u00e9galement vous aider \u00e0 comprendre les r\u00e9alit\u00e9s \u00e0 long terme de la maladie et aider votre \u00e9quipe soignante \u00e0 \u00e9laborer un plan de traitement de soutien. L&rsquo;\u00e9tablissement d&rsquo;un diagnostic peut permettre de ne pas n\u00e9gliger d&rsquo;autres maladies, d&rsquo;\u00e9viter d&rsquo;utiliser les mauvais traitements et de ne pas avoir \u00e0 effectuer des tests de diagnostic suppl\u00e9mentaires ou inutiles.<\/p>\n<p>Un diagnostic g\u00e9n\u00e9tique peut permettre d&rsquo;identifier certaines maladies mitochondriales h\u00e9r\u00e9ditaires. Si c&rsquo;est le cas, votre sp\u00e9cialiste peut recommander aux membres de la famille de consulter un conseiller en g\u00e9n\u00e9tique et de subir des tests g\u00e9n\u00e9tiques.<br \/>\nUn diagnostic g\u00e9n\u00e9tique confirm\u00e9 facilite \u00e9galement les discussions sur la planification familiale afin de savoir comment la maladie h\u00e9r\u00e9ditaire peut affecter les futurs enfants. Il existe des options de reproduction mitochondriale, telles que le diagnostic g\u00e9n\u00e9tique pr\u00e9implantatoire (DPI) et des tests, tels que l&rsquo;amniocent\u00e8se, pour d\u00e9terminer le risque de maladie mitochondriale.<\/p>\n<p>Un diagnostic g\u00e9n\u00e9tique est \u00e9galement utile si vous souhaitez participer \u00e0 un essai clinique. Certaines \u00e9tudes cliniques peuvent n\u00e9cessiter la confirmation du diagnostic par un test g\u00e9n\u00e9tique pour y participer.<\/p>\n<\/div>\n<\/div>\n<\/div>\n<\/div><\/div><\/div><div class=\"fusion-panel panel-default panel-c15f25d8fa24d3b50 fusion-toggle-has-divider\" style=\"--awb-title-color:#000000;\"><div class=\"panel-heading\"><h4 class=\"panel-title toggle\" id=\"toggle_c15f25d8fa24d3b50\"><a aria-expanded=\"false\" aria-controls=\"c15f25d8fa24d3b50\" role=\"button\" data-toggle=\"collapse\" data-parent=\"#accordion-7834-1\" data-target=\"#c15f25d8fa24d3b50\" href=\"#c15f25d8fa24d3b50\"><span class=\"fusion-toggle-icon-wrapper\" aria-hidden=\"true\"><i class=\"fa-fusion-box active-icon awb-icon-minus\" aria-hidden=\"true\"><\/i><i class=\"fa-fusion-box inactive-icon awb-icon-plus\" aria-hidden=\"true\"><\/i><\/span><span class=\"fusion-toggle-heading\">Autres tests utilis\u00e9s pour le diagnostic<\/span><\/a><\/h4><\/div><div id=\"c15f25d8fa24d3b50\" class=\"panel-collapse collapse \" aria-labelledby=\"toggle_c15f25d8fa24d3b50\"><div class=\"panel-body toggle-content fusion-clearfix\">\n<div class=\"table-1\">\n<table width=\"100%\">\n<thead>\n<tr>\n<th align=\"left\">D&rsquo;autres tests peuvent \u00eatre effectu\u00e9s :<\/th>\n<th align=\"left\"><\/th>\n<\/tr>\n<\/thead>\n<tbody>\n<tr>\n<td align=\"left\"><b>CT ou CAT Scan <\/b><\/p>\n<p>Tomographie comput\u00e9ris\u00e9e (axiale)<span class=\"Apple-converted-space\"> <\/span><\/td>\n<td align=\"left\">\u00c0 l&rsquo;aide d&rsquo;ordinateurs et d&rsquo;appareils \u00e0 rayons X rotatifs, la tomodensitom\u00e9trie cr\u00e9e des images qui fournissent des informations d\u00e9taill\u00e9es sur les tissus mous, les vaisseaux sanguins et les os dans diff\u00e9rentes parties du corps.<span class=\"Apple-converted-space\"> <\/span><\/td>\n<\/tr>\n<tr>\n<td align=\"left\"><b>ECG ou EKG <\/b><\/p>\n<p>Electrocardiogramme<span class=\"Apple-converted-space\"> <\/span><\/td>\n<td align=\"left\">Ce test simple et rapide enregistre les signaux \u00e9lectriques de votre c\u0153ur. Les \u00e9lectrodes sont reli\u00e9es \u00e0 l&rsquo;appareil ECG par des fils plac\u00e9s \u00e0 certains endroits de votre poitrine, de vos bras et de vos jambes. Les sp\u00e9cialistes rechercheront des signes d&rsquo;arythmie ou de cardiomyopathie.  <span class=\"Apple-converted-space\"> <\/span><\/td>\n<\/tr>\n<tr>\n<td align=\"left\"><b>Echo <\/b><\/p>\n<p>Echocardiogramme<span class=\"Apple-converted-space\"> <\/span><\/td>\n<td align=\"left\">Un \u00e9chocardiogramme recherche des irr\u00e9gularit\u00e9s dans la structure de votre c\u0153ur \u00e0 l&rsquo;aide d&rsquo;ultrasons. Ce test est utilis\u00e9 pour rechercher des signes de cardiomyopathie. <span class=\"Apple-converted-space\"> <\/span><\/td>\n<\/tr>\n<tr>\n<td align=\"left\"><b>Electromyographie<span class=\"Apple-converted-space\"> <\/span><\/b><\/td>\n<td align=\"left\">Ce test \u00e9value la sant\u00e9 des muscles et des nerfs. Une \u00e9lectrode est ins\u00e9r\u00e9e \u00e0 travers la peau dans un muscle affect\u00e9. L&rsquo;appareil enregistre l&rsquo;activit\u00e9 \u00e9lectrique du muscle et peut d\u00e9terminer si la faiblesse musculaire est due au muscle lui-m\u00eame ou aux nerfs qui contr\u00f4lent le muscle. L&rsquo;\u00e9lectromyogramme est souvent r\u00e9alis\u00e9 en m\u00eame temps que l&rsquo;\u00e9tude de la conduction nerveuse.   <span class=\"Apple-converted-space\"> <\/span><\/td>\n<\/tr>\n<tr>\n<td align=\"left\"><b>Tests g\u00e9n\u00e9tiques<span class=\"Apple-converted-space\"> <\/span><\/b><\/td>\n<td align=\"left\">Les tests g\u00e9n\u00e9tiques permettent de d\u00e9terminer si une personne est porteuse d&rsquo;une mutation g\u00e9n\u00e9tique de l&rsquo;ADNn ou de l&rsquo;ADNmt \u00e0 l&rsquo;origine d&rsquo;une maladie mitochondriale \u00e0 partir d&rsquo;\u00e9chantillons de sang, de muscle ou de salive, comme d\u00e9crit ci-dessus. Remarque : il n&rsquo;existe pas de test g\u00e9n\u00e9tique qui permette d&rsquo;exclure compl\u00e8tement une maladie g\u00e9n\u00e9tique. <span class=\"Apple-converted-space\"> <\/span><\/td>\n<\/tr>\n<tr>\n<td align=\"left\"><b>Tests en laboratoire<span class=\"Apple-converted-space\"> <\/span><\/b><\/td>\n<td align=\"left\">Le sang ou l&rsquo;urine sont des tests standard utilis\u00e9s pour d\u00e9tecter des probl\u00e8mes au niveau de divers organes, notamment le foie et les reins, comme d\u00e9crit ci-dessus. Ces tests permettent \u00e9galement de d\u00e9tecter des niveaux \u00e9lev\u00e9s d&rsquo;acide lactique, ce qui est fr\u00e9quent chez les personnes atteintes d&rsquo;une maladie mitochondriale. <span class=\"Apple-converted-space\"> <\/span><\/td>\n<\/tr>\n<tr>\n<td align=\"left\"><b>IRM <\/b><\/p>\n<p>Imagerie par r\u00e9sonance magn\u00e9tique<span class=\"Apple-converted-space\"> <\/span><\/td>\n<td align=\"left\">Les appareils d&rsquo;IRM utilisent un champ magn\u00e9tique et des ondes radio g\u00e9n\u00e9r\u00e9es par ordinateur pour cr\u00e9er des images 3D d\u00e9taill\u00e9es des organes et des tissus qui peuvent \u00eatre \u00e9valu\u00e9es par un sp\u00e9cialiste.<span class=\"Apple-converted-space\"> <\/span><\/td>\n<\/tr>\n<tr>\n<td align=\"left\"><b>MR Spectroscopy<\/b><\/p>\n<p><b> <\/b> Spectroscopie par r\u00e9sonance magn\u00e9tique<span class=\"Apple-converted-space\"> <\/span><\/td>\n<td align=\"left\">En utilisant l&rsquo;appareil d&rsquo;IRM, ce test mesure les niveaux de certaines substances chimiques dans un tissu qui peuvent sugg\u00e9rer un dysfonctionnement mitochondrial.<span class=\"Apple-converted-space\"> <\/span><\/td>\n<\/tr>\n<tr>\n<td align=\"left\"><b>Biopsie musculaire<span class=\"Apple-converted-space\"> <\/span><\/b><\/td>\n<td align=\"left\">Cette proc\u00e9dure consiste \u00e0 pr\u00e9lever un petit \u00e9chantillon de muscle, g\u00e9n\u00e9ralement au niveau de la cuisse, comme d\u00e9crit ci-dessus. L&rsquo;\u00e9chantillon est ensuite trait\u00e9 avec un colorant. Les fibres musculaires affect\u00e9es par une maladie mitochondriale sont d&rsquo;un rouge distinct et ont un aspect d\u00e9chiquet\u00e9.  <span class=\"Apple-converted-space\"> <\/span><\/td>\n<\/tr>\n<tr>\n<td align=\"left\"><b>\u00c9tude de la conduction nerveuse<span class=\"Apple-converted-space\"> <\/span><\/b><\/td>\n<td align=\"left\">Ce test \u00e9value la capacit\u00e9 et la vitesse des impulsions nerveuses et peut \u00eatre utilis\u00e9 pour exclure des pathologies autres que les myopathies mitochondriales primaires (PMM).<span class=\"Apple-converted-space\"> <\/span><\/td>\n<\/tr>\n<tr>\n<td align=\"left\"><b>Test neurologique<span class=\"Apple-converted-space\"> <\/span><\/b><\/td>\n<td align=\"left\">Ce test utilise des diapasons, des lampes de poche et\/ou des marteaux \u00e0 r\u00e9flexe pour \u00e9valuer les capacit\u00e9s motrices et sensorielles, l&rsquo;audition, la vision, la parole, la coordination et l&rsquo;\u00e9quilibre.<\/td>\n<\/tr>\n<tr>\n<td align=\"left\"><b>Ponction lombaire ou rachianesth\u00e9sie<span class=\"Apple-converted-space\"> <\/span><\/b><\/td>\n<td align=\"left\">Une aiguille est ins\u00e9r\u00e9e entre deux vert\u00e8bres pour pr\u00e9lever une petite quantit\u00e9 de liquide c\u00e9phalorachidien (LCR) afin de mesurer les taux de glucose, de prot\u00e9ines et\/ou d&rsquo;acide lactique. Le LCR entoure et prot\u00e8ge le cerveau et la moelle \u00e9pini\u00e8re. Des valeurs de laboratoire anormales peuvent indiquer une maladie mitochondriale. <span class=\"Apple-converted-space\"> <\/span><\/td>\n<\/tr>\n<\/tbody>\n<\/table>\n<\/div>\n<\/div><\/div><\/div><\/div><\/div><div class=\"fusion-separator fusion-full-width-sep\" style=\"align-self: center;margin-left: auto;margin-right: auto;margin-top:20px;margin-bottom:20px;width:100%;\"><\/div><\/div><\/div><\/div><\/div><div class=\"fusion-fullwidth fullwidth-box fusion-builder-row-2 fusion-flex-container has-pattern-background has-mask-background nonhundred-percent-fullwidth non-hundred-percent-height-scrolling\" style=\"--awb-border-radius-top-left:14px;--awb-border-radius-top-right:14px;--awb-border-radius-bottom-right:14px;--awb-border-radius-bottom-left:14px;--awb-overflow:hidden;--awb-padding-top:25px;--awb-padding-right:25px;--awb-padding-bottom:5px;--awb-padding-left:25px;--awb-margin-bottom:25px;--awb-background-color:#119bb5;--awb-flex-wrap:wrap;\" ><div class=\"fusion-builder-row fusion-row fusion-flex-align-items-center fusion-flex-content-wrap\" style=\"max-width:1456px;margin-left: calc(-4% \/ 2 );margin-right: calc(-4% \/ 2 );\"><div class=\"fusion-layout-column fusion_builder_column fusion-builder-column-1 fusion_builder_column_1_2 1_2 fusion-flex-column fusion-flex-align-self-center\" style=\"--awb-padding-top:10px;--awb-padding-right:25px;--awb-padding-bottom:25px;--awb-padding-left:25px;--awb-bg-size:cover;--awb-width-large:50%;--awb-margin-top-large:0px;--awb-spacing-right-large:3.84%;--awb-margin-bottom-large:0px;--awb-spacing-left-large:3.84%;--awb-width-medium:50%;--awb-order-medium:0;--awb-spacing-right-medium:3.84%;--awb-spacing-left-medium:3.84%;--awb-width-small:100%;--awb-order-small:0;--awb-spacing-right-small:1.92%;--awb-spacing-left-small:1.92%;\"><div class=\"fusion-column-wrapper fusion-column-has-shadow fusion-flex-justify-content-center fusion-content-layout-column\"><div class=\"fusion-text fusion-text-2 fusion-text-no-margin\" style=\"--awb-margin-bottom:0px;\"><p><i style=\"color: #ffffff;\">Le parcours de chaque patient est unique. Si vous soup\u00e7onnez une maladie mitochondriale, posez les questions suivantes  <\/i><span style=\"color: #ffffff;\"><span style=\"caret-color: #ffffff;\"><i>votre<\/i><\/span><\/span><i style=\"color: #ffffff;\"> l&rsquo;\u00e9quipe soignante si elle l&rsquo;a envisag\u00e9e et expliquez pourquoi vous souhaitez qu&rsquo;elle soit prise en consid\u00e9ration.<\/i><\/p>\n<\/div><\/div><\/div><div class=\"fusion-layout-column fusion_builder_column fusion-builder-column-2 fusion_builder_column_1_2 1_2 fusion-flex-column\" style=\"--awb-bg-size:cover;--awb-width-large:50%;--awb-margin-top-large:0px;--awb-spacing-right-large:3.84%;--awb-margin-bottom-large:20px;--awb-spacing-left-large:3.84%;--awb-width-medium:50%;--awb-order-medium:0;--awb-spacing-right-medium:3.84%;--awb-spacing-left-medium:3.84%;--awb-width-small:100%;--awb-order-small:0;--awb-spacing-right-small:1.92%;--awb-spacing-left-small:1.92%;\"><div class=\"fusion-column-wrapper fusion-column-has-shadow fusion-flex-justify-content-flex-start fusion-content-layout-column\"><div class=\"fusion-image-element \" style=\"--awb-caption-title-font-family:var(--h2_typography-font-family);--awb-caption-title-font-weight:var(--h2_typography-font-weight);--awb-caption-title-font-style:var(--h2_typography-font-style);--awb-caption-title-size:var(--h2_typography-font-size);--awb-caption-title-transform:var(--h2_typography-text-transform);--awb-caption-title-line-height:var(--h2_typography-line-height);--awb-caption-title-letter-spacing:var(--h2_typography-letter-spacing);\"><span class=\" fusion-imageframe imageframe-none imageframe-1 hover-type-none\"><img decoding=\"async\" width=\"538\" height=\"418\" alt=\"Une jeune femme sourit \u00e0 une autre femme qui lui pose la main sur l&#039;\u00e9paule. \" title=\"Diagnosing Mitochondrial Disease\" src=\"https:\/\/mitocanada.org\/wp-content\/uploads\/2024\/06\/Diagnosing-Mitochondrial-Disease-e1717432901148.png\" class=\"img-responsive wp-image-7523\" srcset=\"https:\/\/mitocanada.org\/wp-content\/uploads\/2024\/06\/Diagnosing-Mitochondrial-Disease-e1717432901148-200x155.png 200w, https:\/\/mitocanada.org\/wp-content\/uploads\/2024\/06\/Diagnosing-Mitochondrial-Disease-e1717432901148-400x311.png 400w, https:\/\/mitocanada.org\/wp-content\/uploads\/2024\/06\/Diagnosing-Mitochondrial-Disease-e1717432901148.png 538w\" sizes=\"(max-width: 640px) 100vw, 538px\" \/><\/span><\/div><\/div><\/div><\/div><\/div><\/p>\n","protected":false},"excerpt":{"rendered":"","protected":false},"author":1,"featured_media":0,"parent":0,"menu_order":55,"comment_status":"closed","ping_status":"closed","template":"","meta":{"om_disable_all_campaigns":false,"_monsterinsights_skip_tracking":false,"_monsterinsights_sitenote_active":false,"_monsterinsights_sitenote_note":"","_monsterinsights_sitenote_category":0,"_uf_show_specific_survey":0,"_uf_disable_surveys":false,"footnotes":""},"class_list":["post-7834","page","type-page","status-publish","hentry"],"aioseo_notices":[],"_links":{"self":[{"href":"https:\/\/mitocanada.org\/fr\/wp-json\/wp\/v2\/pages\/7834","targetHints":{"allow":["GET"]}}],"collection":[{"href":"https:\/\/mitocanada.org\/fr\/wp-json\/wp\/v2\/pages"}],"about":[{"href":"https:\/\/mitocanada.org\/fr\/wp-json\/wp\/v2\/types\/page"}],"author":[{"embeddable":true,"href":"https:\/\/mitocanada.org\/fr\/wp-json\/wp\/v2\/users\/1"}],"replies":[{"embeddable":true,"href":"https:\/\/mitocanada.org\/fr\/wp-json\/wp\/v2\/comments?post=7834"}],"version-history":[{"count":18,"href":"https:\/\/mitocanada.org\/fr\/wp-json\/wp\/v2\/pages\/7834\/revisions"}],"predecessor-version":[{"id":12758,"href":"https:\/\/mitocanada.org\/fr\/wp-json\/wp\/v2\/pages\/7834\/revisions\/12758"}],"wp:attachment":[{"href":"https:\/\/mitocanada.org\/fr\/wp-json\/wp\/v2\/media?parent=7834"}],"curies":[{"name":"wp","href":"https:\/\/api.w.org\/{rel}","templated":true}]}}