{"id":7831,"date":"2023-10-24T13:02:52","date_gmt":"2023-10-24T17:02:52","guid":{"rendered":"https:\/\/mitocanada.org\/symptomes-de-la-maladie-mitochondriale\/"},"modified":"2025-09-14T20:20:20","modified_gmt":"2025-09-15T00:20:20","slug":"symptomes-de-la-maladie-mitochondriale","status":"publish","type":"page","link":"https:\/\/mitocanada.org\/fr\/symptomes-de-la-maladie-mitochondriale\/","title":{"rendered":"Sympt\u00f4mes de la maladie mitochondriale"},"content":{"rendered":"<p><div class=\"fusion-fullwidth fullwidth-box fusion-builder-row-1 fusion-flex-container nonhundred-percent-fullwidth non-hundred-percent-height-scrolling\" style=\"--awb-border-radius-top-left:0px;--awb-border-radius-top-right:0px;--awb-border-radius-bottom-right:0px;--awb-border-radius-bottom-left:0px;--awb-flex-wrap:wrap;\" ><div class=\"fusion-builder-row fusion-row fusion-flex-align-items-flex-start fusion-flex-content-wrap\" style=\"max-width:1456px;margin-left: calc(-4% \/ 2 );margin-right: calc(-4% \/ 2 );\"><div class=\"fusion-layout-column fusion_builder_column fusion-builder-column-0 fusion_builder_column_1_1 1_1 fusion-flex-column\" style=\"--awb-bg-size:cover;--awb-width-large:100%;--awb-margin-top-large:0px;--awb-spacing-right-large:1.92%;--awb-margin-bottom-large:0px;--awb-spacing-left-large:1.92%;--awb-width-medium:100%;--awb-spacing-right-medium:1.92%;--awb-spacing-left-medium:1.92%;--awb-width-small:100%;--awb-spacing-right-small:1.92%;--awb-spacing-left-small:1.92%;\"><div class=\"fusion-column-wrapper fusion-flex-justify-content-flex-start fusion-content-layout-column\"><div class=\"fusion-text fusion-text-1\" style=\"--awb-text-transform:none;\"><h2>La plupart des personnes atteintes d&rsquo;une maladie mitochondriale pr\u00e9sentent des sympt\u00f4mes qui affectent plusieurs syst\u00e8mes en m\u00eame temps.<\/h2>\n<\/div><\/div><\/div><\/div><\/div><div class=\"fusion-fullwidth fullwidth-box fusion-builder-row-2 fusion-flex-container nonhundred-percent-fullwidth non-hundred-percent-height-scrolling\" style=\"--awb-border-radius-top-left:0px;--awb-border-radius-top-right:0px;--awb-border-radius-bottom-right:0px;--awb-border-radius-bottom-left:0px;--awb-margin-top:25px;--awb-flex-wrap:wrap;\" ><div class=\"fusion-builder-row fusion-row fusion-flex-align-items-flex-start fusion-flex-content-wrap\" style=\"max-width:1456px;margin-left: calc(-4% \/ 2 );margin-right: calc(-4% \/ 2 );\"><div class=\"fusion-layout-column fusion_builder_column fusion-builder-column-1 fusion_builder_column_1_1 1_1 fusion-flex-column\" style=\"--awb-bg-size:cover;--awb-width-large:100%;--awb-margin-top-large:0px;--awb-spacing-right-large:1.92%;--awb-margin-bottom-large:20px;--awb-spacing-left-large:1.92%;--awb-width-medium:100%;--awb-order-medium:0;--awb-spacing-right-medium:1.92%;--awb-spacing-left-medium:1.92%;--awb-width-small:100%;--awb-order-small:0;--awb-spacing-right-small:1.92%;--awb-spacing-left-small:1.92%;\"><div class=\"fusion-column-wrapper fusion-column-has-shadow fusion-flex-justify-content-flex-start fusion-content-layout-column\"><div class=\"fusion-text fusion-text-2\" style=\"--awb-text-transform:none;\"><p><span style=\"font-weight: 400;\">Il existe toute une s\u00e9rie de sympt\u00f4mes qui peuvent appara\u00eetre avant ou apr\u00e8s le diagnostic de la maladie de Mito.<\/span><\/p>\n<p><span style=\"font-weight: 400;\">Les sympt\u00f4mes de la maladie peuvent \u00eatre l\u00e9gers ou graves, varier d&rsquo;un individu \u00e0 l&rsquo;autre et d\u00e9pendre des cellules de l&rsquo;organisme qui sont touch\u00e9es. Les deux sympt\u00f4mes mito les plus courants sont la faiblesse musculaire et l&rsquo;intol\u00e9rance \u00e0 l&rsquo;exercice, qui entra\u00eene un sentiment d&rsquo;\u00e9puisement.  La Mito affecte diff\u00e9rentes parties du corps et les patients pr\u00e9sentent souvent des sympt\u00f4mes affectant plusieurs syst\u00e8mes organiques. Les organes les plus fr\u00e9quemment touch\u00e9s sont le cerveau, les nerfs, le c\u0153ur, le pancr\u00e9as, le foie, les yeux et les reins. En effet, chacun de ces organes d\u00e9pend fortement de la production d&rsquo;\u00e9nergie par les mitochondries pour fonctionner correctement.  <\/span><\/p>\n<p><span style=\"font-weight: 400;\">Les sympt\u00f4mes de la maladie de Mito peuvent inclure des troubles de l&rsquo;audition et de la vision, une ataxie (troubles de l&rsquo;\u00e9quilibre, de la coordination et de l&rsquo;\u00e9locution), des crises d&rsquo;\u00e9pilepsie, des difficult\u00e9s d&rsquo;apprentissage et une croissance insuffisante. Les enfants atteints de Mito peuvent avoir des difficult\u00e9s \u00e0 d\u00e9velopper certaines aptitudes, comme s&rsquo;asseoir, ramper, marcher, parler et apprendre. Rappelez-vous qu&rsquo;aucun sympt\u00f4me ne permet de poser un diagnostic ; c&rsquo;est une combinaison de sympt\u00f4mes et la fa\u00e7on dont ils continuent \u00e0 se manifester au fil du temps et au cours de certaines activit\u00e9s qui doivent \u00eatre prises en compte.  <\/span><\/p>\n<p><span style=\"font-weight: 400;\">\u00c9tant donn\u00e9 que la plupart des personnes atteintes de maladies mito pr\u00e9sentent des sympt\u00f4mes qui affectent simultan\u00e9ment plusieurs syst\u00e8mes, les sympt\u00f4mes communs sont regroup\u00e9s et d\u00e9sign\u00e9s sous le nom de syndromes. Les sympt\u00f4mes des syndromes mito sont d\u00e9crits dans les tableaux ci-dessous. <\/span><\/p>\n<\/div><div class=\"fusion-separator fusion-full-width-sep\" style=\"align-self: center;margin-left: auto;margin-right: auto;margin-top:25px;margin-bottom:25px;width:100%;\"><\/div><div class=\"accordian fusion-accordian\" style=\"--awb-border-size:1px;--awb-icon-size:16px;--awb-content-font-size:var(--awb-typography4-font-size);--awb-icon-alignment:left;--awb-hover-color:var(--awb-color2);--awb-border-color:var(--awb-color3);--awb-background-color:var(--awb-color1);--awb-divider-color:var(--awb-color3);--awb-divider-hover-color:var(--awb-color3);--awb-icon-color:#ffffff;--awb-title-color:#000000;--awb-content-color:#000000;--awb-icon-box-color:#119bb5;--awb-toggle-hover-accent-color:#119bb5;--awb-title-font-family:var(--awb-typography1-font-family);--awb-title-font-weight:var(--awb-typography1-font-weight);--awb-title-font-style:var(--awb-typography1-font-style);--awb-title-font-size:20px;--awb-title-letter-spacing:-0.015em;--awb-title-line-height:1.2;--awb-content-font-family:&quot;Montserrat&quot;;--awb-content-font-style:normal;--awb-content-font-weight:400;\"><div class=\"panel-group fusion-toggle-icon-boxed\" id=\"accordion-7831-1\"><div class=\"fusion-panel panel-default panel-ddea8a1526aa84e9a fusion-toggle-has-divider\" style=\"--awb-title-color:#000000;\"><div class=\"panel-heading\"><h4 class=\"panel-title toggle\" id=\"toggle_ddea8a1526aa84e9a\"><a aria-expanded=\"false\" aria-controls=\"ddea8a1526aa84e9a\" role=\"button\" data-toggle=\"collapse\" data-parent=\"#accordion-7831-1\" data-target=\"#ddea8a1526aa84e9a\" href=\"#ddea8a1526aa84e9a\"><span class=\"fusion-toggle-icon-wrapper\" aria-hidden=\"true\"><i class=\"fa-fusion-box active-icon awb-icon-minus\" aria-hidden=\"true\"><\/i><i class=\"fa-fusion-box inactive-icon awb-icon-plus\" aria-hidden=\"true\"><\/i><\/span><span class=\"fusion-toggle-heading\">Sympt\u00f4mes de la maladie mitochondriale<\/span><\/a><\/h4><\/div><div id=\"ddea8a1526aa84e9a\" class=\"panel-collapse collapse \" aria-labelledby=\"toggle_ddea8a1526aa84e9a\"><div class=\"panel-body toggle-content fusion-clearfix\">\n\n<div class=\"table-1\">\n<table width=\"100%\">\n<thead>\n<tr>\n<th align=\"left\">Le syndrome<\/th>\n<th align=\"left\">Sympt\u00f4mes du syndrome<\/th>\n<\/tr>\n<\/thead>\n<tbody>\n<tr>\n<td align=\"left\">\n<div class=\"table-1\">\n<div class=\"table-1\">\n<div class=\"table-1\">\n<div class=\"table-1\">\n<p><strong>Syndrome de Barth<\/strong><\/p>\n<div class=\"table-1\">\n<div class=\"table-1\">\n<div class=\"table-1\">\n<div class=\"table-1\">\n<p><em>Petite enfance ou enfance pr\u00e9coce (parfois \u00e0 l&rsquo;\u00e2ge adulte)<\/em><\/p>\n<p><em>Affecte principalement les hommes<\/em><\/p>\n<\/div>\n<\/div>\n<\/div>\n<\/div>\n<\/div>\n<\/div>\n<\/div>\n<\/div>\n<\/td>\n<td align=\"left\">\n<div class=\"table-1\">\n<div class=\"table-1\">\n<div class=\"table-1\">\n<div class=\"table-1\">\n<ul>\n<li>Hypertrophie du c\u0153ur<\/li>\n<li>Augmentation du taux d&rsquo;infections<\/li>\n<li>Retard de croissance avant la pubert\u00e9<\/li>\n<li>Faiblesse musculaire et faible tonus musculaire (hypotonie)<\/li>\n<li>Aspect sp\u00e9cifique du visage (visage rond, joues pleines, menton pointu, grandes oreilles, yeux enfonc\u00e9s)<\/li>\n<li><span style=\"font-family: inherit; font-size: inherit;\">Certains r\u00e9sultats de laboratoire : lactate \u00e9lev\u00e9, faible nombre de globules blancs, faible taux de cholest\u00e9rol, augmentation de l&rsquo;acide 3-m\u00e9thylglutaconique et de l&rsquo;acide 2-\u00e9thylhydracrylique dans l&rsquo;urine ou le sang, augmentation du rapport monolyso-cardiolipine\/cardiolipine.<\/span><\/li>\n<\/ul>\n<\/div>\n<\/div>\n<\/div>\n<\/div>\n<\/td>\n<\/tr>\n<tr>\n<td align=\"left\">\n<div class=\"table-1\">\n<div class=\"table-1\">\n<div class=\"table-1\">\n<div class=\"table-1\">\n<p><strong>CPEO<\/strong><\/p>\n<div class=\"table-1\">\n<div class=\"table-1\">\n<div class=\"table-1\">\n<div class=\"table-1\">\n<p>Ophtalmopl\u00e9gie externe progressive chronique<\/p>\n<p><em>Adolescence ou d\u00e9but de l&rsquo;\u00e2ge adulte<\/em><\/p>\n<\/div>\n<\/div>\n<\/div>\n<\/div>\n<\/div>\n<\/div>\n<\/div>\n<\/div>\n<\/td>\n<td align=\"left\">\n<div class=\"table-1\">\n<div class=\"table-1\">\n<div class=\"table-1\">\n<div class=\"table-1\">\n<ul>\n<li>Faiblesse des muscles oculaires entra\u00eenant une diminution de la capacit\u00e9 \u00e0 bouger les yeux<\/li>\n<li><span style=\"font-family: inherit; font-size: inherit;\">Ptosis (faiblesse du muscle de la paupi\u00e8re entra\u00eenant une chute des paupi\u00e8res)<\/span><\/li>\n<\/ul>\n<\/div>\n<\/div>\n<\/div>\n<\/div>\n<\/td>\n<\/tr>\n<tr>\n<td align=\"left\">\n<div class=\"table-1\">\n<div class=\"table-1\">\n<div class=\"table-1\">\n<div class=\"table-1\">\n<p><strong>KSS<\/strong><\/p>\n<p>Syndrome de Kearns-Sayre<\/p>\n<p><em>Avant l&rsquo;\u00e2ge de 20 ans<\/em><\/p>\n<\/div>\n<\/div>\n<\/div>\n<\/div>\n<\/td>\n<td align=\"left\">\n<div class=\"table-1\">\n<div class=\"table-1\">\n<div class=\"table-1\">\n<div class=\"table-1\">\n<ul>\n<li>Faiblesse des muscles oculaires avec diminution de la mobilit\u00e9 de l&rsquo;\u0153il<\/li>\n<li>Ptosis (faiblesse du muscle de la paupi\u00e8re entra\u00eenant une chute)<\/li>\n<li>Pigment anormal au fond de l&rsquo;\u0153il (r\u00e9tinopathie pigmentaire) pouvant affecter la vision.<\/li>\n<li>D\u00e9faut de croissance<\/li>\n<li>Rythme cardiaque anormal<\/li>\n<li>Ataxie (mauvais contr\u00f4le des muscles)<\/li>\n<li>Certains r\u00e9sultats de laboratoire (augmentation des prot\u00e9ines dans le liquide c\u00e9phalo-rachidien)<\/li>\n<\/ul>\n<\/div>\n<\/div>\n<\/div>\n<\/div>\n<\/td>\n<\/tr>\n<tr>\n<td align=\"left\">\n<div class=\"table-1\">\n<div class=\"table-1\">\n<div class=\"table-1\">\n<div class=\"table-1\">\n<p><strong>Syndrome de Leigh<\/strong><\/p>\n<p>Lorsqu&rsquo;il est h\u00e9rit\u00e9 par la mtD- NA, il peut \u00eatre appel\u00e9 syndrome de Leigh h\u00e9rit\u00e9 par la m\u00e8re (MILS)<\/p>\n<p><em>Petite enfance ou enfance pr\u00e9coce<\/em><\/p>\n<\/div>\n<\/div>\n<\/div>\n<\/div>\n<\/td>\n<td align=\"left\">\n<div class=\"table-1\">\n<div class=\"table-1\">\n<div class=\"table-1\">\n<div class=\"table-1\">\n<ul>\n<li>Perte rapide des capacit\u00e9s de d\u00e9veloppement, y compris le contr\u00f4le de la t\u00eate, la position assise, la position debout ou la marche, apr\u00e8s un d\u00e9veloppement normal ant\u00e9rieur.<\/li>\n<li>Diminution de l&rsquo;\u00e9tat de conscience<\/li>\n<li>Difficult\u00e9s respiratoires<\/li>\n<li>Faiblesse<\/li>\n<li>Crises d&rsquo;\u00e9pilepsie<\/li>\n<li>Faible tonus musculaire (hypotonie)<\/li>\n<li>Mouvements anormaux<\/li>\n<li>Ataxie (mauvais contr\u00f4le des muscles)<\/li>\n<li>Certains r\u00e9sultats de laboratoire (augmentation des prot\u00e9ines dans le liquide c\u00e9phalo-rachidien)<\/li>\n<\/ul>\n<\/div>\n<\/div>\n<\/div>\n<\/div>\n<\/td>\n<\/tr>\n<tr>\n<td align=\"left\">\n<div class=\"table-1\">\n<div class=\"table-1\">\n<div class=\"table-1\">\n<div class=\"table-1\">\n<p><strong>MDS<\/strong><\/p>\n<p>Syndrome de d\u00e9pl\u00e9tion de l&rsquo;ADN mitochondrial<\/p>\n<p><em>De l&rsquo;enfance \u00e0 l&rsquo;\u00e2ge adulte<\/em><\/p>\n<\/div>\n<\/div>\n<\/div>\n<\/div>\n<\/td>\n<td align=\"left\">\n<div class=\"table-1\">\n<div class=\"table-1\">\n<div class=\"table-1\">\n<div class=\"table-1\">\n<ul>\n<li>Alt\u00e9ration de la production d&rsquo;\u00e9nergie affectant les muscles, le foie, le cerveau et les reins &#8211; Crises d&rsquo;\u00e9pilepsie r\u00e9fractaires<\/li>\n<li>Probl\u00e8mes de foie<\/li>\n<li>Ataxie (mauvais contr\u00f4le des muscles)<\/li>\n<li><span style=\"font-family: inherit; font-size: inherit;\">Faiblesse et engourdissement des membres<\/span><\/li>\n<li><span style=\"font-family: inherit; font-size: inherit;\">Perte auditive<\/span><\/li>\n<li><span style=\"font-family: inherit; font-size: inherit;\">Difficult\u00e9 \u00e0 bouger les yeux et paupi\u00e8res tombantes &#8211; Difficult\u00e9 \u00e0 prendre du poids<\/span><\/li>\n<\/ul>\n<\/div>\n<\/div>\n<\/div>\n<\/div>\n<\/td>\n<\/tr>\n<tr>\n<td align=\"left\">\n<div class=\"table-1\">\n<div class=\"table-1\">\n<div class=\"table-1\">\n<div class=\"table-1\">\n<p><strong>MELAS<\/strong><\/p>\n<p>Enc\u00e9phalomyopathie mitochondriale, acidose lactique et syndrome d&rsquo;\u00e9pisodes semblables \u00e0 des accidents vasculaires c\u00e9r\u00e9braux<\/p>\n<p><em>De l&rsquo;enfance au d\u00e9but de l&rsquo;\u00e2ge adulte. La maladie peut se manifester jusqu&rsquo;\u00e0 40 ans. <\/em><\/p>\n<\/div>\n<\/div>\n<\/div>\n<\/div>\n<\/td>\n<td align=\"left\">\n<div class=\"table-1\">\n<div class=\"table-1\">\n<div class=\"table-1\">\n<div class=\"table-1\">\n<ul>\n<li>D\u00e9mence<\/li>\n<li>Crises d&rsquo;\u00e9pilepsie<\/li>\n<li>Migraines<\/li>\n<li>\u00c9pisodes ressemblant \u00e0 des accidents vasculaires c\u00e9r\u00e9braux<\/li>\n<li>Vomissements r\u00e9currents<\/li>\n<li>Perte de poids<\/li>\n<li>Intol\u00e9rance \u00e0 l&rsquo;effort et faiblesse<\/li>\n<li><span style=\"font-family: inherit; font-size: inherit;\">Perte auditive<\/span><\/li>\n<\/ul>\n<\/div>\n<\/div>\n<\/div>\n<\/div>\n<\/td>\n<\/tr>\n<tr>\n<td align=\"left\">\n<div class=\"table-1\">\n<div class=\"table-1\">\n<div class=\"table-1\">\n<div class=\"table-1\">\n<p><strong>MNGIE<\/strong><\/p>\n<p>Enc\u00e9phalomyopathie neurogastro-intestinale mitochondriale<\/p>\n<p><em>De l&rsquo;enfance \u00e0 l&rsquo;\u00e2ge adulte, g\u00e9n\u00e9ralement avant l&rsquo;\u00e2ge de 20 ans<\/em><\/p>\n<\/div>\n<\/div>\n<\/div>\n<\/div>\n<\/td>\n<td align=\"left\">\n<div class=\"table-1\">\n<div class=\"table-1\">\n<div class=\"table-1\">\n<div class=\"table-1\">\n<ul>\n<li>Difficult\u00e9 \u00e0 faire passer les aliments dans le tube digestif<\/li>\n<li>Neuropathie p\u00e9riph\u00e9rique (engourdissement\/faiblesse des membres, des mains, des pieds) &#8211; Ptosis<\/li>\n<li>Ophtalmopl\u00e9gie<\/li>\n<li>Perte auditive<\/li>\n<li>Leucoenc\u00e9phalopathie (anomalie de la substance blanche dans le cerveau)<\/li>\n<\/ul>\n<\/div>\n<\/div>\n<\/div>\n<\/div>\n<\/td>\n<\/tr>\n<tr>\n<td align=\"left\">\n<div class=\"table-1\">\n<div class=\"table-1\">\n<div class=\"table-1\">\n<div class=\"table-1\">\n<p><strong>MERRF<\/strong><\/p>\n<p>Epilepsie myoclonique \u00e0 fibres rouges d\u00e9chiquet\u00e9es<\/p>\n<p><em>De l&rsquo;enfance \u00e0 l&rsquo;\u00e2ge adulte<\/em><\/p>\n<\/div>\n<\/div>\n<\/div>\n<\/div>\n<\/td>\n<td align=\"left\">\n<div class=\"table-1\">\n<div class=\"table-1\">\n<div class=\"table-1\">\n<div class=\"table-1\">\n<ul>\n<li>Contractions musculaires (myoclonie)<\/li>\n<li>Crises d&rsquo;\u00e9pilepsie<\/li>\n<li>Ataxie (mauvais contr\u00f4le des muscles)<\/li>\n<li>Faiblesse musculaire et intol\u00e9rance \u00e0 l&rsquo;effort<\/li>\n<li><span style=\"font-family: inherit; font-size: inherit;\">Perte auditive<\/span><\/li>\n<li><span style=\"font-family: inherit; font-size: inherit;\">D\u00e9mence<\/span><\/li>\n<li><span style=\"font-family: inherit; font-size: inherit;\">Hypertrophie des muscles cardiaques<\/span><\/li>\n<\/ul>\n<\/div>\n<\/div>\n<\/div>\n<\/div>\n<\/td>\n<\/tr>\n<tr>\n<td align=\"left\">\n<div class=\"table-1\">\n<div class=\"table-1\">\n<div class=\"table-1\">\n<div class=\"table-1\">\n<p><strong>NARP<\/strong><\/p>\n<p>Neuropathie, ataxie et r\u00e9tinite pigmentaire<\/p>\n<p><em>De l&rsquo;enfance \u00e0 l&rsquo;\u00e2ge adulte<\/em><\/p>\n<\/div>\n<\/div>\n<\/div>\n<\/div>\n<\/td>\n<td align=\"left\">\n<div class=\"table-1\">\n<div class=\"table-1\">\n<div class=\"table-1\">\n<div class=\"table-1\">\n<ul>\n<li>Neuropathie p\u00e9riph\u00e9rique<\/li>\n<li>Faiblesse musculaire<\/li>\n<li>Ataxie (mauvais contr\u00f4le des muscles)<\/li>\n<\/ul>\n<\/div>\n<\/div>\n<\/div>\n<\/div>\n<\/td>\n<\/tr>\n<tr>\n<td align=\"left\">\n<div class=\"table-1\">\n<div class=\"table-1\">\n<div class=\"table-1\">\n<div class=\"table-1\">\n<p><strong>Syndrome de Pearson<\/strong><\/p>\n<p><em>La petite enfance<\/em><\/p>\n<\/div>\n<\/div>\n<\/div>\n<\/div>\n<\/td>\n<td align=\"left\">\n<div class=\"table-1\">\n<div class=\"table-1\">\n<div class=\"table-1\">\n<div class=\"table-1\">\n<ul>\n<li>An\u00e9mie n\u00e9cessitant des transfusions fr\u00e9quentes<\/li>\n<li><span style=\"font-family: inherit; font-size: inherit;\">Signes de dysfonctionnement du pancr\u00e9as<\/span><\/li>\n<\/ul>\n<\/div>\n<\/div>\n<\/div>\n<\/div>\n<\/td>\n<\/tr>\n<\/tbody>\n<\/table>\n<\/div>\n\n<\/div><\/div><\/div><\/div><\/div><\/div><\/div><\/div><\/div><\/p>\n","protected":false},"excerpt":{"rendered":"","protected":false},"author":2,"featured_media":0,"parent":0,"menu_order":54,"comment_status":"closed","ping_status":"closed","template":"","meta":{"om_disable_all_campaigns":false,"_monsterinsights_skip_tracking":false,"_monsterinsights_sitenote_active":false,"_monsterinsights_sitenote_note":"","_monsterinsights_sitenote_category":0,"_uf_show_specific_survey":0,"_uf_disable_surveys":false,"footnotes":""},"class_list":["post-7831","page","type-page","status-publish","hentry"],"aioseo_notices":[],"_links":{"self":[{"href":"https:\/\/mitocanada.org\/fr\/wp-json\/wp\/v2\/pages\/7831","targetHints":{"allow":["GET"]}}],"collection":[{"href":"https:\/\/mitocanada.org\/fr\/wp-json\/wp\/v2\/pages"}],"about":[{"href":"https:\/\/mitocanada.org\/fr\/wp-json\/wp\/v2\/types\/page"}],"author":[{"embeddable":true,"href":"https:\/\/mitocanada.org\/fr\/wp-json\/wp\/v2\/users\/2"}],"replies":[{"embeddable":true,"href":"https:\/\/mitocanada.org\/fr\/wp-json\/wp\/v2\/comments?post=7831"}],"version-history":[{"count":9,"href":"https:\/\/mitocanada.org\/fr\/wp-json\/wp\/v2\/pages\/7831\/revisions"}],"predecessor-version":[{"id":12755,"href":"https:\/\/mitocanada.org\/fr\/wp-json\/wp\/v2\/pages\/7831\/revisions\/12755"}],"wp:attachment":[{"href":"https:\/\/mitocanada.org\/fr\/wp-json\/wp\/v2\/media?parent=7831"}],"curies":[{"name":"wp","href":"https:\/\/api.w.org\/{rel}","templated":true}]}}