{"id":7820,"date":"2023-10-24T20:02:14","date_gmt":"2023-10-25T00:02:14","guid":{"rendered":"https:\/\/mitocanada.org\/quelles-sont-les-causes-de-la-maladie-mitochondriale\/"},"modified":"2026-01-15T09:15:29","modified_gmt":"2026-01-15T14:15:29","slug":"quelles-sont-les-causes-de-la-maladie-mitochondriale","status":"publish","type":"page","link":"https:\/\/mitocanada.org\/fr\/quelles-sont-les-causes-de-la-maladie-mitochondriale\/","title":{"rendered":"Quelles sont les causes de la maladie mitochondriale ?"},"content":{"rendered":"<p><div class=\"fusion-fullwidth fullwidth-box fusion-builder-row-1 fusion-flex-container nonhundred-percent-fullwidth non-hundred-percent-height-scrolling\" style=\"--awb-border-radius-top-left:0px;--awb-border-radius-top-right:0px;--awb-border-radius-bottom-right:0px;--awb-border-radius-bottom-left:0px;--awb-flex-wrap:wrap;\" ><div class=\"fusion-builder-row fusion-row fusion-flex-align-items-flex-start fusion-flex-content-wrap\" style=\"max-width:1456px;margin-left: calc(-4% \/ 2 );margin-right: calc(-4% \/ 2 );\"><div class=\"fusion-layout-column fusion_builder_column fusion-builder-column-0 fusion_builder_column_1_1 1_1 fusion-flex-column\" style=\"--awb-bg-size:cover;--awb-width-large:100%;--awb-margin-top-large:0px;--awb-spacing-right-large:1.92%;--awb-margin-bottom-large:0px;--awb-spacing-left-large:1.92%;--awb-width-medium:100%;--awb-spacing-right-medium:1.92%;--awb-spacing-left-medium:1.92%;--awb-width-small:100%;--awb-spacing-right-small:1.92%;--awb-spacing-left-small:1.92%;\"><div class=\"fusion-column-wrapper fusion-flex-justify-content-flex-start fusion-content-layout-column\"><div class=\"fusion-text fusion-text-1\" style=\"--awb-text-transform:none;\"><h2>Chez de nombreux patients, la maladie mitochondriale est caus\u00e9e par une ou plusieurs mutations g\u00e9n\u00e9tiques h\u00e9r\u00e9ditaires.<\/h2>\n<p><span style=\"font-weight: 400;\">Dans d&rsquo;autres cas, des facteurs environnementaux externes peuvent \u00eatre responsables du dysfonctionnement mitochondrial.  <\/span><\/p>\n<p><span style=\"font-weight: 400;\">De nombreux types de mitoses peuvent se d\u00e9velopper chez les patients de mani\u00e8re contrast\u00e9e. Il faut souvent plus de travail aux \u00e9quipes soignantes pour d\u00e9terminer les causes directes. La maladie mitochondriale primaire (PMD) existe d\u00e8s la naissance et est g\u00e9n\u00e9tique, ce qui signifie que la maladie est h\u00e9rit\u00e9e ou transmise par l&rsquo;un des parents ou les deux. Dans de rares cas, la maladie mitochondriale peut \u00eatre caus\u00e9e par une \u00ab\u00a0mutation spontan\u00e9e\u00a0\u00bb, c&rsquo;est-\u00e0-dire qu&rsquo;elle se produit de mani\u00e8re al\u00e9atoire au moment de la conception ou avant.    <\/span><\/p>\n<p><span style=\"font-weight: 400;\">Les mitochondries contiennent deux types de mat\u00e9riel g\u00e9n\u00e9tique : l&rsquo;ADN mitochondrial (ADNmt) et l&rsquo;ADN nucl\u00e9aire (ADNn). L&rsquo;ADNmt est transmis de la m\u00e8re \u00e0 ses enfants, et l&rsquo;ADNn est transmis par les deux parents.  <\/span><\/p>\n<p><span style=\"font-weight: 400;\">L&rsquo;h\u00e9ritage maternel est d\u00e9fini comme une m\u00e8re ayant une mutation g\u00e9n\u00e9tique de l&rsquo;ADN mitochondrial (ADNmt) qui transmet la mutation \u00e0 tous ses enfants. En r\u00e8gle g\u00e9n\u00e9rale, tous les enfants sont touch\u00e9s, mais avec des degr\u00e9s de gravit\u00e9 variables, allant de l&rsquo;absence de sympt\u00f4mes \u00e0 une maladie grave. Cela ne signifie pas que tous ses enfants seront affect\u00e9s de la m\u00eame mani\u00e8re, et il est rarement possible de pr\u00e9dire comment les enfants seront affect\u00e9s. Cela peut \u00eatre une source de stress pour la planification familiale.<\/span><\/p>\n<\/div><\/div><\/div><\/div><\/div><div class=\"fusion-fullwidth fullwidth-box fusion-builder-row-2 fusion-flex-container has-pattern-background has-mask-background nonhundred-percent-fullwidth non-hundred-percent-height-scrolling\" style=\"--awb-border-radius-top-left:14px;--awb-border-radius-top-right:14px;--awb-border-radius-bottom-right:14px;--awb-border-radius-bottom-left:14px;--awb-overflow:hidden;--awb-padding-top:25px;--awb-padding-right:25px;--awb-padding-bottom:5px;--awb-padding-left:25px;--awb-background-color:#119bb5;--awb-flex-wrap:wrap;\" ><div class=\"fusion-builder-row fusion-row fusion-flex-align-items-center fusion-flex-content-wrap\" style=\"max-width:1456px;margin-left: calc(-4% \/ 2 );margin-right: calc(-4% \/ 2 );\"><div class=\"fusion-layout-column fusion_builder_column fusion-builder-column-1 fusion_builder_column_1_2 1_2 fusion-flex-column fusion-flex-align-self-center\" style=\"--awb-padding-top:10px;--awb-padding-right:25px;--awb-padding-bottom:25px;--awb-padding-left:25px;--awb-bg-size:cover;--awb-width-large:50%;--awb-margin-top-large:0px;--awb-spacing-right-large:3.84%;--awb-margin-bottom-large:0px;--awb-spacing-left-large:3.84%;--awb-width-medium:50%;--awb-order-medium:0;--awb-spacing-right-medium:3.84%;--awb-spacing-left-medium:3.84%;--awb-width-small:100%;--awb-order-small:0;--awb-spacing-right-small:1.92%;--awb-spacing-left-small:1.92%;\"><div class=\"fusion-column-wrapper fusion-column-has-shadow fusion-flex-justify-content-center fusion-content-layout-column\"><div class=\"fusion-text fusion-text-2 fusion-text-no-margin\" style=\"--awb-margin-bottom:0px;\"><p><em><span style=\"font-weight: 400; color: #ffffff;\">Les maladies et troubles mitochondriaux peuvent \u00eatre caus\u00e9s de diff\u00e9rentes mani\u00e8res, et le fait de savoir comment une personne atteinte d&rsquo;une maladie mitochondriale a contract\u00e9 son trouble ou sa maladie peut aider \u00e0 comprendre l&rsquo;histoire de la famille ou le planning familial.<\/span><\/em><\/p>\n<\/div><\/div><\/div><div class=\"fusion-layout-column fusion_builder_column fusion-builder-column-2 fusion_builder_column_1_2 1_2 fusion-flex-column\" style=\"--awb-bg-size:cover;--awb-width-large:50%;--awb-margin-top-large:0px;--awb-spacing-right-large:3.84%;--awb-margin-bottom-large:20px;--awb-spacing-left-large:3.84%;--awb-width-medium:50%;--awb-order-medium:0;--awb-spacing-right-medium:3.84%;--awb-spacing-left-medium:3.84%;--awb-width-small:100%;--awb-order-small:0;--awb-spacing-right-small:1.92%;--awb-spacing-left-small:1.92%;\"><div class=\"fusion-column-wrapper fusion-column-has-shadow fusion-flex-justify-content-flex-start fusion-content-layout-column\"><div class=\"fusion-image-element \" style=\"--awb-margin-top:14px;--awb-margin-right:14px;--awb-margin-bottom:14px;--awb-margin-left:14px;--awb-caption-title-font-family:var(--h2_typography-font-family);--awb-caption-title-font-weight:var(--h2_typography-font-weight);--awb-caption-title-font-style:var(--h2_typography-font-style);--awb-caption-title-size:var(--h2_typography-font-size);--awb-caption-title-transform:var(--h2_typography-text-transform);--awb-caption-title-line-height:var(--h2_typography-line-height);--awb-caption-title-letter-spacing:var(--h2_typography-letter-spacing);\"><span class=\" fusion-imageframe imageframe-none imageframe-1 hover-type-none\"><img decoding=\"async\" width=\"700\" height=\"380\" alt=\"Tableau de l&#039;h\u00e9r\u00e9dit\u00e9 r\u00e9cessive et dominante des maladies mitochondriales\" title=\"Eng Inheritance Patterns\" src=\"https:\/\/mitocanada.org\/wp-content\/uploads\/2025\/01\/Eng-Inheritance-Patterns.png\" class=\"img-responsive wp-image-8590\" srcset=\"https:\/\/mitocanada.org\/wp-content\/uploads\/2025\/01\/Eng-Inheritance-Patterns-200x109.png 200w, https:\/\/mitocanada.org\/wp-content\/uploads\/2025\/01\/Eng-Inheritance-Patterns-400x217.png 400w, https:\/\/mitocanada.org\/wp-content\/uploads\/2025\/01\/Eng-Inheritance-Patterns-600x326.png 600w, https:\/\/mitocanada.org\/wp-content\/uploads\/2025\/01\/Eng-Inheritance-Patterns.png 700w\" sizes=\"(max-width: 640px) 100vw, 700px\" \/><\/span><\/div><\/div><\/div><\/div><\/div><div class=\"fusion-fullwidth fullwidth-box fusion-builder-row-3 fusion-flex-container nonhundred-percent-fullwidth non-hundred-percent-height-scrolling\" style=\"--awb-border-radius-top-left:0px;--awb-border-radius-top-right:0px;--awb-border-radius-bottom-right:0px;--awb-border-radius-bottom-left:0px;--awb-margin-top:25px;--awb-flex-wrap:wrap;\" ><div class=\"fusion-builder-row fusion-row fusion-flex-align-items-flex-start fusion-flex-content-wrap\" style=\"max-width:1456px;margin-left: calc(-4% \/ 2 );margin-right: calc(-4% \/ 2 );\"><div class=\"fusion-layout-column fusion_builder_column fusion-builder-column-3 fusion_builder_column_1_1 1_1 fusion-flex-column\" style=\"--awb-bg-size:cover;--awb-width-large:100%;--awb-margin-top-large:0px;--awb-spacing-right-large:1.92%;--awb-margin-bottom-large:20px;--awb-spacing-left-large:1.92%;--awb-width-medium:100%;--awb-order-medium:0;--awb-spacing-right-medium:1.92%;--awb-spacing-left-medium:1.92%;--awb-width-small:100%;--awb-order-small:0;--awb-spacing-right-small:1.92%;--awb-spacing-left-small:1.92%;\"><div class=\"fusion-column-wrapper fusion-column-has-shadow fusion-flex-justify-content-flex-start fusion-content-layout-column\"><div class=\"fusion-text fusion-text-3\" style=\"--awb-text-transform:none;\"><p><span style=\"font-weight: 400;\">On parle de transmission autosomique r\u00e9cessive lorsque l&rsquo;ADN nucl\u00e9aire (ADNn) qui constitue une partie de la mitochondrie est h\u00e9rit\u00e9 par les deux parents, \u00e0 raison d&rsquo;une moiti\u00e9 chacun. Une maladie mitochondriale autosomique r\u00e9cessive ne peut \u00eatre transmise que si les DEUX parents sont porteurs. Cela signifie que chaque parent est porteur du g\u00e8ne mut\u00e9 mais pas de la maladie, et qu&rsquo;ils ne pr\u00e9sentent donc aucun sympt\u00f4me. Lorsque les deux parents sont porteurs, il y a 25 % de chances d&rsquo;avoir un enfant qui ne sera pas porteur de la mutation ni de la maladie, 25 % de chances d&rsquo;avoir un enfant atteint de mitose et 50 % de chances d&rsquo;avoir un enfant qui sera porteur de la mutation mais qui ne sera pas atteint de mitose.  <\/span><\/p>\n<p><span style=\"font-weight: 400;\">La transmission autosomique dominante se produit si l&rsquo;un des parents est porteur d&rsquo;une mutation dominante d&rsquo;un g\u00e8ne de l&rsquo;ADNn et que l&rsquo;autre parent n&rsquo;a pas de mutation de l&rsquo;ADNn, 50 % de leurs enfants h\u00e9riteront de la mutation avec la maladie et les sympt\u00f4mes, et 50 % de leurs enfants h\u00e9riteront de g\u00e8nes normaux ; par cons\u00e9quent, il n&rsquo;y aura pas de maladie ni de sympt\u00f4me.<\/span><\/p>\n<p><span style=\"font-weight: 400;\">  Les maladies h\u00e9r\u00e9ditaires li\u00e9es \u00e0 l&rsquo;X sont caus\u00e9es par des variantes g\u00e9n\u00e9tiques sur le chromosome X, l&rsquo;un des deux chromosomes sexuels. Comme les femmes ont deux chromosomes X et les hommes un seul, les troubles peuvent appara\u00eetre diff\u00e9remment dans les deux sexes. Les hommes sont presque toujours plus gravement touch\u00e9s que les femmes. Les r\u00e8gles de transmission sont \u00e9galement diff\u00e9rentes puisque les hommes ne peuvent pas transmettre les g\u00e8nes li\u00e9s au chromosome X \u00e0 leurs fils mais les transmettront toujours \u00e0 leurs filles.<\/span><\/p>\n<\/div><\/div><\/div><\/div><\/div><\/p>\n","protected":false},"excerpt":{"rendered":"","protected":false},"author":2,"featured_media":0,"parent":0,"menu_order":52,"comment_status":"closed","ping_status":"closed","template":"","meta":{"om_disable_all_campaigns":false,"_monsterinsights_skip_tracking":false,"_monsterinsights_sitenote_active":false,"_monsterinsights_sitenote_note":"","_monsterinsights_sitenote_category":0,"_uf_show_specific_survey":0,"_uf_disable_surveys":false,"footnotes":""},"class_list":["post-7820","page","type-page","status-publish","hentry"],"aioseo_notices":[],"_links":{"self":[{"href":"https:\/\/mitocanada.org\/fr\/wp-json\/wp\/v2\/pages\/7820","targetHints":{"allow":["GET"]}}],"collection":[{"href":"https:\/\/mitocanada.org\/fr\/wp-json\/wp\/v2\/pages"}],"about":[{"href":"https:\/\/mitocanada.org\/fr\/wp-json\/wp\/v2\/types\/page"}],"author":[{"embeddable":true,"href":"https:\/\/mitocanada.org\/fr\/wp-json\/wp\/v2\/users\/2"}],"replies":[{"embeddable":true,"href":"https:\/\/mitocanada.org\/fr\/wp-json\/wp\/v2\/comments?post=7820"}],"version-history":[{"count":18,"href":"https:\/\/mitocanada.org\/fr\/wp-json\/wp\/v2\/pages\/7820\/revisions"}],"predecessor-version":[{"id":13784,"href":"https:\/\/mitocanada.org\/fr\/wp-json\/wp\/v2\/pages\/7820\/revisions\/13784"}],"wp:attachment":[{"href":"https:\/\/mitocanada.org\/fr\/wp-json\/wp\/v2\/media?parent=7820"}],"curies":[{"name":"wp","href":"https:\/\/api.w.org\/{rel}","templated":true}]}}