{"id":15343,"date":"2026-04-08T12:57:15","date_gmt":"2026-04-08T16:57:15","guid":{"rendered":"https:\/\/mitocanada.org\/recherche-et-actualites\/mitoperspectives\/"},"modified":"2026-04-28T22:26:48","modified_gmt":"2026-04-29T02:26:48","slug":"mitoperspectives","status":"publish","type":"page","link":"https:\/\/mitocanada.org\/fr\/recherche-et-actualites\/mitoperspectives\/","title":{"rendered":"MitoPerspectives"},"content":{"rendered":"<p><div class=\"fusion-fullwidth fullwidth-box fusion-builder-row-1 fusion-flex-container nonhundred-percent-fullwidth non-hundred-percent-height-scrolling\" style=\"--awb-border-radius-top-left:0px;--awb-border-radius-top-right:0px;--awb-border-radius-bottom-right:0px;--awb-border-radius-bottom-left:0px;--awb-flex-wrap:wrap;\" ><div class=\"fusion-builder-row fusion-row fusion-flex-align-items-flex-start fusion-flex-content-wrap\" style=\"max-width:1456px;margin-left: calc(-4% \/ 2 );margin-right: calc(-4% \/ 2 );\"><div class=\"fusion-layout-column fusion_builder_column fusion-builder-column-0 fusion_builder_column_1_2 1_2 fusion-flex-column\" style=\"--awb-bg-size:cover;--awb-width-large:50%;--awb-margin-top-large:0px;--awb-spacing-right-large:3.84%;--awb-margin-bottom-large:0px;--awb-spacing-left-large:3.84%;--awb-width-medium:50%;--awb-order-medium:0;--awb-spacing-right-medium:3.84%;--awb-spacing-left-medium:3.84%;--awb-width-small:100%;--awb-order-small:0;--awb-spacing-right-small:1.92%;--awb-spacing-left-small:1.92%;\" data-motion-effects=\"[{&quot;type&quot;:&quot;&quot;,&quot;scroll_type&quot;:&quot;transition&quot;,&quot;scroll_direction&quot;:&quot;up&quot;,&quot;transition_speed&quot;:&quot;1&quot;,&quot;fade_type&quot;:&quot;in&quot;,&quot;scale_type&quot;:&quot;up&quot;,&quot;initial_scale&quot;:&quot;1&quot;,&quot;max_scale&quot;:&quot;1.5&quot;,&quot;min_scale&quot;:&quot;0.5&quot;,&quot;initial_rotate&quot;:&quot;0&quot;,&quot;end_rotate&quot;:&quot;30&quot;,&quot;initial_blur&quot;:&quot;0&quot;,&quot;end_blur&quot;:&quot;3&quot;,&quot;start_element&quot;:&quot;top&quot;,&quot;start_viewport&quot;:&quot;bottom&quot;,&quot;end_element&quot;:&quot;bottom&quot;,&quot;end_viewport&quot;:&quot;top&quot;,&quot;mouse_effect&quot;:&quot;track&quot;,&quot;mouse_effect_direction&quot;:&quot;opposite&quot;,&quot;mouse_effect_speed&quot;:&quot;2&quot;,&quot;infinite_animation&quot;:&quot;float&quot;,&quot;infinite_animation_speed&quot;:&quot;2&quot;}]\" data-scroll-devices=\"small-visibility,medium-visibility,large-visibility\"><div class=\"fusion-column-wrapper fusion-column-has-shadow fusion-flex-justify-content-flex-start fusion-content-layout-column\"><div class=\"fusion-text fusion-text-1\"><h1><strong><span style=\"color: #119bb5;\"><span style=\"caret-color: #119BB5;\">MitoPerspectives<\/span><\/span><\/strong><\/h1>\n<h4>MitoPerspectives contribue \u00e0 faire en sorte que la recherche ne soit pas seulement ax\u00e9e sur la science, mais aussi sur les r\u00e9alit\u00e9s des personnes vivant avec une maladie mitochondriale, en comblant le foss\u00e9 entre l&rsquo;exp\u00e9rience v\u00e9cue et la compr\u00e9hension clinique.<\/h4>\n<\/div><\/div><\/div><div class=\"fusion-layout-column fusion_builder_column fusion-builder-column-1 fusion_builder_column_1_2 1_2 fusion-flex-column\" style=\"--awb-bg-size:cover;--awb-width-large:50%;--awb-margin-top-large:0px;--awb-spacing-right-large:3.84%;--awb-margin-bottom-large:0px;--awb-spacing-left-large:3.84%;--awb-width-medium:50%;--awb-order-medium:0;--awb-spacing-right-medium:3.84%;--awb-spacing-left-medium:3.84%;--awb-width-small:100%;--awb-order-small:0;--awb-spacing-right-small:1.92%;--awb-spacing-left-small:1.92%;\" data-motion-effects=\"[{&quot;type&quot;:&quot;&quot;,&quot;scroll_type&quot;:&quot;transition&quot;,&quot;scroll_direction&quot;:&quot;up&quot;,&quot;transition_speed&quot;:&quot;1&quot;,&quot;fade_type&quot;:&quot;in&quot;,&quot;scale_type&quot;:&quot;up&quot;,&quot;initial_scale&quot;:&quot;1&quot;,&quot;max_scale&quot;:&quot;1.5&quot;,&quot;min_scale&quot;:&quot;0.5&quot;,&quot;initial_rotate&quot;:&quot;0&quot;,&quot;end_rotate&quot;:&quot;30&quot;,&quot;initial_blur&quot;:&quot;0&quot;,&quot;end_blur&quot;:&quot;3&quot;,&quot;start_element&quot;:&quot;top&quot;,&quot;start_viewport&quot;:&quot;bottom&quot;,&quot;end_element&quot;:&quot;bottom&quot;,&quot;end_viewport&quot;:&quot;top&quot;,&quot;mouse_effect&quot;:&quot;track&quot;,&quot;mouse_effect_direction&quot;:&quot;opposite&quot;,&quot;mouse_effect_speed&quot;:&quot;2&quot;,&quot;infinite_animation&quot;:&quot;float&quot;,&quot;infinite_animation_speed&quot;:&quot;2&quot;}]\" data-scroll-devices=\"small-visibility,medium-visibility,large-visibility\"><div class=\"fusion-column-wrapper fusion-column-has-shadow fusion-flex-justify-content-flex-start fusion-content-layout-column\"><div class=\"fusion-separator fusion-full-width-sep\" style=\"align-self: center;margin-left: auto;margin-right: auto;margin-top:10px;margin-bottom:10px;width:100%;\"><div class=\"fusion-separator-border sep-double\" style=\"--awb-height:20px;--awb-amount:20px;border-color:var(--awb-color3);border-top-width:1px;border-bottom-width:1px;\"><\/div><\/div><div class=\"fusion-image-element \" style=\"--awb-caption-title-font-family:var(--h2_typography-font-family);--awb-caption-title-font-weight:var(--h2_typography-font-weight);--awb-caption-title-font-style:var(--h2_typography-font-style);--awb-caption-title-size:var(--h2_typography-font-size);--awb-caption-title-transform:var(--h2_typography-text-transform);--awb-caption-title-line-height:var(--h2_typography-line-height);--awb-caption-title-letter-spacing:var(--h2_typography-letter-spacing);\"><span class=\" fusion-imageframe imageframe-none imageframe-1 hover-type-none\" style=\"border-radius:14px;\"><img decoding=\"async\" width=\"2000\" height=\"889\" title=\"MitoPerspective &#8211; webpage banner EN\" src=\"https:\/\/mitocanada.org\/wp-content\/uploads\/2026\/04\/MitoPerspective-webpage-banner-EN.png\" alt class=\"img-responsive wp-image-14836\" srcset=\"https:\/\/mitocanada.org\/wp-content\/uploads\/2026\/04\/MitoPerspective-webpage-banner-EN-200x89.png 200w, https:\/\/mitocanada.org\/wp-content\/uploads\/2026\/04\/MitoPerspective-webpage-banner-EN-400x178.png 400w, https:\/\/mitocanada.org\/wp-content\/uploads\/2026\/04\/MitoPerspective-webpage-banner-EN-600x267.png 600w, https:\/\/mitocanada.org\/wp-content\/uploads\/2026\/04\/MitoPerspective-webpage-banner-EN-800x356.png 800w, https:\/\/mitocanada.org\/wp-content\/uploads\/2026\/04\/MitoPerspective-webpage-banner-EN-1200x533.png 1200w, https:\/\/mitocanada.org\/wp-content\/uploads\/2026\/04\/MitoPerspective-webpage-banner-EN.png 2000w\" sizes=\"(max-width: 640px) 100vw, 800px\" \/><\/span><\/div><\/div><\/div><\/div><\/div><div class=\"fusion-fullwidth fullwidth-box fusion-builder-row-2 fusion-flex-container has-pattern-background has-mask-background nonhundred-percent-fullwidth non-hundred-percent-height-scrolling\" style=\"--awb-border-radius-top-left:0px;--awb-border-radius-top-right:0px;--awb-border-radius-bottom-right:0px;--awb-border-radius-bottom-left:0px;--awb-flex-wrap:wrap;\" ><div class=\"fusion-builder-row fusion-row fusion-flex-align-items-flex-start fusion-flex-content-wrap\" style=\"max-width:1456px;margin-left: calc(-4% \/ 2 );margin-right: calc(-4% \/ 2 );\"><div class=\"fusion-layout-column fusion_builder_column fusion-builder-column-2 fusion_builder_column_1_1 1_1 fusion-flex-column\" style=\"--awb-bg-size:cover;--awb-width-large:100%;--awb-margin-top-large:0px;--awb-spacing-right-large:1.92%;--awb-margin-bottom-large:20px;--awb-spacing-left-large:1.92%;--awb-width-medium:100%;--awb-order-medium:0;--awb-spacing-right-medium:1.92%;--awb-spacing-left-medium:1.92%;--awb-width-small:100%;--awb-order-small:0;--awb-spacing-right-small:1.92%;--awb-spacing-left-small:1.92%;\"><div class=\"fusion-column-wrapper fusion-column-has-shadow fusion-flex-justify-content-flex-start fusion-content-layout-column\"><div class=\"fusion-separator fusion-full-width-sep\" style=\"align-self: center;margin-left: auto;margin-right: auto;margin-top:10px;margin-bottom:10px;width:100%;\"><\/div><div class=\"fusion-separator fusion-full-width-sep\" style=\"align-self: center;margin-left: auto;margin-right: auto;margin-top:10px;margin-bottom:10px;width:100%;\"><div class=\"fusion-separator-border sep-double\" style=\"--awb-height:20px;--awb-amount:20px;border-color:var(--awb-color3);border-top-width:1px;border-bottom-width:1px;\"><\/div><\/div><div class=\"fusion-text fusion-text-2\"><h2><strong><span style=\"color: #e80cd2;\"><span style=\"caret-color: #E80CD2;\">\u00c0 propos de MitoPerspectives<\/span><\/span><\/strong><\/h2>\n<p data-start=\"982\" data-end=\"1355\">Dans le cadre de la litt\u00e9rature grise, nos articles rassemblent des informations qualitatives recueillies lors de consultations communautaires. En associant l&rsquo;exp\u00e9rience v\u00e9cue \u00e0 l&rsquo;\u00e9volution de la science, MitoPerspectives permet d&rsquo;approfondir la compr\u00e9hension des effets concrets de la maladie mitochondriale, d&rsquo;informer sur les soins, de d\u00e9finir les priorit\u00e9s de la recherche et de renforcer les efforts de d\u00e9fense des int\u00e9r\u00eats. <\/p>\n<p data-start=\"1357\" data-end=\"1597\">Chaque article refl\u00e8te les voix, les priorit\u00e9s et les exp\u00e9riences de la communaut\u00e9 canadienne de la maladie mitochondriale. Les sujets sont d\u00e9termin\u00e9s par ce qui compte le plus pour les Canadiens vivant avec une maladie mitochondriale, ce qui garantit que les id\u00e9es g\u00e9n\u00e9r\u00e9es sont \u00e0 la fois pertinentes et significatives. <\/p>\n<\/div><div class=\"fusion-separator fusion-full-width-sep\" style=\"align-self: center;margin-left: auto;margin-right: auto;margin-top:10px;margin-bottom:10px;width:100%;\"><div class=\"fusion-separator-border sep-double\" style=\"--awb-height:20px;--awb-amount:20px;border-color:var(--awb-color3);border-top-width:1px;border-bottom-width:1px;\"><\/div><\/div><\/div><\/div><\/div><\/div><div class=\"fusion-fullwidth fullwidth-box fusion-builder-row-3 fusion-flex-container has-pattern-background has-mask-background nonhundred-percent-fullwidth non-hundred-percent-height-scrolling\" style=\"--awb-border-radius-top-left:0px;--awb-border-radius-top-right:0px;--awb-border-radius-bottom-right:0px;--awb-border-radius-bottom-left:0px;--awb-flex-wrap:wrap;\" ><div class=\"fusion-builder-row fusion-row fusion-flex-align-items-flex-start fusion-flex-content-wrap\" style=\"max-width:1456px;margin-left: calc(-4% \/ 2 );margin-right: calc(-4% \/ 2 );\"><div class=\"fusion-layout-column fusion_builder_column fusion-builder-column-3 fusion_builder_column_1_3 1_3 fusion-flex-column\" style=\"--awb-bg-size:cover;--awb-width-large:33.333333333333%;--awb-margin-top-large:0px;--awb-spacing-right-large:5.76%;--awb-margin-bottom-large:20px;--awb-spacing-left-large:5.76%;--awb-width-medium:33.333333333333%;--awb-order-medium:0;--awb-spacing-right-medium:5.76%;--awb-spacing-left-medium:5.76%;--awb-width-small:100%;--awb-order-small:0;--awb-spacing-right-small:1.92%;--awb-spacing-left-small:1.92%;\"><div class=\"fusion-column-wrapper fusion-column-has-shadow fusion-flex-justify-content-flex-start fusion-content-layout-column\"><div class=\"fusion-image-element \" style=\"--awb-caption-title-font-family:var(--h2_typography-font-family);--awb-caption-title-font-weight:var(--h2_typography-font-weight);--awb-caption-title-font-style:var(--h2_typography-font-style);--awb-caption-title-size:var(--h2_typography-font-size);--awb-caption-title-transform:var(--h2_typography-text-transform);--awb-caption-title-line-height:var(--h2_typography-line-height);--awb-caption-title-letter-spacing:var(--h2_typography-letter-spacing);\"><span class=\" fusion-imageframe imageframe-none imageframe-2 hover-type-none\" style=\"border:3px solid #e80cd2;border-radius:14px;\"><a class=\"fusion-no-lightbox\" href=\"https:\/\/mitocanada.org\/fr\/explorer-le-transfert-mitochondrial\/\" target=\"_blank\" aria-label=\"MitoInsights 1 &#8211; Chris Perry\" rel=\"noopener noreferrer\"><img decoding=\"async\" width=\"1728\" height=\"2304\" src=\"https:\/\/mitocanada.org\/wp-content\/uploads\/2026\/04\/MitoInsights-1-Chris-Perry.png\" alt class=\"img-responsive wp-image-14843\" srcset=\"https:\/\/mitocanada.org\/wp-content\/uploads\/2026\/04\/MitoInsights-1-Chris-Perry-200x267.png 200w, https:\/\/mitocanada.org\/wp-content\/uploads\/2026\/04\/MitoInsights-1-Chris-Perry-400x533.png 400w, https:\/\/mitocanada.org\/wp-content\/uploads\/2026\/04\/MitoInsights-1-Chris-Perry-600x800.png 600w, https:\/\/mitocanada.org\/wp-content\/uploads\/2026\/04\/MitoInsights-1-Chris-Perry-800x1067.png 800w, https:\/\/mitocanada.org\/wp-content\/uploads\/2026\/04\/MitoInsights-1-Chris-Perry-1200x1600.png 1200w, https:\/\/mitocanada.org\/wp-content\/uploads\/2026\/04\/MitoInsights-1-Chris-Perry.png 1728w\" sizes=\"(max-width: 640px) 100vw, 600px\" \/><\/a><\/span><\/div><div class=\"fusion-separator fusion-full-width-sep\" style=\"align-self: center;margin-left: auto;margin-right: auto;margin-top:5px;margin-bottom:5px;width:100%;\"><div class=\"fusion-separator-border sep-double\" style=\"--awb-height:20px;--awb-amount:20px;border-color:var(--awb-color3);border-top-width:1px;border-bottom-width:1px;\"><\/div><\/div><\/div><\/div><div class=\"fusion-layout-column fusion_builder_column fusion-builder-column-4 fusion_builder_column_1_3 1_3 fusion-flex-column\" style=\"--awb-bg-size:cover;--awb-width-large:33.333333333333%;--awb-margin-top-large:0px;--awb-spacing-right-large:5.76%;--awb-margin-bottom-large:20px;--awb-spacing-left-large:5.76%;--awb-width-medium:33.333333333333%;--awb-order-medium:0;--awb-spacing-right-medium:5.76%;--awb-spacing-left-medium:5.76%;--awb-width-small:100%;--awb-order-small:0;--awb-spacing-right-small:1.92%;--awb-spacing-left-small:1.92%;\"><div class=\"fusion-column-wrapper fusion-column-has-shadow fusion-flex-justify-content-flex-start fusion-content-layout-column\"><div class=\"fusion-image-element \" style=\"--awb-caption-title-font-family:var(--h2_typography-font-family);--awb-caption-title-font-weight:var(--h2_typography-font-weight);--awb-caption-title-font-style:var(--h2_typography-font-style);--awb-caption-title-size:var(--h2_typography-font-size);--awb-caption-title-transform:var(--h2_typography-text-transform);--awb-caption-title-line-height:var(--h2_typography-line-height);--awb-caption-title-letter-spacing:var(--h2_typography-letter-spacing);\"><span class=\" fusion-imageframe imageframe-none imageframe-3 hover-type-none\" style=\"border:3px solid #e80cd2;border-radius:14px;\"><a class=\"fusion-no-lightbox\" href=\"https:\/\/mitocanada.org\/fr\/un-point-de-vue-communautaire-sur-la-therapie-de-remplacement-mitochondriale-trm\/\" target=\"_blank\" aria-label=\"MP &#8211; MRT\" rel=\"noopener noreferrer\"><img decoding=\"async\" width=\"1728\" height=\"2304\" src=\"https:\/\/mitocanada.org\/wp-content\/uploads\/2026\/04\/MP-MRT.png\" alt class=\"img-responsive wp-image-14847\" srcset=\"https:\/\/mitocanada.org\/wp-content\/uploads\/2026\/04\/MP-MRT-200x267.png 200w, https:\/\/mitocanada.org\/wp-content\/uploads\/2026\/04\/MP-MRT-400x533.png 400w, https:\/\/mitocanada.org\/wp-content\/uploads\/2026\/04\/MP-MRT-600x800.png 600w, https:\/\/mitocanada.org\/wp-content\/uploads\/2026\/04\/MP-MRT-800x1067.png 800w, https:\/\/mitocanada.org\/wp-content\/uploads\/2026\/04\/MP-MRT-1200x1600.png 1200w, https:\/\/mitocanada.org\/wp-content\/uploads\/2026\/04\/MP-MRT.png 1728w\" sizes=\"(max-width: 640px) 100vw, 600px\" \/><\/a><\/span><\/div><div class=\"fusion-separator fusion-full-width-sep\" style=\"align-self: center;margin-left: auto;margin-right: auto;margin-top:5px;margin-bottom:5px;width:100%;\"><div class=\"fusion-separator-border sep-double\" style=\"--awb-height:20px;--awb-amount:20px;border-color:var(--awb-color3);border-top-width:1px;border-bottom-width:1px;\"><\/div><\/div><\/div><\/div><div class=\"fusion-layout-column fusion_builder_column fusion-builder-column-5 fusion_builder_column_1_3 1_3 fusion-flex-column\" style=\"--awb-bg-size:cover;--awb-width-large:33.333333333333%;--awb-margin-top-large:0px;--awb-spacing-right-large:5.76%;--awb-margin-bottom-large:20px;--awb-spacing-left-large:5.76%;--awb-width-medium:33.333333333333%;--awb-order-medium:0;--awb-spacing-right-medium:5.76%;--awb-spacing-left-medium:5.76%;--awb-width-small:100%;--awb-order-small:0;--awb-spacing-right-small:1.92%;--awb-spacing-left-small:1.92%;\"><div class=\"fusion-column-wrapper fusion-column-has-shadow fusion-flex-justify-content-flex-start fusion-content-layout-column\"><div class=\"fusion-image-element \" style=\"--awb-caption-title-font-family:var(--h2_typography-font-family);--awb-caption-title-font-weight:var(--h2_typography-font-weight);--awb-caption-title-font-style:var(--h2_typography-font-style);--awb-caption-title-size:var(--h2_typography-font-size);--awb-caption-title-transform:var(--h2_typography-text-transform);--awb-caption-title-line-height:var(--h2_typography-line-height);--awb-caption-title-letter-spacing:var(--h2_typography-letter-spacing);\"><span class=\" fusion-imageframe imageframe-none imageframe-4 hover-type-none\" style=\"border:3px solid #e80cd2;border-radius:14px;\"><a class=\"fusion-no-lightbox\" href=\"https:\/\/mitocanada.org\/fr\/rapport-sur-la-communaute-de-mitocanada\/\" target=\"_blank\" aria-label=\"MP &#8211; MRT (2)\" rel=\"noopener noreferrer\"><img decoding=\"async\" width=\"1728\" height=\"2304\" src=\"https:\/\/mitocanada.org\/wp-content\/uploads\/2026\/04\/MP-MRT-2.png\" alt class=\"img-responsive wp-image-14845\" srcset=\"https:\/\/mitocanada.org\/wp-content\/uploads\/2026\/04\/MP-MRT-2-200x267.png 200w, https:\/\/mitocanada.org\/wp-content\/uploads\/2026\/04\/MP-MRT-2-400x533.png 400w, https:\/\/mitocanada.org\/wp-content\/uploads\/2026\/04\/MP-MRT-2-600x800.png 600w, https:\/\/mitocanada.org\/wp-content\/uploads\/2026\/04\/MP-MRT-2-800x1067.png 800w, https:\/\/mitocanada.org\/wp-content\/uploads\/2026\/04\/MP-MRT-2-1200x1600.png 1200w, https:\/\/mitocanada.org\/wp-content\/uploads\/2026\/04\/MP-MRT-2.png 1728w\" sizes=\"(max-width: 640px) 100vw, 600px\" \/><\/a><\/span><\/div><div class=\"fusion-separator fusion-full-width-sep\" style=\"align-self: center;margin-left: auto;margin-right: auto;margin-top:5px;margin-bottom:5px;width:100%;\"><div class=\"fusion-separator-border sep-double\" style=\"--awb-height:20px;--awb-amount:20px;border-color:var(--awb-color3);border-top-width:1px;border-bottom-width:1px;\"><\/div><\/div><\/div><\/div><\/div><\/div><div class=\"fusion-fullwidth fullwidth-box fusion-builder-row-4 fusion-flex-container has-pattern-background has-mask-background nonhundred-percent-fullwidth non-hundred-percent-height-scrolling\" style=\"--awb-border-radius-top-left:0px;--awb-border-radius-top-right:0px;--awb-border-radius-bottom-right:0px;--awb-border-radius-bottom-left:0px;--awb-flex-wrap:wrap;\" ><div class=\"fusion-builder-row fusion-row fusion-flex-align-items-flex-start fusion-flex-content-wrap\" style=\"max-width:1456px;margin-left: calc(-4% \/ 2 );margin-right: calc(-4% \/ 2 );\"><div class=\"fusion-layout-column fusion_builder_column fusion-builder-column-6 fusion_builder_column_1_1 1_1 fusion-flex-column\" style=\"--awb-bg-size:cover;--awb-width-large:100%;--awb-margin-top-large:0px;--awb-spacing-right-large:1.92%;--awb-margin-bottom-large:20px;--awb-spacing-left-large:1.92%;--awb-width-medium:100%;--awb-order-medium:0;--awb-spacing-right-medium:1.92%;--awb-spacing-left-medium:1.92%;--awb-width-small:100%;--awb-order-small:0;--awb-spacing-right-small:1.92%;--awb-spacing-left-small:1.92%;\"><div class=\"fusion-column-wrapper fusion-column-has-shadow fusion-flex-justify-content-flex-start fusion-content-layout-column\"><div class=\"fusion-separator fusion-full-width-sep\" style=\"align-self: center;margin-left: auto;margin-right: auto;margin-top:10px;margin-bottom:10px;width:100%;\"><\/div><div class=\"fusion-text fusion-text-3\"><h2><strong><span style=\"color: #e80cd2;\"><span style=\"caret-color: #E80CD2;\">Comment citer<\/span><\/span><\/strong><\/h2>\n<\/div><div class=\"accordian fusion-accordian\" style=\"--awb-border-size:1px;--awb-icon-size:16px;--awb-content-font-size:var(--awb-typography4-font-size);--awb-icon-alignment:left;--awb-hover-color:var(--awb-color2);--awb-border-color:var(--awb-color3);--awb-background-color:var(--awb-color1);--awb-divider-color:var(--awb-color3);--awb-divider-hover-color:var(--awb-color3);--awb-icon-color:#ffffff;--awb-title-color:#000000;--awb-content-color:#000000;--awb-icon-box-color:#119bb5;--awb-toggle-hover-accent-color:#119bb5;--awb-title-font-family:var(--awb-typography1-font-family);--awb-title-font-weight:var(--awb-typography1-font-weight);--awb-title-font-style:var(--awb-typography1-font-style);--awb-title-font-size:20px;--awb-title-letter-spacing:-0.015em;--awb-title-line-height:1.2;--awb-content-font-family:&quot;Montserrat&quot;;--awb-content-font-style:normal;--awb-content-font-weight:400;\"><div class=\"panel-group fusion-toggle-icon-boxed\" id=\"accordion-15343-1\"><div class=\"fusion-panel panel-default panel-51a506c9d3febb2ed fusion-toggle-has-divider\" style=\"--awb-title-color:#000000;\"><div class=\"panel-heading\"><h4 class=\"panel-title toggle\" id=\"toggle_51a506c9d3febb2ed\"><a aria-expanded=\"false\" aria-controls=\"51a506c9d3febb2ed\" role=\"button\" data-toggle=\"collapse\" data-parent=\"#accordion-15343-1\" data-target=\"#51a506c9d3febb2ed\" href=\"#51a506c9d3febb2ed\"><span class=\"fusion-toggle-icon-wrapper\" aria-hidden=\"true\"><i class=\"fa-fusion-box active-icon awb-icon-minus\" aria-hidden=\"true\"><\/i><i class=\"fa-fusion-box inactive-icon awb-icon-plus\" aria-hidden=\"true\"><\/i><\/span><span class=\"fusion-toggle-heading\">APA<\/span><\/a><\/h4><\/div><div id=\"51a506c9d3febb2ed\" class=\"panel-collapse collapse \" aria-labelledby=\"toggle_51a506c9d3febb2ed\"><div class=\"panel-body toggle-content fusion-clearfix\">\n<h4><strong>Format APA (7e \u00e9dition) :<\/strong><\/h4>\n<p>MitoCanada. 2025. <em>Une perspective communautaire sur la th\u00e9rapie de remplacement mitochondriale<\/em>. MitoPerspectives.   https:\/\/mitocanada.org\/community-perspective-on-mrt\/<\/p>\n<p>MitoCanada. 2024. <em>Exploration de la transplantation mitochondriale<\/em>. MitoPerspectives.   https:\/\/mitocanada.org\/exploring-mitochondrial-transplantation\/<\/p>\n<p>MitoCanada. 2022. <em>Rapport sur la communaut\u00e9 de MitoCanada<\/em>. MitoPerspectives.   https:\/\/mitocanada.org\/insights-report\/<\/p>\n<\/div><\/div><\/div><div class=\"fusion-panel panel-default panel-84198480cb4d646bb fusion-toggle-has-divider\" style=\"--awb-title-color:#000000;\"><div class=\"panel-heading\"><h4 class=\"panel-title toggle\" id=\"toggle_84198480cb4d646bb\"><a aria-expanded=\"false\" aria-controls=\"84198480cb4d646bb\" role=\"button\" data-toggle=\"collapse\" data-parent=\"#accordion-15343-1\" data-target=\"#84198480cb4d646bb\" href=\"#84198480cb4d646bb\"><span class=\"fusion-toggle-icon-wrapper\" aria-hidden=\"true\"><i class=\"fa-fusion-box active-icon awb-icon-minus\" aria-hidden=\"true\"><\/i><i class=\"fa-fusion-box inactive-icon awb-icon-plus\" aria-hidden=\"true\"><\/i><\/span><span class=\"fusion-toggle-heading\">MLA<\/span><\/a><\/h4><\/div><div id=\"84198480cb4d646bb\" class=\"panel-collapse collapse \" aria-labelledby=\"toggle_84198480cb4d646bb\"><div class=\"panel-body toggle-content fusion-clearfix\">\n<h4><strong>Format MLA <\/strong><strong>(9\u00e8me \u00e9dition)<\/strong><strong>:<\/strong><\/h4>\n<p>MitoCanada. <em>Un point de vue communautaire sur la th\u00e9rapie de remplacement mitochondrial<\/em>. MitoPerspectives.   2025. https:\/\/mitocanada.org\/community-perspective-on-mrt\/<\/p>\n<p>MitoCanada. <em>Exploration de la transplantation mitochondriale<\/em>. MitoPerspectives.2024.  https:\/\/mitocanada.org\/exploring-mitochondrial-transplantation\/<\/p>\n<p>MitoCanada. <em>Rapport sur les perspectives de la communaut\u00e9 de MitoCanada<\/em>. MitoPerspectives.  2022. https:\/\/mitocanada.org\/insights-report\/<\/p>\n<\/div><\/div><\/div><\/div><\/div><\/div><\/div><\/div><\/div><\/p>\n","protected":false},"excerpt":{"rendered":"","protected":false},"author":3,"featured_media":0,"parent":8178,"menu_order":2,"comment_status":"closed","ping_status":"closed","template":"","meta":{"om_disable_all_campaigns":false,"_monsterinsights_skip_tracking":false,"_monsterinsights_sitenote_active":false,"_monsterinsights_sitenote_note":"","_monsterinsights_sitenote_category":0,"_uf_show_specific_survey":0,"_uf_disable_surveys":false,"footnotes":""},"class_list":["post-15343","page","type-page","status-publish","hentry"],"aioseo_notices":[],"_links":{"self":[{"href":"https:\/\/mitocanada.org\/fr\/wp-json\/wp\/v2\/pages\/15343","targetHints":{"allow":["GET"]}}],"collection":[{"href":"https:\/\/mitocanada.org\/fr\/wp-json\/wp\/v2\/pages"}],"about":[{"href":"https:\/\/mitocanada.org\/fr\/wp-json\/wp\/v2\/types\/page"}],"author":[{"embeddable":true,"href":"https:\/\/mitocanada.org\/fr\/wp-json\/wp\/v2\/users\/3"}],"replies":[{"embeddable":true,"href":"https:\/\/mitocanada.org\/fr\/wp-json\/wp\/v2\/comments?post=15343"}],"version-history":[{"count":3,"href":"https:\/\/mitocanada.org\/fr\/wp-json\/wp\/v2\/pages\/15343\/revisions"}],"predecessor-version":[{"id":15346,"href":"https:\/\/mitocanada.org\/fr\/wp-json\/wp\/v2\/pages\/15343\/revisions\/15346"}],"up":[{"embeddable":true,"href":"https:\/\/mitocanada.org\/fr\/wp-json\/wp\/v2\/pages\/8178"}],"wp:attachment":[{"href":"https:\/\/mitocanada.org\/fr\/wp-json\/wp\/v2\/media?parent=15343"}],"curies":[{"name":"wp","href":"https:\/\/api.w.org\/{rel}","templated":true}]}}