{"id":13703,"date":"2025-12-15T18:34:07","date_gmt":"2025-12-15T23:34:07","guid":{"rendered":"https:\/\/mitocanada.org\/oeuvre-de-bienfaisance-de-choix-evenements-2026\/"},"modified":"2026-01-11T13:38:16","modified_gmt":"2026-01-11T18:38:16","slug":"oeuvre-de-bienfaisance-de-choix-evenements-2026","status":"publish","type":"page","link":"https:\/\/mitocanada.org\/fr\/oeuvre-de-bienfaisance-de-choix-evenements-2026\/","title":{"rendered":"\u0152uvre de bienfaisance de choix \u00c9v\u00e9nements 2026"},"content":{"rendered":"<p><div class=\"fusion-fullwidth fullwidth-box fusion-builder-row-1 fusion-flex-container nonhundred-percent-fullwidth non-hundred-percent-height-scrolling\" style=\"--awb-border-radius-top-left:0px;--awb-border-radius-top-right:0px;--awb-border-radius-bottom-right:0px;--awb-border-radius-bottom-left:0px;--awb-flex-wrap:wrap;\" ><div class=\"fusion-builder-row fusion-row fusion-flex-align-items-flex-start fusion-flex-content-wrap\" style=\"max-width:1456px;margin-left: calc(-4% \/ 2 );margin-right: calc(-4% \/ 2 );\"><div class=\"fusion-layout-column fusion_builder_column fusion-builder-column-0 fusion_builder_column_1_1 1_1 fusion-flex-column\" style=\"--awb-bg-size:cover;--awb-width-large:100%;--awb-margin-top-large:0px;--awb-spacing-right-large:1.92%;--awb-margin-bottom-large:20px;--awb-spacing-left-large:1.92%;--awb-width-medium:100%;--awb-order-medium:0;--awb-spacing-right-medium:1.92%;--awb-spacing-left-medium:1.92%;--awb-width-small:100%;--awb-order-small:0;--awb-spacing-right-small:1.92%;--awb-spacing-left-small:1.92%;\"><div class=\"fusion-column-wrapper fusion-column-has-shadow fusion-flex-justify-content-flex-start fusion-content-layout-column\"><div class=\"fusion-text fusion-text-1\"><h2 style=\"text-align: center;\"><strong>Nos \u00e9v\u00e9nements caritatifs de pr\u00e9dilection<\/strong><\/h2>\n<p style=\"text-align: center;\"><span style=\"font-weight: 400;\">Nos partenaires de choix sont des organisateurs d&rsquo;\u00e9v\u00e9nements bien \u00e9tablis qui encouragent leurs participants \u00e0 faire des dons \u00e0 MitoCanada lorsqu&rsquo;ils s&rsquo;inscrivent \u00e0 des \u00e9v\u00e9nements ou \u00e0 des courses.<\/span><\/p>\n<p style=\"text-align: center;\">Vous aimeriez donner de l&rsquo;\u00e9nergie \u00e0 des vies et soutenir MitoCanada en tant que partenaire d&rsquo;un organisme de bienfaisance de choix ? Communiquez avec notre directrice de l&rsquo;engagement des donateurs et de la communaut\u00e9 \u00e0 l&rsquo;adresse <a class=\"cursor-pointer\" href=\"mailto:emily@mitocanada.org\" target=\"_blank\" rel=\"noopener\" data-start=\"144\" data-end=\"164\">emily@mitocanada.org.<\/a> <\/p>\n<\/div><div class=\"fusion-separator fusion-full-width-sep\" style=\"align-self: center;margin-left: auto;margin-right: auto;margin-top:10px;margin-bottom:10px;width:100%;\"><\/div><\/div><\/div><\/div><\/div><div class=\"fusion-fullwidth fullwidth-box fusion-builder-row-2 fusion-flex-container nonhundred-percent-fullwidth non-hundred-percent-height-scrolling\" style=\"--awb-border-radius-top-left:0px;--awb-border-radius-top-right:0px;--awb-border-radius-bottom-right:0px;--awb-border-radius-bottom-left:0px;--awb-flex-wrap:wrap;\" ><div class=\"fusion-builder-row fusion-row fusion-flex-align-items-flex-start fusion-flex-content-wrap\" style=\"max-width:1456px;margin-left: calc(-4% \/ 2 );margin-right: calc(-4% \/ 2 );\"><div class=\"fusion-layout-column fusion_builder_column fusion-builder-column-1 fusion_builder_column_1_1 1_1 fusion-flex-column\" style=\"--awb-bg-size:cover;--awb-width-large:100%;--awb-margin-top-large:0px;--awb-spacing-right-large:1.92%;--awb-margin-bottom-large:20px;--awb-spacing-left-large:1.92%;--awb-width-medium:100%;--awb-order-medium:0;--awb-spacing-right-medium:1.92%;--awb-spacing-left-medium:1.92%;--awb-width-small:100%;--awb-order-small:0;--awb-spacing-right-small:1.92%;--awb-spacing-left-small:1.92%;\"><div class=\"fusion-column-wrapper fusion-column-has-shadow fusion-flex-justify-content-flex-start fusion-content-layout-column\"><div class=\"fusion-blog-shortcode fusion-blog-shortcode-1 fusion-blog-archive fusion-blog-layout-grid-wrapper fusion-blog-pagination\"><style type=\"text\/css\">.fusion-blog-shortcode-1 .fusion-blog-layout-grid .fusion-post-grid{padding:20px;}.fusion-blog-shortcode-1 .fusion-posts-container{margin-left: -20px !important; margin-right:-20px !important;}<\/style><div class=\"fusion-posts-container fusion-posts-container-pagination fusion-blog-layout-grid fusion-blog-layout-grid-2 isotope fusion-blog-equal-heights\" data-pages=\"1\" data-grid-col-space=\"40\" style=\"margin: -20px -20px 0;min-height:500px;\"><article id=\"blog-1-post-11999\" class=\"fusion-post-grid post-11999 post type-post status-publish format-standard has-post-thumbnail hentry category-evenements-de-la-charite-de-choix category-oeuvre-de-bienfaisance-de-predilection\">\n<div class=\"fusion-post-wrapper\" style=\"background-color:rgba(255,255,255,0);border:1px solid #f89f28;border-bottom-width:3px;\">\n\n\t\t\t<div class=\"fusion-flexslider flexslider fusion-flexslider-loading fusion-post-slideshow\" style=\"border-color:#f89f28;\">\n\t\t<ul class=\"slides\">\n\t\t\t\n\t\t\t\t\t\t\t\t\t\t\t\t\t\t<li><div  class=\"fusion-image-wrapper\" aria-haspopup=\"true\">\n\t\t\t\t\t\t\t<a href=\"https:\/\/mitocanada.org\/fr\/5-peaks-national\/\" aria-label=\"5 Peaks (National)\">\n\t\t\t\t\t\t\t<img decoding=\"async\" width=\"1025\" height=\"375\" src=\"https:\/\/mitocanada.org\/wp-content\/uploads\/2024\/05\/5.png\" class=\"attachment-full size-full wp-post-image\" alt=\"5 Peaks Logo\" srcset=\"https:\/\/mitocanada.org\/wp-content\/uploads\/2024\/05\/5-200x73.png 200w, https:\/\/mitocanada.org\/wp-content\/uploads\/2024\/05\/5-400x146.png 400w, https:\/\/mitocanada.org\/wp-content\/uploads\/2024\/05\/5-600x220.png 600w, https:\/\/mitocanada.org\/wp-content\/uploads\/2024\/05\/5-800x293.png 800w, https:\/\/mitocanada.org\/wp-content\/uploads\/2024\/05\/5.png 1025w\" sizes=\"(min-width: 2200px) 100vw, (min-width: 712px) 680px, (min-width: 640px) 712px, \" \/>\t\t\t<\/a>\n\t\t\t\t\t\t\t<\/div>\n<\/li>\n\t\t\t\n\t\t\t\n\t\t\t\t\t\t\t\t\t\t\t\t\t\t\t\t\t\t\t\t\t\t\t\t\t\t\t\t\t\t\t\t\t\t\t\t\t\t\t\t\t\t\t\t\t\t\t\t\t\t\t\t\t\t\t\t\t\t\t\t\t\t\t\t\t\t\t\t<\/ul>\n\t<\/div>\n\t<div class=\"fusion-post-content-wrapper\" style=\"padding:30px 25px 25px 25px;\"><div class=\"fusion-post-content post-content\"><h2 class=\"blog-shortcode-post-title entry-title\"><a href=\"https:\/\/mitocanada.org\/fr\/5-peaks-national\/\">5 Peaks (National)<\/a><\/h2><div class=\"fusion-content-sep sep-none\"><\/div><div class=\"fusion-post-content-container\"><p>  Sortez de la route et engagez-vous sur les sentiers. Les \u00e9v\u00e9nements 5 Peaks sont plus que de simples [...]<\/p><\/div><\/div><div class=\"fusion-meta-info\"><div class=\"fusion-alignleft\"><a class=\"fusion-read-more\" href=\"https:\/\/mitocanada.org\/fr\/5-peaks-national\/\" aria-label=\"More on 5 Peaks (National)\">Read More<\/a><\/div><\/div><\/div><div class=\"fusion-clearfix\"><\/div><\/div>\n<\/article>\n<article id=\"blog-1-post-13760\" class=\"fusion-post-grid post-13760 post type-post status-publish format-standard has-post-thumbnail hentry category-evenements-de-la-charite-de-choix category-oeuvre-de-bienfaisance-de-predilection\">\n<div class=\"fusion-post-wrapper\" style=\"background-color:rgba(255,255,255,0);border:1px solid #f89f28;border-bottom-width:3px;\">\n\n\t\t\t<div class=\"fusion-flexslider flexslider fusion-flexslider-loading fusion-post-slideshow\" style=\"border-color:#f89f28;\">\n\t\t<ul class=\"slides\">\n\t\t\t\n\t\t\t\t\t\t\t\t\t\t\t\t\t\t<li><div  class=\"fusion-image-wrapper\" aria-haspopup=\"true\">\n\t\t\t\t\t\t\t<a href=\"https:\/\/mitocanada.org\/fr\/marathon-servus-de-calgary\/\" aria-label=\"2026 Marathon Servus de Calgary\">\n\t\t\t\t\t\t\t<img decoding=\"async\" width=\"1025\" height=\"375\" src=\"https:\/\/mitocanada.org\/wp-content\/uploads\/2024\/05\/Calgary-Marathon-Logo.png\" class=\"attachment-full size-full wp-post-image\" alt=\"Calgary Marathon Logo\" srcset=\"https:\/\/mitocanada.org\/wp-content\/uploads\/2024\/05\/Calgary-Marathon-Logo-200x73.png 200w, https:\/\/mitocanada.org\/wp-content\/uploads\/2024\/05\/Calgary-Marathon-Logo-400x146.png 400w, https:\/\/mitocanada.org\/wp-content\/uploads\/2024\/05\/Calgary-Marathon-Logo-600x220.png 600w, https:\/\/mitocanada.org\/wp-content\/uploads\/2024\/05\/Calgary-Marathon-Logo-800x293.png 800w, https:\/\/mitocanada.org\/wp-content\/uploads\/2024\/05\/Calgary-Marathon-Logo.png 1025w\" sizes=\"(min-width: 2200px) 100vw, (min-width: 712px) 680px, (min-width: 640px) 712px, \" \/>\t\t\t<\/a>\n\t\t\t\t\t\t\t<\/div>\n<\/li>\n\t\t\t\n\t\t\t\n\t\t\t\t\t\t\t\t\t\t\t\t\t\t\t\t\t\t\t\t\t\t\t\t\t\t\t\t\t\t\t\t\t\t\t\t\t\t\t\t\t\t\t\t\t\t\t\t\t\t\t\t\t\t\t\t\t\t\t\t\t\t\t\t\t\t\t\t<\/ul>\n\t<\/div>\n\t<div class=\"fusion-post-content-wrapper\" style=\"padding:30px 25px 25px 25px;\"><div class=\"fusion-post-content post-content\"><h2 class=\"blog-shortcode-post-title entry-title\"><a href=\"https:\/\/mitocanada.org\/fr\/marathon-servus-de-calgary\/\">2026 Marathon Servus de Calgary<\/a><\/h2><div class=\"fusion-content-sep sep-none\"><\/div><div class=\"fusion-post-content-container\"><p> Joignez-vous aux coureurs de MitoCanada pour \u00e9nergiser des vies en mai ! Tout au long de l'ann\u00e9e, nos MitoRunners [...]<\/p><\/div><\/div><div class=\"fusion-meta-info\"><div class=\"fusion-alignleft\"><a class=\"fusion-read-more\" href=\"https:\/\/mitocanada.org\/fr\/marathon-servus-de-calgary\/\" aria-label=\"More on 2026 Marathon Servus de Calgary\">Read More<\/a><\/div><\/div><\/div><div class=\"fusion-clearfix\"><\/div><\/div>\n<\/article>\n<article id=\"blog-1-post-13721\" class=\"fusion-post-grid post-13721 post type-post status-publish format-standard has-post-thumbnail hentry category-evenements-de-la-charite-de-choix category-oeuvre-de-bienfaisance-de-predilection\">\n<div class=\"fusion-post-wrapper\" style=\"background-color:rgba(255,255,255,0);border:1px solid #f89f28;border-bottom-width:3px;\">\n\n\t\t\t<div class=\"fusion-flexslider flexslider fusion-flexslider-loading fusion-post-slideshow\" style=\"border-color:#f89f28;\">\n\t\t<ul class=\"slides\">\n\t\t\t\n\t\t\t\t\t\t\t\t\t\t\t\t\t\t<li><div  class=\"fusion-image-wrapper\" aria-haspopup=\"true\">\n\t\t\t\t\t\t\t<a href=\"https:\/\/mitocanada.org\/fr\/serie-transrockies-bc\/\" aria-label=\"S\u00e9rie TransRockies (BC)\">\n\t\t\t\t\t\t\t<img decoding=\"async\" width=\"1025\" height=\"375\" src=\"https:\/\/mitocanada.org\/wp-content\/uploads\/2024\/05\/TransRockies-Logo.png\" class=\"attachment-full size-full wp-post-image\" alt=\"TransRockies Logo\" srcset=\"https:\/\/mitocanada.org\/wp-content\/uploads\/2024\/05\/TransRockies-Logo-200x73.png 200w, https:\/\/mitocanada.org\/wp-content\/uploads\/2024\/05\/TransRockies-Logo-400x146.png 400w, https:\/\/mitocanada.org\/wp-content\/uploads\/2024\/05\/TransRockies-Logo-600x220.png 600w, https:\/\/mitocanada.org\/wp-content\/uploads\/2024\/05\/TransRockies-Logo-800x293.png 800w, https:\/\/mitocanada.org\/wp-content\/uploads\/2024\/05\/TransRockies-Logo.png 1025w\" sizes=\"(min-width: 2200px) 100vw, (min-width: 712px) 680px, (min-width: 640px) 712px, \" \/>\t\t\t<\/a>\n\t\t\t\t\t\t\t<\/div>\n<\/li>\n\t\t\t\n\t\t\t\n\t\t\t\t\t\t\t\t\t\t\t\t\t\t\t\t\t\t\t\t\t\t\t\t\t\t\t\t\t\t\t\t\t\t\t\t\t\t\t\t\t\t\t\t\t\t\t\t\t\t\t\t\t\t\t\t\t\t\t\t\t\t\t\t\t\t\t\t<\/ul>\n\t<\/div>\n\t<div class=\"fusion-post-content-wrapper\" style=\"padding:30px 25px 25px 25px;\"><div class=\"fusion-post-content post-content\"><h2 class=\"blog-shortcode-post-title entry-title\"><a href=\"https:\/\/mitocanada.org\/fr\/serie-transrockies-bc\/\">S\u00e9rie TransRockies (BC)<\/a><\/h2><div class=\"fusion-content-sep sep-none\"><\/div><div class=\"fusion-post-content-container\"><p>  La TransRockies Race Series a nomm\u00e9 MitoCanada comme organisme de bienfaisance officiel de la TransRockies Race Series en [...]<\/p><\/div><\/div><div class=\"fusion-meta-info\"><div class=\"fusion-alignleft\"><a class=\"fusion-read-more\" href=\"https:\/\/mitocanada.org\/fr\/serie-transrockies-bc\/\" aria-label=\"More on S\u00e9rie TransRockies (BC)\">Read More<\/a><\/div><\/div><\/div><div class=\"fusion-clearfix\"><\/div><\/div>\n<\/article>\n<div class=\"fusion-clearfix\"><\/div><\/div><\/div><\/div><\/div><\/div><\/div><\/p>\n","protected":false},"excerpt":{"rendered":"","protected":false},"author":2,"featured_media":0,"parent":0,"menu_order":79,"comment_status":"closed","ping_status":"closed","template":"","meta":{"om_disable_all_campaigns":false,"_monsterinsights_skip_tracking":false,"_monsterinsights_sitenote_active":false,"_monsterinsights_sitenote_note":"","_monsterinsights_sitenote_category":0,"_uf_show_specific_survey":0,"_uf_disable_surveys":false,"footnotes":""},"class_list":["post-13703","page","type-page","status-publish","hentry"],"aioseo_notices":[],"_links":{"self":[{"href":"https:\/\/mitocanada.org\/fr\/wp-json\/wp\/v2\/pages\/13703","targetHints":{"allow":["GET"]}}],"collection":[{"href":"https:\/\/mitocanada.org\/fr\/wp-json\/wp\/v2\/pages"}],"about":[{"href":"https:\/\/mitocanada.org\/fr\/wp-json\/wp\/v2\/types\/page"}],"author":[{"embeddable":true,"href":"https:\/\/mitocanada.org\/fr\/wp-json\/wp\/v2\/users\/2"}],"replies":[{"embeddable":true,"href":"https:\/\/mitocanada.org\/fr\/wp-json\/wp\/v2\/comments?post=13703"}],"version-history":[{"count":4,"href":"https:\/\/mitocanada.org\/fr\/wp-json\/wp\/v2\/pages\/13703\/revisions"}],"predecessor-version":[{"id":13707,"href":"https:\/\/mitocanada.org\/fr\/wp-json\/wp\/v2\/pages\/13703\/revisions\/13707"}],"wp:attachment":[{"href":"https:\/\/mitocanada.org\/fr\/wp-json\/wp\/v2\/media?parent=13703"}],"curies":[{"name":"wp","href":"https:\/\/api.w.org\/{rel}","templated":true}]}}