{"id":13284,"date":"2025-11-17T14:44:32","date_gmt":"2025-11-17T19:44:32","guid":{"rendered":"https:\/\/mitocanada.org\/2025-don-pour-les-fetes-de-fin-dannee\/"},"modified":"2025-11-20T19:04:34","modified_gmt":"2025-11-21T00:04:34","slug":"2025-don-pour-les-fetes-de-fin-dannee","status":"publish","type":"page","link":"https:\/\/mitocanada.org\/fr\/2025-don-pour-les-fetes-de-fin-dannee\/","title":{"rendered":"2025 Don pour les f\u00eates de fin d&rsquo;ann\u00e9e"},"content":{"rendered":"<p><div class=\"fusion-fullwidth fullwidth-box fusion-builder-row-1 fusion-flex-container nonhundred-percent-fullwidth non-hundred-percent-height-scrolling\" style=\"--awb-border-radius-top-left:0px;--awb-border-radius-top-right:0px;--awb-border-radius-bottom-right:0px;--awb-border-radius-bottom-left:0px;--awb-flex-wrap:wrap;\" ><div class=\"fusion-builder-row fusion-row fusion-flex-align-items-flex-start fusion-flex-content-wrap\" style=\"max-width:1456px;margin-left: calc(-4% \/ 2 );margin-right: calc(-4% \/ 2 );\"><div class=\"fusion-layout-column fusion_builder_column fusion-builder-column-0 fusion_builder_column_1_1 1_1 fusion-flex-column\" style=\"--awb-bg-size:cover;--awb-width-large:100%;--awb-margin-top-large:0px;--awb-spacing-right-large:1.92%;--awb-margin-bottom-large:0px;--awb-spacing-left-large:1.92%;--awb-width-medium:100%;--awb-spacing-right-medium:1.92%;--awb-spacing-left-medium:1.92%;--awb-width-small:100%;--awb-spacing-right-small:1.92%;--awb-spacing-left-small:1.92%;\"><div class=\"fusion-column-wrapper fusion-flex-justify-content-flex-start fusion-content-layout-column\"><div class=\"fusion-image-element \" style=\"--awb-caption-title-font-family:var(--h2_typography-font-family);--awb-caption-title-font-weight:var(--h2_typography-font-weight);--awb-caption-title-font-style:var(--h2_typography-font-style);--awb-caption-title-size:var(--h2_typography-font-size);--awb-caption-title-transform:var(--h2_typography-text-transform);--awb-caption-title-line-height:var(--h2_typography-line-height);--awb-caption-title-letter-spacing:var(--h2_typography-letter-spacing);\"><span class=\" fusion-imageframe imageframe-none imageframe-1 hover-type-none\"><img decoding=\"async\" width=\"2000\" height=\"667\" title=\"FY26 Holiday Campaign Banner-3\" src=\"https:\/\/mitocanada.org\/wp-content\/uploads\/2025\/11\/FY26-Holiday-Campaign-Banner-3.png\" alt class=\"img-responsive wp-image-13264\" srcset=\"https:\/\/mitocanada.org\/wp-content\/uploads\/2025\/11\/FY26-Holiday-Campaign-Banner-3-200x67.png 200w, https:\/\/mitocanada.org\/wp-content\/uploads\/2025\/11\/FY26-Holiday-Campaign-Banner-3-400x133.png 400w, https:\/\/mitocanada.org\/wp-content\/uploads\/2025\/11\/FY26-Holiday-Campaign-Banner-3-600x200.png 600w, https:\/\/mitocanada.org\/wp-content\/uploads\/2025\/11\/FY26-Holiday-Campaign-Banner-3-800x267.png 800w, https:\/\/mitocanada.org\/wp-content\/uploads\/2025\/11\/FY26-Holiday-Campaign-Banner-3-1200x400.png 1200w, https:\/\/mitocanada.org\/wp-content\/uploads\/2025\/11\/FY26-Holiday-Campaign-Banner-3.png 2000w\" sizes=\"(max-width: 640px) 100vw, 2000px\" \/><\/span><\/div><div class=\"fusion-separator fusion-full-width-sep\" style=\"align-self: center;margin-left: auto;margin-right: auto;margin-top:25px;width:100%;\"><\/div><div class=\"fusion-text fusion-text-1\"><h1 data-start=\"86\" data-end=\"168\">15 ans de force. Dynamiser la prochaine g\u00e9n\u00e9ration. <\/h1>\n<\/div><div class=\"fusion-separator fusion-full-width-sep\" style=\"align-self: center;margin-left: auto;margin-right: auto;margin-top:25px;width:100%;\"><\/div><div class=\"fusion-text fusion-text-2\"><p>R\u00e9pandez la g\u00e9n\u00e9rosit\u00e9 en cette p\u00e9riode de f\u00eates en soutenant nos programmes vitaux, comme le programme mitoScholars, qui offre des bourses d&rsquo;\u00e9tudes de 5 000 $ \u00e0 de jeunes adultes canadiens atteints d&rsquo;une maladie mitochondriale. Votre don permet d&rsquo;all\u00e9ger les pressions financi\u00e8res afin que nos mitoScholars puissent se concentrer sur leurs \u00e9tudes, leurs objectifs et leur avenir. <\/p>\n<p><span style=\"font-weight: 400;\">Votre soutien va au-del\u00e0 de l&rsquo;aide financi\u00e8re. Il permet aux \u00e9tudiants de sensibiliser l&rsquo;opinion publique, de partager leurs exp\u00e9riences et d&rsquo;\u00e9duquer la prochaine g\u00e9n\u00e9ration sur la maladie mitochondriale. <\/span><\/p>\n<p><br style=\"font-weight: 400;\"><br style=\"font-weight: 400;\"><\/p>\n<\/div><div class=\"fusion-separator fusion-full-width-sep\" style=\"align-self: center;margin-left: auto;margin-right: auto;margin-top:10px;width:100%;\"><\/div><\/div><\/div><div class=\"fusion-layout-column fusion_builder_column fusion-builder-column-1 fusion_builder_column_3_5 3_5 fusion-flex-column fusion-flex-align-self-center\" style=\"--awb-padding-top:10px;--awb-padding-right:25px;--awb-padding-bottom:25px;--awb-padding-left:25px;--awb-bg-size:cover;--awb-width-large:60%;--awb-margin-top-large:0px;--awb-spacing-right-large:3.2%;--awb-margin-bottom-large:0px;--awb-spacing-left-large:3.2%;--awb-width-medium:60%;--awb-order-medium:0;--awb-spacing-right-medium:3.2%;--awb-spacing-left-medium:3.2%;--awb-width-small:100%;--awb-order-small:0;--awb-spacing-right-small:1.92%;--awb-spacing-left-small:1.92%;\"><div class=\"fusion-column-wrapper fusion-column-has-shadow fusion-flex-justify-content-center fusion-content-layout-column\"><div class=\"fusion-text fusion-text-3 fusion-text-no-margin\" style=\"--awb-margin-bottom:0px;\"><h3><b>Rencontrez Miriam Chatterton-Taylor, l&rsquo;une de nos 2023 mitoScholars  <\/b><\/h3>\n<p>Miriam est atteinte de MELAS, une maladie neurod\u00e9g\u00e9n\u00e9rative multisyst\u00e9mique rare et progressive. Cette maladie mitochondriale affecte de nombreuses parties du corps, les plus courantes \u00e9tant le cerveau, le syst\u00e8me nerveux et les muscles. Miriam d\u00e9clare : \u00ab\u00a0Ma pers\u00e9v\u00e9rance, mon travail acharn\u00e9, ma passion et ma famille m&rsquo;ont permis de vivre pleinement ma vie malgr\u00e9 cette maladie qui m&#8217;emp\u00eache d&rsquo;avancer.\u00a0\u00bb  <\/p>\n<blockquote>\n<p>\u00ab\u00a0J&rsquo;aimerais remercier chaleureusement le comit\u00e9 des bourses et MitoCanada d&rsquo;avoir \u00e9t\u00e9 choisie pour la bourse MitoScholarship de cette ann\u00e9e. Le diagnostic de MELAS a boulevers\u00e9 ma vie. Certains jours, ma maladie me rend la vie vraiment difficile, mais je pers\u00e9v\u00e8re et je travaille tr\u00e8s dur dans mes \u00e9tudes pour me prouver que je suis capable.\u00a0\u00bb<\/p>\n<\/blockquote>\n<\/div><\/div><\/div><div class=\"fusion-layout-column fusion_builder_column fusion-builder-column-2 fusion_builder_column_2_5 2_5 fusion-flex-column\" style=\"--awb-bg-size:cover;--awb-width-large:40%;--awb-margin-top-large:0px;--awb-spacing-right-large:4.8%;--awb-margin-bottom-large:20px;--awb-spacing-left-large:4.8%;--awb-width-medium:40%;--awb-order-medium:0;--awb-spacing-right-medium:4.8%;--awb-spacing-left-medium:4.8%;--awb-width-small:100%;--awb-order-small:0;--awb-spacing-right-small:1.92%;--awb-spacing-left-small:1.92%;\"><div class=\"fusion-column-wrapper fusion-column-has-shadow fusion-flex-justify-content-flex-start fusion-content-layout-column\"><div class=\"fusion-image-element \" style=\"--awb-caption-title-font-family:var(--h2_typography-font-family);--awb-caption-title-font-weight:var(--h2_typography-font-weight);--awb-caption-title-font-style:var(--h2_typography-font-style);--awb-caption-title-size:var(--h2_typography-font-size);--awb-caption-title-transform:var(--h2_typography-text-transform);--awb-caption-title-line-height:var(--h2_typography-line-height);--awb-caption-title-letter-spacing:var(--h2_typography-letter-spacing);\"><span class=\" fusion-imageframe imageframe-none imageframe-2 hover-type-none\"><img decoding=\"async\" width=\"500\" height=\"500\" alt=\"John Fisher, h\u00e9ros du mois de MitoCanada\" title=\"MitoCanada 2023 mitoscholar Miriam Chatterton-Taylor\" src=\"https:\/\/mitocanada.org\/wp-content\/uploads\/2025\/11\/MitoCanada-2023-mitoscholar-Miriam-Chatterton-Taylor.png\" class=\"img-responsive wp-image-13269\" srcset=\"https:\/\/mitocanada.org\/wp-content\/uploads\/2025\/11\/MitoCanada-2023-mitoscholar-Miriam-Chatterton-Taylor-200x200.png 200w, https:\/\/mitocanada.org\/wp-content\/uploads\/2025\/11\/MitoCanada-2023-mitoscholar-Miriam-Chatterton-Taylor-400x400.png 400w, https:\/\/mitocanada.org\/wp-content\/uploads\/2025\/11\/MitoCanada-2023-mitoscholar-Miriam-Chatterton-Taylor.png 500w\" sizes=\"(max-width: 640px) 100vw, 500px\" \/><\/span><\/div><\/div><\/div><\/div><\/div><div class=\"fusion-fullwidth fullwidth-box fusion-builder-row-2 fusion-flex-container has-pattern-background has-mask-background nonhundred-percent-fullwidth non-hundred-percent-height-scrolling\" style=\"--awb-border-radius-top-left:0px;--awb-border-radius-top-right:0px;--awb-border-radius-bottom-right:0px;--awb-border-radius-bottom-left:0px;--awb-flex-wrap:wrap;\" ><div class=\"fusion-builder-row fusion-row fusion-flex-align-items-flex-start fusion-flex-content-wrap\" style=\"max-width:1456px;margin-left: calc(-4% \/ 2 );margin-right: calc(-4% \/ 2 );\"><div class=\"fusion-layout-column fusion_builder_column fusion-builder-column-3 fusion_builder_column_1_1 1_1 fusion-flex-column\" style=\"--awb-bg-size:cover;--awb-width-large:100%;--awb-margin-top-large:0px;--awb-spacing-right-large:1.92%;--awb-margin-bottom-large:20px;--awb-spacing-left-large:1.92%;--awb-width-medium:100%;--awb-order-medium:0;--awb-spacing-right-medium:1.92%;--awb-spacing-left-medium:1.92%;--awb-width-small:100%;--awb-order-small:0;--awb-spacing-right-small:1.92%;--awb-spacing-left-small:1.92%;\"><div class=\"fusion-column-wrapper fusion-column-has-shadow fusion-flex-justify-content-flex-start fusion-content-layout-column\"><div class=\"fusion-separator fusion-full-width-sep\" style=\"align-self: center;margin-left: auto;margin-right: auto;margin-top:25px;width:100%;\"><\/div><script id=\"ch_cdn_embed\" type=\"text\/javascript\" src=\"https:\/\/www.canadahelps.org\/secure\/js\/cdf_embed.2.js\" charSet=\"utf-8\" data-language=\"en\" data-page-id=\"139258\" data-root-url=\"https:\/\/www.canadahelps.org\" data-formtype=\"1\" data-cfasync=\"false\"><\/script><\/div><\/div><\/div><\/div><\/p>\n","protected":false},"excerpt":{"rendered":"","protected":false},"author":2,"featured_media":0,"parent":0,"menu_order":2,"comment_status":"closed","ping_status":"closed","template":"","meta":{"om_disable_all_campaigns":false,"_monsterinsights_skip_tracking":false,"_monsterinsights_sitenote_active":false,"_monsterinsights_sitenote_note":"","_monsterinsights_sitenote_category":0,"_uf_show_specific_survey":0,"_uf_disable_surveys":false,"footnotes":""},"class_list":["post-13284","page","type-page","status-publish","hentry"],"aioseo_notices":[],"_links":{"self":[{"href":"https:\/\/mitocanada.org\/fr\/wp-json\/wp\/v2\/pages\/13284","targetHints":{"allow":["GET"]}}],"collection":[{"href":"https:\/\/mitocanada.org\/fr\/wp-json\/wp\/v2\/pages"}],"about":[{"href":"https:\/\/mitocanada.org\/fr\/wp-json\/wp\/v2\/types\/page"}],"author":[{"embeddable":true,"href":"https:\/\/mitocanada.org\/fr\/wp-json\/wp\/v2\/users\/2"}],"replies":[{"embeddable":true,"href":"https:\/\/mitocanada.org\/fr\/wp-json\/wp\/v2\/comments?post=13284"}],"version-history":[{"count":3,"href":"https:\/\/mitocanada.org\/fr\/wp-json\/wp\/v2\/pages\/13284\/revisions"}],"predecessor-version":[{"id":13287,"href":"https:\/\/mitocanada.org\/fr\/wp-json\/wp\/v2\/pages\/13284\/revisions\/13287"}],"wp:attachment":[{"href":"https:\/\/mitocanada.org\/fr\/wp-json\/wp\/v2\/media?parent=13284"}],"curies":[{"name":"wp","href":"https:\/\/api.w.org\/{rel}","templated":true}]}}