{"id":13217,"date":"2025-06-16T16:38:07","date_gmt":"2025-06-16T20:38:07","guid":{"rendered":"https:\/\/mitocanada.org\/mitorevolution-faire-progresser-la-transplantation-mitochondriale\/"},"modified":"2026-01-15T12:56:16","modified_gmt":"2026-01-15T17:56:16","slug":"mitorevolution-faire-progresser-la-transplantation-mitochondriale","status":"publish","type":"page","link":"https:\/\/mitocanada.org\/fr\/mitorevolution-faire-progresser-la-transplantation-mitochondriale\/","title":{"rendered":"MitoRevolution : Faire progresser la transplantation mitochondriale"},"content":{"rendered":"<div class=\"fusion-fullwidth fullwidth-box fusion-builder-row-1 fusion-flex-container nonhundred-percent-fullwidth non-hundred-percent-height-scrolling\" style=\"--awb-border-radius-top-left:0px;--awb-border-radius-top-right:0px;--awb-border-radius-bottom-right:0px;--awb-border-radius-bottom-left:0px;--awb-flex-wrap:wrap;\" ><div class=\"fusion-builder-row fusion-row fusion-flex-align-items-flex-start fusion-flex-content-wrap\" style=\"max-width:1456px;margin-left: calc(-4% \/ 2 );margin-right: calc(-4% \/ 2 );\"><div class=\"fusion-layout-column fusion_builder_column fusion-builder-column-0 fusion_builder_column_1_1 1_1 fusion-flex-column\" style=\"--awb-bg-size:cover;--awb-width-large:100%;--awb-margin-top-large:0px;--awb-spacing-right-large:1.92%;--awb-margin-bottom-large:0px;--awb-spacing-left-large:1.92%;--awb-width-medium:100%;--awb-spacing-right-medium:1.92%;--awb-spacing-left-medium:1.92%;--awb-width-small:100%;--awb-spacing-right-small:1.92%;--awb-spacing-left-small:1.92%;\"><div class=\"fusion-column-wrapper fusion-flex-justify-content-flex-start fusion-content-layout-column\"><div class=\"fusion-text fusion-text-1\" style=\"--awb-text-transform:none;\"><h2 style=\"font-weight: 400;\"><strong>MitoRevolution : Faire progresser la transplantation mitochondriale en s&rsquo;appuyant sur la voix des patients<\/strong><\/h2>\n<p class=\"p1\">MitoCanada est fi\u00e8re d&rsquo;\u00eatre l&rsquo;un des principaux partenaires de MitoRevolution, une initiative de recherche r\u00e9volutionnaire de 23,8 millions de dollars financ\u00e9e par le Fonds pour la recherche sur les nouvelles fronti\u00e8res &#8211; Transformation (FRNF-T). Ce projet historique, dirig\u00e9 par la Dre Ana Andreazza et l&rsquo;\u00e9quipe MITO2i de l&rsquo;Universit\u00e9 de Toronto, marque une avanc\u00e9e audacieuse dans le domaine de la m\u00e9decine r\u00e9g\u00e9n\u00e9rative.<\/p>\n<h3 class=\"p1\">A propos du projet : MitoRevolution<\/h3>\n<p>MitoRevolution : La transplantation mitochondriale transforme la m\u00e9decine r\u00e9g\u00e9n\u00e9rative : de la recherche aux soins aux patients, jusqu\u2019\u00e0 l\u2019impact mondial vise \u00e0 explorer une approche th\u00e9rapeutique innovante : la transplantation de mitochondries saines dans des cellules endommag\u00e9es. Cette technique pourrait r\u00e9volutionner le traitement des maladies suivantes :<\/p>\n<ul>\n<li>D\u00e9faillance des organes<\/li>\n<li>Inflammation chronique<\/li>\n<li>Maladies neurod\u00e9g\u00e9n\u00e9ratives et d\u00e9g\u00e9n\u00e9ratives<\/li>\n<\/ul>\n<p class=\"p2\">En r\u00e9tablissant la production d&rsquo;\u00e9nergie au niveau cellulaire, la transplantation mitochondriale offre un espoir l\u00e0 o\u00f9 la m\u00e9decine conventionnelle \u00e9choue souvent.<\/p>\n<h3 class=\"p4\">Le r\u00f4le de MitoCanada : Centrer la voix des patients<\/h3>\n<p data-start=\"1427\" data-end=\"1646\">Depuis 2017, MitoCanada travaille en \u00e9troite collaboration avec le Dr Andreazza et l&rsquo;\u00e9quipe de MITO2i pour s&rsquo;assurer que les perspectives des patients et de la communaut\u00e9 sont int\u00e9gr\u00e9es \u00e0 chaque \u00e9tape de ce travail transformateur, du laboratoire au chevet du patient.<\/p>\n<p data-start=\"1648\" data-end=\"1783\">En tant que l&rsquo;une des organisations qui dirigent l&rsquo;initiative d&rsquo;engagement des patients et de la communaut\u00e9 dans le cadre du projet MitoRevolution, MitoCanada va.. :<\/p>\n<ul>\n<li class=\"p5\">Promouvoir l&rsquo;int\u00e9gration de l&rsquo;exp\u00e9rience des patients dans la recherche<\/li>\n<li class=\"p6\">Collaborer \u00e0 des mod\u00e8les de soins \u00e9thiques, inclusifs et culturellement inform\u00e9s, y compris des cadres de sant\u00e9 indig\u00e8nes.<\/li>\n<li class=\"p6\">Contribuer \u00e0 la conception et au partage d&rsquo;outils \u00e9ducatifs pour accro\u00eetre la sensibilisation et la compr\u00e9hension de la transplantation mitochondriale.<\/li>\n<li>Favoriser le dialogue entre les patients, les soignants, les chercheurs et les cliniciens afin de s&rsquo;assurer que les th\u00e9rapies \u00e9mergentes refl\u00e8tent les besoins et les priorit\u00e9s du monde r\u00e9el.<\/li>\n<\/ul>\n<h3>Une vision audacieuse pour la m\u00e9decine r\u00e9g\u00e9n\u00e9rative<\/h3>\n<p class=\"p1\">MitoRevolution r\u00e9unit une \u00e9quipe interdisciplinaire exceptionnelle provenant de tout le Canada,<br \/>\n, comprenant des experts dans les domaines suivants <img decoding=\"async\" class=\"wp-image-12112 alignright\" src=\"https:\/\/mitocanada.org\/wp-content\/uploads\/2025\/06\/9d9858fc-a887-c763-b3e6-4a0e74c703f5.jpg\" alt=\"\" width=\"568\" height=\"323\" srcset=\"https:\/\/mitocanada.org\/wp-content\/uploads\/2025\/06\/9d9858fc-a887-c763-b3e6-4a0e74c703f5-200x114.jpg 200w, https:\/\/mitocanada.org\/wp-content\/uploads\/2025\/06\/9d9858fc-a887-c763-b3e6-4a0e74c703f5-300x171.jpg 300w, https:\/\/mitocanada.org\/wp-content\/uploads\/2025\/06\/9d9858fc-a887-c763-b3e6-4a0e74c703f5-400x227.jpg 400w, https:\/\/mitocanada.org\/wp-content\/uploads\/2025\/06\/9d9858fc-a887-c763-b3e6-4a0e74c703f5-600x341.jpg 600w, https:\/\/mitocanada.org\/wp-content\/uploads\/2025\/06\/9d9858fc-a887-c763-b3e6-4a0e74c703f5-768x437.jpg 768w, https:\/\/mitocanada.org\/wp-content\/uploads\/2025\/06\/9d9858fc-a887-c763-b3e6-4a0e74c703f5-800x455.jpg 800w, https:\/\/mitocanada.org\/wp-content\/uploads\/2025\/06\/9d9858fc-a887-c763-b3e6-4a0e74c703f5-1024x582.jpg 1024w, https:\/\/mitocanada.org\/wp-content\/uploads\/2025\/06\/9d9858fc-a887-c763-b3e6-4a0e74c703f5-1200x682.jpg 1200w, https:\/\/mitocanada.org\/wp-content\/uploads\/2025\/06\/9d9858fc-a887-c763-b3e6-4a0e74c703f5-1536x873.jpg 1536w, https:\/\/mitocanada.org\/wp-content\/uploads\/2025\/06\/9d9858fc-a887-c763-b3e6-4a0e74c703f5.jpg 1784w\" sizes=\"(max-width: 568px) 100vw, 568px\" \/><\/p>\n<ul>\n<li data-start=\"2421\" data-end=\"2454\">Syst\u00e8mes de livraison aliment\u00e9s par l&rsquo;IA<\/li>\n<li data-start=\"2457\" data-end=\"2496\">Plateformes d&rsquo;analyse d&rsquo;organes sur puce<\/li>\n<li data-start=\"2499\" data-end=\"2556\">Conception d&rsquo;essais cliniques sur plusieurs syst\u00e8mes d&rsquo;organes<\/li>\n<li data-start=\"2559\" data-end=\"2604\">\u00c9quit\u00e9, acc\u00e8s et int\u00e9gration communautaire<\/li>\n<\/ul>\n<p>Ensemble, nous travaillons \u00e0 un avenir o\u00f9 la r\u00e9paration et la r\u00e9g\u00e9n\u00e9ration cellulaires deviendront des soins standard, et o\u00f9 la transplantation de mitochondries pourra am\u00e9liorer des vies \u00e0 l&rsquo;\u00e9chelle mondiale.<\/p>\n<p><em><span class=\"OYPEnA font-feature-liga-off font-feature-clig-off font-feature-calt-off text-decoration-none text-strikethrough-none\">\u00ab\u00a0Nous pensons que la transplantation de mitochondries va remodeler le paysage de la m\u00e9decine r\u00e9g\u00e9n\u00e9rative\u00a0\u00bb, d\u00e9clare le Dr Andreazza. \u00ab\u00a0Il ne s&rsquo;agit pas de g\u00e9rer la maladie. Il s&rsquo;agit de restaurer la vie \u00e0 son niveau le plus fondamental et de faire en sorte que cette avanc\u00e9e soit accessible \u00e0 tous.\u00a0\u00bb <\/span><\/em><\/p>\n<p><em>\u00ab\u00a0Nous nous lan\u00e7ons dans une aventure passionnante et potentiellement transformatrice, o\u00f9, pour la premi\u00e8re fois, les chercheurs et la communaut\u00e9 des patients marchent c\u00f4te \u00e0 c\u00f4te. Bien qu&rsquo;il reste encore beaucoup \u00e0 apprendre, la possibilit\u00e9 de sauver ou de restaurer l&rsquo;\u00e9nergie cellulaire offre un r\u00e9el espoir. Ce travail pourrait changer non seulement la fa\u00e7on dont nous traitons les maladies, mais aussi la fa\u00e7on dont nous comprenons ce qui est possible pour les personnes vivant avec des maladies mitochondriales et des maladies li\u00e9es \u00e0 l&rsquo;\u00e9nergie.<\/em><br data-start=\"520\" data-end=\"523\" \/><em>&#8211; Kate Murray, PDG, MitoCanada<\/em><\/p>\n<\/div><div class=\"fusion-separator fusion-full-width-sep\" style=\"align-self: center;margin-left: auto;margin-right: auto;margin-top:5px;margin-bottom:5px;width:100%;\"><\/div><div style=\"text-align:left;\"><a class=\"fusion-button button-flat fusion-button-default-size button-default fusion-button-default button-1 fusion-button-default-span fusion-button-default-type\" target=\"_self\" href=\"https:\/\/mitocanada.org\/fr\/formulaire-dinscription\/\"><span class=\"fusion-button-text\">Participez<\/span><\/a><\/div><div class=\"fusion-separator fusion-full-width-sep\" style=\"align-self: center;margin-left: auto;margin-right: auto;margin-top:10px;margin-bottom:10px;width:100%;\"><\/div><div class=\"fusion-text fusion-text-2\"><p>Si vous souhaitez en savoir plus sur la mani\u00e8re dont vous pouvez participer \u00e0 l&rsquo;engagement des patients dans la recherche, notamment dans le cadre de l&rsquo;initiative MitoRevolution, n&rsquo;h\u00e9sitez pas \u00e0 nous contacter.<\/p>\n<\/div><div class=\"fusion-separator fusion-full-width-sep\" style=\"align-self: center;margin-left: auto;margin-right: auto;margin-top:5px;margin-bottom:5px;width:100%;\"><\/div><div class=\"fusion-text fusion-text-3\"><h3>La prochaine fronti\u00e8re m\u00e9dicale : les mitochondries vont r\u00e9volutionner le traitement des maladies<\/h3>\n<p>En juillet 2025, le gouvernement du Canada a publi\u00e9 un article mettant en lumi\u00e8re l&rsquo;initiative r\u00e9volutionnaire \u00ab\u00a0MitoRevolution\u00a0\u00bb, un projet de recherche canadien qui pourrait transformer la fa\u00e7on dont nous traitons les maladies d\u00e9g\u00e9n\u00e9ratives, les d\u00e9faillances d&rsquo;organes et l&rsquo;inflammation chronique.<\/p>\n<p>Soutenu par une subvention de 23,8 millions de dollars du New Frontiers in Research Fund Transformation grant, cet effort audacieux r\u00e9unit d&rsquo;\u00e9minents experts en bio-ing\u00e9nierie, en ing\u00e9nierie chimique, en IA, en sant\u00e9 publique et en recherche clinique afin de d\u00e9velopper une th\u00e9rapie qui d\u00e9livre des mitochondries saines directement dans les cellules endommag\u00e9es, favorisant ainsi la r\u00e9g\u00e9n\u00e9ration et la gu\u00e9rison. Cette approche pionni\u00e8re pourrait apporter une solution \u00e0 un large \u00e9ventail de maladies chroniques et d\u00e9g\u00e9n\u00e9ratives.<\/p>\n<\/div><div ><a class=\"fusion-button button-flat fusion-button-default-size button-default fusion-button-default button-2 fusion-button-default-span fusion-button-default-type\" target=\"_blank\" rel=\"noopener noreferrer\" href=\"https:\/\/sshrc-crsh.canada.ca\/funding-financement\/nfrf-fnfr\/stories-histoires\/2025\/mitochondria_revolution-revolution_mitochondrie-eng.aspx\"><span class=\"fusion-button-text\">En savoir plus<\/span><\/a><\/div><\/div><\/div><\/div><\/div>\n","protected":false},"excerpt":{"rendered":"","protected":false},"author":3,"featured_media":13814,"parent":0,"menu_order":81,"comment_status":"closed","ping_status":"closed","template":"","meta":{"om_disable_all_campaigns":false,"_monsterinsights_skip_tracking":false,"_monsterinsights_sitenote_active":false,"_monsterinsights_sitenote_note":"","_monsterinsights_sitenote_category":0,"_uf_show_specific_survey":0,"_uf_disable_surveys":false,"footnotes":""},"class_list":["post-13217","page","type-page","status-publish","has-post-thumbnail","hentry"],"aioseo_notices":[],"_links":{"self":[{"href":"https:\/\/mitocanada.org\/fr\/wp-json\/wp\/v2\/pages\/13217","targetHints":{"allow":["GET"]}}],"collection":[{"href":"https:\/\/mitocanada.org\/fr\/wp-json\/wp\/v2\/pages"}],"about":[{"href":"https:\/\/mitocanada.org\/fr\/wp-json\/wp\/v2\/types\/page"}],"author":[{"embeddable":true,"href":"https:\/\/mitocanada.org\/fr\/wp-json\/wp\/v2\/users\/3"}],"replies":[{"embeddable":true,"href":"https:\/\/mitocanada.org\/fr\/wp-json\/wp\/v2\/comments?post=13217"}],"version-history":[{"count":7,"href":"https:\/\/mitocanada.org\/fr\/wp-json\/wp\/v2\/pages\/13217\/revisions"}],"predecessor-version":[{"id":13816,"href":"https:\/\/mitocanada.org\/fr\/wp-json\/wp\/v2\/pages\/13217\/revisions\/13816"}],"wp:featuredmedia":[{"embeddable":true,"href":"https:\/\/mitocanada.org\/fr\/wp-json\/wp\/v2\/media\/13814"}],"wp:attachment":[{"href":"https:\/\/mitocanada.org\/fr\/wp-json\/wp\/v2\/media?parent=13217"}],"curies":[{"name":"wp","href":"https:\/\/api.w.org\/{rel}","templated":true}]}}