{"id":13214,"date":"2025-06-27T15:21:13","date_gmt":"2025-06-27T19:21:13","guid":{"rendered":"https:\/\/mitocanada.org\/un-point-de-vue-communautaire-sur-la-therapie-de-remplacement-mitochondriale-trm\/"},"modified":"2025-11-08T22:57:33","modified_gmt":"2025-11-09T03:57:33","slug":"un-point-de-vue-communautaire-sur-la-therapie-de-remplacement-mitochondriale-trm","status":"publish","type":"page","link":"https:\/\/mitocanada.org\/fr\/un-point-de-vue-communautaire-sur-la-therapie-de-remplacement-mitochondriale-trm\/","title":{"rendered":"Un point de vue communautaire sur la th\u00e9rapie de remplacement mitochondriale (TRM)"},"content":{"rendered":"<div class=\"fusion-fullwidth fullwidth-box fusion-builder-row-1 fusion-flex-container nonhundred-percent-fullwidth non-hundred-percent-height-scrolling\" style=\"--awb-border-radius-top-left:0px;--awb-border-radius-top-right:0px;--awb-border-radius-bottom-right:0px;--awb-border-radius-bottom-left:0px;--awb-flex-wrap:wrap;\" ><div class=\"fusion-builder-row fusion-row fusion-flex-align-items-flex-start fusion-flex-content-wrap\" style=\"max-width:1456px;margin-left: calc(-4% \/ 2 );margin-right: calc(-4% \/ 2 );\"><div class=\"fusion-layout-column fusion_builder_column fusion-builder-column-0 fusion_builder_column_1_1 1_1 fusion-flex-column\" style=\"--awb-bg-size:cover;--awb-width-large:100%;--awb-margin-top-large:0px;--awb-spacing-right-large:1.92%;--awb-margin-bottom-large:0px;--awb-spacing-left-large:1.92%;--awb-width-medium:100%;--awb-spacing-right-medium:1.92%;--awb-spacing-left-medium:1.92%;--awb-width-small:100%;--awb-spacing-right-small:1.92%;--awb-spacing-left-small:1.92%;\"><div class=\"fusion-column-wrapper fusion-flex-justify-content-flex-start fusion-content-layout-column\"><div class=\"fusion-text fusion-text-1\" style=\"--awb-text-transform:none;\"><h3 style=\"font-weight: 400;\"><strong>R\u00e9sum\u00e9 : Une perspective communautaire sur la th\u00e9rapie de remplacement mitochondriale (TRM)<\/strong><\/h3>\n<h5>Juin 2025<\/h5>\n<p style=\"font-weight: 400;\">La <strong>th\u00e9rapie de remplacement mitochondrial (TRM)<\/strong> est une technique in vitro (FIV) innovante qui peut aider les femmes porteuses de mutations de l&rsquo;ADN mitochondrial (ADNm) \u00e0 avoir des enfants avec un risque r\u00e9duit de transmission de ces mutations, r\u00e9duisant ainsi le risque de maladie mitochondriale. Si la TRM est l\u00e9gale et pratiqu\u00e9e dans des pays comme le Royaume-Uni, l&rsquo;Ukraine et l&rsquo;Australie, elle est actuellement interdite au Canada. <\/p>\n<p style=\"font-weight: 400;\">La loi qui interdit le TRM au Canada, appel\u00e9e <em>Loi sur la procr\u00e9ation assist\u00e9e (PA<\/em> ), a \u00e9t\u00e9 introduite en 2004, au milieu d&rsquo;une vague de lois adopt\u00e9es dans le monde entier pour emp\u00eacher le clonage \u00e0 des fins de reproduction. \u00c0 l&rsquo;\u00e9poque, le TRM n&rsquo;existait pas et n&rsquo;\u00e9tait donc pas envisag\u00e9. <\/p>\n<p style=\"font-weight: 400;\">La PA interdit de modifier le mat\u00e9riel g\u00e9n\u00e9tique d&rsquo;une cellule ou d&rsquo;un embryon humain d&rsquo;une mani\u00e8re qui pourrait \u00eatre transmise aux g\u00e9n\u00e9rations futures (\u00ab\u00a0Nul ne peut sciemment&#8230; (f) modifier le g\u00e9nome d&rsquo;une cellule d&rsquo;un \u00eatre humain ou d&rsquo;un embryon <em>in vitro <\/em>de telle sorte que la modification soit susceptible d&rsquo;\u00eatre transmise aux descendants ;\u00a0\u00bb<a href=\"applewebdata:\/\/D4DB8C82-FE49-4AF1-813F-63E3C54187C2#_edn1\" name=\"_ednref1\">[i]<\/a> rien dans le libell\u00e9 original de la loi n&rsquo;indique clairement qu&rsquo;elle \u00e9tait destin\u00e9e \u00e0 emp\u00eacher le d\u00e9veloppement de th\u00e9rapies telles que la TRM.<\/p>\n<p style=\"font-weight: 400;\">Afin de mieux comprendre les perspectives et la sensibilisation de la communaut\u00e9 \u00e0 l&rsquo;\u00e9gard du TRM, MitoCanada a r\u00e9dig\u00e9 un article \u00e9ducatif et a sollicit\u00e9 des commentaires dans le cadre d&rsquo;une enqu\u00eate nationale aupr\u00e8s de la communaut\u00e9. L&rsquo;objectif \u00e9tait d&rsquo;\u00e9valuer l&rsquo;int\u00e9r\u00eat, d&rsquo;identifier les lacunes en mati\u00e8re de compr\u00e9hension et de d\u00e9terminer si les Canadiens atteints d&rsquo;une maladie mitochondriale envisageraient cette option de reproduction si elle \u00e9tait disponible. <\/p>\n<h3 style=\"font-weight: 400;\"><strong>Principaux r\u00e9sultats de l&rsquo;enqu\u00eate :<\/strong><\/h3>\n<h4 style=\"font-weight: 400;\"><strong>Grande pertinence personnelle<\/strong>:<\/h4>\n<ul>\n<li>90 % des personnes interrog\u00e9es ont d\u00e9clar\u00e9 que la maladie mitochondriale avait \u00e9t\u00e9 diagnostiqu\u00e9e chez elles ou chez un membre de leur famille.<\/li>\n<li>41 % ont un enfant atteint de la maladie et 66 % des personnes interrog\u00e9es sont des m\u00e8res ou des femmes porteuses d&rsquo;une mutation de l&rsquo;ADNm.<\/li>\n<\/ul>\n<h4 style=\"font-weight: 400;\"><strong>Peu de notori\u00e9t\u00e9, mais beaucoup d&rsquo;int\u00e9r\u00eat<\/strong>:<\/h4>\n<ul>\n<li>Seuls 25 % des participants avaient entendu parler de la TRM avant de lire l&rsquo;article.<\/li>\n<li>92% ont exprim\u00e9 le souhait d&rsquo;en savoir plus, et 79% n&rsquo;ont pas eu de questions en suspens par la suite, ce qui sugg\u00e8re que l&rsquo;article \u00e9tait clair et instructif.<\/li>\n<\/ul>\n<h4 style=\"font-weight: 400;\"><strong>Un soutien important et une grande ouverture d&rsquo;esprit<\/strong>:<\/h4>\n<ul>\n<li>Les personnes interrog\u00e9es ont massivement r\u00e9pondu positivement \u00e0 l&rsquo;id\u00e9e d&rsquo;utiliser l&rsquo;ADNm d&rsquo;un donneur. Nombre d&rsquo;entre eux ont d\u00e9crit le TRM comme \u00e9tant \u00ab\u00a0porteur d&rsquo;espoir\u00a0\u00bb, \u00ab\u00a0valorisant\u00a0\u00bb et \u00ab\u00a0susceptible de changer la donne\u00a0\u00bb pour leur famille. <\/li>\n<\/ul>\n<h4><strong>Potentiel d&rsquo;impact en cas de l\u00e9galisation au Canada<\/strong>:<\/h4>\n<ul>\n<li>Sur une \u00e9chelle de 0 \u00e0 100 :\n<ul>\n<li>L&rsquo;int\u00e9r\u00eat moyen pour en savoir plus sur le TRM est de 81\/100.<\/li>\n<\/ul>\n<\/li>\n<\/ul>\n<ul style=\"font-weight: 400;\">\n<li style=\"list-style-type: none;\">\n<ul>\n<li>L&rsquo;int\u00e9r\u00eat pour l&rsquo;acc\u00e8s \u00e0 la proc\u00e9dure si elle \u00e9tait disponible \u00e9tait de 53\/100, ce qui indique une curiosit\u00e9 pr\u00e9coce avec une marge de progression.<\/li>\n<li>La probabilit\u00e9 de discuter du TRM avec leur sp\u00e9cialiste mito a \u00e9t\u00e9 \u00e9valu\u00e9e \u00e0 63\/100.<\/li>\n<\/ul>\n<\/li>\n<\/ul>\n<p style=\"font-weight: 400;\">Ces r\u00e9sultats indiquent que m\u00eame si le TRM est un concept nouveau et peu familier pour de nombreuses personnes, il suscite beaucoup d&rsquo;espoir et de curiosit\u00e9 au sein de la communaut\u00e9 mito canadienne. Les r\u00e9pondants ont exprim\u00e9 un vif d\u00e9sir d&rsquo;obtenir plus d&rsquo;information et un acc\u00e8s futur, particuli\u00e8rement lorsque les autres options de planification familiale peuvent \u00eatre limit\u00e9es. <\/p>\n<h2 style=\"font-weight: 400;\"><strong>Conclusion<\/strong><\/h2>\n<p style=\"font-weight: 400;\">Le TRM repr\u00e9sente une option de reproduction potentiellement transformatrice pour les familles qui risquent de transmettre une maladie mitochondriale. La r\u00e9action extr\u00eamement positive \u00e0 notre article \u00e9ducatif et \u00e0 notre enqu\u00eate sugg\u00e8re que les Canadiens veulent avoir la possibilit\u00e9 d&rsquo;explorer cette option plus en profondeur. Les prochaines \u00e9tapes essentielles consisteront \u00e0 mettre \u00e0 jour la l\u00e9gislation obsol\u00e8te, comme la loi canadienne sur la procr\u00e9ation assist\u00e9e, afin de refl\u00e9ter la science moderne, et \u00e0 faire participer les patients aux discussions sur les politiques.  <\/p>\n<p><a href=\"applewebdata:\/\/D4DB8C82-FE49-4AF1-813F-63E3C54187C2#_ednref1\" name=\"_edn1\">[i]<\/a> Gouvernement du Canada. (2004). <em>Loi sur la procr\u00e9ation assist\u00e9e<\/em>, L.C. 2004, c. 2, art. 5(1)(f).     <a href=\"https:\/\/laws-lois.justice.gc.ca\/eng\/acts\/A-13.4\/\">https:\/\/laws-lois.justice.gc.ca\/eng\/acts\/A-13.4\/<\/a><\/p>\n<\/div><div class=\"fusion-separator fusion-full-width-sep\" style=\"align-self: center;margin-left: auto;margin-right: auto;margin-top:15px;margin-bottom:15px;width:100%;\"><\/div><div style=\"text-align:left;\"><a class=\"fusion-button button-flat fusion-button-default-size button-default fusion-button-default button-1 fusion-button-default-span fusion-button-default-type\" target=\"_blank\" rel=\"noopener noreferrer\" href=\"https:\/\/mitocanada.org\/wp-content\/uploads\/2025\/06\/Executive-Summary-A-Community-Perspective-on-Mitochondrial-Replacement-Therapy-MRT-FINAL.pdf\"><span class=\"fusion-button-text\">T\u00e9l\u00e9charger l&rsquo;article<\/span><\/a><\/div><div class=\"fusion-separator fusion-full-width-sep\" style=\"align-self: center;margin-left: auto;margin-right: auto;margin-top:5px;margin-bottom:5px;width:100%;\"><\/div><\/div><\/div><\/div><\/div>\n","protected":false},"excerpt":{"rendered":"","protected":false},"author":3,"featured_media":0,"parent":0,"menu_order":63,"comment_status":"closed","ping_status":"closed","template":"","meta":{"om_disable_all_campaigns":false,"_monsterinsights_skip_tracking":false,"_monsterinsights_sitenote_active":false,"_monsterinsights_sitenote_note":"","_monsterinsights_sitenote_category":0,"_uf_show_specific_survey":0,"_uf_disable_surveys":false,"footnotes":""},"class_list":["post-13214","page","type-page","status-publish","hentry"],"aioseo_notices":[],"_links":{"self":[{"href":"https:\/\/mitocanada.org\/fr\/wp-json\/wp\/v2\/pages\/13214","targetHints":{"allow":["GET"]}}],"collection":[{"href":"https:\/\/mitocanada.org\/fr\/wp-json\/wp\/v2\/pages"}],"about":[{"href":"https:\/\/mitocanada.org\/fr\/wp-json\/wp\/v2\/types\/page"}],"author":[{"embeddable":true,"href":"https:\/\/mitocanada.org\/fr\/wp-json\/wp\/v2\/users\/3"}],"replies":[{"embeddable":true,"href":"https:\/\/mitocanada.org\/fr\/wp-json\/wp\/v2\/comments?post=13214"}],"version-history":[{"count":2,"href":"https:\/\/mitocanada.org\/fr\/wp-json\/wp\/v2\/pages\/13214\/revisions"}],"predecessor-version":[{"id":13216,"href":"https:\/\/mitocanada.org\/fr\/wp-json\/wp\/v2\/pages\/13214\/revisions\/13216"}],"wp:attachment":[{"href":"https:\/\/mitocanada.org\/fr\/wp-json\/wp\/v2\/media?parent=13214"}],"curies":[{"name":"wp","href":"https:\/\/api.w.org\/{rel}","templated":true}]}}