{"id":13144,"date":"2025-10-13T18:36:56","date_gmt":"2025-10-13T22:36:56","guid":{"rendered":"https:\/\/mitocanada.org\/devenez-un-heros-du-mois\/"},"modified":"2026-01-11T12:01:40","modified_gmt":"2026-01-11T17:01:40","slug":"devenez-un-heros-du-mois","status":"publish","type":"page","link":"https:\/\/mitocanada.org\/fr\/devenez-un-heros-du-mois\/","title":{"rendered":"Devenez un h\u00e9ros du mois"},"content":{"rendered":"<p><div class=\"fusion-fullwidth fullwidth-box fusion-builder-row-1 fusion-flex-container has-pattern-background has-mask-background nonhundred-percent-fullwidth non-hundred-percent-height-scrolling\" style=\"--awb-border-radius-top-left:0px;--awb-border-radius-top-right:0px;--awb-border-radius-bottom-right:0px;--awb-border-radius-bottom-left:0px;--awb-flex-wrap:wrap;\" ><div class=\"fusion-builder-row fusion-row fusion-flex-align-items-flex-start fusion-flex-content-wrap\" style=\"max-width:1456px;margin-left: calc(-4% \/ 2 );margin-right: calc(-4% \/ 2 );\"><div class=\"fusion-layout-column fusion_builder_column fusion-builder-column-0 fusion_builder_column_1_1 1_1 fusion-flex-column\" style=\"--awb-bg-size:cover;--awb-width-large:100%;--awb-margin-top-large:0px;--awb-spacing-right-large:1.92%;--awb-margin-bottom-large:0px;--awb-spacing-left-large:1.92%;--awb-width-medium:100%;--awb-spacing-right-medium:1.92%;--awb-spacing-left-medium:1.92%;--awb-width-small:100%;--awb-spacing-right-small:1.92%;--awb-spacing-left-small:1.92%;\"><div class=\"fusion-column-wrapper fusion-flex-justify-content-flex-start fusion-content-layout-column\"><div class=\"fusion-text fusion-text-1\"><div>\n<h2 data-start=\"86\" data-end=\"168\"><strong>Faites durer votre impact tout au long de l&rsquo;ann\u00e9e !<\/strong><\/h2>\n<p>Votre don mensuel constitue un <strong>soutien r\u00e9gulier et fiable<\/strong> qui permet \u00e0 nos programmes de se d\u00e9velopper et \u00e0 notre communaut\u00e9 de prosp\u00e9rer. Il nous aide \u00e0 planifier l&rsquo;avenir, \u00e0 toucher davantage de familles et \u00e0 faire progresser les traitements et les cures. <\/p>\n<p>MitoCanada est le <b>seul organisme de bienfaisance national<\/b> qui se consacre \u00e0 l&rsquo;autonomisation et \u00e0 la dynamisation des Canadiens vivant avec une maladie mitochondriale. Nous ne recevons aucun financement gouvernemental. Chaque ressource, chaque \u00e9v\u00e9nement, chaque histoire d&rsquo;espoir existe gr\u00e2ce \u00e0 des gens comme vous.  <\/p>\n<\/div>\n<h3 data-start=\"481\" data-end=\"518\"><strong data-start=\"485\" data-end=\"516\">Pourquoi devenir un donateur mensuel ?<\/strong><\/h3>\n<p style=\"padding-left: 40px;\" data-start=\"481\" data-end=\"518\">\u2705Cr\u00e9er un<strong data-start=\"1285\" data-end=\"1305\">changement durable<\/strong> &#8211; Votre engagement continu nous aide \u00e0 r\u00e9aliser des am\u00e9liorations durables et \u00e0 construire un avenir plus radieux pour la communaut\u00e9 mito.<\/p>\n<p style=\"padding-left: 40px;\" data-start=\"481\" data-end=\"518\">\u2705 <strong data-start=\"521\" data-end=\"544\">Connexion personnelle<\/strong> &#8211; Rejoignez notre communaut\u00e9 exclusive <strong data-start=\"566\" data-end=\"584\">Monthly Heroes<\/strong> et recevez des mises \u00e0 jour r\u00e9guli\u00e8res sur l&rsquo;impact de vos dons.&rsquo;<\/p>\n<p style=\"text-align: left; padding-left: 40px;\" data-start=\"519\" data-end=\"1011\">\u2705 <strong data-start=\"660\" data-end=\"675\">Commodit\u00e9 et impact durable<\/strong> &#8211; R\u00e9glez-le et oubliez-le ! Un don mensuel est un moyen facile d&rsquo;appuyer MitoCanada tout au long de l&rsquo;ann\u00e9e.<\/p>\n<p style=\"text-align: left; padding-left: 40px;\" data-start=\"519\" data-end=\"1011\">\u2705 <strong data-start=\"768\" data-end=\"787\">Impact sur le budget<\/strong> &#8211; Choisissez un montant qui correspond \u00e0 votre budget, de petites contributions mensuelles s&rsquo;ajoutent \u00e0 un changement important au fil du temps.<\/p>\n<p style=\"text-align: left; padding-left: 40px;\" data-start=\"519\" data-end=\"1011\">\u2705 <strong data-start=\"893\" data-end=\"909\">Avantages fiscaux<\/strong> &#8211; Votre don est d\u00e9ductible des imp\u00f4ts, ce qui vous permet de b\u00e9n\u00e9ficier d&rsquo;avantages tout en soutenant une cause qui vous tient \u00e0 c\u0153ur.<\/p>\n<\/div><div class=\"fusion-separator fusion-full-width-sep\" style=\"align-self: center;margin-left: auto;margin-right: auto;margin-top:25px;width:100%;\"><\/div><\/div><\/div><\/div><\/div><div class=\"fusion-fullwidth fullwidth-box fusion-builder-row-2 fusion-flex-container has-pattern-background has-mask-background nonhundred-percent-fullwidth non-hundred-percent-height-scrolling\" style=\"--awb-border-radius-top-left:14px;--awb-border-radius-top-right:14px;--awb-border-radius-bottom-right:14px;--awb-border-radius-bottom-left:14px;--awb-overflow:hidden;--awb-padding-top:25px;--awb-padding-right:25px;--awb-padding-bottom:5px;--awb-padding-left:25px;--awb-background-color:#119bb5;--awb-flex-wrap:wrap;\" ><div class=\"fusion-builder-row fusion-row fusion-flex-align-items-center fusion-flex-content-wrap\" style=\"max-width:1456px;margin-left: calc(-4% \/ 2 );margin-right: calc(-4% \/ 2 );\"><div class=\"fusion-layout-column fusion_builder_column fusion-builder-column-1 fusion_builder_column_3_5 3_5 fusion-flex-column fusion-flex-align-self-center\" style=\"--awb-padding-top:10px;--awb-padding-right:25px;--awb-padding-bottom:25px;--awb-padding-left:25px;--awb-bg-size:cover;--awb-width-large:60%;--awb-margin-top-large:0px;--awb-spacing-right-large:3.2%;--awb-margin-bottom-large:0px;--awb-spacing-left-large:3.2%;--awb-width-medium:60%;--awb-order-medium:0;--awb-spacing-right-medium:3.2%;--awb-spacing-left-medium:3.2%;--awb-width-small:100%;--awb-order-small:0;--awb-spacing-right-small:1.92%;--awb-spacing-left-small:1.92%;\"><div class=\"fusion-column-wrapper fusion-column-has-shadow fusion-flex-justify-content-center fusion-content-layout-column\"><div class=\"fusion-text fusion-text-2 fusion-text-no-margin\" style=\"--awb-margin-bottom:0px;\"><h3><b>\ud83d\udc9a Rencontrez John Fisher &#8211; l&rsquo;un de nos h\u00e9ros du mois vivant avec Mito<\/b><\/h3>\n<p><span style=\"font-weight: 400;\">Il y a plus de 40 ans, <\/span><b>John Fisher<\/b><span style=\"font-weight: 400;\"> a \u00e9t\u00e9 diagnostiqu\u00e9 avec une <\/span><b>myopathie mitochondriale<\/b><span style=\"font-weight: 400;\">et plus pr\u00e9cis\u00e9ment d&rsquo;une <\/span><b>Ophtalmopl\u00e9gie externe chronique progressive (OECP)<\/b><span style=\"font-weight: 400;\">John est atteint d&rsquo;une maladie mitochondriale, une maladie rare du muscle de l&rsquo;\u0153il. Pour John, les dons mensuels lui procurent un sentiment de r\u00e9confort et lui permettent de savoir que MitoCanada d\u00e9fend les int\u00e9r\u00eats des Canadiens atteints d&rsquo;une maladie mitochondriale. <\/span><\/p>\n<\/div><div class=\"accordian fusion-accordian\" style=\"--awb-border-size:1px;--awb-icon-size:16px;--awb-content-font-size:var(--awb-typography4-font-size);--awb-icon-alignment:left;--awb-hover-color:var(--awb-color2);--awb-border-color:var(--awb-color3);--awb-background-color:var(--awb-color1);--awb-divider-color:var(--awb-color3);--awb-divider-hover-color:var(--awb-color3);--awb-icon-color:#ffffff;--awb-title-color:#000000;--awb-content-color:#000000;--awb-icon-box-color:#119bb5;--awb-toggle-hover-accent-color:#119bb5;--awb-title-font-family:var(--awb-typography1-font-family);--awb-title-font-weight:var(--awb-typography1-font-weight);--awb-title-font-style:var(--awb-typography1-font-style);--awb-title-font-size:20px;--awb-title-letter-spacing:-0.015em;--awb-title-line-height:1.2;--awb-content-font-family:&quot;Montserrat&quot;;--awb-content-font-style:normal;--awb-content-font-weight:400;\"><div class=\"panel-group fusion-toggle-icon-boxed\" id=\"accordion-13144-1\"><div class=\"fusion-panel panel-default panel-cf2b529fd33a88a16 fusion-toggle-no-divider\" style=\"--awb-title-color:#000000;\"><div class=\"panel-heading\"><h4 class=\"panel-title toggle\" id=\"toggle_cf2b529fd33a88a16\"><a aria-expanded=\"false\" aria-controls=\"cf2b529fd33a88a16\" role=\"button\" data-toggle=\"collapse\" data-parent=\"#accordion-13144-1\" data-target=\"#cf2b529fd33a88a16\" href=\"#cf2b529fd33a88a16\"><span class=\"fusion-toggle-icon-wrapper\" aria-hidden=\"true\"><i class=\"fa-fusion-box active-icon awb-icon-minus\" aria-hidden=\"true\"><\/i><i class=\"fa-fusion-box inactive-icon awb-icon-plus\" aria-hidden=\"true\"><\/i><\/span><span class=\"fusion-toggle-heading\">&quot;Depuis que j&#039;ai entendu parler de MitoCanada, j&#039;en suis venu \u00e0 appr\u00e9cier les efforts d&#039;\u00e9ducation et de sensibilisation de l&#039;organisation.<\/span><\/a><\/h4><\/div><div id=\"cf2b529fd33a88a16\" class=\"panel-collapse collapse \" aria-labelledby=\"toggle_cf2b529fd33a88a16\"><div class=\"panel-body toggle-content fusion-clearfix\">\n<p><em><span style=\"font-weight: 400;\">\u00ab\u00a0Depuis que j&rsquo;ai pris connaissance de MitoCanada, j&rsquo;en suis venue \u00e0 appr\u00e9cier les efforts d&rsquo;\u00e9ducation et de d\u00e9fense des droits de l&rsquo;organisation. Mais plus important encore, le sentiment d&rsquo;appartenance \u00e0 l&rsquo;\u00e9quipe de MitoCanada m&rsquo;est apparu comme une \u00e9vidence.   <\/span><\/em><em><i><span style=\"font-weight: 400;\">communaut\u00e9<\/span><\/i><span style=\"font-weight: 400;\">  en cours de construction. C&rsquo;est la passion de personnes comme Kate Murray, pr\u00e9sidente-directrice g\u00e9n\u00e9rale de MitoCanada, et d&rsquo;autres qui font la promotion et la d\u00e9fense des besoins de la communaut\u00e9 mito, qui m&rsquo;a incit\u00e9 \u00e0 soutenir MitoCanada par mes dons mensuels.   <\/span><b>En tant que r\u00eaveuse et personne qui croit en la capacit\u00e9 de l&rsquo;esprit humain \u00e0 surmonter l&rsquo;adversit\u00e9, je suis convaincue que MitoCanada peut am\u00e9liorer la vie de tous les membres de la communaut\u00e9 mito.<\/b><span style=\"font-weight: 400;\">\u00ab\u00a0<\/span><\/em><\/p>\n<\/div><\/div><\/div><\/div><\/div><\/div><\/div><div class=\"fusion-layout-column fusion_builder_column fusion-builder-column-2 fusion_builder_column_2_5 2_5 fusion-flex-column\" style=\"--awb-bg-size:cover;--awb-width-large:40%;--awb-margin-top-large:0px;--awb-spacing-right-large:4.8%;--awb-margin-bottom-large:20px;--awb-spacing-left-large:4.8%;--awb-width-medium:40%;--awb-order-medium:0;--awb-spacing-right-medium:4.8%;--awb-spacing-left-medium:4.8%;--awb-width-small:100%;--awb-order-small:0;--awb-spacing-right-small:1.92%;--awb-spacing-left-small:1.92%;\"><div class=\"fusion-column-wrapper fusion-column-has-shadow fusion-flex-justify-content-flex-start fusion-content-layout-column\"><div class=\"fusion-image-element \" style=\"--awb-caption-title-font-family:var(--h2_typography-font-family);--awb-caption-title-font-weight:var(--h2_typography-font-weight);--awb-caption-title-font-style:var(--h2_typography-font-style);--awb-caption-title-size:var(--h2_typography-font-size);--awb-caption-title-transform:var(--h2_typography-text-transform);--awb-caption-title-line-height:var(--h2_typography-line-height);--awb-caption-title-letter-spacing:var(--h2_typography-letter-spacing);\"><span class=\" fusion-imageframe imageframe-none imageframe-1 hover-type-none\"><img decoding=\"async\" width=\"940\" height=\"788\" alt=\"John Fisher, h\u00e9ros du mois de MitoCanada\" title=\"MitoCanada Monthly Hero &#8211; John Fisher\" src=\"https:\/\/mitocanada.org\/wp-content\/uploads\/2025\/10\/MitoCanada-Monthly-Hero-John-Fisher-.png\" class=\"img-responsive wp-image-13107\" srcset=\"https:\/\/mitocanada.org\/wp-content\/uploads\/2025\/10\/MitoCanada-Monthly-Hero-John-Fisher--200x168.png 200w, https:\/\/mitocanada.org\/wp-content\/uploads\/2025\/10\/MitoCanada-Monthly-Hero-John-Fisher--400x335.png 400w, https:\/\/mitocanada.org\/wp-content\/uploads\/2025\/10\/MitoCanada-Monthly-Hero-John-Fisher--600x503.png 600w, https:\/\/mitocanada.org\/wp-content\/uploads\/2025\/10\/MitoCanada-Monthly-Hero-John-Fisher--800x671.png 800w, https:\/\/mitocanada.org\/wp-content\/uploads\/2025\/10\/MitoCanada-Monthly-Hero-John-Fisher-.png 940w\" sizes=\"(max-width: 640px) 100vw, 600px\" \/><\/span><\/div><\/div><\/div><\/div><\/div><div class=\"fusion-fullwidth fullwidth-box fusion-builder-row-3 fusion-flex-container has-pattern-background has-mask-background nonhundred-percent-fullwidth non-hundred-percent-height-scrolling\" style=\"--awb-border-radius-top-left:0px;--awb-border-radius-top-right:0px;--awb-border-radius-bottom-right:0px;--awb-border-radius-bottom-left:0px;--awb-flex-wrap:wrap;\" ><div class=\"fusion-builder-row fusion-row fusion-flex-align-items-flex-start fusion-flex-content-wrap\" style=\"max-width:1456px;margin-left: calc(-4% \/ 2 );margin-right: calc(-4% \/ 2 );\"><div class=\"fusion-layout-column fusion_builder_column fusion-builder-column-3 fusion_builder_column_1_1 1_1 fusion-flex-column\" style=\"--awb-bg-size:cover;--awb-width-large:100%;--awb-margin-top-large:0px;--awb-spacing-right-large:1.92%;--awb-margin-bottom-large:0px;--awb-spacing-left-large:1.92%;--awb-width-medium:100%;--awb-spacing-right-medium:1.92%;--awb-spacing-left-medium:1.92%;--awb-width-small:100%;--awb-spacing-right-small:1.92%;--awb-spacing-left-small:1.92%;\"><div class=\"fusion-column-wrapper fusion-flex-justify-content-flex-start fusion-content-layout-column\"><div class=\"fusion-separator fusion-full-width-sep\" style=\"align-self: center;margin-left: auto;margin-right: auto;margin-top:25px;width:100%;\"><\/div><div class=\"fusion-text fusion-text-3\"><div>\n<h3 data-start=\"86\" data-end=\"168\"><strong data-start=\"1017\" data-end=\"1045\">Votre don mensuel est financ\u00e9 :  <\/strong><\/h3>\n<\/div>\n<p>Il s&rsquo;agit d&rsquo;un investissement dans :<\/p>\n<ul>\n<li><strong>Ressources<\/strong> permettant aux familles de s&rsquo;adapter \u00e0 un nouveau diagnostic<\/li>\n<li><strong>Soutenir des programmes<\/strong> qui rompent l&rsquo;isolement et renforcent la communaut\u00e9\n<ul>\n<li><strong>mitoScholars <\/strong>qui transforment leurs r\u00eaves en r\u00e9alit\u00e9 gr\u00e2ce \u00e0 l&rsquo;\u00e9ducation<\/li>\n<li><strong>Le registre des patients de MitoCanada<\/strong> acc\u00e9l\u00e8re la recherche et les essais cliniques au Canada et veille \u00e0 ce que la voix des Canadiens atteints de maladies mito\u00efques fa\u00e7onne les th\u00e9rapies et les soins de demain.<\/li>\n<li><strong>Les visages de Mito<\/strong>: des exp\u00e9riences v\u00e9cues qui inspirent la compr\u00e9hension, la compassion et l&rsquo;action<\/li>\n<\/ul>\n<\/li>\n<li>Des initiatives de <strong>sensibilisation<\/strong> qui mettent en lumi\u00e8re cette maladie rare et souvent invisible<\/li>\n<li><strong>La recherche<\/strong>, source d&rsquo;espoir pour les traitements et les gu\u00e9risons<\/li>\n<\/ul>\n<p><span style=\"font-weight: 400;\">En devenant un h\u00e9ros du mois, vous faites en sorte que personne ne soit seul face \u00e0 la maladie mitochondriale.  <\/span><span style=\"font-weight: 400;\">Ensemble, nous pouvons cr\u00e9er un monde o\u00f9 toutes les vies sont aliment\u00e9es par des mitochondries saines.<\/span><\/p>\n<p><br style=\"font-weight: 400;\"><br style=\"font-weight: 400;\"><\/p>\n<\/div><\/div><\/div><\/div><\/div><div class=\"fusion-fullwidth fullwidth-box fusion-builder-row-4 fusion-flex-container nonhundred-percent-fullwidth non-hundred-percent-height-scrolling\" style=\"--awb-border-radius-top-left:0px;--awb-border-radius-top-right:0px;--awb-border-radius-bottom-right:0px;--awb-border-radius-bottom-left:0px;--awb-flex-wrap:wrap;\" ><div class=\"fusion-builder-row fusion-row fusion-flex-align-items-flex-start fusion-flex-content-wrap\" style=\"max-width:1456px;margin-left: calc(-4% \/ 2 );margin-right: calc(-4% \/ 2 );\"><div class=\"fusion-layout-column fusion_builder_column fusion-builder-column-4 fusion_builder_column_1_1 1_1 fusion-flex-column\" style=\"--awb-bg-size:cover;--awb-width-large:100%;--awb-margin-top-large:0px;--awb-spacing-right-large:1.92%;--awb-margin-bottom-large:0px;--awb-spacing-left-large:1.92%;--awb-width-medium:100%;--awb-spacing-right-medium:1.92%;--awb-spacing-left-medium:1.92%;--awb-width-small:100%;--awb-spacing-right-small:1.92%;--awb-spacing-left-small:1.92%;\"><div class=\"fusion-column-wrapper fusion-flex-justify-content-flex-start fusion-content-layout-column\"><div class=\"fusion-separator fusion-full-width-sep\" style=\"align-self: center;margin-left: auto;margin-right: auto;margin-top:10px;width:100%;\"><\/div><script id=\"ch_cdn_embed\" type=\"text\/javascript\" src=\"https:\/\/www.canadahelps.org\/secure\/js\/cdf_embed.2.js\" charSet=\"utf-8\" data-language=\"en\" data-page-id=\"137318\" data-root-url=\"https:\/\/www.canadahelps.org\" data-formtype=\"0\" data-cfasync=\"false\"><\/script><\/div><\/div><\/div><\/div><\/p>\n","protected":false},"excerpt":{"rendered":"","protected":false},"author":2,"featured_media":0,"parent":0,"menu_order":0,"comment_status":"closed","ping_status":"closed","template":"","meta":{"om_disable_all_campaigns":false,"_monsterinsights_skip_tracking":false,"_monsterinsights_sitenote_active":false,"_monsterinsights_sitenote_note":"","_monsterinsights_sitenote_category":0,"_uf_show_specific_survey":0,"_uf_disable_surveys":false,"footnotes":""},"class_list":["post-13144","page","type-page","status-publish","hentry"],"aioseo_notices":[],"_links":{"self":[{"href":"https:\/\/mitocanada.org\/fr\/wp-json\/wp\/v2\/pages\/13144","targetHints":{"allow":["GET"]}}],"collection":[{"href":"https:\/\/mitocanada.org\/fr\/wp-json\/wp\/v2\/pages"}],"about":[{"href":"https:\/\/mitocanada.org\/fr\/wp-json\/wp\/v2\/types\/page"}],"author":[{"embeddable":true,"href":"https:\/\/mitocanada.org\/fr\/wp-json\/wp\/v2\/users\/2"}],"replies":[{"embeddable":true,"href":"https:\/\/mitocanada.org\/fr\/wp-json\/wp\/v2\/comments?post=13144"}],"version-history":[{"count":12,"href":"https:\/\/mitocanada.org\/fr\/wp-json\/wp\/v2\/pages\/13144\/revisions"}],"predecessor-version":[{"id":13652,"href":"https:\/\/mitocanada.org\/fr\/wp-json\/wp\/v2\/pages\/13144\/revisions\/13652"}],"wp:attachment":[{"href":"https:\/\/mitocanada.org\/fr\/wp-json\/wp\/v2\/media?parent=13144"}],"curies":[{"name":"wp","href":"https:\/\/api.w.org\/{rel}","templated":true}]}}