{"id":11100,"date":"2023-02-03T17:11:11","date_gmt":"2023-02-03T22:11:11","guid":{"rendered":"https:\/\/mitocanada.org\/2023-mitospin-zwift-option\/"},"modified":"2025-05-18T15:58:48","modified_gmt":"2025-05-18T19:58:48","slug":"2023-mitospin-zwift-option","status":"publish","type":"page","link":"https:\/\/mitocanada.org\/fr\/2023-mitospin-zwift-option\/","title":{"rendered":"2023 MitoSpin Zwift Option"},"content":{"rendered":"<div class=\"fusion-fullwidth fullwidth-box fusion-builder-row-1 fusion-flex-container nonhundred-percent-fullwidth non-hundred-percent-height-scrolling\" style=\"--awb-border-radius-top-left:0px;--awb-border-radius-top-right:0px;--awb-border-radius-bottom-right:0px;--awb-border-radius-bottom-left:0px;--awb-flex-wrap:wrap;\" ><div class=\"fusion-builder-row fusion-row fusion-flex-align-items-flex-start fusion-flex-content-wrap\" style=\"max-width:1456px;margin-left: calc(-4% \/ 2 );margin-right: calc(-4% \/ 2 );\"><div class=\"fusion-layout-column fusion_builder_column fusion-builder-column-0 fusion_builder_column_1_1 1_1 fusion-flex-column\" style=\"--awb-bg-size:cover;--awb-width-large:100%;--awb-margin-top-large:0px;--awb-spacing-right-large:1.92%;--awb-margin-bottom-large:20px;--awb-spacing-left-large:1.92%;--awb-width-medium:100%;--awb-order-medium:0;--awb-spacing-right-medium:1.92%;--awb-spacing-left-medium:1.92%;--awb-width-small:100%;--awb-order-small:0;--awb-spacing-right-small:1.92%;--awb-spacing-left-small:1.92%;\"><div class=\"fusion-column-wrapper fusion-column-has-shadow fusion-flex-justify-content-flex-start fusion-content-layout-column\"><div class=\"fusion-image-element \" style=\"text-align:center;--awb-caption-title-font-family:var(--h2_typography-font-family);--awb-caption-title-font-weight:var(--h2_typography-font-weight);--awb-caption-title-font-style:var(--h2_typography-font-style);--awb-caption-title-size:var(--h2_typography-font-size);--awb-caption-title-transform:var(--h2_typography-text-transform);--awb-caption-title-line-height:var(--h2_typography-line-height);--awb-caption-title-letter-spacing:var(--h2_typography-letter-spacing);\"><span class=\" fusion-imageframe imageframe-none imageframe-1 hover-type-none\"><img decoding=\"async\" width=\"820\" height=\"163\" alt=\"Logo MitoSpin 2023 et logo Zwift\" title=\"Zwift Header\" src=\"https:\/\/mitocanada.org\/wp-content\/uploads\/2023\/02\/Zwift-Header.png\" class=\"img-responsive wp-image-7160\" srcset=\"https:\/\/mitocanada.org\/wp-content\/uploads\/2023\/02\/Zwift-Header-200x40.png 200w, https:\/\/mitocanada.org\/wp-content\/uploads\/2023\/02\/Zwift-Header-400x80.png 400w, https:\/\/mitocanada.org\/wp-content\/uploads\/2023\/02\/Zwift-Header-600x119.png 600w, https:\/\/mitocanada.org\/wp-content\/uploads\/2023\/02\/Zwift-Header-800x159.png 800w, https:\/\/mitocanada.org\/wp-content\/uploads\/2023\/02\/Zwift-Header.png 820w\" sizes=\"(max-width: 640px) 100vw, 820px\" \/><\/span><\/div><div class=\"fusion-separator fusion-full-width-sep\" style=\"align-self: center;margin-left: auto;margin-right: auto;margin-top:20px;width:100%;\"><\/div><div class=\"fusion-text fusion-text-1\"><div class=\"wpb_text_column wpb_content_element \">\n<div class=\"wpb_wrapper\"><\/div>\n<\/div>\n<p style=\"font-weight: 400;\">L&rsquo;aventure Zwift est de retour pour le MitoSpin 2023. Pour la rendre meilleure que jamais, nous avons ajout\u00e9 l&rsquo;excitation et la communaut\u00e9 qui viennent avec Zwift pour ceux qui veulent interagir avec d&rsquo;autres dans un monde virtuel tout en soutenant MitoCanada. Nous accueillons les coureurs qui veulent travailler ensemble pour aider \u00e0 cr\u00e9er un monde o\u00f9 toutes les vies sont aliment\u00e9es par des mitochondries saines.  <\/p>\n<p style=\"font-weight: 400;\">Il <strong>y a cinq itin\u00e9raires d&rsquo;une heure<\/strong> qui commencent au d\u00e9but de chaque heure. Vous pouvez rouler \u00e0 votre propre rythme ou rester avec le groupe &#8211; c&rsquo;est vous qui choisissez. Rejoignez-nous pour une heure ou pour les cinq &#8211; c&rsquo;est votre \u00e9nergie, votre parcours, votre choix.  <\/p>\n<h3 style=\"font-weight: 400;\">Instructions pour s&rsquo;inscrire \u00e0 l&rsquo;un des cinq <strong>parcours MitoSpin d&rsquo;une heure <\/strong> <\/h3>\n<\/div>\n<div class=\"table-1\">\n<table width=\"100%\">\n<thead>\n<tr>\n<th align=\"left\">Les horaires indiqu\u00e9s sont ceux de MT<\/th>\n<th align=\"left\">Route<\/th>\n<th align=\"left\">Leader<\/th>\n<th align=\"left\">Lien d&rsquo;invitation<\/th>\n<\/tr>\n<\/thead>\n<tbody>\n<tr>\n<td align=\"left\">8-9h<\/td>\n<td align=\"left\">France &#8211; Douce France<\/p>\n<p>24.1km, 108m d&rsquo;altitude<\/td>\n<td align=\"left\">\n<div><span lang=\"FR\">Jeff Mamer<\/span><\/div>\n<\/td>\n<td align=\"left\"><a href=\"https:\/\/www.zwift.com\/ca\/events\/view\/3539915\" target=\"_blank\" rel=\"noopener\">https:\/\/www.zwift.com\/events\/view\/3539915<\/a><\/td>\n<\/tr>\n<tr>\n<td align=\"left\">9-10 heures<\/td>\n<td align=\"left\">\u00celes Makuri &#8211; Turf et Surf<\/p>\n<p>24,6 km, 195 m d&rsquo;altitude<\/td>\n<td align=\"left\">\n<div><span lang=\"FR\">Jeff Mamer<\/span><\/div>\n<\/td>\n<td align=\"left\"><a href=\"https:\/\/www.zwift.com\/events\/view\/3539922\" target=\"_blank\" rel=\"noopener\">https:\/\/www.zwift.com\/events\/view\/3539922<\/a><\/td>\n<\/tr>\n<tr>\n<td align=\"left\">10-11h<\/td>\n<td align=\"left\">Watopia &#8211; Downtown Titans<\/p>\n<p>24.6km, 254m d&rsquo;altitude<\/td>\n<td align=\"left\">Dave Mosher<\/td>\n<td align=\"left\"><a href=\"https:\/\/www.zwift.com\/events\/view\/3539929\" target=\"_blank\" rel=\"noopener\">https:\/\/www.zwift.com\/events\/view\/3539929<\/a><\/td>\n<\/tr>\n<tr>\n<td align=\"left\">11h00 &#8211; 12h00<\/td>\n<td align=\"left\">\u00celes Makuri &#8211; Nuit blanche de Neokyo<\/p>\n<p>24.3km, 167m d&rsquo;altitude<\/td>\n<td align=\"left\">Dave Mosher<\/td>\n<td align=\"left\"><a href=\"https:\/\/www.zwift.com\/events\/view\/3539935\" target=\"_blank\" rel=\"noopener\">https:\/\/www.zwift.com\/events\/view\/3539935<\/a><\/td>\n<\/tr>\n<tr>\n<td align=\"left\">12-13h<\/td>\n<td align=\"left\">Watopia &#8211; Volcano Flat<\/p>\n<p>12.3km, 46m d&rsquo;altitude<\/td>\n<td align=\"left\">Dave Mosher<\/td>\n<td align=\"left\"><a href=\"https:\/\/www.zwift.com\/events\/view\/3539938\" target=\"_blank\" rel=\"noopener\">https:\/\/www.zwift.com\/events\/view\/3539938<\/a><\/td>\n<\/tr>\n<\/tbody>\n<\/table>\n<\/div>\n<div class=\"fusion-separator fusion-full-width-sep\" style=\"align-self: center;margin-left: auto;margin-right: auto;margin-top:25px;width:100%;\"><\/div><div class=\"fusion-text fusion-text-2\"><div class=\"wpb_text_column wpb_content_element \">\n<div class=\"wpb_wrapper\">\n<p style=\"font-weight: 400;\"><em>Comment rejoindre le parcours MitoSpin d&rsquo;une heure sur Zwift :<\/em><\/p>\n<ul>\n<li>vous devez disposer d&rsquo;un v\u00e9lo ou d&rsquo;un v\u00e9lo d&rsquo;appartement Smart et d&rsquo;un compte Zwift. Rendez-vous sur le site Zwift.com pour savoir comment vous inscrire (des essais gratuits sont disponibles). <\/li>\n<li>pour participer \u00e0 l&rsquo;une des randonn\u00e9es, il suffit de cliquer sur le lien associ\u00e9 \u00e0 l&rsquo;itin\u00e9raire en question au moment voulu<\/li>\n<li>En cliquant sur le lien, vous acc\u00e9derez \u00e0 la page de l&rsquo;\u00e9v\u00e9nement o\u00f9 vous devrez cliquer sur le signe \u00ab\u00a0+\u00a0\u00bb pour vous inscrire \u00e0 la course.<\/li>\n<li>si vous n&rsquo;avez pas l&rsquo;application compagnon Zwift, cliquez sur le lien pour acc\u00e9der \u00e0 la page de connexion de Zwift. Une fois connect\u00e9, vous acc\u00e9derez \u00e0 la page \u00ab\u00a0\u00e9v\u00e9nements\u00a0\u00bb. Une fois sur cette page, cliquez sur le \u00ab\u00a0+\u00a0\u00bb pour vous inscrire.  <\/li>\n<\/ul>\n<p style=\"font-weight: 400;\"><em>Quelques points \u00e0 garder \u00e0 l&rsquo;esprit :<\/em><\/p>\n<ul>\n<li>chaque trajet dure 1 heure<\/li>\n<li>vous pouvez rejoindre la course jusqu&rsquo;\u00e0 30 minutes de retard. Apr\u00e8s cela, Zwift ne vous permettra pas de vous joindre \u00e0 la course. <\/li>\n<li>Il y a un chef de file pour chaque randonn\u00e9e, mais vous pouvez rouler \u00e0 votre propre rythme si vous le souhaitez.<\/li>\n<li>Chaque parcours a \u00e9t\u00e9 s\u00e9lectionn\u00e9 sp\u00e9cifiquement pour MitoSpin et sont des mondes ferm\u00e9s. Cela signifie que les seules personnes que vous verrez sur le parcours sont les autres participants de MitoSpin. N&rsquo;h\u00e9sitez pas \u00e0 vous saluer et \u00e0 vous encourager les uns les autres.  <\/li>\n<li>si vous souhaitez discuter avec d&rsquo;autres Zwifters, vous pouvez rejoindre le canal Discord. Vous devez t\u00e9l\u00e9charger l&rsquo;application Discord (gratuite), cr\u00e9er un login et cliquer sur ce lien <a href=\"https:\/\/discord.gg\/t8UMxXST\" target=\"_blank\" rel=\"noopener\">: https:\/\/discord.gg\/FS9E7sSh<\/a> <\/li>\n<\/ul>\n<p style=\"font-weight: 400;\">Quel que soit l&rsquo;itin\u00e9raire que vous choisirez, nous vous remercions d&rsquo;avoir choisi de vous joindre \u00e0 nous pour MitoSpin. Bonne route ! <\/p>\n<\/div>\n<\/div>\n<\/div><\/div><\/div><\/div><\/div>\n","protected":false},"excerpt":{"rendered":"","protected":false},"author":2,"featured_media":0,"parent":0,"menu_order":20,"comment_status":"closed","ping_status":"closed","template":"","meta":{"om_disable_all_campaigns":false,"_monsterinsights_skip_tracking":false,"_monsterinsights_sitenote_active":false,"_monsterinsights_sitenote_note":"","_monsterinsights_sitenote_category":0,"_uf_show_specific_survey":0,"_uf_disable_surveys":false,"footnotes":""},"class_list":["post-11100","page","type-page","status-publish","hentry"],"aioseo_notices":[],"_links":{"self":[{"href":"https:\/\/mitocanada.org\/fr\/wp-json\/wp\/v2\/pages\/11100","targetHints":{"allow":["GET"]}}],"collection":[{"href":"https:\/\/mitocanada.org\/fr\/wp-json\/wp\/v2\/pages"}],"about":[{"href":"https:\/\/mitocanada.org\/fr\/wp-json\/wp\/v2\/types\/page"}],"author":[{"embeddable":true,"href":"https:\/\/mitocanada.org\/fr\/wp-json\/wp\/v2\/users\/2"}],"replies":[{"embeddable":true,"href":"https:\/\/mitocanada.org\/fr\/wp-json\/wp\/v2\/comments?post=11100"}],"version-history":[{"count":3,"href":"https:\/\/mitocanada.org\/fr\/wp-json\/wp\/v2\/pages\/11100\/revisions"}],"predecessor-version":[{"id":11103,"href":"https:\/\/mitocanada.org\/fr\/wp-json\/wp\/v2\/pages\/11100\/revisions\/11103"}],"wp:attachment":[{"href":"https:\/\/mitocanada.org\/fr\/wp-json\/wp\/v2\/media?parent=11100"}],"curies":[{"name":"wp","href":"https:\/\/api.w.org\/{rel}","templated":true}]}}