{"id":10893,"date":"2025-03-13T21:10:05","date_gmt":"2025-03-14T01:10:05","guid":{"rendered":"https:\/\/mitocanada.org\/soiree-pub-frankie-g\/"},"modified":"2025-09-22T17:25:00","modified_gmt":"2025-09-22T21:25:00","slug":"soiree-pub-frankie-g","status":"publish","type":"page","link":"https:\/\/mitocanada.org\/fr\/soiree-pub-frankie-g\/","title":{"rendered":"Soir\u00e9e Pub Frankie G"},"content":{"rendered":"<p><div class=\"fusion-fullwidth fullwidth-box fusion-builder-row-1 fusion-flex-container nonhundred-percent-fullwidth non-hundred-percent-height-scrolling\" style=\"--awb-border-radius-top-left:0px;--awb-border-radius-top-right:0px;--awb-border-radius-bottom-right:0px;--awb-border-radius-bottom-left:0px;--awb-flex-wrap:wrap;\" ><div class=\"fusion-builder-row fusion-row fusion-flex-align-items-flex-start fusion-flex-content-wrap\" style=\"max-width:1456px;margin-left: calc(-4% \/ 2 );margin-right: calc(-4% \/ 2 );\"><div class=\"fusion-layout-column fusion_builder_column fusion-builder-column-0 fusion_builder_column_1_1 1_1 fusion-flex-column\" style=\"--awb-bg-size:cover;--awb-width-large:100%;--awb-margin-top-large:0px;--awb-spacing-right-large:1.92%;--awb-margin-bottom-large:0px;--awb-spacing-left-large:1.92%;--awb-width-medium:100%;--awb-spacing-right-medium:1.92%;--awb-spacing-left-medium:1.92%;--awb-width-small:100%;--awb-spacing-right-small:1.92%;--awb-spacing-left-small:1.92%;\"><div class=\"fusion-column-wrapper fusion-flex-justify-content-flex-start fusion-content-layout-column\"><div class=\"fusion-text fusion-text-1\" style=\"--awb-text-transform:none;\"><h2>  <img decoding=\"async\" class=\"aligncenter wp-image-9797\" src=\"https:\/\/mitocanada.org\/wp-content\/uploads\/2025\/03\/In-Support-of-MitoCanada-2.png\" alt=\"Banni\u00e8re Frankie G Pub Night\" width=\"739\" height=\"418\" srcset=\"https:\/\/mitocanada.org\/wp-content\/uploads\/2025\/03\/In-Support-of-MitoCanada-2-200x113.png 200w, https:\/\/mitocanada.org\/wp-content\/uploads\/2025\/03\/In-Support-of-MitoCanada-2-300x170.png 300w, https:\/\/mitocanada.org\/wp-content\/uploads\/2025\/03\/In-Support-of-MitoCanada-2-400x226.png 400w, https:\/\/mitocanada.org\/wp-content\/uploads\/2025\/03\/In-Support-of-MitoCanada-2-600x339.png 600w, https:\/\/mitocanada.org\/wp-content\/uploads\/2025\/03\/In-Support-of-MitoCanada-2-768x434.png 768w, https:\/\/mitocanada.org\/wp-content\/uploads\/2025\/03\/In-Support-of-MitoCanada-2-800x452.png 800w, https:\/\/mitocanada.org\/wp-content\/uploads\/2025\/03\/In-Support-of-MitoCanada-2-1024x579.png 1024w, https:\/\/mitocanada.org\/wp-content\/uploads\/2025\/03\/In-Support-of-MitoCanada-2-1200x678.png 1200w, https:\/\/mitocanada.org\/wp-content\/uploads\/2025\/03\/In-Support-of-MitoCanada-2.png 1472w\" sizes=\"(max-width: 739px) 100vw, 739px\" \/><\/h2>\n<h2>Soir\u00e9e Pub Frankie G<\/h2>\n<p>La soir\u00e9e Frankie G Pub Night, qui en est \u00e0 sa 10e ann\u00e9e, r\u00e9unit la famille, les amis et la communaut\u00e9 pour c\u00e9l\u00e9brer l&rsquo;<strong data-start=\"302\" data-end=\"322\">h\u00e9ritage de Frankie<\/strong> tout en sensibilisant la population et en recueillant des fonds pour MitoCanada.<\/p>\n<h3 data-start=\"378\" data-end=\"403\"><strong data-start=\"381\" data-end=\"401\">D\u00e9tails de l&rsquo;\u00e9v\u00e9nement<\/strong><\/h3>\n<p data-start=\"404\" data-end=\"730\">Les d\u00e9tails de l&rsquo;\u00e9v\u00e9nement pour 2026 seront bient\u00f4t disponibles !<\/p>\n<h3 data-start=\"732\" data-end=\"757\"><strong data-start=\"735\" data-end=\"755\">\u00c0 quoi s&rsquo;attendre<\/strong><\/h3>\n<p data-start=\"758\" data-end=\"957\"><strong data-start=\"761\" data-end=\"779\">\ud83c\udf9f Vente aux ench\u00e8res silencieuse<\/strong> avec des prix incroyables<br data-start=\"799\" data-end=\"802\">\ud83d\udcb0 <strong data-start=\"805\" data-end=\"821\">Tombola 50\/50<\/strong> pour votre chance de gagner gros<br data-start=\"848\" data-end=\"851\">\ud83e\ude99 <strong data-start=\"854\" data-end=\"869\">Toonie toss<\/strong> et autres jeux amusants<br data-start=\"889\" data-end=\"892\">\ud83c\udfb6 Une nuit remplie d&rsquo;<strong data-start=\"915\" data-end=\"955\">amour, de rires et d&rsquo;esprit de communaut\u00e9<\/strong><\/p>\n<h3 data-start=\"959\" data-end=\"991\"><strong data-start=\"962\" data-end=\"989\">Hommage \u00e0 Frankie G<\/strong><\/h3>\n<p data-start=\"992\" data-end=\"1158\">Depuis 2014, Celia McGrath et sa famille organisent la soir\u00e9e Frankie G Pub Night en m\u00e9moire de Frankie, transformant leur deuil en quelque chose de vraiment sp\u00e9cial.<\/p>\n<p data-start=\"992\" data-end=\"1158\">\u00ab\u00a0Nous voulions cr\u00e9er une soir\u00e9e o\u00f9 tous les membres de notre famille et nos amis pourraient se r\u00e9unir \u00e0 la m\u00e9moire de Frankie tout en sensibilisant le public et en recueillant des fonds pour MitoCanada\u00a0\u00bb, explique Celia. \u00ab\u00a0Nous n&rsquo;avions aucune id\u00e9e de ce que nous faisions, mais nous savions que cela pourrait devenir quelque chose de sp\u00e9cial. <\/p>\n<p data-start=\"1420\" data-end=\"1545\">L&rsquo;\u00e9v\u00e9nement, qui en est \u00e0 sa 10e ann\u00e9e, rassemble chaque ann\u00e9e entre 150 et 200 personnes et a permis de recueillir la <strong> somme<\/strong> incroyable <strong> de 98 730 $<\/strong> pour MitoCanada !!!!.<\/p>\n<p data-start=\"1420\" data-end=\"1545\">\u00ab\u00a0J&rsquo;aimerais ne pas avoir \u00e0 organiser la soir\u00e9e Frankie G Pub Night\u00a0\u00bb, admet Celia. \u00ab\u00a0Je souhaite plus que tout que Frankie soit encore l\u00e0 avec moi. Mais l&rsquo;organisation de cette soir\u00e9e m&rsquo;a aid\u00e9e \u00e0 surmonter ma peine. Pouvoir lui rendre hommage et voir tant de gens se rassembler dans l&rsquo;amour et le soutien signifie plus que les mots ne peuvent le dire. <\/p>\n<p data-start=\"1889\" data-end=\"2091\"><br data-start=\"1948\" data-end=\"1951\">\ud83d\udccc <a href=\"https:\/\/www.facebook.com\/celia.mcgrath.9\" target=\"_blank\" rel=\"noopener\" data-start=\"1954\" data-end=\"2006\">Facebook<\/a><br data-start=\"2006\" data-end=\"2009\">\ud83d\udccc <a href=\"https:\/\/www.instagram.com\/frankiegspubnight\" target=\"_blank\" rel=\"noopener\" data-start=\"2012\" data-end=\"2089\">Instagram (@frankiegspubnight)<\/a><\/p>\n<\/div><script id=\"ch_cdn_embed\" type=\"text\/javascript\" src=\"https:\/\/www.canadahelps.org\/secure\/js\/cdf_embed.2.js\" charSet=\"utf-8\" data-language=\"en\" data-page-id=\"135873\" data-root-url=\"https:\/\/www.canadahelps.org\" data-formtype=\"0\" data-cfasync=\"false\"><\/script><\/div><\/div><\/div><\/div><\/p>\n","protected":false},"excerpt":{"rendered":"","protected":false},"author":3,"featured_media":0,"parent":0,"menu_order":65,"comment_status":"closed","ping_status":"closed","template":"","meta":{"om_disable_all_campaigns":false,"_monsterinsights_skip_tracking":false,"_monsterinsights_sitenote_active":false,"_monsterinsights_sitenote_note":"","_monsterinsights_sitenote_category":0,"_uf_show_specific_survey":0,"_uf_disable_surveys":false,"footnotes":""},"class_list":["post-10893","page","type-page","status-publish","hentry"],"aioseo_notices":[],"_links":{"self":[{"href":"https:\/\/mitocanada.org\/fr\/wp-json\/wp\/v2\/pages\/10893","targetHints":{"allow":["GET"]}}],"collection":[{"href":"https:\/\/mitocanada.org\/fr\/wp-json\/wp\/v2\/pages"}],"about":[{"href":"https:\/\/mitocanada.org\/fr\/wp-json\/wp\/v2\/types\/page"}],"author":[{"embeddable":true,"href":"https:\/\/mitocanada.org\/fr\/wp-json\/wp\/v2\/users\/3"}],"replies":[{"embeddable":true,"href":"https:\/\/mitocanada.org\/fr\/wp-json\/wp\/v2\/comments?post=10893"}],"version-history":[{"count":8,"href":"https:\/\/mitocanada.org\/fr\/wp-json\/wp\/v2\/pages\/10893\/revisions"}],"predecessor-version":[{"id":12917,"href":"https:\/\/mitocanada.org\/fr\/wp-json\/wp\/v2\/pages\/10893\/revisions\/12917"}],"wp:attachment":[{"href":"https:\/\/mitocanada.org\/fr\/wp-json\/wp\/v2\/media?parent=10893"}],"curies":[{"name":"wp","href":"https:\/\/api.w.org\/{rel}","templated":true}]}}