{"id":10850,"date":"2022-05-24T11:48:45","date_gmt":"2022-05-24T15:48:45","guid":{"rendered":"https:\/\/mitocanada.org\/participez\/evenements-historiques\/la-course-virtuelle-de-jon-a-travers-le-canada\/"},"modified":"2025-05-16T10:49:20","modified_gmt":"2025-05-16T14:49:20","slug":"la-course-virtuelle-de-jon-a-travers-le-canada","status":"publish","type":"page","link":"https:\/\/mitocanada.org\/fr\/participez\/evenements-historiques\/la-course-virtuelle-de-jon-a-travers-le-canada\/","title":{"rendered":"La course virtuelle de Jon \u00e0 travers le Canada"},"content":{"rendered":"<p><div class=\"fusion-fullwidth fullwidth-box fusion-builder-row-1 fusion-flex-container nonhundred-percent-fullwidth non-hundred-percent-height-scrolling\" style=\"--awb-border-radius-top-left:0px;--awb-border-radius-top-right:0px;--awb-border-radius-bottom-right:0px;--awb-border-radius-bottom-left:0px;--awb-flex-wrap:wrap;\" ><div class=\"fusion-builder-row fusion-row fusion-flex-align-items-flex-start fusion-flex-content-wrap\" style=\"max-width:1456px;margin-left: calc(-4% \/ 2 );margin-right: calc(-4% \/ 2 );\"><div class=\"fusion-layout-column fusion_builder_column fusion-builder-column-0 fusion_builder_column_1_1 1_1 fusion-flex-column\" style=\"--awb-bg-size:cover;--awb-width-large:100%;--awb-margin-top-large:0px;--awb-spacing-right-large:1.92%;--awb-margin-bottom-large:0px;--awb-spacing-left-large:1.92%;--awb-width-medium:100%;--awb-spacing-right-medium:1.92%;--awb-spacing-left-medium:1.92%;--awb-width-small:100%;--awb-spacing-right-small:1.92%;--awb-spacing-left-small:1.92%;\"><div class=\"fusion-column-wrapper fusion-flex-justify-content-flex-start fusion-content-layout-column\"><div class=\"fusion-text fusion-text-1\"><h3><strong>Courir \u00e0 travers le Canada pour les visages de Mito<\/strong><\/h3>\n<p>Le 14 mai 2021, John Paradowski a franchi la ligne d&rsquo;arriv\u00e9e apr\u00e8s avoir parcouru plus de 7 000 km.<\/p>\n<p>Courir \u00e0 travers le Canada n&rsquo;est pas une mince affaire. Nous ne pourrions \u00eatre plus fiers de l&rsquo;accomplissement de Jon et nous sommes \u00e9mus par sa motivation et sa d\u00e9termination \u00e0 sensibiliser le public \u00e0 MitoCanada. Jon est une formidable source d&rsquo;inspiration, et nous tous, \u00e0 MitoCanada, sommes extr\u00eamement reconnaissants de pouvoir compter sur son soutien. Merci, Jon.   <\/p>\n<p>Pour en savoir plus sur Jon et son voyage intr\u00e9pide, nous vous invitons \u00e0 lire son histoire.<\/p>\n<hr>\n<p>Je m&rsquo;appelle Jon Paradowski. Je suis un homme ordinaire de Regina, Saskatchewan, Canada, qui a un r\u00eave : courir \u00e0 travers le Canada pour les nombreux <strong>\u00ab\u00a0visages de Mito\u00a0\u00bb.<\/strong> Un membre de ma famille est atteint d&rsquo;une maladie mitochondriale et je suis reconnaissant du soutien re\u00e7u de cette merveilleuse organisation caritative qu&rsquo;est <strong>MitoCanada <\/strong>.    <\/p>\n<p>Cette odyss\u00e9e de pr\u00e8s d&rsquo;un an est tr\u00e8s importante pour moi. La r\u00e9alit\u00e9 est que la plupart des gens seront confront\u00e9s, ou conna\u00eetront quelqu&rsquo;un qui sera confront\u00e9, \u00e0 une maladie impliquant un dysfonctionnement mitochondrial \u00e0 un moment ou \u00e0 un autre de leur vie. Mon r\u00eave est de c\u00e9l\u00e9brer le<sup>10e<\/sup> anniversaire de MitoCanada en parcourant 7 269 km de Tofino, en Colombie-Britannique, \u00e0 St. John&rsquo;s, \u00e0 Terre-Neuve, tout en pr\u00e9sentant les nombreux \u00ab\u00a0visages de Mito\u00a0\u00bb et en collectant des fonds pour <a href=\"https:\/\/www.canadahelps.org\/en\/dn\/m\/63614\/donation\" target=\"_blank\" rel=\"noopener\"><b><u>soutenir MitoCanada<\/u><\/b><\/a>  <\/p>\n<p>Le projet Jon&rsquo;s Faces of Mito invite tous les Canadiens \u00e0 partager leurs histoires. Ensemble, nous cr\u00e9ons une anthologie nationale pour c\u00e9l\u00e9brer les h\u00e9ros de la mitose dans chaque province. En travaillant ensemble et en nous inspirant les uns les autres, nous pouvons accomplir beaucoup et donner de l&rsquo;espoir \u00e0 ceux qui vivent avec la mitose. S&rsquo;il vous pla\u00eet, <a href=\"mailto:info@mitocanada.org\">partagez votre histoire<\/a> avec nous.   <\/p>\n<p>Visant \u00e0 recueillir 72 690 $ &#8211; 10 $ pour chaque kilom\u00e8tre parcouru d&rsquo;un oc\u00e9an \u00e0 l&rsquo;autre &#8211; Jon esp\u00e8re prot\u00e9ger, am\u00e9liorer et sauver des vies. Les fonds recueillis serviront \u00e0 financer les programmes essentiels de soutien, d&rsquo;\u00e9ducation et de recherche de MitoCanada.<\/p>\n<\/div><div class=\"fusion-separator fusion-full-width-sep\" style=\"align-self: center;margin-left: auto;margin-right: auto;margin-top:25px;margin-bottom:25px;width:100%;\"><div class=\"fusion-separator-border sep-single sep-solid\" style=\"--awb-height:20px;--awb-amount:20px;border-color:var(--awb-color3);border-top-width:1px;\"><\/div><\/div><\/div><\/div><\/div><\/div><div class=\"fusion-fullwidth fullwidth-box fusion-builder-row-2 fusion-flex-container nonhundred-percent-fullwidth non-hundred-percent-height-scrolling\" style=\"--awb-border-radius-top-left:0px;--awb-border-radius-top-right:0px;--awb-border-radius-bottom-right:0px;--awb-border-radius-bottom-left:0px;--awb-flex-wrap:wrap;\" ><div class=\"fusion-builder-row fusion-row fusion-flex-align-items-flex-start fusion-flex-content-wrap\" style=\"max-width:1456px;margin-left: calc(-4% \/ 2 );margin-right: calc(-4% \/ 2 );\"><div class=\"fusion-layout-column fusion_builder_column fusion-builder-column-1 fusion_builder_column_1_3 1_3 fusion-flex-column\" style=\"--awb-bg-size:cover;--awb-width-large:33.333333333333%;--awb-margin-top-large:0px;--awb-spacing-right-large:5.76%;--awb-margin-bottom-large:20px;--awb-spacing-left-large:5.76%;--awb-width-medium:33.333333333333%;--awb-order-medium:0;--awb-spacing-right-medium:5.76%;--awb-spacing-left-medium:5.76%;--awb-width-small:100%;--awb-order-small:0;--awb-spacing-right-small:1.92%;--awb-spacing-left-small:1.92%;\"><div class=\"fusion-column-wrapper fusion-column-has-shadow fusion-flex-justify-content-flex-start fusion-content-layout-column\"><div class=\"fusion-text fusion-text-2\"><h3>Pourquoi les Visages de Mito ?<\/h3>\n<\/div><div class=\"fusion-video fusion-youtube\" style=\"--awb-max-width:600px;--awb-max-height:360px;\"><div class=\"video-shortcode\"><div class=\"fluid-width-video-wrapper\" style=\"padding-top:60%;\" ><iframe title=\"YouTube video player 1\" src=\"https:\/\/www.youtube.com\/embed\/D7yoyMmz_1M?wmode=transparent&autoplay=0\" width=\"600\" height=\"360\" allowfullscreen allow=\"autoplay; fullscreen\"><\/iframe><\/div><\/div><\/div><\/div><\/div><div class=\"fusion-layout-column fusion_builder_column fusion-builder-column-2 fusion_builder_column_1_3 1_3 fusion-flex-column\" style=\"--awb-bg-size:cover;--awb-width-large:33.333333333333%;--awb-margin-top-large:0px;--awb-spacing-right-large:5.76%;--awb-margin-bottom-large:20px;--awb-spacing-left-large:5.76%;--awb-width-medium:33.333333333333%;--awb-order-medium:0;--awb-spacing-right-medium:5.76%;--awb-spacing-left-medium:5.76%;--awb-width-small:100%;--awb-order-small:0;--awb-spacing-right-small:1.92%;--awb-spacing-left-small:1.92%;\"><div class=\"fusion-column-wrapper fusion-column-has-shadow fusion-flex-justify-content-flex-start fusion-content-layout-column\"><div class=\"fusion-image-element \" style=\"--awb-caption-title-font-family:var(--h2_typography-font-family);--awb-caption-title-font-weight:var(--h2_typography-font-weight);--awb-caption-title-font-style:var(--h2_typography-font-style);--awb-caption-title-size:var(--h2_typography-font-size);--awb-caption-title-transform:var(--h2_typography-text-transform);--awb-caption-title-line-height:var(--h2_typography-line-height);--awb-caption-title-letter-spacing:var(--h2_typography-letter-spacing);\"><span class=\" fusion-imageframe imageframe-none imageframe-1 hover-type-none\"><a class=\"fusion-no-lightbox\" href=\"https:\/\/goo.gl\/maps\/xoVVttfHG3HFFGx16\" target=\"_blank\" aria-label=\"Faces-of-Mito_Instagram-5\" rel=\"noopener noreferrer\"><img decoding=\"async\" width=\"1080\" height=\"1080\" alt=\"Carte du Canada de la course virtuelle de Jon Paradowski \u00e0 travers le Canada \" src=\"https:\/\/mitocanada.org\/wp-content\/uploads\/2022\/05\/Faces-of-Mito_Instagram-5.png\" class=\"img-responsive wp-image-6972\" srcset=\"https:\/\/mitocanada.org\/wp-content\/uploads\/2022\/05\/Faces-of-Mito_Instagram-5-200x200.png 200w, https:\/\/mitocanada.org\/wp-content\/uploads\/2022\/05\/Faces-of-Mito_Instagram-5-400x400.png 400w, https:\/\/mitocanada.org\/wp-content\/uploads\/2022\/05\/Faces-of-Mito_Instagram-5-600x600.png 600w, https:\/\/mitocanada.org\/wp-content\/uploads\/2022\/05\/Faces-of-Mito_Instagram-5-800x800.png 800w, https:\/\/mitocanada.org\/wp-content\/uploads\/2022\/05\/Faces-of-Mito_Instagram-5.png 1080w\" sizes=\"(max-width: 640px) 100vw, 600px\" \/><\/a><\/span><\/div><\/div><\/div><div class=\"fusion-layout-column fusion_builder_column fusion-builder-column-3 fusion_builder_column_1_3 1_3 fusion-flex-column\" style=\"--awb-bg-size:cover;--awb-width-large:33.333333333333%;--awb-margin-top-large:0px;--awb-spacing-right-large:5.76%;--awb-margin-bottom-large:20px;--awb-spacing-left-large:5.76%;--awb-width-medium:33.333333333333%;--awb-order-medium:0;--awb-spacing-right-medium:5.76%;--awb-spacing-left-medium:5.76%;--awb-width-small:100%;--awb-order-small:0;--awb-spacing-right-small:1.92%;--awb-spacing-left-small:1.92%;\"><div class=\"fusion-column-wrapper fusion-column-has-shadow fusion-flex-justify-content-flex-start fusion-content-layout-column\"><div class=\"fusion-text fusion-text-3\"><h3>Rencontrez Jon et Marsha<\/h3>\n<\/div><div class=\"fusion-image-element \" style=\"--awb-caption-title-font-family:var(--h2_typography-font-family);--awb-caption-title-font-weight:var(--h2_typography-font-weight);--awb-caption-title-font-style:var(--h2_typography-font-style);--awb-caption-title-size:var(--h2_typography-font-size);--awb-caption-title-transform:var(--h2_typography-text-transform);--awb-caption-title-line-height:var(--h2_typography-line-height);--awb-caption-title-letter-spacing:var(--h2_typography-letter-spacing);\"><span class=\" fusion-imageframe imageframe-none imageframe-2 hover-type-none\"><img decoding=\"async\" width=\"1620\" height=\"1080\" title=\"Resized_IMG_9877-2\" src=\"https:\/\/mitocanada.org\/wp-content\/uploads\/2022\/05\/Resized_IMG_9877-2.jpg\" alt class=\"img-responsive wp-image-6973\" srcset=\"https:\/\/mitocanada.org\/wp-content\/uploads\/2022\/05\/Resized_IMG_9877-2-200x133.jpg 200w, https:\/\/mitocanada.org\/wp-content\/uploads\/2022\/05\/Resized_IMG_9877-2-400x267.jpg 400w, https:\/\/mitocanada.org\/wp-content\/uploads\/2022\/05\/Resized_IMG_9877-2-600x400.jpg 600w, https:\/\/mitocanada.org\/wp-content\/uploads\/2022\/05\/Resized_IMG_9877-2-800x533.jpg 800w, https:\/\/mitocanada.org\/wp-content\/uploads\/2022\/05\/Resized_IMG_9877-2-1200x800.jpg 1200w, https:\/\/mitocanada.org\/wp-content\/uploads\/2022\/05\/Resized_IMG_9877-2.jpg 1620w\" sizes=\"(max-width: 640px) 100vw, 600px\" \/><\/span><\/div><\/div><\/div><\/div><\/div><\/p>\n","protected":false},"excerpt":{"rendered":"","protected":false},"author":1,"featured_media":0,"parent":7944,"menu_order":1,"comment_status":"closed","ping_status":"closed","template":"","meta":{"om_disable_all_campaigns":false,"_monsterinsights_skip_tracking":false,"_monsterinsights_sitenote_active":false,"_monsterinsights_sitenote_note":"","_monsterinsights_sitenote_category":0,"_uf_show_specific_survey":0,"_uf_disable_surveys":false,"footnotes":""},"class_list":["post-10850","page","type-page","status-publish","hentry"],"aioseo_notices":[],"_links":{"self":[{"href":"https:\/\/mitocanada.org\/fr\/wp-json\/wp\/v2\/pages\/10850","targetHints":{"allow":["GET"]}}],"collection":[{"href":"https:\/\/mitocanada.org\/fr\/wp-json\/wp\/v2\/pages"}],"about":[{"href":"https:\/\/mitocanada.org\/fr\/wp-json\/wp\/v2\/types\/page"}],"author":[{"embeddable":true,"href":"https:\/\/mitocanada.org\/fr\/wp-json\/wp\/v2\/users\/1"}],"replies":[{"embeddable":true,"href":"https:\/\/mitocanada.org\/fr\/wp-json\/wp\/v2\/comments?post=10850"}],"version-history":[{"count":3,"href":"https:\/\/mitocanada.org\/fr\/wp-json\/wp\/v2\/pages\/10850\/revisions"}],"predecessor-version":[{"id":10853,"href":"https:\/\/mitocanada.org\/fr\/wp-json\/wp\/v2\/pages\/10850\/revisions\/10853"}],"up":[{"embeddable":true,"href":"https:\/\/mitocanada.org\/fr\/wp-json\/wp\/v2\/pages\/7944"}],"wp:attachment":[{"href":"https:\/\/mitocanada.org\/fr\/wp-json\/wp\/v2\/media?parent=10850"}],"curies":[{"name":"wp","href":"https:\/\/api.w.org\/{rel}","templated":true}]}}