{"id":10846,"date":"2022-05-24T12:02:44","date_gmt":"2022-05-24T16:02:44","guid":{"rendered":"https:\/\/mitocanada.org\/participez\/evenements-historiques\/tentative-de-record-du-monde-guinness-pour-le-marathon-virtuel\/"},"modified":"2025-05-16T10:40:22","modified_gmt":"2025-05-16T14:40:22","slug":"tentative-de-record-du-monde-guinness-pour-le-marathon-virtuel","status":"publish","type":"page","link":"https:\/\/mitocanada.org\/fr\/participez\/evenements-historiques\/tentative-de-record-du-monde-guinness-pour-le-marathon-virtuel\/","title":{"rendered":"Tentative de record du monde Guinness pour le marathon virtuel"},"content":{"rendered":"<p><div class=\"fusion-fullwidth fullwidth-box fusion-builder-row-1 fusion-flex-container nonhundred-percent-fullwidth non-hundred-percent-height-scrolling\" style=\"--awb-border-radius-top-left:0px;--awb-border-radius-top-right:0px;--awb-border-radius-bottom-right:0px;--awb-border-radius-bottom-left:0px;--awb-flex-wrap:wrap;\" ><div class=\"fusion-builder-row fusion-row fusion-flex-align-items-flex-start fusion-flex-content-wrap\" style=\"max-width:1456px;margin-left: calc(-4% \/ 2 );margin-right: calc(-4% \/ 2 );\"><div class=\"fusion-layout-column fusion_builder_column fusion-builder-column-0 fusion_builder_column_1_1 1_1 fusion-flex-column\" style=\"--awb-bg-size:cover;--awb-width-large:100%;--awb-margin-top-large:0px;--awb-spacing-right-large:1.92%;--awb-margin-bottom-large:0px;--awb-spacing-left-large:1.92%;--awb-width-medium:100%;--awb-spacing-right-medium:1.92%;--awb-spacing-left-medium:1.92%;--awb-width-small:100%;--awb-spacing-right-small:1.92%;--awb-spacing-left-small:1.92%;\"><div class=\"fusion-column-wrapper fusion-flex-justify-content-flex-start fusion-content-layout-column\"><div class=\"fusion-text fusion-text-1\"><p><strong>PLUS DE 70 000 DOLLARS COLLECT\u00c9S !<\/strong><\/p>\n<p>Le 31 mai 2020, TEAMmito a organis\u00e9 un marathon virtuel, au cours duquel les participants ont relev\u00e9 le d\u00e9fi de courir un marathon, tout en participant \u00e0 une tentative de record du monde Guinness pour le \u00ab\u00a0<em>plus grand nombre d&rsquo;argent collect\u00e9 en courant un marathon<\/em>\u00ab\u00a0. Cet \u00e9v\u00e9nement a marqu\u00e9 le lancement de notre campagne 2020 du ScotiaBank Charity Challenge. <\/p>\n<p>L&rsquo;\u00e9v\u00e9nement a d\u00e9pass\u00e9 nos objectifs et nos attentes, et nous sommes tr\u00e8s satisfaits du soutien re\u00e7u, car nous avons tripl\u00e9 notre objectif de collecte de fonds.  <strong>Nous avons r\u00e9colt\u00e9 73 000 dollars en 6 heures !<\/strong><\/p>\n<p>C&rsquo;est le premier \u00e9v\u00e9nement sportif que nous diffusons en direct et nos six coureurs sont des \u00eatres humains ph\u00e9nom\u00e9naux qui nous ont rappel\u00e9 l&rsquo;incroyable communaut\u00e9 de coureurs que nous avons \u00e0 Calgary. Au 1er juin 2020, MitoCanada \u00e9tait l&rsquo;organisme de bienfaisance le plus important par un facteur de 3x <a href=\"https:\/\/raceroster.com\/events\/2020\/23445\/scotiabank-calgary-marathon-2020\/fundraising-organizations\" target=\"_blank\" rel=\"noopener\">: https:\/\/raceroster.com\/events\/2020\/23445\/scotiabank-calgary-marathon-2020\/fundraising-organizations<\/a><\/p>\n<\/div><div ><a class=\"fusion-button button-flat fusion-button-default-size button-default fusion-button-default button-1 fusion-button-default-span fusion-button-default-type\" target=\"_blank\" rel=\"noopener noreferrer\" href=\"https:\/\/youtu.be\/ZFPkIzb9XAE\"><span class=\"fusion-button-text\">Revivez les moments forts<\/span><\/a><\/div><div class=\"fusion-separator fusion-full-width-sep\" style=\"align-self: center;margin-left: auto;margin-right: auto;margin-top:25px;margin-bottom:25px;width:100%;\"><div class=\"fusion-separator-border sep-single sep-solid\" style=\"--awb-height:20px;--awb-amount:20px;border-color:var(--awb-color3);border-top-width:1px;\"><\/div><\/div><\/div><\/div><\/div><\/div><div class=\"fusion-fullwidth fullwidth-box fusion-builder-row-2 fusion-flex-container nonhundred-percent-fullwidth non-hundred-percent-height-scrolling\" style=\"--awb-border-radius-top-left:0px;--awb-border-radius-top-right:0px;--awb-border-radius-bottom-right:0px;--awb-border-radius-bottom-left:0px;--awb-flex-wrap:wrap;\" ><div class=\"fusion-builder-row fusion-row fusion-flex-align-items-flex-start fusion-flex-content-wrap\" style=\"max-width:1456px;margin-left: calc(-4% \/ 2 );margin-right: calc(-4% \/ 2 );\"><div class=\"fusion-layout-column fusion_builder_column fusion-builder-column-1 fusion_builder_column_1_1 1_1 fusion-flex-column\" style=\"--awb-bg-size:cover;--awb-width-large:100%;--awb-margin-top-large:0px;--awb-spacing-right-large:1.92%;--awb-margin-bottom-large:20px;--awb-spacing-left-large:1.92%;--awb-width-medium:100%;--awb-order-medium:0;--awb-spacing-right-medium:1.92%;--awb-spacing-left-medium:1.92%;--awb-width-small:100%;--awb-order-small:0;--awb-spacing-right-small:1.92%;--awb-spacing-left-small:1.92%;\"><div class=\"fusion-column-wrapper fusion-column-has-shadow fusion-flex-justify-content-flex-start fusion-content-layout-column\"><div class=\"fusion-text fusion-text-2\"><div id=\"fws_628d016af1f7f\" class=\"wpb_row vc_row-fluid vc_row standard_section \" data-midnight=\"dark\" data-bg-mobile-hidden=\"\">\n<div class=\"col span_12 dark left\">\n<div class=\"vc_col-sm-12 wpb_column column_container vc_column_container col no-extra-padding instance-2\" data-bg-cover=\"\" data-padding-pos=\"all\" data-has-bg-color=\"false\" data-bg-color=\"\" data-bg-opacity=\"1\" data-hover-bg=\"\" data-hover-bg-opacity=\"1\" data-animation=\"\" data-delay=\"0\">\n<div class=\"vc_column-inner\">\n<div class=\"wpb_wrapper\">\n<div class=\"wpb_text_column wpb_content_element \">\n<div class=\"wpb_wrapper\">\n<p>MitoCanada tient \u00e0 exprimer sa gratitude et ses remerciements aux coureurs, au personnel de production et aux b\u00e9n\u00e9voles. Vous avez rendu la diffusion en direct inspirante, engageante, \u00e9ducative et informative, en plus des aspects amusants et divertissants qui ont fait de cette journ\u00e9e un succ\u00e8s \u00e9poustouflant.  Merci de votre attention !<\/p>\n<\/div>\n<\/div>\n<\/div>\n<\/div>\n<\/div>\n<\/div>\n<\/div>\n<div id=\"fws_628d016af234a\" class=\"wpb_row vc_row-fluid vc_row standard_section \" data-midnight=\"dark\" data-bg-mobile-hidden=\"\">\n<div class=\"col span_12 dark left\">\n<div class=\"vc_col-sm-8 wpb_column column_container vc_column_container col no-extra-padding instance-3\" data-bg-cover=\"\" data-padding-pos=\"all\" data-has-bg-color=\"false\" data-bg-color=\"\" data-bg-opacity=\"1\" data-hover-bg=\"\" data-hover-bg-opacity=\"1\" data-animation=\"\" data-delay=\"0\">\n<div class=\"vc_column-inner\">\n<div class=\"wpb_wrapper\">\n<div class=\"wpb_text_column wpb_content_element \">\n<div class=\"wpb_wrapper\">\n<p><strong>LE VAINQUEUR OFFICIEUX<\/strong><\/p>\n<p>Nous avons eu une comp\u00e9tition serr\u00e9e sur le front de la collecte de fonds jusqu&rsquo;\u00e0 la marque des 30 km, puis <strong>Graham Sherman<\/strong> a ouvert toutes grandes les portes lorsque deux dons de 4 500 $ sont arriv\u00e9s ensemble, le catapultant en t\u00eate du classement. Le reste appartient \u00e0 l&rsquo;histoire et <strong>Graham a collect\u00e9 <\/strong>\u00e0 lui seul <strong>plus de 33 000 dollars <\/strong>, devenant ainsi le nouveau d\u00e9tenteur officieux du record Guinness du travail pour \u00ab\u00a0le plus d&rsquo;argent collect\u00e9 en courant un marathon\u00a0\u00bb. <\/p>\n<p><strong>EN SAVOIR PLUS<\/strong><\/p>\n<p><strong>Photos :<\/strong> <a href=\"https:\/\/mitocanadafoundation.box.com\/s\/pjqb1sca8gqqcz25qu8zayh9ylod53bg\" target=\"_blank\" rel=\"noopener\">https:\/\/mitocanadafoundation.box.com\/s\/pjqb1sca8gqqcz25qu8zayh9ylod53bg<\/a><\/p>\n<p>Article du <strong>magazine Canadian Running<\/strong> <a href=\"https:\/\/runningmagazine.ca\/sections\/runs-races\/canadians-look-to-raise-the-most-money-ever-while-running-a-marathon\/\" target=\"_blank\" rel=\"noopener\">: https:\/\/runningmagazine.ca\/sections\/runs-races\/canadians-look-to-raise-the-most-money-ever-while-running-a-marathon\/<\/a><\/p>\n<p>Merci encore d&rsquo;avoir particip\u00e9 \u00e0 l&rsquo;exp\u00e9rience et au succ\u00e8s de MitoCanada !<\/p>\n<\/div>\n<\/div>\n<\/div>\n<\/div>\n<\/div>\n<\/div>\n<\/div>\n<\/div><\/div><\/div><\/div><\/div><\/p>\n","protected":false},"excerpt":{"rendered":"","protected":false},"author":1,"featured_media":0,"parent":7944,"menu_order":30,"comment_status":"closed","ping_status":"closed","template":"","meta":{"om_disable_all_campaigns":false,"_monsterinsights_skip_tracking":false,"_monsterinsights_sitenote_active":false,"_monsterinsights_sitenote_note":"","_monsterinsights_sitenote_category":0,"_uf_show_specific_survey":0,"_uf_disable_surveys":false,"footnotes":""},"class_list":["post-10846","page","type-page","status-publish","hentry"],"aioseo_notices":[],"_links":{"self":[{"href":"https:\/\/mitocanada.org\/fr\/wp-json\/wp\/v2\/pages\/10846","targetHints":{"allow":["GET"]}}],"collection":[{"href":"https:\/\/mitocanada.org\/fr\/wp-json\/wp\/v2\/pages"}],"about":[{"href":"https:\/\/mitocanada.org\/fr\/wp-json\/wp\/v2\/types\/page"}],"author":[{"embeddable":true,"href":"https:\/\/mitocanada.org\/fr\/wp-json\/wp\/v2\/users\/1"}],"replies":[{"embeddable":true,"href":"https:\/\/mitocanada.org\/fr\/wp-json\/wp\/v2\/comments?post=10846"}],"version-history":[{"count":2,"href":"https:\/\/mitocanada.org\/fr\/wp-json\/wp\/v2\/pages\/10846\/revisions"}],"predecessor-version":[{"id":10848,"href":"https:\/\/mitocanada.org\/fr\/wp-json\/wp\/v2\/pages\/10846\/revisions\/10848"}],"up":[{"embeddable":true,"href":"https:\/\/mitocanada.org\/fr\/wp-json\/wp\/v2\/pages\/7944"}],"wp:attachment":[{"href":"https:\/\/mitocanada.org\/fr\/wp-json\/wp\/v2\/media?parent=10846"}],"curies":[{"name":"wp","href":"https:\/\/api.w.org\/{rel}","templated":true}]}}