{"id":10334,"date":"2025-04-01T14:56:39","date_gmt":"2025-04-01T18:56:39","guid":{"rendered":"https:\/\/mitocanada.org\/comprendre-la-transplantation-mitochondriale\/"},"modified":"2026-01-15T09:38:26","modified_gmt":"2026-01-15T14:38:26","slug":"comprendre-la-transplantation-mitochondriale","status":"publish","type":"page","link":"https:\/\/mitocanada.org\/fr\/comprendre-la-transplantation-mitochondriale\/","title":{"rendered":"Comprendre la transplantation mitochondriale"},"content":{"rendered":"<div class=\"fusion-fullwidth fullwidth-box fusion-builder-row-1 fusion-flex-container nonhundred-percent-fullwidth non-hundred-percent-height-scrolling\" style=\"--awb-border-radius-top-left:0px;--awb-border-radius-top-right:0px;--awb-border-radius-bottom-right:0px;--awb-border-radius-bottom-left:0px;--awb-flex-wrap:wrap;\" ><div class=\"fusion-builder-row fusion-row fusion-flex-align-items-flex-start fusion-flex-content-wrap\" style=\"max-width:1456px;margin-left: calc(-4% \/ 2 );margin-right: calc(-4% \/ 2 );\"><div class=\"fusion-layout-column fusion_builder_column fusion-builder-column-0 fusion_builder_column_1_1 1_1 fusion-flex-column\" style=\"--awb-bg-size:cover;--awb-width-large:100%;--awb-margin-top-large:0px;--awb-spacing-right-large:1.92%;--awb-margin-bottom-large:0px;--awb-spacing-left-large:1.92%;--awb-width-medium:100%;--awb-spacing-right-medium:1.92%;--awb-spacing-left-medium:1.92%;--awb-width-small:100%;--awb-spacing-right-small:1.92%;--awb-spacing-left-small:1.92%;\"><div class=\"fusion-column-wrapper fusion-flex-justify-content-flex-start fusion-content-layout-column\"><div class=\"fusion-image-element \" style=\"--awb-caption-title-font-family:var(--h2_typography-font-family);--awb-caption-title-font-weight:var(--h2_typography-font-weight);--awb-caption-title-font-style:var(--h2_typography-font-style);--awb-caption-title-size:var(--h2_typography-font-size);--awb-caption-title-transform:var(--h2_typography-text-transform);--awb-caption-title-line-height:var(--h2_typography-line-height);--awb-caption-title-letter-spacing:var(--h2_typography-letter-spacing);\"><span class=\" fusion-imageframe imageframe-none imageframe-1 hover-type-none\"><img decoding=\"async\" width=\"2000\" height=\"600\" alt=\"Comprendre la banni\u00e8re de la transplantation mitochondriale\" title=\"Comprendre la transplantation mitochondriale banner\" src=\"https:\/\/mitocanada.org\/wp-content\/uploads\/2025\/05\/Comprendre-la-transplantation-mitochondriale-banner.png\" class=\"img-responsive wp-image-11117\" srcset=\"https:\/\/mitocanada.org\/wp-content\/uploads\/2025\/05\/Comprendre-la-transplantation-mitochondriale-banner-200x60.png 200w, https:\/\/mitocanada.org\/wp-content\/uploads\/2025\/05\/Comprendre-la-transplantation-mitochondriale-banner-400x120.png 400w, https:\/\/mitocanada.org\/wp-content\/uploads\/2025\/05\/Comprendre-la-transplantation-mitochondriale-banner-600x180.png 600w, https:\/\/mitocanada.org\/wp-content\/uploads\/2025\/05\/Comprendre-la-transplantation-mitochondriale-banner-800x240.png 800w, https:\/\/mitocanada.org\/wp-content\/uploads\/2025\/05\/Comprendre-la-transplantation-mitochondriale-banner-1200x360.png 1200w, https:\/\/mitocanada.org\/wp-content\/uploads\/2025\/05\/Comprendre-la-transplantation-mitochondriale-banner.png 2000w\" sizes=\"(max-width: 640px) 100vw, 2000px\" \/><\/span><\/div><div class=\"fusion-separator fusion-full-width-sep\" style=\"align-self: center;margin-left: auto;margin-right: auto;margin-top:15px;margin-bottom:15px;width:100%;\"><\/div><div class=\"fusion-text fusion-text-1\" style=\"--awb-text-transform:none;\"><p data-start=\"85\" data-end=\"223\"><strong data-start=\"85\" data-end=\"221\">Alors que la science des mitochondries progresse, MitoAction et MitoCanada travaillent ensemble pour s&rsquo;assurer que les voix des patients restent au premier plan.<\/strong><\/p>\n<p class=\"\" data-start=\"225\" data-end=\"534\">Notre nouvel article, <em data-start=\"242\" data-end=\"344\">\u00ab\u00a0Comprendre la transplantation mitochondriale : Une nouvelle fronti\u00e8re dans le traitement du dysfonctionnement mitochondrial\u00a0\u00bb,<\/em> pr\u00e9sente ce domaine \u00e9mergent et donne un aper\u00e7u des sujets qui ont \u00e9t\u00e9 explor\u00e9s lors de la conf\u00e9rence sur la <em data-start=\"242\" data-end=\"344\"> transplantation mitochondriale<\/em> et les <em data-start=\"242\" data-end=\"344\"> th\u00e9rapies<\/em> de nouvelle g\u00e9n\u00e9ration. <strong data-start=\"427\" data-end=\"497\"><a href=\"https:\/\/physicians.northwell.edu\/academic-departments\/emergency-medicine\/mitochondial-transplant-conference\" target=\"_blank\" rel=\"noopener\">Transplantation mitochondriale et th\u00e9rapies de nouvelle g\u00e9n\u00e9ration <\/a><\/strong>qui s&rsquo;est tenue du 20 au 25 avril \u00e0 Long Island, dans l&rsquo;\u00c9tat de New York.<\/p>\n<p class=\"\" data-start=\"536\" data-end=\"771\">MitoAction et MitoCanada s&rsquo;engagent \u00e0 veiller \u00e0 ce que les patients et les soignants soient repr\u00e9sent\u00e9s au fur et \u00e0 mesure que la recherche progresse. Des repr\u00e9sentants des deux organisations ont assist\u00e9 \u00e0 la conf\u00e9rence et ont r\u00e9pondu aux questions de la communaut\u00e9.<\/p>\n<h3 style=\"font-weight: 400;\"><\/h3>\n<\/div><div class=\"fusion-text fusion-text-2\" style=\"--awb-text-transform:none;\"><h3 style=\"font-weight: 400;\"><strong>Article : Comprendre la transplantation mitochondriale : Une nouvelle fronti\u00e8re dans le <\/strong><strong>traitement de la dysfonction mitochondriale<\/strong><\/h3>\n<p style=\"font-weight: 400;\">Depuis une dizaine d&rsquo;ann\u00e9es, les scientifiques ont d\u00e9couvert, gr\u00e2ce \u00e0 des \u00e9tudes <em>in vitro<\/em> (tubes \u00e0 essai et bo\u00eetes de culture) et <em>in vivo<\/em> (\u00e0 l&rsquo;int\u00e9rieur d&rsquo;organismes vivants), que les mitochondries peuvent \u00eatre transf\u00e9r\u00e9es d&rsquo;une cellule \u00e0 l&rsquo;autre, d&rsquo;un tissu \u00e0 l&rsquo;autre et d&rsquo;un animal \u00e0 l&rsquo;autre. Les chercheurs esp\u00e8rent appliquer ces m\u00e9thodes aux maladies mitochondriales primaires et aux dysfonctionnements mitochondriaux acquis dans des maladies telles que la maladie de Parkinson et la d\u00e9mence, y compris la maladie d&rsquo;Alzheimer et les maladies cardiovasculaires.<\/p>\n<p style=\"font-weight: 400;\">Bien qu&rsquo;elle soit loin d&rsquo;\u00eatre pr\u00eate pour une utilisation humaine \u00e0 grande \u00e9chelle, la transplantation de mitochondries n\u00e9cessite encore des recherches et des essais importants, mais elle est tr\u00e8s prometteuse en tant qu&rsquo;option th\u00e9rapeutique viable pour de nombreuses personnes, y compris les patients atteints d&rsquo;une maladie mitochondriale primaire.<\/p>\n<\/div><div class=\"accordian fusion-accordian\" style=\"--awb-border-size:1px;--awb-icon-size:16px;--awb-content-font-size:var(--awb-typography4-font-size);--awb-icon-alignment:left;--awb-hover-color:var(--awb-color2);--awb-border-color:var(--awb-color3);--awb-background-color:var(--awb-color1);--awb-divider-color:var(--awb-color3);--awb-divider-hover-color:var(--awb-color3);--awb-icon-color:#ffffff;--awb-title-color:#000000;--awb-content-color:#000000;--awb-icon-box-color:#119bb5;--awb-toggle-hover-accent-color:#119bb5;--awb-title-font-family:var(--awb-typography1-font-family);--awb-title-font-weight:var(--awb-typography1-font-weight);--awb-title-font-style:var(--awb-typography1-font-style);--awb-title-font-size:20px;--awb-title-letter-spacing:-0.015em;--awb-title-line-height:1.2;--awb-content-font-family:&quot;Montserrat&quot;;--awb-content-font-style:normal;--awb-content-font-weight:400;\"><div class=\"panel-group fusion-toggle-icon-boxed\" id=\"accordion-10334-1\"><div class=\"fusion-panel panel-default panel-7d9a3cff8765c421b fusion-toggle-has-divider\" style=\"--awb-title-color:#000000;\"><div class=\"panel-heading\"><h4 class=\"panel-title toggle\" id=\"toggle_7d9a3cff8765c421b\"><a aria-expanded=\"false\" aria-controls=\"7d9a3cff8765c421b\" role=\"button\" data-toggle=\"collapse\" data-parent=\"#accordion-10334-1\" data-target=\"#7d9a3cff8765c421b\" href=\"#7d9a3cff8765c421b\"><span class=\"fusion-toggle-icon-wrapper\" aria-hidden=\"true\"><i class=\"fa-fusion-box active-icon awb-icon-minus\" aria-hidden=\"true\"><\/i><i class=\"fa-fusion-box inactive-icon awb-icon-plus\" aria-hidden=\"true\"><\/i><\/span><span class=\"fusion-toggle-heading\">Comment fonctionne la transplantation mitochondriale<\/span><\/a><\/h4><\/div><div id=\"7d9a3cff8765c421b\" class=\"panel-collapse collapse \" aria-labelledby=\"toggle_7d9a3cff8765c421b\"><div class=\"panel-body toggle-content fusion-clearfix\">\n<p>Le transfert de mitochondries commence par le pr\u00e9l\u00e8vement d&rsquo;un \u00e9chantillon de tissu (g\u00e9n\u00e9ralement du tissu musculaire) sur un donneur ou sur une zone du corps o\u00f9 les tissus ne sont pas affect\u00e9s par des l\u00e9sions ou des maladies. Les mitochondries sont isol\u00e9es \u00e0 partir de cet \u00e9chantillon de tissu. Le processus d&rsquo;isolement peut \u00eatre compliqu\u00e9 et doit \u00eatre r\u00e9alis\u00e9 rapidement pour garantir que les mitochondries restent intactes et viables. L&rsquo;isolement et la pr\u00e9paration des mitochondries pour le transfert peuvent prendre de 2 heures \u00e0 moins de 30 minutes, en fonction du processus utilis\u00e9 et de la quantit\u00e9 de mitochondries n\u00e9cessaires (1). Une fois isol\u00e9es, les mitochondries peuvent \u00eatre \u00e9valu\u00e9es. Les mitochondries viables sont alors pr\u00eates \u00e0 \u00eatre transf\u00e9r\u00e9es, par injection ou perfusion, dans la circulation sanguine ou dans des cellules, tissus ou organes d\u00e9ficients ou endommag\u00e9s (2).<\/p>\n<\/div><\/div><\/div><div class=\"fusion-panel panel-default panel-fde304e3f71ad43f5 fusion-toggle-has-divider\" style=\"--awb-title-color:#000000;\"><div class=\"panel-heading\"><h4 class=\"panel-title toggle\" id=\"toggle_fde304e3f71ad43f5\"><a aria-expanded=\"false\" aria-controls=\"fde304e3f71ad43f5\" role=\"button\" data-toggle=\"collapse\" data-parent=\"#accordion-10334-1\" data-target=\"#fde304e3f71ad43f5\" href=\"#fde304e3f71ad43f5\"><span class=\"fusion-toggle-icon-wrapper\" aria-hidden=\"true\"><i class=\"fa-fusion-box active-icon awb-icon-minus\" aria-hidden=\"true\"><\/i><i class=\"fa-fusion-box inactive-icon awb-icon-plus\" aria-hidden=\"true\"><\/i><\/span><span class=\"fusion-toggle-heading\">Recherche pionni\u00e8re dans le domaine de la transplantation mitochondriale<\/span><\/a><\/h4><\/div><div id=\"fde304e3f71ad43f5\" class=\"panel-collapse collapse \" aria-labelledby=\"toggle_fde304e3f71ad43f5\"><div class=\"panel-body toggle-content fusion-clearfix\">\n<p>Le Dr James McCully et son \u00e9quipe de l&rsquo;<b>h\u00f4pital pour enfants de Boston <\/b>sont \u00e0 la pointe de cette recherche. Leurs travaux novateurs se sont concentr\u00e9s sur l&rsquo;utilisation de la transplantation de mitochondries pour aider les patients p\u00e9diatriques souffrant de malformations cardiaques. Leur approche consiste \u00e0<\/p>\n<ul>\n<li>Isolement de mitochondries saines \u00e0 partir du tissu d&rsquo;un patient<\/li>\n<li>Injection des mitochondries directement dans les zones endommag\u00e9es du c\u0153ur<\/li>\n<li>R\u00e9tablir la production d&rsquo;\u00e9nergie et favoriser la r\u00e9paration du tissu cardiaque<\/li>\n<\/ul>\n<p>Cette technique pourrait am\u00e9liorer les r\u00e9sultats pour les enfants qui subissent une chirurgie cardiaque, en particulier ceux qui risquent de souffrir d&rsquo;insuffisance cardiaque en raison d&rsquo;un dysfonctionnement mitochondrial.<\/p>\n<\/div><\/div><\/div><div class=\"fusion-panel panel-default panel-123d2d3723cbd2b10 fusion-toggle-has-divider\" style=\"--awb-title-color:#000000;\"><div class=\"panel-heading\"><h4 class=\"panel-title toggle\" id=\"toggle_123d2d3723cbd2b10\"><a aria-expanded=\"false\" aria-controls=\"123d2d3723cbd2b10\" role=\"button\" data-toggle=\"collapse\" data-parent=\"#accordion-10334-1\" data-target=\"#123d2d3723cbd2b10\" href=\"#123d2d3723cbd2b10\"><span class=\"fusion-toggle-icon-wrapper\" aria-hidden=\"true\"><i class=\"fa-fusion-box active-icon awb-icon-minus\" aria-hidden=\"true\"><\/i><i class=\"fa-fusion-box inactive-icon awb-icon-plus\" aria-hidden=\"true\"><\/i><\/span><span class=\"fusion-toggle-heading\">Suivi et am\u00e9lioration de la transplantation mitochondriale<\/span><\/a><\/h4><\/div><div id=\"123d2d3723cbd2b10\" class=\"panel-collapse collapse \" aria-labelledby=\"toggle_123d2d3723cbd2b10\"><div class=\"panel-body toggle-content fusion-clearfix\">\n<p>Pour garantir le succ\u00e8s de la transplantation de mitochondries, les chercheurs d\u00e9veloppent des techniques de suivi en temps r\u00e9el. Par exemple, une \u00e9tude a introduit un <b>g\u00e8ne rapporteur sp\u00e9cifique \u00e0 une voie <\/b>pour imager la fonction mitochondriale dans les cellules souches. Cela permet aux scientifiques de suivre l&rsquo;adaptation et le fonctionnement des mitochondries bien transplant\u00e9es au fil du temps. Au-del\u00e0 de la surveillance, des efforts sont en cours pour am\u00e9liorer la fonction mitochondriale, afin d&rsquo;am\u00e9liorer le succ\u00e8s global des th\u00e9rapies de transplantation.<\/p>\n<\/div><\/div><\/div><div class=\"fusion-panel panel-default panel-a211a3425a7bfa669 fusion-toggle-has-divider\" style=\"--awb-title-color:#000000;\"><div class=\"panel-heading\"><h4 class=\"panel-title toggle\" id=\"toggle_a211a3425a7bfa669\"><a aria-expanded=\"false\" aria-controls=\"a211a3425a7bfa669\" role=\"button\" data-toggle=\"collapse\" data-parent=\"#accordion-10334-1\" data-target=\"#a211a3425a7bfa669\" href=\"#a211a3425a7bfa669\"><span class=\"fusion-toggle-icon-wrapper\" aria-hidden=\"true\"><i class=\"fa-fusion-box active-icon awb-icon-minus\" aria-hidden=\"true\"><\/i><i class=\"fa-fusion-box inactive-icon awb-icon-plus\" aria-hidden=\"true\"><\/i><\/span><span class=\"fusion-toggle-heading\">L'avenir : Acc\u00e8s universel \u00e0 la th\u00e9rapie mitochondriale<\/span><\/a><\/h4><\/div><div id=\"a211a3425a7bfa669\" class=\"panel-collapse collapse \" aria-labelledby=\"toggle_a211a3425a7bfa669\"><div class=\"panel-body toggle-content fusion-clearfix\">\n<p>Imaginez un avenir o\u00f9 la transplantation mitochondriale serait facilement accessible \u00e0 tous les patients qui en ont besoin. Pour y parvenir, les chercheurs travaillent \u00e0 :<\/p>\n<ol>\n<li>D\u00e9velopper des m\u00e9thodes \u00e0 grande \u00e9chelle pour produire des mitochondries saines (bior\u00e9acteurs)<\/li>\n<li>Cr\u00e9er des syst\u00e8mes d&rsquo;administration s\u00fbrs et efficaces pour diverses maladies<\/li>\n<li>Garantir un acc\u00e8s abordable et \u00e9quitable aux traitements dans le monde entier<\/li>\n<li>Obtenir les autorisations r\u00e9glementaires pour l&rsquo;utilisation clinique<\/li>\n<\/ol>\n<p>En cas de succ\u00e8s, la transplantation de mitochondries pourrait r\u00e9volutionner les traitementspour une multitude d&rsquo;affections li\u00e9es au dysfonctionnement mitochondrial, offrant ainsi de l&rsquo;espoir \u00e0 des millions de personnes.<\/p>\n<\/div><\/div><\/div><div class=\"fusion-panel panel-default panel-6a5f9974e51419f58 fusion-toggle-has-divider\" style=\"--awb-title-color:#000000;\"><div class=\"panel-heading\"><h4 class=\"panel-title toggle\" id=\"toggle_6a5f9974e51419f58\"><a aria-expanded=\"false\" aria-controls=\"6a5f9974e51419f58\" role=\"button\" data-toggle=\"collapse\" data-parent=\"#accordion-10334-1\" data-target=\"#6a5f9974e51419f58\" href=\"#6a5f9974e51419f58\"><span class=\"fusion-toggle-icon-wrapper\" aria-hidden=\"true\"><i class=\"fa-fusion-box active-icon awb-icon-minus\" aria-hidden=\"true\"><\/i><i class=\"fa-fusion-box inactive-icon awb-icon-plus\" aria-hidden=\"true\"><\/i><\/span><span class=\"fusion-toggle-heading\">Conclusion<\/span><\/a><\/h4><\/div><div id=\"6a5f9974e51419f58\" class=\"panel-collapse collapse \" aria-labelledby=\"toggle_6a5f9974e51419f58\"><div class=\"panel-body toggle-content fusion-clearfix\">\n<p>La transplantation de mitochondries est un domaine qui \u00e9volue rapidement et qui pourrait transformer le traitement des maladies mitochondriales et d&rsquo;autres affections caus\u00e9es par une d\u00e9faillance de l&rsquo;\u00e9nergie cellulaire. Bien que la recherche et les essais cliniques n&rsquo;en soient qu&rsquo;\u00e0 leurs d\u00e9buts, les progr\u00e8s r\u00e9alis\u00e9s jusqu&rsquo;\u00e0 pr\u00e9sent soulignent l&rsquo;immense potentiel th\u00e9rapeutique de cette approche.<\/p>\n<p>Tout en continuant \u00e0 affiner les techniques et les m\u00e9thodes d&rsquo;administration, \u00e0 am\u00e9liorer le suivi en temps r\u00e9el et \u00e0 relever les principaux d\u00e9fis en mati\u00e8re de r\u00e9glementation et d&rsquo;\u00e9volutivit\u00e9, les scientifiques s&rsquo;efforcent de faire passer la transplantation mitochondriale du laboratoire \u00e0 la clinique.<\/p>\n<p>Les prochaines ann\u00e9es seront d\u00e9terminantes pour l&rsquo;\u00e9volution de cette technologie et, en cas de succ\u00e8s, la transplantation de mitochondries pourrait modifier le paradigme du traitement de maladies consid\u00e9r\u00e9es jusqu&rsquo;\u00e0 pr\u00e9sent comme incurables, en offrant une th\u00e9rapie puissante et r\u00e9paratrice \u00e0 des millions de patients dans le monde entier. Le chemin \u00e0 parcourir est complexe, mais la promesse d&rsquo;exploiter la puissance cellulaire \u00e0 sa source en fait une fronti\u00e8re passionnante et transformatrice de la m\u00e9decine, et nous voulons que vous participiez \u00e0 ce voyage avec la communaut\u00e9 des chercheurs.<\/p>\n<\/div><\/div><\/div><div class=\"fusion-panel panel-default panel-4ba61ef5a9703d078 fusion-toggle-has-divider\" style=\"--awb-title-color:#000000;\"><div class=\"panel-heading\"><h4 class=\"panel-title toggle\" id=\"toggle_4ba61ef5a9703d078\"><a aria-expanded=\"false\" aria-controls=\"4ba61ef5a9703d078\" role=\"button\" data-toggle=\"collapse\" data-parent=\"#accordion-10334-1\" data-target=\"#4ba61ef5a9703d078\" href=\"#4ba61ef5a9703d078\"><span class=\"fusion-toggle-icon-wrapper\" aria-hidden=\"true\"><i class=\"fa-fusion-box active-icon awb-icon-minus\" aria-hidden=\"true\"><\/i><i class=\"fa-fusion-box inactive-icon awb-icon-plus\" aria-hidden=\"true\"><\/i><\/span><span class=\"fusion-toggle-heading\">Collaborateurs<\/span><\/a><\/h4><\/div><div id=\"4ba61ef5a9703d078\" class=\"panel-collapse collapse \" aria-labelledby=\"toggle_4ba61ef5a9703d078\"><div class=\"panel-body toggle-content fusion-clearfix\">\n<p><b>MitoAction <\/b>est une organisation \u00e0 but non lucratif fond\u00e9e par des patients, des parents et des<span class=\"Apple-converted-space\"> responsables des<\/span>soins de sant\u00e9 de l&rsquo;h\u00f4pital de Boston qui avaient pour objectif d&rsquo;am\u00e9liorer la qualit\u00e9 de vie des enfants et des adultes atteints de maladies mitochondriales.maladie. La mission de MitoAction est d&rsquo;am\u00e9liorer la qualit\u00e9 de vie des enfants, des adultes et des familles vivant avec une maladie mitochondriale par le biais du soutien, de l&rsquo;\u00e9ducation, de la sensibilisation, de la d\u00e9fense des int\u00e9r\u00eats, d&rsquo;initiatives de recherche clinique et en exau\u00e7ant les v\u0153ux d&rsquo;enfants atteints d&rsquo;une maladie mitochondriale.<\/p>\n<p><b>MitoCanada <\/b>est la seule fondation de sant\u00e9 enregistr\u00e9e au Canada qui se consacre \u00e0 la transformation de la vie des personnes, des familles et des soignants atteints d&rsquo;une maladie mitochondriale. La mission de MitoCanada est de dynamiser et de soutenir les patients, les familles et les prestataires de soins de sant\u00e9 \u00e0 travers le Canada par l&rsquo;\u00e9ducation, le soutien, la sensibilisation et la recherche transformationnelle. MitoCanada est une source d&rsquo;information et de soutien fiable pour les Canadiens touch\u00e9s par la maladie mitochondriale.<\/p>\n<p><b>Northwell Health <\/b>a reconnu un besoin non satisfait de th\u00e9rapie ciblant les mitochondries et a organis\u00e9 sa premi\u00e8re conf\u00e9rence sur la transplantation mitochondriale et les th\u00e9rapies de nouvelle g\u00e9n\u00e9ration. La conf\u00e9rence aura lieu du 27 au 29 avril 2025 \u00e0 l&rsquo;Universit\u00e9 Hofstra \u00e0 Hempstead, Long Island. Pour plus d&rsquo;informations sur la conf\u00e9rence ou pour y participer, veuillez contacter Eboni Eseetoo \u00e0 l&rsquo;adresse eseetoo@northwell.edu.<\/p>\n<\/div><\/div><\/div><div class=\"fusion-panel panel-default panel-d5ac97fe0909417e7 fusion-toggle-has-divider\" style=\"--awb-title-color:#000000;\"><div class=\"panel-heading\"><h4 class=\"panel-title toggle\" id=\"toggle_d5ac97fe0909417e7\"><a aria-expanded=\"false\" aria-controls=\"d5ac97fe0909417e7\" role=\"button\" data-toggle=\"collapse\" data-parent=\"#accordion-10334-1\" data-target=\"#d5ac97fe0909417e7\" href=\"#d5ac97fe0909417e7\"><span class=\"fusion-toggle-icon-wrapper\" aria-hidden=\"true\"><i class=\"fa-fusion-box active-icon awb-icon-minus\" aria-hidden=\"true\"><\/i><i class=\"fa-fusion-box inactive-icon awb-icon-plus\" aria-hidden=\"true\"><\/i><\/span><span class=\"fusion-toggle-heading\">Citations<\/span><\/a><\/h4><\/div><div id=\"d5ac97fe0909417e7\" class=\"panel-collapse collapse \" aria-labelledby=\"toggle_d5ac97fe0909417e7\"><div class=\"panel-body toggle-content fusion-clearfix\">\n<ol>\n<li>McCully JD, Del Nido PJ, Emani SM. Mitochondrial transplantation for organ rescue (transplantation de mitochondries pour le sauvetage d&rsquo;organes). Mitochondrion. 2022 05 ; 64:27-33. PMID : 35217248.<\/li>\n<li>Tian-Guang Zhang, Chao-yu Miao, Mitochondrial transplantation as a promising therapy for mitochondrial diseases, Acta Pharmaceutica Sinica B, Volume 13, Issue 3, 2023, Pages 1028-1035, ISSN 2211-3835, https:\/\/doi.org\/10.1016\/j.apsb.2022.10.008<\/li>\n<\/ol>\n<\/div><\/div><\/div><\/div><\/div><div class=\"fusion-separator fusion-full-width-sep\" style=\"align-self: center;margin-left: auto;margin-right: auto;margin-top:15px;margin-bottom:15px;width:100%;\"><\/div><div class=\"fusion-text fusion-text-3\"><div class=\"fusion-separator fusion-full-width-sep\">Vos questions et vos opinions sont extr\u00eamement pr\u00e9cieuses pour MitoCanada et la communaut\u00e9 scientifique, car elles contribuent \u00e0 \u00e9clairer les conversations et \u00e0 fa\u00e7onner la fa\u00e7on dont nous allons de l&rsquo;avant pour offrir des options th\u00e9rapeutiques viables \u00e0 la communaut\u00e9 et contribuer \u00e0 alimenter nos efforts de sensibilisation et de d\u00e9fense des droits.<\/div>\n<\/div><div class=\"fusion-separator fusion-full-width-sep\" style=\"align-self: center;margin-left: auto;margin-right: auto;margin-top:25px;margin-bottom:5px;width:100%;\"><\/div><div style=\"text-align:left;\"><a class=\"fusion-button button-flat fusion-button-default-size button-default fusion-button-default button-1 fusion-button-default-span fusion-button-default-type\" target=\"_blank\" rel=\"noopener noreferrer\" href=\"https:\/\/mitocanada.org\/wp-content\/uploads\/2025\/03\/Understanding-Mitochondrial-Transplantation-FV2.pdf\"><span class=\"fusion-button-text\">T\u00e9l\u00e9charger l&rsquo;article<\/span><\/a><\/div><\/div><\/div><\/div><\/div>\n","protected":false},"excerpt":{"rendered":"","protected":false},"author":3,"featured_media":0,"parent":0,"menu_order":63,"comment_status":"closed","ping_status":"closed","template":"","meta":{"om_disable_all_campaigns":false,"_monsterinsights_skip_tracking":false,"_monsterinsights_sitenote_active":false,"_monsterinsights_sitenote_note":"","_monsterinsights_sitenote_category":0,"_uf_show_specific_survey":0,"_uf_disable_surveys":false,"footnotes":""},"class_list":["post-10334","page","type-page","status-publish","hentry"],"aioseo_notices":[],"_links":{"self":[{"href":"https:\/\/mitocanada.org\/fr\/wp-json\/wp\/v2\/pages\/10334","targetHints":{"allow":["GET"]}}],"collection":[{"href":"https:\/\/mitocanada.org\/fr\/wp-json\/wp\/v2\/pages"}],"about":[{"href":"https:\/\/mitocanada.org\/fr\/wp-json\/wp\/v2\/types\/page"}],"author":[{"embeddable":true,"href":"https:\/\/mitocanada.org\/fr\/wp-json\/wp\/v2\/users\/3"}],"replies":[{"embeddable":true,"href":"https:\/\/mitocanada.org\/fr\/wp-json\/wp\/v2\/comments?post=10334"}],"version-history":[{"count":11,"href":"https:\/\/mitocanada.org\/fr\/wp-json\/wp\/v2\/pages\/10334\/revisions"}],"predecessor-version":[{"id":11120,"href":"https:\/\/mitocanada.org\/fr\/wp-json\/wp\/v2\/pages\/10334\/revisions\/11120"}],"wp:attachment":[{"href":"https:\/\/mitocanada.org\/fr\/wp-json\/wp\/v2\/media?parent=10334"}],"curies":[{"name":"wp","href":"https:\/\/api.w.org\/{rel}","templated":true}]}}