{"id":10215,"date":"2025-03-17T08:39:59","date_gmt":"2025-03-17T12:39:59","guid":{"rendered":"https:\/\/mitocanada.org\/15-pour-15-celebrez-15-ans-dimpact-avec-mitocanada\/"},"modified":"2025-05-16T00:00:01","modified_gmt":"2025-05-16T04:00:01","slug":"15-pour-15-celebrez-15-ans-dimpact-avec-mitocanada","status":"publish","type":"page","link":"https:\/\/mitocanada.org\/fr\/15-pour-15-celebrez-15-ans-dimpact-avec-mitocanada\/","title":{"rendered":"15 pour 15 : C\u00e9l\u00e9brez 15 ans d&rsquo;impact avec MitoCanada !"},"content":{"rendered":"<p><div class=\"fusion-fullwidth fullwidth-box fusion-builder-row-1 fusion-flex-container nonhundred-percent-fullwidth non-hundred-percent-height-scrolling\" style=\"--awb-border-radius-top-left:0px;--awb-border-radius-top-right:0px;--awb-border-radius-bottom-right:0px;--awb-border-radius-bottom-left:0px;--awb-flex-wrap:wrap;\" ><div class=\"fusion-builder-row fusion-row fusion-flex-align-items-flex-start fusion-flex-content-wrap\" style=\"max-width:1456px;margin-left: calc(-4% \/ 2 );margin-right: calc(-4% \/ 2 );\"><div class=\"fusion-layout-column fusion_builder_column fusion-builder-column-0 fusion_builder_column_1_1 1_1 fusion-flex-column\" style=\"--awb-bg-size:cover;--awb-width-large:100%;--awb-margin-top-large:0px;--awb-spacing-right-large:1.92%;--awb-margin-bottom-large:0px;--awb-spacing-left-large:1.92%;--awb-width-medium:100%;--awb-spacing-right-medium:1.92%;--awb-spacing-left-medium:1.92%;--awb-width-small:100%;--awb-spacing-right-small:1.92%;--awb-spacing-left-small:1.92%;\"><div class=\"fusion-column-wrapper fusion-flex-justify-content-flex-start fusion-content-layout-column\"><div class=\"fusion-text fusion-text-1\" style=\"--awb-text-transform:none;\"><h2><img decoding=\"async\" class=\"alignnone wp-image-10038 size-full\" src=\"https:\/\/mitocanada.org\/wp-content\/uploads\/2025\/03\/15-for-15-Campaign-v2.png\" alt=\"Banni\u00e8re MitoCanada 15 pour 15\" width=\"1472\" height=\"832\" srcset=\"https:\/\/mitocanada.org\/wp-content\/uploads\/2025\/03\/15-for-15-Campaign-v2-200x113.png 200w, https:\/\/mitocanada.org\/wp-content\/uploads\/2025\/03\/15-for-15-Campaign-v2-300x170.png 300w, https:\/\/mitocanada.org\/wp-content\/uploads\/2025\/03\/15-for-15-Campaign-v2-400x226.png 400w, https:\/\/mitocanada.org\/wp-content\/uploads\/2025\/03\/15-for-15-Campaign-v2-600x339.png 600w, https:\/\/mitocanada.org\/wp-content\/uploads\/2025\/03\/15-for-15-Campaign-v2-768x434.png 768w, https:\/\/mitocanada.org\/wp-content\/uploads\/2025\/03\/15-for-15-Campaign-v2-800x452.png 800w, https:\/\/mitocanada.org\/wp-content\/uploads\/2025\/03\/15-for-15-Campaign-v2-1024x579.png 1024w, https:\/\/mitocanada.org\/wp-content\/uploads\/2025\/03\/15-for-15-Campaign-v2-1200x678.png 1200w, https:\/\/mitocanada.org\/wp-content\/uploads\/2025\/03\/15-for-15-Campaign-v2.png 1472w\" sizes=\"(max-width: 1472px) 100vw, 1472px\" \/><\/h2>\n<p style=\"font-weight: 400;\">MitoCanada c\u00e9l\u00e8bre 15 ans d&rsquo;espoir, d&rsquo;autonomisation des familles et de recherche sur les maladies mitochondriales.<\/p>\n<p style=\"font-weight: 400;\">Rejoignez-nous pour notre campagne 15 pour 15 &#8211; une mani\u00e8re amusante et significative de collecter des fonds, de sensibiliser l&rsquo;opinion publique et d&rsquo;avoir un impact durable !<\/p>\n<h2 style=\"font-weight: 400;\"><strong>Comment \u00e7a marche<\/strong><\/h2>\n<p style=\"font-weight: 400;\">Pour c\u00e9l\u00e9brer notre 15e anniversaire, nous invitons notre communaut\u00e9 \u00e0 donner ou \u00e0 bouger en faisant un don ou en relevant un d\u00e9fi de mise en forme inspir\u00e9 du chiffre 15, tout cela pour soutenir les Canadiens touch\u00e9s par la maladie mitochondriale.<\/p>\n<p style=\"font-weight: 400;\">Votre don permet de financer l&rsquo;\u00e9ducation, la recherche et le soutien \u00e0 la communaut\u00e9 Mito.<\/p>\n<p style=\"font-weight: 400;\">\u2714\ufe0fFaites un don de 15, 150 ou 1 500 dollars pour honorer 15 ann\u00e9es de progr\u00e8s.<\/p>\n<p style=\"font-weight: 400;\">\u2714\ufe0fDevenez un donateur mensuel : Donnez 15 $ par mois pour un impact durable !<\/p>\n<p style=\"font-weight: 400;\">\u2714\ufe0fFixez un objectif de remise en forme inspir\u00e9 par 15 et mobilisez les soutiens ! Encouragez votre r\u00e9seau \u00e0 vous parrainer en faisant un don de 15 $ sur votre page de collecte de fonds ! <\/p>\n<\/div><div class=\"fusion-separator fusion-full-width-sep\" style=\"align-self: center;margin-left: auto;margin-right: auto;margin-top:10px;width:100%;\"><\/div><div class=\"accordian fusion-accordian\" style=\"--awb-border-size:1px;--awb-icon-size:16px;--awb-content-font-size:var(--awb-typography4-font-size);--awb-icon-alignment:left;--awb-hover-color:var(--awb-color2);--awb-border-color:var(--awb-color3);--awb-background-color:var(--awb-color1);--awb-divider-color:var(--awb-color3);--awb-divider-hover-color:var(--awb-color3);--awb-icon-color:#ffffff;--awb-title-color:#000000;--awb-content-color:#000000;--awb-icon-box-color:#119bb5;--awb-toggle-hover-accent-color:#119bb5;--awb-title-font-family:var(--awb-typography1-font-family);--awb-title-font-weight:var(--awb-typography1-font-weight);--awb-title-font-style:var(--awb-typography1-font-style);--awb-title-font-size:20px;--awb-title-letter-spacing:-0.015em;--awb-title-line-height:1.2;--awb-content-font-family:&quot;Montserrat&quot;;--awb-content-font-style:normal;--awb-content-font-weight:400;\"><div class=\"panel-group fusion-toggle-icon-boxed\" id=\"accordion-10215-1\"><div class=\"fusion-panel panel-default panel-f42abedcdda0e1a43 fusion-toggle-has-divider\" style=\"--awb-title-color:#000000;\"><div class=\"panel-heading\"><h4 class=\"panel-title toggle\" id=\"toggle_f42abedcdda0e1a43\"><a class=\"active\" aria-expanded=\"true\" aria-controls=\"f42abedcdda0e1a43\" role=\"button\" data-toggle=\"collapse\" data-parent=\"#accordion-10215-1\" data-target=\"#f42abedcdda0e1a43\" href=\"#f42abedcdda0e1a43\"><span class=\"fusion-toggle-icon-wrapper\" aria-hidden=\"true\"><i class=\"fa-fusion-box active-icon awb-icon-minus\" aria-hidden=\"true\"><\/i><i class=\"fa-fusion-box inactive-icon awb-icon-plus\" aria-hidden=\"true\"><\/i><\/span><span class=\"fusion-toggle-heading\">Give4Mito - Faites un don unique !<\/span><\/a><\/h4><\/div><div id=\"f42abedcdda0e1a43\" class=\"panel-collapse collapse in\" aria-labelledby=\"toggle_f42abedcdda0e1a43\"><div class=\"panel-body toggle-content fusion-clearfix\">\n<p style=\"font-weight: 400;\">Vos <strong> 15 dollars<\/strong> contribuent \u00e0 la cr\u00e9ation d&rsquo;une histoire sur les visages de Mito, inspirant l&rsquo;action et sensibilisant l&rsquo;opinion publique.<\/p>\n<p style=\"font-weight: 400;\">Vos <strong> 150 dollars<\/strong> permettent de mettre en relation une famille mito avec un mentor form\u00e9 pour apporter un soutien \u00e9motionnel et des conseils.<\/p>\n<p style=\"font-weight: 400;\">Votre <strong> 250 $<\/strong> permet \u00e0 un enfant \u00e0 mobilit\u00e9 r\u00e9duite d&rsquo;avoir acc\u00e8s \u00e0 un v\u00e9lo adapt\u00e9, ce qui renforce son ind\u00e9pendance et sa confiance en lui.<\/p>\n<p style=\"font-weight: 400;\">Vos <strong> 500 $<\/strong> permettent de financer une bourse d&rsquo;\u00e9tudes postsecondaires, aidant ainsi les jeunes adultes vivant avec la mitose \u00e0 atteindre leurs objectifs en mati\u00e8re d&rsquo;\u00e9ducation.<\/p>\n<p style=\"font-weight: 400;\">Votre contribution de <strong> 1 500 $<\/strong> permet d&rsquo;\u00e9largir notre registre de patients, ce qui favorise les possibilit\u00e9s de recherche et d&rsquo;essais cliniques essentiels pour les Canadiens touch\u00e9s par la maladie mitotique.<\/p>\n<\/div><\/div><\/div><\/div><\/div><div style=\"text-align:left;\"><a class=\"fusion-button button-flat fusion-button-default-size button-default fusion-button-default button-1 fusion-button-default-span fusion-button-default-type\" target=\"_self\" href=\"https:\/\/mitocanada.org\/fr\/faire-un-don\/\"><span class=\"fusion-button-text\">DON UNIQUE<\/span><\/a><\/div><div class=\"fusion-separator fusion-full-width-sep\" style=\"align-self: center;margin-left: auto;margin-right: auto;margin-top:10px;margin-bottom:30px;width:100%;\"><\/div><div class=\"accordian fusion-accordian\" style=\"--awb-border-size:1px;--awb-icon-size:16px;--awb-content-font-size:var(--awb-typography4-font-size);--awb-icon-alignment:left;--awb-hover-color:var(--awb-color2);--awb-border-color:var(--awb-color3);--awb-background-color:var(--awb-color1);--awb-divider-color:var(--awb-color3);--awb-divider-hover-color:var(--awb-color3);--awb-icon-color:#ffffff;--awb-title-color:#000000;--awb-content-color:#000000;--awb-icon-box-color:#119bb5;--awb-toggle-hover-accent-color:#119bb5;--awb-title-font-family:var(--awb-typography1-font-family);--awb-title-font-weight:var(--awb-typography1-font-weight);--awb-title-font-style:var(--awb-typography1-font-style);--awb-title-font-size:20px;--awb-title-letter-spacing:-0.015em;--awb-title-line-height:1.2;--awb-content-font-family:&quot;Montserrat&quot;;--awb-content-font-style:normal;--awb-content-font-weight:400;\"><div class=\"panel-group fusion-toggle-icon-boxed\" id=\"accordion-10215-2\"><div class=\"fusion-panel panel-default panel-8e689a55944f4dba8 fusion-toggle-has-divider\" style=\"--awb-title-color:#000000;\"><div class=\"panel-heading\"><h4 class=\"panel-title toggle\" id=\"toggle_8e689a55944f4dba8\"><a class=\"active\" aria-expanded=\"true\" aria-controls=\"8e689a55944f4dba8\" role=\"button\" data-toggle=\"collapse\" data-parent=\"#accordion-10215-2\" data-target=\"#8e689a55944f4dba8\" href=\"#8e689a55944f4dba8\"><span class=\"fusion-toggle-icon-wrapper\" aria-hidden=\"true\"><i class=\"fa-fusion-box active-icon awb-icon-minus\" aria-hidden=\"true\"><\/i><i class=\"fa-fusion-box inactive-icon awb-icon-plus\" aria-hidden=\"true\"><\/i><\/span><span class=\"fusion-toggle-heading\">Devenez un donateur mensuel, donnez 15 $ par mois pour un impact durable !<\/span><\/a><\/h4><\/div><div id=\"8e689a55944f4dba8\" class=\"panel-collapse collapse in\" aria-labelledby=\"toggle_8e689a55944f4dba8\"><div class=\"panel-body toggle-content fusion-clearfix\">\n<p style=\"font-weight: 400;\">Pour seulement 15 dollars par mois, vous pouvez apporter un soutien durable aux familles qui vivent avec une maladie mitochondriale.<\/p>\n<p style=\"font-weight: 400;\">Votre don mensuel garantit :<\/p>\n<ul>\n<li style=\"font-weight: 400;\">Soutien continu par les pairs pour les familles mito \u00e0 travers le Canada<\/li>\n<li style=\"font-weight: 400;\">De nouvelles ressources \u00e9ducatives pour aider les patients, les parents et les soignants \u00e0 comprendre et \u00e0 g\u00e9rer la maladie mitotique.<\/li>\n<li style=\"font-weight: 400;\">Un financement constant des initiatives de recherche, permettant des avanc\u00e9es en mati\u00e8re de diagnostic et de traitement.<\/li>\n<\/ul>\n<p style=\"font-weight: 400;\">Joignez-vous \u00e0 notre communaut\u00e9 de donateurs mensuels d\u00e8s aujourd&rsquo;hui et faites partie de l&rsquo;avenir de MitoCanada !<\/p>\n<\/div><\/div><\/div><\/div><\/div><div style=\"text-align:left;\"><a class=\"fusion-button button-flat fusion-button-default-size button-default fusion-button-default button-2 fusion-button-default-span fusion-button-default-type\" target=\"_self\" href=\"https:\/\/mitocanada.org\/fr\/faire-un-don\/\"><span class=\"fusion-button-text\">DEVENEZ UN DONATEUR MENSUEL<\/span><\/a><\/div><div class=\"fusion-separator fusion-full-width-sep\" style=\"align-self: center;margin-left: auto;margin-right: auto;margin-top:10px;margin-bottom:30px;width:100%;\"><\/div><div class=\"accordian fusion-accordian\" style=\"--awb-border-size:1px;--awb-icon-size:16px;--awb-content-font-size:var(--awb-typography4-font-size);--awb-icon-alignment:left;--awb-hover-color:var(--awb-color2);--awb-border-color:var(--awb-color3);--awb-background-color:var(--awb-color1);--awb-divider-color:var(--awb-color3);--awb-divider-hover-color:var(--awb-color3);--awb-icon-color:#ffffff;--awb-title-color:#000000;--awb-content-color:#000000;--awb-icon-box-color:#119bb5;--awb-toggle-hover-accent-color:#119bb5;--awb-title-font-family:var(--awb-typography1-font-family);--awb-title-font-weight:var(--awb-typography1-font-weight);--awb-title-font-style:var(--awb-typography1-font-style);--awb-title-font-size:20px;--awb-title-letter-spacing:-0.015em;--awb-title-line-height:1.2;--awb-content-font-family:&quot;Montserrat&quot;;--awb-content-font-style:normal;--awb-content-font-weight:400;\"><div class=\"panel-group fusion-toggle-icon-boxed\" id=\"accordion-10215-3\"><div class=\"fusion-panel panel-default panel-2972c8cef8d88f93c fusion-toggle-has-divider\" style=\"--awb-title-color:#000000;\"><div class=\"panel-heading\"><h4 class=\"panel-title toggle\" id=\"toggle_2972c8cef8d88f93c\"><a class=\"active\" aria-expanded=\"true\" aria-controls=\"2972c8cef8d88f93c\" role=\"button\" data-toggle=\"collapse\" data-parent=\"#accordion-10215-3\" data-target=\"#2972c8cef8d88f93c\" href=\"#2972c8cef8d88f93c\"><span class=\"fusion-toggle-icon-wrapper\" aria-hidden=\"true\"><i class=\"fa-fusion-box active-icon awb-icon-minus\" aria-hidden=\"true\"><\/i><i class=\"fa-fusion-box inactive-icon awb-icon-plus\" aria-hidden=\"true\"><\/i><\/span><span class=\"fusion-toggle-heading\">Fixez votre d\u00e9fi et Move4Mito !<\/span><\/a><\/h4><\/div><div id=\"2972c8cef8d88f93c\" class=\"panel-collapse collapse in\" aria-labelledby=\"toggle_2972c8cef8d88f93c\"><div class=\"panel-body toggle-content fusion-clearfix\">\n<h4 style=\"font-weight: 400;\">Fixez-vous un objectif de remise en forme inspir\u00e9 par le 15, rassemblez des soutiens et Move4Mito !<\/h4>\n<p style=\"font-weight: 400;\">\u2714\ufe0f Courir ou p\u00e9daler 15 km &#8211; Repoussez vos limites tout en collectant des fonds pour les familles mito.<br \/>\n\u2714\ufe0f Marchez 150, 1 500 ou 15 000 pas &#8211; Faites un pas pour la mitose et sensibilisez l&rsquo;opinion publique, un pas \u00e0 la fois.<br \/>\n\u2714\ufe0f Cr\u00e9ez votre d\u00e9fi &#8211; 15 minutes de yoga, 15 longueurs de piscine &#8211; tout ce qui vous fait vibrer !<\/p>\n<h4 style=\"font-weight: 400;\"><strong>Comment d\u00e9marrer<\/strong><\/h4>\n<ol>\n<li><strong>Inscrivez-vous<\/strong> et fixez votre objectif &#8211; Cr\u00e9ez une page de collecte de fonds personnelle ou d&rsquo;\u00e9quipe<\/li>\n<li><strong>Partagez<\/strong> votre d\u00e9fi &#8211; Publiez-le sur les m\u00e9dias sociaux, invitez vos amis et encouragez les dons.<\/li>\n<li><strong>Collecte de fonds<\/strong> &#8211; Chaque dollar collect\u00e9 soutient la recherche, l&rsquo;\u00e9ducation et les programmes de soutien dans le domaine de la mitose !<\/li>\n<li>\n<p data-pm-slice=\"1 1 &#091;&#093;\">Lorsque vous vous inscrirez \u00e0 ce d\u00e9fi mito, <strong>nous vous enverrons un ensemble sp\u00e9cial<\/strong> comprenant un buff de MitoCanada, une carte de v\u0153ux sur le th\u00e8me de la mito et un stylo de MitoCanada. C&rsquo;est notre fa\u00e7on de vous remercier d&rsquo;avoir boug\u00e9 avec nous !<\/p>\n<\/li>\n<\/ol>\n<\/div><\/div><\/div><\/div><\/div><div style=\"text-align:left;\"><a class=\"fusion-button button-flat fusion-button-default-size button-default fusion-button-default button-3 fusion-button-default-span fusion-button-default-type\" target=\"_self\" href=\"https:\/\/mitocanada.org\/fr\/15-pour-15-defi-move-4-mito\/\"><span class=\"fusion-button-text\">FIXEZ VOTRE D\u00c9FI<\/span><\/a><\/div><div class=\"fusion-separator fusion-full-width-sep\" style=\"align-self: center;margin-left: auto;margin-right: auto;margin-top:10px;margin-bottom:30px;width:100%;\"><\/div><div class=\"fusion-text fusion-text-2\"><h3 class=\"\" data-start=\"79\" data-end=\"134\">Soutenez notre d\u00e9fi, faites un don !<\/h3>\n<p class=\"\" data-start=\"136\" data-end=\"312\">Vous voulez encourager nos incroyables participants Move4Mito ? Jetez un coup d&rsquo;\u0153il aux d\u00e9fis inspirants qui se d\u00e9roulent dans tout le pays &#8211; chacun d&rsquo;entre eux \u00e9tant anim\u00e9 par la passion, l&rsquo;objectif et le chiffre 15 ! <\/p>\n<p class=\"\" data-start=\"314\" data-end=\"495\">Qu&rsquo;il s&rsquo;agisse de 15 jours de mouvement, de 15 kilom\u00e8tres de v\u00e9lo ou de 15 minutes de yoga, chaque effort contribue \u00e0 sensibiliser et \u00e0 soutenir les Canadiens vivant avec une maladie mitochondriale.<\/p>\n<ol>\n<li data-start=\"497\" data-end=\"686\"><strong data-start=\"500\" data-end=\"525\">Parcourez les d\u00e9fis<\/strong><\/li>\n<li data-start=\"497\" data-end=\"686\"><strong data-start=\"560\" data-end=\"579\">S\u00e9lectionnez la ou les personnes que vous souhaitez <\/strong><strong data-start=\"583\" data-end=\"606\">soutenir<\/strong> afin de les aider \u00e0 atteindre leurs objectifs et \u00e0 financer des programmes, des ressources et des espoirs essentiels.<\/li>\n<\/ol>\n<p data-start=\"497\" data-end=\"686\">Chaque geste fait la diff\u00e9rence. Chaque don est le moteur de notre mission. <\/p>\n<\/div><div class=\"fusion-separator fusion-full-width-sep\" style=\"align-self: center;margin-left: auto;margin-right: auto;margin-top:10px;margin-bottom:20px;width:100%;\"><\/div><div style=\"text-align:left;\"><a class=\"fusion-button button-flat fusion-button-default-size button-default fusion-button-default button-4 fusion-button-default-span fusion-button-default-type\" target=\"_blank\" rel=\"noopener noreferrer\" href=\"https:\/\/mitocanada.org\/fr\/15-pour-15-defi-move-4-mito\/\"><span class=\"fusion-button-text\">D\u00c9COUVREZ NOS PARTICIPANTS<\/span><\/a><\/div><div class=\"fusion-separator fusion-full-width-sep\" style=\"align-self: center;margin-left: auto;margin-right: auto;margin-top:10px;margin-bottom:30px;width:100%;\"><\/div><div style=\"text-align:left;\"><a class=\"fusion-button button-flat fusion-button-default-size button-default fusion-button-default button-5 fusion-button-default-span fusion-button-default-type\" target=\"_self\" href=\"https:\/\/mitocanada.org\/fr\/15-pour-15-defi-move-4-mito\/\"><span class=\"fusion-button-text\">SOUTENIR UN PARTICIPANT &#8211; FAIRE UN DON<\/span><\/a><\/div><div class=\"fusion-separator fusion-full-width-sep\" style=\"align-self: center;margin-left: auto;margin-right: auto;margin-top:10px;margin-bottom:30px;width:100%;\"><\/div><\/div><\/div><\/div><\/div><div class=\"fusion-fullwidth fullwidth-box fusion-builder-row-2 fusion-flex-container has-pattern-background has-mask-background nonhundred-percent-fullwidth non-hundred-percent-height-scrolling\" style=\"--awb-border-radius-top-left:0px;--awb-border-radius-top-right:0px;--awb-border-radius-bottom-right:0px;--awb-border-radius-bottom-left:0px;--awb-flex-wrap:wrap;\" ><div class=\"fusion-builder-row fusion-row fusion-flex-align-items-flex-start fusion-flex-content-wrap\" style=\"max-width:1456px;margin-left: calc(-4% \/ 2 );margin-right: calc(-4% \/ 2 );\"><div class=\"fusion-layout-column fusion_builder_column fusion-builder-column-1 fusion_builder_column_2_3 2_3 fusion-flex-column\" style=\"--awb-bg-size:cover;--awb-width-large:66.666666666667%;--awb-margin-top-large:0px;--awb-spacing-right-large:2.88%;--awb-margin-bottom-large:20px;--awb-spacing-left-large:2.88%;--awb-width-medium:66.666666666667%;--awb-order-medium:0;--awb-spacing-right-medium:2.88%;--awb-spacing-left-medium:2.88%;--awb-width-small:100%;--awb-order-small:0;--awb-spacing-right-small:1.92%;--awb-spacing-left-small:1.92%;\"><div class=\"fusion-column-wrapper fusion-column-has-shadow fusion-flex-justify-content-flex-start fusion-content-layout-column\"><div class=\"fusion-text fusion-text-3\"><h3 style=\"font-weight: 400;\"><strong>Pourquoi adh\u00e9rer ?<\/strong><\/h3>\n<ol>\n<li style=\"font-weight: 400;\">Sensibilisation &#8211; Contribuez \u00e0 mettre en lumi\u00e8re la maladie mitochondriale.<\/li>\n<li style=\"font-weight: 400;\">Soutenez les familles touch\u00e9es par la maladie de Mito &#8211; Chaque dollar apporte de l&rsquo;espoir et des ressources aux personnes touch\u00e9es.<\/li>\n<li style=\"font-weight: 400;\">Faites partie d&rsquo;un mouvement &#8211; C\u00e9l\u00e9brez 15 ans de progr\u00e8s et participez \u00e0 l&rsquo;avenir !<\/li>\n<\/ol>\n<p><span style=\"font-weight: 400;\">Rejoignez le mouvement 15 pour 15 d\u00e8s aujourd&rsquo;hui et dynamisez des vies ensemble !<\/span><\/p>\n<\/div><\/div><\/div><div class=\"fusion-layout-column fusion_builder_column fusion-builder-column-2 fusion_builder_column_1_3 1_3 fusion-flex-column\" style=\"--awb-bg-size:cover;--awb-width-large:33.333333333333%;--awb-margin-top-large:0px;--awb-spacing-right-large:5.76%;--awb-margin-bottom-large:20px;--awb-spacing-left-large:5.76%;--awb-width-medium:33.333333333333%;--awb-order-medium:0;--awb-spacing-right-medium:5.76%;--awb-spacing-left-medium:5.76%;--awb-width-small:100%;--awb-order-small:0;--awb-spacing-right-small:1.92%;--awb-spacing-left-small:1.92%;\"><div class=\"fusion-column-wrapper fusion-column-has-shadow fusion-flex-justify-content-flex-start fusion-content-layout-column\"><div class=\"fusion-image-element \" style=\"--awb-aspect-ratio:1 \/ 1;--awb-caption-title-font-family:var(--h2_typography-font-family);--awb-caption-title-font-weight:var(--h2_typography-font-weight);--awb-caption-title-font-style:var(--h2_typography-font-style);--awb-caption-title-size:var(--h2_typography-font-size);--awb-caption-title-transform:var(--h2_typography-text-transform);--awb-caption-title-line-height:var(--h2_typography-line-height);--awb-caption-title-letter-spacing:var(--h2_typography-letter-spacing);\"><span class=\" fusion-imageframe imageframe-none imageframe-1 hover-type-none has-aspect-ratio\"><img decoding=\"async\" width=\"1472\" height=\"832\" alt=\"Logo MitoCanda 15 pour 15\" title=\"15 Anniversary logo\" src=\"https:\/\/mitocanada.org\/wp-content\/uploads\/2025\/04\/15-Anniversary-logo.png\" class=\"img-responsive wp-image-10194 img-with-aspect-ratio\" srcset=\"https:\/\/mitocanada.org\/wp-content\/uploads\/2025\/04\/15-Anniversary-logo-200x113.png 200w, https:\/\/mitocanada.org\/wp-content\/uploads\/2025\/04\/15-Anniversary-logo-400x226.png 400w, https:\/\/mitocanada.org\/wp-content\/uploads\/2025\/04\/15-Anniversary-logo-600x339.png 600w, https:\/\/mitocanada.org\/wp-content\/uploads\/2025\/04\/15-Anniversary-logo-800x452.png 800w, https:\/\/mitocanada.org\/wp-content\/uploads\/2025\/04\/15-Anniversary-logo-1200x678.png 1200w, https:\/\/mitocanada.org\/wp-content\/uploads\/2025\/04\/15-Anniversary-logo.png 1472w\" sizes=\"(max-width: 640px) 100vw, 600px\" \/><\/span><\/div><\/div><\/div><\/div><\/div><\/p>\n","protected":false},"excerpt":{"rendered":"","protected":false},"author":3,"featured_media":0,"parent":0,"menu_order":65,"comment_status":"closed","ping_status":"closed","template":"","meta":{"om_disable_all_campaigns":false,"_monsterinsights_skip_tracking":false,"_monsterinsights_sitenote_active":false,"_monsterinsights_sitenote_note":"","_monsterinsights_sitenote_category":0,"_uf_show_specific_survey":0,"_uf_disable_surveys":false,"footnotes":""},"class_list":["post-10215","page","type-page","status-publish","hentry"],"aioseo_notices":[],"_links":{"self":[{"href":"https:\/\/mitocanada.org\/fr\/wp-json\/wp\/v2\/pages\/10215","targetHints":{"allow":["GET"]}}],"collection":[{"href":"https:\/\/mitocanada.org\/fr\/wp-json\/wp\/v2\/pages"}],"about":[{"href":"https:\/\/mitocanada.org\/fr\/wp-json\/wp\/v2\/types\/page"}],"author":[{"embeddable":true,"href":"https:\/\/mitocanada.org\/fr\/wp-json\/wp\/v2\/users\/3"}],"replies":[{"embeddable":true,"href":"https:\/\/mitocanada.org\/fr\/wp-json\/wp\/v2\/comments?post=10215"}],"version-history":[{"count":6,"href":"https:\/\/mitocanada.org\/fr\/wp-json\/wp\/v2\/pages\/10215\/revisions"}],"predecessor-version":[{"id":10834,"href":"https:\/\/mitocanada.org\/fr\/wp-json\/wp\/v2\/pages\/10215\/revisions\/10834"}],"wp:attachment":[{"href":"https:\/\/mitocanada.org\/fr\/wp-json\/wp\/v2\/media?parent=10215"}],"curies":[{"name":"wp","href":"https:\/\/api.w.org\/{rel}","templated":true}]}}