{"id":10145,"date":"2025-03-31T21:12:57","date_gmt":"2025-04-01T01:12:57","guid":{"rendered":"https:\/\/mitocanada.org\/2025-marathon-servus-de-calgary\/"},"modified":"2025-03-31T21:13:39","modified_gmt":"2025-04-01T01:13:39","slug":"2025-marathon-servus-de-calgary","status":"publish","type":"page","link":"https:\/\/mitocanada.org\/fr\/2025-marathon-servus-de-calgary\/","title":{"rendered":"2025 Marathon Servus de Calgary"},"content":{"rendered":"<p><div class=\"fusion-fullwidth fullwidth-box fusion-builder-row-1 fusion-flex-container nonhundred-percent-fullwidth non-hundred-percent-height-scrolling\" style=\"--awb-border-radius-top-left:0px;--awb-border-radius-top-right:0px;--awb-border-radius-bottom-right:0px;--awb-border-radius-bottom-left:0px;--awb-flex-wrap:wrap;\" ><div class=\"fusion-builder-row fusion-row fusion-flex-align-items-flex-start fusion-flex-content-wrap\" style=\"max-width:1456px;margin-left: calc(-4% \/ 2 );margin-right: calc(-4% \/ 2 );\"><div class=\"fusion-layout-column fusion_builder_column fusion-builder-column-0 fusion_builder_column_1_1 1_1 fusion-flex-column\" style=\"--awb-bg-size:cover;--awb-width-large:100%;--awb-margin-top-large:0px;--awb-spacing-right-large:1.92%;--awb-margin-bottom-large:20px;--awb-spacing-left-large:1.92%;--awb-width-medium:100%;--awb-order-medium:0;--awb-spacing-right-medium:1.92%;--awb-spacing-left-medium:1.92%;--awb-width-small:100%;--awb-order-small:0;--awb-spacing-right-small:1.92%;--awb-spacing-left-small:1.92%;\"><div class=\"fusion-column-wrapper fusion-column-has-shadow fusion-flex-justify-content-flex-start fusion-content-layout-column\"><div class=\"fusion-image-element \" style=\"text-align:center;--awb-caption-title-font-family:var(--h2_typography-font-family);--awb-caption-title-font-weight:var(--h2_typography-font-weight);--awb-caption-title-font-style:var(--h2_typography-font-style);--awb-caption-title-size:var(--h2_typography-font-size);--awb-caption-title-transform:var(--h2_typography-text-transform);--awb-caption-title-line-height:var(--h2_typography-line-height);--awb-caption-title-letter-spacing:var(--h2_typography-letter-spacing);\"><span class=\" fusion-imageframe imageframe-none imageframe-1 hover-type-none\"><a class=\"fusion-no-lightbox\" href=\"https:\/\/raceroster.com\/88010?aff=FWKVB\" target=\"_blank\" aria-label=\"Marathon Race Series\" rel=\"noopener noreferrer\"><img decoding=\"async\" width=\"755\" height=\"290\" src=\"https:\/\/mitocanada.org\/wp-content\/uploads\/2022\/11\/Marathon-Race-Series.png\" alt class=\"img-responsive wp-image-7108\" srcset=\"https:\/\/mitocanada.org\/wp-content\/uploads\/2022\/11\/Marathon-Race-Series-200x77.png 200w, https:\/\/mitocanada.org\/wp-content\/uploads\/2022\/11\/Marathon-Race-Series-400x154.png 400w, https:\/\/mitocanada.org\/wp-content\/uploads\/2022\/11\/Marathon-Race-Series-600x230.png 600w, https:\/\/mitocanada.org\/wp-content\/uploads\/2022\/11\/Marathon-Race-Series.png 755w\" sizes=\"(max-width: 640px) 100vw, 755px\" \/><\/a><\/span><\/div><div class=\"fusion-separator fusion-full-width-sep\" style=\"align-self: center;margin-left: auto;margin-right: auto;flex-grow:6;margin-top:25px;width:100%;\"><\/div><div class=\"fusion-text fusion-text-1\"><p><strong>Joignez-vous aux coureurs de MitoCanada pour \u00e9nergiser des vies en mai !<\/strong><\/p>\n<p>Tout au long de l&rsquo;ann\u00e9e, nos MitoRunners participent \u00e0 des marathons partout au Canada, sensibilisant les gens et \u00e9nergisant leurs mitochondries.<\/p>\n<p>MitoCanada est ravie d&rsquo;\u00eatre une fois de plus un partenaire caritatif officiel du <strong>Marathon Servus de Calgary 2025<\/strong>! Joignez-vous \u00e0 notre \u00e9quipe MitoCanada en vous inscrivant au d\u00e9fi du marathon virtuel ou rejoignez-nous en personne \u00e0 Calgary les<strong> 24 et 25 mai 2025<\/strong>!<\/p>\n<p>Utilisez le lien de r\u00e9f\u00e9rence unique de MitoCanada pour vous inscrire : <a href=\"https:\/\/raceroster.com\/88010?aff=FWKVB\" target=\"_blank\" rel=\"noopener\">MITOCANADA LINK<\/a>.<\/p>\n<p>Lorsque vous utilisez ce lien d&rsquo;inscription unique, MitoCanada recevra un don de 5 $ qui nous aidera \u00e0 continuer d&rsquo;\u00e9nergiser des vies !<\/p>\n<\/div><div class=\"fusion-separator fusion-full-width-sep\" style=\"align-self: center;margin-left: auto;margin-right: auto;flex-grow:6;margin-top:20px;width:100%;\"><\/div><\/div><\/div><\/div><\/div><div class=\"fusion-fullwidth fullwidth-box fusion-builder-row-2 fusion-flex-container has-pattern-background has-mask-background nonhundred-percent-fullwidth non-hundred-percent-height-scrolling\" style=\"--awb-border-radius-top-left:0px;--awb-border-radius-top-right:0px;--awb-border-radius-bottom-right:0px;--awb-border-radius-bottom-left:0px;--awb-flex-wrap:wrap;\" ><div class=\"fusion-builder-row fusion-row fusion-flex-align-items-flex-start fusion-flex-content-wrap\" style=\"max-width:1456px;margin-left: calc(-4% \/ 2 );margin-right: calc(-4% \/ 2 );\"><div class=\"fusion-layout-column fusion_builder_column fusion-builder-column-1 fusion_builder_column_1_2 1_2 fusion-flex-column\" style=\"--awb-bg-size:cover;--awb-width-large:50%;--awb-margin-top-large:0px;--awb-spacing-right-large:3.84%;--awb-margin-bottom-large:20px;--awb-spacing-left-large:3.84%;--awb-width-medium:50%;--awb-order-medium:0;--awb-spacing-right-medium:3.84%;--awb-spacing-left-medium:3.84%;--awb-width-small:100%;--awb-order-small:0;--awb-spacing-right-small:1.92%;--awb-spacing-left-small:1.92%;\"><div class=\"fusion-column-wrapper fusion-column-has-shadow fusion-flex-justify-content-flex-start fusion-content-layout-column\"><div style=\"text-align:center;\"><a class=\"fusion-button button-flat fusion-button-default-size button-default fusion-button-default button-1 fusion-button-default-span fusion-button-default-type\" target=\"_blank\" rel=\"noopener noreferrer\" href=\"https:\/\/raceroster.com\/88010?aff=FWKVB\"><span class=\"fusion-button-text\">FAITES UN DON AUJOURD&rsquo;HUI<\/span><\/a><\/div><\/div><\/div><div class=\"fusion-layout-column fusion_builder_column fusion-builder-column-2 fusion_builder_column_1_2 1_2 fusion-flex-column\" style=\"--awb-bg-size:cover;--awb-width-large:50%;--awb-margin-top-large:0px;--awb-spacing-right-large:3.84%;--awb-margin-bottom-large:20px;--awb-spacing-left-large:3.84%;--awb-width-medium:50%;--awb-order-medium:0;--awb-spacing-right-medium:3.84%;--awb-spacing-left-medium:3.84%;--awb-width-small:100%;--awb-order-small:0;--awb-spacing-right-small:1.92%;--awb-spacing-left-small:1.92%;\"><div class=\"fusion-column-wrapper fusion-column-has-shadow fusion-flex-justify-content-flex-start fusion-content-layout-column\"><div style=\"text-align:center;\"><a class=\"fusion-button button-flat fusion-button-default-size button-default fusion-button-default button-2 fusion-button-default-span fusion-button-default-type\" target=\"_blank\" rel=\"noopener noreferrer\" href=\"https:\/\/raceroster.com\/88010?aff=FWKVB\"><span class=\"fusion-button-text\">INSCRIVEZ-VOUS AUJOURD&rsquo;HUI<\/span><\/a><\/div><\/div><\/div><\/div><\/div><\/p>\n","protected":false},"excerpt":{"rendered":"","protected":false},"author":2,"featured_media":0,"parent":0,"menu_order":39,"comment_status":"closed","ping_status":"closed","template":"","meta":{"om_disable_all_campaigns":false,"_monsterinsights_skip_tracking":false,"_monsterinsights_sitenote_active":false,"_monsterinsights_sitenote_note":"","_monsterinsights_sitenote_category":0,"_uf_show_specific_survey":0,"_uf_disable_surveys":false,"footnotes":""},"class_list":["post-10145","page","type-page","status-publish","hentry"],"aioseo_notices":[],"_links":{"self":[{"href":"https:\/\/mitocanada.org\/fr\/wp-json\/wp\/v2\/pages\/10145","targetHints":{"allow":["GET"]}}],"collection":[{"href":"https:\/\/mitocanada.org\/fr\/wp-json\/wp\/v2\/pages"}],"about":[{"href":"https:\/\/mitocanada.org\/fr\/wp-json\/wp\/v2\/types\/page"}],"author":[{"embeddable":true,"href":"https:\/\/mitocanada.org\/fr\/wp-json\/wp\/v2\/users\/2"}],"replies":[{"embeddable":true,"href":"https:\/\/mitocanada.org\/fr\/wp-json\/wp\/v2\/comments?post=10145"}],"version-history":[{"count":3,"href":"https:\/\/mitocanada.org\/fr\/wp-json\/wp\/v2\/pages\/10145\/revisions"}],"predecessor-version":[{"id":10148,"href":"https:\/\/mitocanada.org\/fr\/wp-json\/wp\/v2\/pages\/10145\/revisions\/10148"}],"wp:attachment":[{"href":"https:\/\/mitocanada.org\/fr\/wp-json\/wp\/v2\/media?parent=10145"}],"curies":[{"name":"wp","href":"https:\/\/api.w.org\/{rel}","templated":true}]}}